{"id":437,"date":"2025-05-14T03:28:30","date_gmt":"2025-05-14T03:28:30","guid":{"rendered":"https:\/\/www.lechaocandy.com\/?post_type=product&#038;p=437"},"modified":"2025-05-14T07:05:30","modified_gmt":"2025-05-14T07:05:30","slug":"gummy-candy-wholesale","status":"publish","type":"product","link":"https:\/\/www.lechaocandy.com\/ar\/product\/gummy-candy-wholesale\/","title":{"rendered":"\u062d\u0644\u0648\u0649 \u0635\u0645\u063a\u064a\u0629 \u0639\u0644\u0649 \u0634\u0643\u0644 \u0641\u0637\u0631 \u0628\u0627\u0644\u062c\u0645\u0644\u0629\u060c \u062d\u0644\u0648\u0649 \u0645\u0637\u0627\u0637\u064a\u0629 \u0628\u0627\u0644\u062c\u0645\u0644\u0629"},"content":{"rendered":"<div class=\"wp-block-columns is-layout-flex wp-container-core-columns-is-layout-9d6595d7 wp-block-columns-is-layout-flex\"><div class=\"wp-block-column is-layout-flow wp-block-column-is-layout-flow\"><h2 class=\"wp-block-heading\">Product Highlights of Mushroom Shape Gummy Candy Wholesale<\/h2>\n\n<ul class=\"wp-block-list\"><li><strong>Cute mushroom shape, eye-catching:<\/strong> These gummy candy wholesale have a unique mushroom shape design, bright colors, cute appearance, and great visual appeal.<\/li>\n\n<li><strong>\u0637\u0631\u064a \u0648\u0645\u0637\u0627\u0637\u064a \u0648\u063a\u0646\u064a \u0627\u0644\u0645\u0630\u0627\u0642: <\/strong>Our mushroom-shaped bulk chewy candies have a flexible and elastic chewing experience, sweet but not greasy, suitable for all ages.<\/li>\n\n<li><strong>Multiple color combinations, outstanding visual effects<\/strong>: Our mushroom-shaped gummy candy wholesale provides yellow, green, blue, red, white and other bright colors, and can be customized according to customer needs.<\/li>\n\n<li><strong>Multi-scene application, best-selling snack channels: <\/strong>Our bulk chewy candies are suitable for supermarket retail, snack shops, online e-commerce, holiday gift boxes and gift markets, and are ideal snacks for leisure, gatherings, and parties.<\/li>\n\n<li><strong>Support customized packaging and formula: <\/strong>Our gummy candy wholesale can customize packaging forms, brand LOGO, and flavor formulas on demand to meet OEM\/ODM cooperation needs and enhance brand recognition.<\/li><\/ul><\/div>\n\n<div class=\"wp-block-column is-layout-flow wp-block-column-is-layout-flow\"><figure class=\"wp-block-image size-full\"><img decoding=\"async\" width=\"800\" height=\"800\" src=\"https:\/\/www.lechaocandy.com\/wp-content\/uploads\/2025\/05\/Mushroom-Shape-Gummy-Candy-Wholesale-Bulk-Chewy-Candy-2.webp\" alt=\"Mushroom Shape Gummy Candy Wholesale, Bulk Chewy Candy-2\" class=\"wp-image-445\" srcset=\"https:\/\/www.lechaocandy.com\/wp-content\/uploads\/2025\/05\/Mushroom-Shape-Gummy-Candy-Wholesale-Bulk-Chewy-Candy-2.webp 800w, https:\/\/www.lechaocandy.com\/wp-content\/uploads\/2025\/05\/Mushroom-Shape-Gummy-Candy-Wholesale-Bulk-Chewy-Candy-2-300x300.webp 300w, https:\/\/www.lechaocandy.com\/wp-content\/uploads\/2025\/05\/Mushroom-Shape-Gummy-Candy-Wholesale-Bulk-Chewy-Candy-2-150x150.webp 150w, https:\/\/www.lechaocandy.com\/wp-content\/uploads\/2025\/05\/Mushroom-Shape-Gummy-Candy-Wholesale-Bulk-Chewy-Candy-2-768x768.webp 768w, https:\/\/www.lechaocandy.com\/wp-content\/uploads\/2025\/05\/Mushroom-Shape-Gummy-Candy-Wholesale-Bulk-Chewy-Candy-2-600x600.webp 600w, https:\/\/www.lechaocandy.com\/wp-content\/uploads\/2025\/05\/Mushroom-Shape-Gummy-Candy-Wholesale-Bulk-Chewy-Candy-2-100x100.webp 100w\" sizes=\"(max-width: 800px) 100vw, 800px\" \/><\/figure><\/div><\/div>","protected":false},"excerpt":{"rendered":"<p>\u0645\u0631\u062d\u0628\u0627\u064b \u0628\u0643\u0645 \u0641\u064a \u0634\u0631\u0627\u0621 \u062d\u0644\u0648\u0649 \u0627\u0644\u0645\u0636\u063a \u0628\u0627\u0644\u062c\u0645\u0644\u0629. \u062d\u0644\u0648\u0649 \u0627\u0644\u062d\u0644\u0648\u0649 \u0627\u0644\u0635\u0645\u063a\u064a\u0629 \u0639\u0644\u0649 \u0634\u0643\u0644 \u0641\u0637\u0631 \u0628\u0627\u0644\u062c\u0645\u0644\u0629 \u0645\u062d\u0628\u0648\u0628\u0629 \u0645\u0646 \u0642\u0628\u0644 \u0627\u0644\u0623\u0637\u0641\u0627\u0644 \u0648\u0645\u062d\u0628\u064a \u0627\u0644\u0648\u062c\u0628\u0627\u062a \u0627\u0644\u062e\u0641\u064a\u0641\u0629 \u0639\u0644\u0649 \u062d\u062f \u0633\u0648\u0627\u0621 \u0628\u0633\u0628\u0628 \u0645\u0638\u0647\u0631\u0647\u0627 \u0627\u0644\u0644\u0637\u064a\u0641 \u0648\u0637\u0639\u0645\u0647\u0627 \u0627\u0644\u0644\u0630\u064a\u0630 \u0648\u0627\u0644\u0645\u0637\u0627\u0637\u064a. \u0648\u0647\u064a \u062a\u062f\u0639\u0645 \u0648\u0635\u0641\u0629 \u0648\u0646\u0643\u0647\u0629 \u0648\u062d\u0632\u0645\u0629 \u0645\u062e\u0635\u0635\u0629\u060c \u0648\u064a\u0645\u0643\u0646 \u062a\u0635\u0645\u064a\u0645\u0647\u0627 \u062d\u0633\u0628 \u0627\u0644\u0637\u0644\u0628\u060c \u0648\u064a\u0645\u0643\u0646 \u062a\u062e\u0635\u064a\u0635\u0647\u0627 \u0644\u0642\u0646\u0648\u0627\u062a \u0627\u0644\u0628\u064a\u0639 \u0627\u0644\u0645\u062e\u062a\u0644\u0641\u0629.<\/p>\n<table style=\"border-collapse: collapse; width: 314.02pt;\" border=\"0\" width=\"314\" cellspacing=\"0\" cellpadding=\"0\">\n<tbody>\n<tr style=\"height: 17.60pt;\">\n<td class=\"et2\" style=\"height: 17.60pt; width: 110.80pt;\" width=\"110\" height=\"17\">\u0627\u0644\u0634\u0631\u0643\u0629 \u0627\u0644\u0645\u0635\u0646\u0639\u0629<\/td>\n<td class=\"et2\" style=\"width: 204.10pt;\" width=\"204\">\u0644\u064a \u062a\u0634\u0627\u0648 \u0643\u0627\u0646\u062f\u064a<\/td>\n<\/tr>\n<tr style=\"height: 18.00pt;\">\n<td class=\"et2\" style=\"height: 18.00pt;\" height=\"18\">\u0646\u0648\u0639 \u0627\u0644\u0645\u0646\u062a\u062c<\/td>\n<td class=\"et3\" style=\"width: 204.10pt;\" width=\"204\">\u062d\u0644\u0648\u0649 \u063a\u0627\u0626\u0631 \u0627\u0644\u0641\u0637\u0631 \u062b\u0644\u0627\u062b\u064a\u0629 \u0627\u0644\u0623\u0628\u0639\u0627\u062f 3D<\/td>\n<\/tr>\n<tr style=\"height: 18.00pt;\">\n<td class=\"et2\" style=\"height: 18.00pt;\" height=\"18\">\u0627\u0644\u0645\u0630\u0627\u0642<\/td>\n<td class=\"et3\" style=\"width: 204.10pt;\" width=\"204\">\u062d\u0644\u0648 \u0648\u062d\u0627\u0645\u0636 \u0648\u0645\u0631\u0646<\/td>\n<\/tr>\n<tr style=\"height: 17.60pt;\">\n<td class=\"et2\" style=\"height: 17.60pt;\" height=\"17\">\u0627\u0644\u0645\u0648\u0627\u0635\u0641\u0627\u062a<\/td>\n<td class=\"et2\">22 \u062c\u0631\u0627\u0645 \u00d7 20 \u0643\u064a\u0633 \u00d7 12 \u0635\u0646\u062f\u0648\u0642\u064b\u0627<\/td>\n<\/tr>\n<tr style=\"height: 17.60pt;\">\n<td class=\"et2\" style=\"height: 17.60pt;\" height=\"17\">\u062d\u062c\u0645 \u0627\u0644\u0643\u0631\u062a\u0648\u0646<\/td>\n<td class=\"et2\">39.5 \u00d7 39.5 \u00d7 31.5 \u00d7 31 \u0633\u0645<\/td>\n<\/tr>\n<tr style=\"height: 17.60pt;\">\n<td class=\"et2\" style=\"height: 17.60pt;\" height=\"17\">\u0634\u0645\u0627\u0644 \u063a\u0631\u0628\/\u0643\u0627\u0631\u062a\u0648\u0646<\/td>\n<td class=\"et2\">8.2 \u0643\u062c\u0645<\/td>\n<\/tr>\n<tr style=\"height: 17.60pt;\">\n<td class=\"et2\" style=\"height: 17.60pt;\" height=\"17\">\u0627\u0644\u0633\u0639\u0631<\/td>\n<td class=\"et2\">0.1-0.12 \u062f\u0648\u0644\u0627\u0631 \u0623\u0645\u0631\u064a\u0643\u064a<\/td>\n<\/tr>\n<tr style=\"height: 17.60pt;\">\n<td class=\"et2\" style=\"height: 17.60pt;\" height=\"17\">\u0645\u0648\u0643<\/td>\n<td class=\"et2\">800 \u0643\u0631\u062a\u0648\u0646\u0629<\/td>\n<\/tr>\n<tr style=\"height: 17.60pt;\">\n<td class=\"et2\" style=\"height: 17.60pt;\" height=\"17\">\u0627\u0644\u0639\u064a\u0646\u0629<\/td>\n<td class=\"et2\">\u0645\u062a\u0648\u0641\u0631\u0629<\/td>\n<\/tr>\n<\/tbody>\n<\/table>","protected":false},"featured_media":450,"comment_status":"open","ping_status":"closed","template":"","meta":{"_acf_changed":false},"product_brand":[],"product_cat":[19,24],"product_tag":[],"class_list":{"0":"post-437","1":"product","2":"type-product","3":"status-publish","4":"has-post-thumbnail","6":"product_cat-wholesale-gummy-manufacturer","7":"product_cat-3d-gummy-candy-manufacturer","9":"first","10":"instock","11":"shipping-taxable","12":"product-type-simple"},"acf":[],"_links":{"self":[{"href":"https:\/\/www.lechaocandy.com\/ar\/wp-json\/wp\/v2\/product\/437","targetHints":{"allow":["GET"]}}],"collection":[{"href":"https:\/\/www.lechaocandy.com\/ar\/wp-json\/wp\/v2\/product"}],"about":[{"href":"https:\/\/www.lechaocandy.com\/ar\/wp-json\/wp\/v2\/types\/product"}],"replies":[{"embeddable":true,"href":"https:\/\/www.lechaocandy.com\/ar\/wp-json\/wp\/v2\/comments?post=437"}],"wp:featuredmedia":[{"embeddable":true,"href":"https:\/\/www.lechaocandy.com\/ar\/wp-json\/wp\/v2\/media\/450"}],"wp:attachment":[{"href":"https:\/\/www.lechaocandy.com\/ar\/wp-json\/wp\/v2\/media?parent=437"}],"wp:term":[{"taxonomy":"product_brand","embeddable":true,"href":"https:\/\/www.lechaocandy.com\/ar\/wp-json\/wp\/v2\/product_brand?post=437"},{"taxonomy":"product_cat","embeddable":true,"href":"https:\/\/www.lechaocandy.com\/ar\/wp-json\/wp\/v2\/product_cat?post=437"},{"taxonomy":"product_tag","embeddable":true,"href":"https:\/\/www.lechaocandy.com\/ar\/wp-json\/wp\/v2\/product_tag?post=437"}],"curies":[{"name":"wp","href":"https:\/\/api.w.org\/{rel}","templated":true}]}}