{"id":1005,"date":"2025-05-27T06:50:25","date_gmt":"2025-05-27T06:50:25","guid":{"rendered":"https:\/\/www.lechaocandy.com\/?post_type=product&#038;p=1005"},"modified":"2025-05-27T07:00:27","modified_gmt":"2025-05-27T07:00:27","slug":"bulk-gummy-candy-mix","status":"publish","type":"product","link":"https:\/\/www.lechaocandy.com\/de\/produkt\/bulk-gummy-candy-mix\/","title":{"rendered":"Peelable Bulk Gummibonbon-Mix, Fruchtgummis Gro\u00dfhandel"},"content":{"rendered":"<div class=\"wp-block-columns is-layout-flex wp-container-core-columns-is-layout-9d6595d7 wp-block-columns-is-layout-flex\"><div class=\"wp-block-column is-layout-flow wp-block-column-is-layout-flow\"><h2 class=\"wp-block-heading\">Produkt-Highlights von Peelable Bulk Gummy Candy Mix<\/h2>\n\n<ul class=\"wp-block-list\"><li><strong>Abziehbares Design, neu und interessant: <\/strong>Unsere lose Gummibonbonmischung hat eine abziehbare Au\u00dfenhaut, die den Spa\u00df am Bonbonessen erh\u00f6ht und bei Kindern und jungen Verbrauchern sehr beliebt ist.<\/li>\n\n<li><strong>Kr\u00e4ftiger Fruchtgeschmack, \u00fcber eine Geschmackskombination: <\/strong>Unsere Fruchtgummis f\u00fcr den Gro\u00dfhandel haben ein reichhaltiges Fruchtaroma und ein ausgepr\u00e4gtes Kauerlebnis.<\/li>\n\n<li><strong>Zweischichtige Struktur, weich und kaubar:<\/strong> Diese lose Gummibonbonmischung hat eine leicht harte \u00e4u\u00dfere Schicht und eine weiche und kaubare innere Schicht, die ein anderes Kauerlebnis bietet.<\/li>\n\n<li><strong>Gemischter Gro\u00dfhandel, satte Farben: <\/strong>Diese Gro\u00dfhandels-Fruchtgummis sind in einer Vielzahl von Farben und Geschmacksrichtungen gemischt, geeignet f\u00fcr die Anzeige und Massenverkauf.<\/li>\n\n<li><strong>Geeignet f\u00fcr mehrere Szenarien: <\/strong>Diese lose Gummibonbonmischung eignet sich f\u00fcr Kindersnacks, Partyaktivit\u00e4ten, Weihnachtsgeschenkpakete und den Gro\u00dfverkauf in Superm\u00e4rkten.<\/li><\/ul><\/div>\n\n<div class=\"wp-block-column is-layout-flow wp-block-column-is-layout-flow\"><figure class=\"wp-block-image size-full\"><img decoding=\"async\" width=\"800\" height=\"800\" src=\"https:\/\/www.lechaocandy.com\/wp-content\/uploads\/2025\/05\/Peelable-Bulk-Gummy-Candy-Mix-Fruity-Gummies-Wholesale-1.webp\" alt=\"Peelable Bulk Gummibonbon-Mix, Fruchtgummis Gro\u00dfhandel-1\" class=\"wp-image-1006\" srcset=\"https:\/\/www.lechaocandy.com\/wp-content\/uploads\/2025\/05\/Peelable-Bulk-Gummy-Candy-Mix-Fruity-Gummies-Wholesale-1.webp 800w, https:\/\/www.lechaocandy.com\/wp-content\/uploads\/2025\/05\/Peelable-Bulk-Gummy-Candy-Mix-Fruity-Gummies-Wholesale-1-300x300.webp 300w, https:\/\/www.lechaocandy.com\/wp-content\/uploads\/2025\/05\/Peelable-Bulk-Gummy-Candy-Mix-Fruity-Gummies-Wholesale-1-150x150.webp 150w, https:\/\/www.lechaocandy.com\/wp-content\/uploads\/2025\/05\/Peelable-Bulk-Gummy-Candy-Mix-Fruity-Gummies-Wholesale-1-768x768.webp 768w, https:\/\/www.lechaocandy.com\/wp-content\/uploads\/2025\/05\/Peelable-Bulk-Gummy-Candy-Mix-Fruity-Gummies-Wholesale-1-600x600.webp 600w, https:\/\/www.lechaocandy.com\/wp-content\/uploads\/2025\/05\/Peelable-Bulk-Gummy-Candy-Mix-Fruity-Gummies-Wholesale-1-100x100.webp 100w\" sizes=\"(max-width: 800px) 100vw, 800px\" \/><\/figure><\/div><\/div>","protected":false},"excerpt":{"rendered":"<p>Willkommen im Gro\u00dfhandel fruchtige Gummis zu kaufen. LeChao's abziehbare Gummibonbon-Mischung hat eine einzigartige zweischichtige Struktur, mit reichem fruchtigem Aroma und interessantem Geschmack. Es ist eine kreative S\u00fc\u00dfigkeit geeignet f\u00fcr Gro\u00dfhandel, geeignet f\u00fcr den Einzelhandel, S\u00fc\u00dfigkeiten Gl\u00e4ser und Urlaub Aktionen.<\/p>\n<table style=\"border-collapse: collapse; width: 329.02pt;\" border=\"0\" width=\"329\" cellspacing=\"0\" cellpadding=\"0\">\n<tbody>\n<tr style=\"height: 17.60pt;\">\n<td class=\"et2\" style=\"height: 17.60pt; width: 110.80pt;\" width=\"110\" height=\"17\">Hersteller<\/td>\n<td class=\"et2\" style=\"width: 219.15pt;\" width=\"219\">LeChao Bonbons<\/td>\n<\/tr>\n<tr style=\"height: 18.00pt;\">\n<td class=\"et2\" style=\"height: 18.00pt;\" height=\"18\">Produkttyp<\/td>\n<td class=\"et3\" style=\"width: 219.15pt;\" width=\"219\">Gesch\u00e4lte Gummibonbons<\/td>\n<\/tr>\n<tr style=\"height: 18.00pt;\">\n<td class=\"et2\" style=\"height: 18.00pt;\" height=\"18\">Geschmack<\/td>\n<td class=\"et3\" style=\"width: 219.15pt;\" width=\"219\">Sch\u00e4lbar, s\u00fc\u00df und widerstandsf\u00e4hig<\/td>\n<\/tr>\n<tr style=\"height: 17.60pt;\">\n<td class=\"et2\" style=\"height: 17.60pt;\" height=\"17\">Spezifikation<\/td>\n<td class=\"et2\">80g*10Beutel*6Kartons<\/td>\n<\/tr>\n<tr style=\"height: 17.60pt;\">\n<td class=\"et2\" style=\"height: 17.60pt;\" height=\"17\">Gr\u00f6\u00dfe des Kartons<\/td>\n<td class=\"et2\">38*19*35cm<\/td>\n<\/tr>\n<tr style=\"height: 17.60pt;\">\n<td class=\"et2\" style=\"height: 17.60pt;\" height=\"17\">N.W.\/Karton<\/td>\n<td class=\"et2\">7.0kg<\/td>\n<\/tr>\n<tr style=\"height: 17.60pt;\">\n<td class=\"et2\" style=\"height: 17.60pt;\" height=\"17\">Preis<\/td>\n<td class=\"et2\">22.8USD<\/td>\n<\/tr>\n<tr style=\"height: 17.60pt;\">\n<td class=\"et2\" style=\"height: 17.60pt;\" height=\"17\">MOQ<\/td>\n<td class=\"et2\">500CTNS<\/td>\n<\/tr>\n<tr style=\"height: 17.60pt;\">\n<td class=\"et2\" style=\"height: 17.60pt;\" height=\"17\">Muster<\/td>\n<td class=\"et2\">Verf\u00fcgbar<\/td>\n<\/tr>\n<\/tbody>\n<\/table>","protected":false},"featured_media":1007,"comment_status":"open","ping_status":"closed","template":"","meta":{"_acf_changed":false},"product_brand":[],"product_cat":[19,29],"product_tag":[],"class_list":{"0":"post-1005","1":"product","2":"type-product","3":"status-publish","4":"has-post-thumbnail","6":"product_cat-wholesale-gummy-manufacturer","7":"product_cat-peelable-gummy-candy-supplier","9":"first","10":"instock","11":"shipping-taxable","12":"product-type-simple"},"acf":[],"_links":{"self":[{"href":"https:\/\/www.lechaocandy.com\/de\/wp-json\/wp\/v2\/product\/1005","targetHints":{"allow":["GET"]}}],"collection":[{"href":"https:\/\/www.lechaocandy.com\/de\/wp-json\/wp\/v2\/product"}],"about":[{"href":"https:\/\/www.lechaocandy.com\/de\/wp-json\/wp\/v2\/types\/product"}],"replies":[{"embeddable":true,"href":"https:\/\/www.lechaocandy.com\/de\/wp-json\/wp\/v2\/comments?post=1005"}],"wp:featuredmedia":[{"embeddable":true,"href":"https:\/\/www.lechaocandy.com\/de\/wp-json\/wp\/v2\/media\/1007"}],"wp:attachment":[{"href":"https:\/\/www.lechaocandy.com\/de\/wp-json\/wp\/v2\/media?parent=1005"}],"wp:term":[{"taxonomy":"product_brand","embeddable":true,"href":"https:\/\/www.lechaocandy.com\/de\/wp-json\/wp\/v2\/product_brand?post=1005"},{"taxonomy":"product_cat","embeddable":true,"href":"https:\/\/www.lechaocandy.com\/de\/wp-json\/wp\/v2\/product_cat?post=1005"},{"taxonomy":"product_tag","embeddable":true,"href":"https:\/\/www.lechaocandy.com\/de\/wp-json\/wp\/v2\/product_tag?post=1005"}],"curies":[{"name":"wp","href":"https:\/\/api.w.org\/{rel}","templated":true}]}}