{"id":1012,"date":"2025-05-27T07:40:26","date_gmt":"2025-05-27T07:40:26","guid":{"rendered":"https:\/\/www.lechaocandy.com\/?post_type=product&#038;p=1012"},"modified":"2025-05-27T08:17:36","modified_gmt":"2025-05-27T08:17:36","slug":"jelly-candy-wholesale","status":"publish","type":"product","link":"https:\/\/www.lechaocandy.com\/de\/produkt\/jelly-candy-wholesale\/","title":{"rendered":"Trauben Peeling Gelee S\u00fc\u00dfigkeiten Gro\u00dfhandel, weiche Gummibonbons Bulk"},"content":{"rendered":"<div class=\"wp-block-columns is-layout-flex wp-container-core-columns-is-layout-9d6595d7 wp-block-columns-is-layout-flex\"><div class=\"wp-block-column is-layout-flow wp-block-column-is-layout-flow\"><h2 class=\"wp-block-heading\">Produkt-Highlights von Trauben Peeling Gelee S\u00fc\u00dfigkeiten Gro\u00dfhandel<\/h2>\n\n<ul class=\"wp-block-list\"><li><strong>Reichhaltiger Kyoho-Traubengeschmack: <\/strong>Dieses Geleebonbon im Gro\u00dfhandel stellt das echte Kyoho-Traubenaroma und die S\u00fc\u00dfe wieder her, mit einem vollen Fruchtaroma und einem erfrischenden Nachgeschmack.<\/li>\n\n<li><strong>Abziehbarer Zuckerguss, der Spa\u00df macht: <\/strong>Unsere sch\u00e4lbaren Gummib\u00e4rchen mit Traubengeschmack haben ein Design mit einer nachgeahmten Fruchtschale, die gesch\u00e4lt und gegessen werden kann, was das Gef\u00fchl von Interaktion und Spa\u00df verst\u00e4rkt.<\/li>\n\n<li><strong>Zweischichtige Textur, weich und kaubar: <\/strong>Dieser Geleebonbon-Gro\u00dfhandel hat eine harte Au\u00dfenhaut, einen weichen und saftigen inneren Kern und ein mehrschichtiges Kauerlebnis.<\/li>\n\n<li><strong>Simulation Form, attraktive Farbe: <\/strong>Diese abziehbaren Gummib\u00e4rchen in loser Sch\u00fcttung haben leuchtende Farben, die die Attraktivit\u00e4t der Produktauslage erh\u00f6hen.<\/li>\n\n<li><strong>Gro\u00dfes Paket Gro\u00dfhandel, weit anwendbar: <\/strong>Unsere Gelee-Bonbons Gro\u00dfhandel eignet sich f\u00fcr Supermarkt Bulk Wiegen, S\u00fc\u00dfigkeiten Konserven, Geschenkverpackungen und OEM-Auftr\u00e4ge, mit hohen Kosten Leistung.<\/li><\/ul><\/div>\n\n<div class=\"wp-block-column is-layout-flow wp-block-column-is-layout-flow\"><figure class=\"wp-block-image size-full\"><img decoding=\"async\" width=\"800\" height=\"800\" src=\"https:\/\/www.lechaocandy.com\/wp-content\/uploads\/2025\/05\/Grape-Peeling-Jelly-Candy-Wholesale-Soft-Gummy-Candies-Bulk-1.webp\" alt=\"Trauben Peeling Gelee S\u00fc\u00dfigkeiten Gro\u00dfhandel, weiche Gummibonbons Bulk-1\" class=\"wp-image-1013\" srcset=\"https:\/\/www.lechaocandy.com\/wp-content\/uploads\/2025\/05\/Grape-Peeling-Jelly-Candy-Wholesale-Soft-Gummy-Candies-Bulk-1.webp 800w, https:\/\/www.lechaocandy.com\/wp-content\/uploads\/2025\/05\/Grape-Peeling-Jelly-Candy-Wholesale-Soft-Gummy-Candies-Bulk-1-300x300.webp 300w, https:\/\/www.lechaocandy.com\/wp-content\/uploads\/2025\/05\/Grape-Peeling-Jelly-Candy-Wholesale-Soft-Gummy-Candies-Bulk-1-150x150.webp 150w, https:\/\/www.lechaocandy.com\/wp-content\/uploads\/2025\/05\/Grape-Peeling-Jelly-Candy-Wholesale-Soft-Gummy-Candies-Bulk-1-768x768.webp 768w, https:\/\/www.lechaocandy.com\/wp-content\/uploads\/2025\/05\/Grape-Peeling-Jelly-Candy-Wholesale-Soft-Gummy-Candies-Bulk-1-600x600.webp 600w, https:\/\/www.lechaocandy.com\/wp-content\/uploads\/2025\/05\/Grape-Peeling-Jelly-Candy-Wholesale-Soft-Gummy-Candies-Bulk-1-100x100.webp 100w\" sizes=\"(max-width: 800px) 100vw, 800px\" \/><\/figure><\/div><\/div>","protected":false},"excerpt":{"rendered":"<p>Willkommen zum Kauf von sch\u00e4lbaren Gummibonbons in gro\u00dfen Mengen. Diese LeChao Traubengeschmack Gelee S\u00fc\u00dfigkeiten Gro\u00dfhandel hat eine simulierte Fruchtschalen Design. Es hat ein reiches Kyoho-Traubenaroma, sobald es in den Mund kommt. Es ist s\u00fc\u00df und nicht fettig, und wird von Kindern und Obstliebhabern sehr geliebt.<\/p>\n<table style=\"border-collapse: collapse; width: 329.02pt;\" border=\"0\" width=\"329\" cellspacing=\"0\" cellpadding=\"0\">\n<tbody>\n<tr style=\"height: 17.60pt;\">\n<td class=\"et2\" style=\"height: 17.60pt; width: 110.80pt;\" width=\"110\" height=\"17\">Hersteller<\/td>\n<td class=\"et2\" style=\"width: 219.15pt;\" width=\"219\">LeChao Bonbons<\/td>\n<\/tr>\n<tr style=\"height: 18.00pt;\">\n<td class=\"et2\" style=\"height: 18.00pt;\" height=\"18\">Produkttyp<\/td>\n<td class=\"et3\" style=\"width: 219.15pt;\" width=\"219\">Gesch\u00e4lte Trauben-Gummibonbons<\/td>\n<\/tr>\n<tr style=\"height: 18.00pt;\">\n<td class=\"et2\" style=\"height: 18.00pt;\" height=\"18\">Geschmack<\/td>\n<td class=\"et3\" style=\"width: 219.15pt;\" width=\"219\">Sch\u00e4lbar, s\u00fc\u00df und widerstandsf\u00e4hig<\/td>\n<\/tr>\n<tr style=\"height: 17.60pt;\">\n<td class=\"et2\" style=\"height: 17.60pt;\" height=\"17\">Spezifikation<\/td>\n<td class=\"et2\">80g*10Beutel*6Kartons<\/td>\n<\/tr>\n<tr style=\"height: 17.60pt;\">\n<td class=\"et2\" style=\"height: 17.60pt;\" height=\"17\">Gr\u00f6\u00dfe des Kartons<\/td>\n<td class=\"et2\">38*19*35cm<\/td>\n<\/tr>\n<tr style=\"height: 17.60pt;\">\n<td class=\"et2\" style=\"height: 17.60pt;\" height=\"17\">N.W.\/Karton<\/td>\n<td class=\"et2\">7.0kg<\/td>\n<\/tr>\n<tr style=\"height: 17.60pt;\">\n<td class=\"et2\" style=\"height: 17.60pt;\" height=\"17\">Preis<\/td>\n<td class=\"et2\">22.8USD<\/td>\n<\/tr>\n<tr style=\"height: 17.60pt;\">\n<td class=\"et2\" style=\"height: 17.60pt;\" height=\"17\">MOQ<\/td>\n<td class=\"et2\">500CTNS<\/td>\n<\/tr>\n<tr style=\"height: 17.60pt;\">\n<td class=\"et2\" style=\"height: 17.60pt;\" height=\"17\">Muster<\/td>\n<td class=\"et2\">Verf\u00fcgbar<\/td>\n<\/tr>\n<\/tbody>\n<\/table>","protected":false},"featured_media":1014,"comment_status":"open","ping_status":"closed","template":"","meta":{"_acf_changed":false},"product_brand":[],"product_cat":[19,29],"product_tag":[],"class_list":{"0":"post-1012","1":"product","2":"type-product","3":"status-publish","4":"has-post-thumbnail","6":"product_cat-wholesale-gummy-manufacturer","7":"product_cat-peelable-gummy-candy-supplier","9":"first","10":"instock","11":"shipping-taxable","12":"product-type-simple"},"acf":[],"_links":{"self":[{"href":"https:\/\/www.lechaocandy.com\/de\/wp-json\/wp\/v2\/product\/1012","targetHints":{"allow":["GET"]}}],"collection":[{"href":"https:\/\/www.lechaocandy.com\/de\/wp-json\/wp\/v2\/product"}],"about":[{"href":"https:\/\/www.lechaocandy.com\/de\/wp-json\/wp\/v2\/types\/product"}],"replies":[{"embeddable":true,"href":"https:\/\/www.lechaocandy.com\/de\/wp-json\/wp\/v2\/comments?post=1012"}],"wp:featuredmedia":[{"embeddable":true,"href":"https:\/\/www.lechaocandy.com\/de\/wp-json\/wp\/v2\/media\/1014"}],"wp:attachment":[{"href":"https:\/\/www.lechaocandy.com\/de\/wp-json\/wp\/v2\/media?parent=1012"}],"wp:term":[{"taxonomy":"product_brand","embeddable":true,"href":"https:\/\/www.lechaocandy.com\/de\/wp-json\/wp\/v2\/product_brand?post=1012"},{"taxonomy":"product_cat","embeddable":true,"href":"https:\/\/www.lechaocandy.com\/de\/wp-json\/wp\/v2\/product_cat?post=1012"},{"taxonomy":"product_tag","embeddable":true,"href":"https:\/\/www.lechaocandy.com\/de\/wp-json\/wp\/v2\/product_tag?post=1012"}],"curies":[{"name":"wp","href":"https:\/\/api.w.org\/{rel}","templated":true}]}}