{"id":1027,"date":"2025-05-27T08:32:03","date_gmt":"2025-05-27T08:32:03","guid":{"rendered":"https:\/\/www.lechaocandy.com\/?post_type=product&#038;p=1027"},"modified":"2025-10-09T06:16:27","modified_gmt":"2025-10-09T06:16:27","slug":"watermelon-gummies-bulk","status":"publish","type":"product","link":"https:\/\/www.lechaocandy.com\/de\/produkt\/watermelon-gummies-bulk\/","title":{"rendered":"Sour Watermelon Gummies Bulk, Jelly Candy Gro\u00dfhandel Versorgung"},"content":{"rendered":"<div class=\"wp-block-columns is-layout-flex wp-container-core-columns-is-layout-9d6595d7 wp-block-columns-is-layout-flex\"><div class=\"wp-block-column is-layout-flow wp-block-column-is-layout-flow\"><h2 class=\"wp-block-heading\">Produkt-Highlights von Watermelon Gummies Bulk<\/h2>\n\n<ul class=\"wp-block-list\"><li><strong>Klassischer Wassermelonengeschmack, s\u00fc\u00df und sauer: <\/strong>Unsere Wassermelonen-Gummis vereinen das fruchtige Aroma der Wassermelone mit leichter S\u00fc\u00dfe und S\u00e4ure, erfrischend und erfrischend, wecken die Geschmacksknospen.<\/li>\n\n<li><strong>Mit Zucker \u00fcberzogener, reichhaltiger Geschmack: <\/strong>Dieses Geleefruchtbonbon im Gro\u00dfhandel hat einen knusprigen Geschmack mit einem weichen und z\u00e4hen inneren Kern, der einen hervorragenden Kontrast bildet.<\/li>\n\n<li><strong>Rot und Gr\u00fcn sind realistisch geformt, was die Attraktivit\u00e4t des Displays erh\u00f6ht:<\/strong> Diese Wassermelonen-Gummis in loser Sch\u00fcttung haben eine leuchtende Farbe, die den Wiedererkennungswert und die Attraktivit\u00e4t des Produkts im Regal erh\u00f6ht.<\/li>\n\n<li><strong>Unterst\u00fctzung kundenspezifischer Verpackungen zur Erf\u00fcllung diversifizierter Verkaufsanforderungen:<\/strong> Unser Geleefruchtbonbon-Gro\u00dfhandel unterst\u00fctzt OEM\/ODM-Dienstleistungen und ist flexibel, geeignet f\u00fcr Gro\u00dfhandel, E-Commerce, Einzelhandel und Geschenkm\u00e4rkte.<\/li>\n\n<li><strong>Stabile Produktionskapazit\u00e4t und schnelle Lieferung: <\/strong>Unsere Wassermelonen-Gummis in loser Sch\u00fcttung werden direkt von der Fabrik in Lechao geliefert, was einen schnellen Versand von Gro\u00dfbestellungen erm\u00f6glicht und eine effiziente Lieferung gew\u00e4hrleistet.<\/li><\/ul><\/div>\n\n<div class=\"wp-block-column is-layout-flow wp-block-column-is-layout-flow\"><figure class=\"wp-block-image size-full\"><img decoding=\"async\" width=\"800\" height=\"800\" src=\"https:\/\/www.lechaocandy.com\/wp-content\/uploads\/2025\/05\/Sugar-Coated-Watermelon-Gummies-Bulk-Jelly-Candy-Wholesale-4.webp\" alt=\"Zucker ummantelt Wassermelone Gummies Bulk, Jelly Candy Gro\u00dfhandel-4\" class=\"wp-image-1031\" srcset=\"https:\/\/www.lechaocandy.com\/wp-content\/uploads\/2025\/05\/Sugar-Coated-Watermelon-Gummies-Bulk-Jelly-Candy-Wholesale-4.webp 800w, https:\/\/www.lechaocandy.com\/wp-content\/uploads\/2025\/05\/Sugar-Coated-Watermelon-Gummies-Bulk-Jelly-Candy-Wholesale-4-300x300.webp 300w, https:\/\/www.lechaocandy.com\/wp-content\/uploads\/2025\/05\/Sugar-Coated-Watermelon-Gummies-Bulk-Jelly-Candy-Wholesale-4-150x150.webp 150w, https:\/\/www.lechaocandy.com\/wp-content\/uploads\/2025\/05\/Sugar-Coated-Watermelon-Gummies-Bulk-Jelly-Candy-Wholesale-4-768x768.webp 768w, https:\/\/www.lechaocandy.com\/wp-content\/uploads\/2025\/05\/Sugar-Coated-Watermelon-Gummies-Bulk-Jelly-Candy-Wholesale-4-600x600.webp 600w, https:\/\/www.lechaocandy.com\/wp-content\/uploads\/2025\/05\/Sugar-Coated-Watermelon-Gummies-Bulk-Jelly-Candy-Wholesale-4-100x100.webp 100w\" sizes=\"(max-width: 800px) 100vw, 800px\" \/><\/figure><\/div><\/div>","protected":false},"excerpt":{"rendered":"<p>Willkommen zum Kauf Geleefrucht S\u00fc\u00dfigkeiten Gro\u00dfhandel. LeChao's Wassermelonen-Gummis sind mit feinen Zuckerpartikeln beschichtet, mit einem knusprigen und z\u00e4hen Geschmack, und der saure und s\u00fc\u00dfe erfrischende Wassermelonengeschmack ist unvergesslich.<\/p>\n<table style=\"border-collapse: collapse; width: 329.02pt;\" border=\"0\" width=\"329\" cellspacing=\"0\" cellpadding=\"0\">\n<tbody>\n<tr style=\"height: 17.60pt;\">\n<td class=\"et2\" style=\"height: 17.60pt; width: 110.80pt;\" width=\"110\" height=\"17\">Hersteller<\/td>\n<td class=\"et2\" style=\"width: 219.15pt;\" width=\"219\">LeChao Bonbons<\/td>\n<\/tr>\n<tr style=\"height: 18.00pt;\">\n<td class=\"et2\" style=\"height: 18.00pt;\" height=\"18\">Produkttyp<\/td>\n<td class=\"et3\" style=\"width: 219.15pt;\" width=\"219\">Wassermelone Gummibonbon<\/td>\n<\/tr>\n<tr style=\"height: 18.00pt;\">\n<td class=\"et2\" style=\"height: 18.00pt;\" height=\"18\">Geschmack<\/td>\n<td class=\"et3\" style=\"width: 219.15pt;\" width=\"219\">S\u00fc\u00df &amp; sauer &amp; widerstandsf\u00e4hig<\/td>\n<\/tr>\n<tr style=\"height: 17.60pt;\">\n<td class=\"et2\" style=\"height: 17.60pt;\" height=\"17\">Spezifikation<\/td>\n<td class=\"et2\">20gx24St\u00fcckx12Kartons<\/td>\n<\/tr>\n<tr style=\"height: 17.60pt;\">\n<td class=\"et2\" style=\"height: 17.60pt;\" height=\"17\">Gr\u00f6\u00dfe des Kartons<\/td>\n<td class=\"et2\">45*29*25cm<\/td>\n<\/tr>\n<tr style=\"height: 17.60pt;\">\n<td class=\"et2\" style=\"height: 17.60pt;\" height=\"17\">N.W.\/Karton<\/td>\n<td class=\"et2\">8.0kg<\/td>\n<\/tr>\n<tr style=\"height: 17.60pt;\">\n<td class=\"et2\" style=\"height: 17.60pt;\" height=\"17\">Preis<\/td>\n<td class=\"et2\">23.5USD<\/td>\n<\/tr>\n<tr style=\"height: 17.60pt;\">\n<td class=\"et2\" style=\"height: 17.60pt;\" height=\"17\">MOQ<\/td>\n<td class=\"et2\">500CTNS<\/td>\n<\/tr>\n<tr style=\"height: 17.60pt;\">\n<td class=\"et2\" style=\"height: 17.60pt;\" height=\"17\">Muster<\/td>\n<td class=\"et2\">Verf\u00fcgbar<\/td>\n<\/tr>\n<\/tbody>\n<\/table>","protected":false},"featured_media":1030,"comment_status":"open","ping_status":"closed","template":"","meta":{"_acf_changed":false},"product_brand":[],"product_cat":[19,28],"product_tag":[],"class_list":{"0":"post-1027","1":"product","2":"type-product","3":"status-publish","4":"has-post-thumbnail","6":"product_cat-wholesale-gummy-manufacturer","7":"product_cat-bulk-sour-gummies","9":"first","10":"instock","11":"shipping-taxable","12":"product-type-simple"},"acf":[],"_links":{"self":[{"href":"https:\/\/www.lechaocandy.com\/de\/wp-json\/wp\/v2\/product\/1027","targetHints":{"allow":["GET"]}}],"collection":[{"href":"https:\/\/www.lechaocandy.com\/de\/wp-json\/wp\/v2\/product"}],"about":[{"href":"https:\/\/www.lechaocandy.com\/de\/wp-json\/wp\/v2\/types\/product"}],"replies":[{"embeddable":true,"href":"https:\/\/www.lechaocandy.com\/de\/wp-json\/wp\/v2\/comments?post=1027"}],"wp:featuredmedia":[{"embeddable":true,"href":"https:\/\/www.lechaocandy.com\/de\/wp-json\/wp\/v2\/media\/1030"}],"wp:attachment":[{"href":"https:\/\/www.lechaocandy.com\/de\/wp-json\/wp\/v2\/media?parent=1027"}],"wp:term":[{"taxonomy":"product_brand","embeddable":true,"href":"https:\/\/www.lechaocandy.com\/de\/wp-json\/wp\/v2\/product_brand?post=1027"},{"taxonomy":"product_cat","embeddable":true,"href":"https:\/\/www.lechaocandy.com\/de\/wp-json\/wp\/v2\/product_cat?post=1027"},{"taxonomy":"product_tag","embeddable":true,"href":"https:\/\/www.lechaocandy.com\/de\/wp-json\/wp\/v2\/product_tag?post=1027"}],"curies":[{"name":"wp","href":"https:\/\/api.w.org\/{rel}","templated":true}]}}