{"id":1034,"date":"2025-05-27T08:57:02","date_gmt":"2025-05-27T08:57:02","guid":{"rendered":"https:\/\/www.lechaocandy.com\/?post_type=product&#038;p=1034"},"modified":"2025-05-27T09:36:48","modified_gmt":"2025-05-27T09:36:48","slug":"wholesale-gummies","status":"publish","type":"product","link":"https:\/\/www.lechaocandy.com\/de\/produkt\/wholesale-gummies\/","title":{"rendered":"4D Building Blocks Gro\u00dfhandel Gummies, Gelee Bonbons in Bulk"},"content":{"rendered":"<div class=\"wp-block-columns is-layout-flex wp-container-core-columns-is-layout-9d6595d7 wp-block-columns-is-layout-flex\"><div class=\"wp-block-column is-layout-flow wp-block-column-is-layout-flow\"><h2 class=\"wp-block-heading\">Produkt-Highlights von Building Blocks Wholesale Gummies<\/h2>\n\n<ul class=\"wp-block-list\"><li><strong>Stapelbares Design, das Spa\u00df macht: <\/strong>Diese Gro\u00dfhandelsgummis haben eine einzigartige 4D-Bausteinform, und die Bonbons k\u00f6nnen gestapelt und gebaut werden, um die Fantasie der Kinder anzuregen.<\/li>\n\n<li><strong>Eine Vielzahl von Kombinationen von Bausteinformen: <\/strong>Dieses Geleefruchtbonbon im Gro\u00dfhandel umfasst eine Vielzahl von Formen und Gr\u00f6\u00dfen, die das Zusammensetzen erleichtern und das interaktive Spiel f\u00f6rdern.<\/li>\n\n<li><strong>Weich und z\u00e4h, reich an Fruchtgeschmack:<\/strong> Unser Gro\u00dfhandel Gummis nehmen auf verschiedenen Fruchtgeschmack Rezepte, weich und kaubar im Geschmack, s\u00fc\u00df und lecker.<\/li>\n\n<li><strong>Farbenfroh und visuell ansprechend: <\/strong>Unsere Geleefruchtbonbons im Gro\u00dfhandel sind farbenfroh und reich an visuellen Reizen, die die Sch\u00f6nheit der Auslage erg\u00e4nzen und die Fantasie der Kinder anregen.<\/li>\n\n<li><strong>Unterst\u00fctzung kundenspezifischer Verpackungen und schnelle Lieferung: <\/strong>Unsere Gro\u00dfhandel Gummis k\u00f6nnen mit Marke Verpackung und Gr\u00f6\u00dfe Spezifikationen auf Anfrage, Fabrik direkte Lieferung, effiziente Versand, geeignet f\u00fcr Bulk-Gro\u00dfhandel angepasst werden.<\/li><\/ul><\/div>\n\n<div class=\"wp-block-column is-layout-flow wp-block-column-is-layout-flow\"><figure class=\"wp-block-image size-full\"><img decoding=\"async\" width=\"800\" height=\"800\" src=\"https:\/\/www.lechaocandy.com\/wp-content\/uploads\/2025\/05\/4D-Building-Blocks-Wholesale-Gummies-Jelly-Candies-In-Bulk-5.webp\" alt=\"4D Building Blocks Gro\u00dfhandel Gummies, Gelee Bonbons in Bulk-5\" class=\"wp-image-1039\" srcset=\"https:\/\/www.lechaocandy.com\/wp-content\/uploads\/2025\/05\/4D-Building-Blocks-Wholesale-Gummies-Jelly-Candies-In-Bulk-5.webp 800w, https:\/\/www.lechaocandy.com\/wp-content\/uploads\/2025\/05\/4D-Building-Blocks-Wholesale-Gummies-Jelly-Candies-In-Bulk-5-300x300.webp 300w, https:\/\/www.lechaocandy.com\/wp-content\/uploads\/2025\/05\/4D-Building-Blocks-Wholesale-Gummies-Jelly-Candies-In-Bulk-5-150x150.webp 150w, https:\/\/www.lechaocandy.com\/wp-content\/uploads\/2025\/05\/4D-Building-Blocks-Wholesale-Gummies-Jelly-Candies-In-Bulk-5-768x768.webp 768w, https:\/\/www.lechaocandy.com\/wp-content\/uploads\/2025\/05\/4D-Building-Blocks-Wholesale-Gummies-Jelly-Candies-In-Bulk-5-600x600.webp 600w, https:\/\/www.lechaocandy.com\/wp-content\/uploads\/2025\/05\/4D-Building-Blocks-Wholesale-Gummies-Jelly-Candies-In-Bulk-5-100x100.webp 100w\" sizes=\"(max-width: 800px) 100vw, 800px\" \/><\/figure><\/div><\/div>","protected":false},"excerpt":{"rendered":"<p>Willkommen zum Kauf Geleefrucht S\u00fc\u00dfigkeiten Gro\u00dfhandel. LeChao 4D Baustein Gro\u00dfhandel Gummis k\u00f6nnen gestapelt und frei zusammengesetzt werden, die lecker und Spa\u00df ist. Es kombiniert eine Vielzahl von Fruchtgeschmacksrichtungen und ist bunt, und wird von Kindern geliebt.<\/p>\n<table style=\"border-collapse: collapse; width: 329.02pt;\" border=\"0\" width=\"329\" cellspacing=\"0\" cellpadding=\"0\">\n<tbody>\n<tr style=\"height: 17.60pt;\">\n<td class=\"et2\" style=\"height: 17.60pt; width: 110.80pt;\" width=\"110\" height=\"17\">Hersteller<\/td>\n<td class=\"et2\" style=\"width: 219.15pt;\" width=\"219\">LeChao Bonbons<\/td>\n<\/tr>\n<tr style=\"height: 18.00pt;\">\n<td class=\"et2\" style=\"height: 18.00pt;\" height=\"18\">Produkttyp<\/td>\n<td class=\"et3\" style=\"width: 219.15pt;\" width=\"219\">4D Baukl\u00f6tze Gummibonbon<\/td>\n<\/tr>\n<tr style=\"height: 18.00pt;\">\n<td class=\"et2\" style=\"height: 18.00pt;\" height=\"18\">Geschmack<\/td>\n<td class=\"et3\" style=\"width: 219.15pt;\" width=\"219\">S\u00fc\u00df &amp; sauer &amp; widerstandsf\u00e4hig<\/td>\n<\/tr>\n<tr style=\"height: 17.60pt;\">\n<td class=\"et2\" style=\"height: 17.60pt;\" height=\"17\">Spezifikation<\/td>\n<td class=\"et2\">80gX10BeutelX6Kartons<\/td>\n<\/tr>\n<tr style=\"height: 17.60pt;\">\n<td class=\"et2\" style=\"height: 17.60pt;\" height=\"17\">Gr\u00f6\u00dfe des Kartons<\/td>\n<td class=\"et2\">39X22X34.5cm<\/td>\n<\/tr>\n<tr style=\"height: 17.60pt;\">\n<td class=\"et2\" style=\"height: 17.60pt;\" height=\"17\">N.W.\/Karton<\/td>\n<td class=\"et2\">6,8 kg<\/td>\n<\/tr>\n<tr style=\"height: 17.60pt;\">\n<td class=\"et2\" style=\"height: 17.60pt;\" height=\"17\">Muster<\/td>\n<td class=\"et2\">Verf\u00fcgbar<\/td>\n<\/tr>\n<\/tbody>\n<\/table>","protected":false},"featured_media":1038,"comment_status":"open","ping_status":"closed","template":"","meta":{"_acf_changed":false},"product_brand":[],"product_cat":[24,19],"product_tag":[],"class_list":{"0":"post-1034","1":"product","2":"type-product","3":"status-publish","4":"has-post-thumbnail","6":"product_cat-3d-gummy-candy-manufacturer","7":"product_cat-wholesale-gummy-manufacturer","9":"first","10":"instock","11":"shipping-taxable","12":"product-type-simple"},"acf":[],"_links":{"self":[{"href":"https:\/\/www.lechaocandy.com\/de\/wp-json\/wp\/v2\/product\/1034","targetHints":{"allow":["GET"]}}],"collection":[{"href":"https:\/\/www.lechaocandy.com\/de\/wp-json\/wp\/v2\/product"}],"about":[{"href":"https:\/\/www.lechaocandy.com\/de\/wp-json\/wp\/v2\/types\/product"}],"replies":[{"embeddable":true,"href":"https:\/\/www.lechaocandy.com\/de\/wp-json\/wp\/v2\/comments?post=1034"}],"wp:featuredmedia":[{"embeddable":true,"href":"https:\/\/www.lechaocandy.com\/de\/wp-json\/wp\/v2\/media\/1038"}],"wp:attachment":[{"href":"https:\/\/www.lechaocandy.com\/de\/wp-json\/wp\/v2\/media?parent=1034"}],"wp:term":[{"taxonomy":"product_brand","embeddable":true,"href":"https:\/\/www.lechaocandy.com\/de\/wp-json\/wp\/v2\/product_brand?post=1034"},{"taxonomy":"product_cat","embeddable":true,"href":"https:\/\/www.lechaocandy.com\/de\/wp-json\/wp\/v2\/product_cat?post=1034"},{"taxonomy":"product_tag","embeddable":true,"href":"https:\/\/www.lechaocandy.com\/de\/wp-json\/wp\/v2\/product_tag?post=1034"}],"curies":[{"name":"wp","href":"https:\/\/api.w.org\/{rel}","templated":true}]}}