{"id":1079,"date":"2025-06-02T01:38:56","date_gmt":"2025-06-02T01:38:56","guid":{"rendered":"https:\/\/www.lechaocandy.com\/?post_type=product&#038;p=1079"},"modified":"2026-03-30T09:15:17","modified_gmt":"2026-03-30T09:15:17","slug":"marshmallows-in-bulk","status":"publish","type":"product","link":"https:\/\/www.lechaocandy.com\/de\/produkt\/marshmallows-in-bulk\/","title":{"rendered":"Blume Marshmallows in Bulk, LeChao Custom Made Marshmallows"},"content":{"rendered":"<div class=\"wp-block-columns is-layout-flex wp-container-core-columns-is-layout-9d6595d7 wp-block-columns-is-layout-flex\"><div class=\"wp-block-column is-layout-flow wp-block-column-is-layout-flow\"><h2 class=\"wp-block-heading\">Produkt-Highlights von Flower Marshmallows in Bulk<\/h2>\n\n<ul class=\"wp-block-list\"><li><strong>Unterst\u00fctzung von kundenspezifischen Dienstleistungen: <\/strong>Diese Marshmallows in loser Sch\u00fcttung k\u00f6nnen in Farbe, Gr\u00f6\u00dfe und Verpackung je nach Bedarf angepasst werden, erf\u00fcllen die Anforderungen der Markenpersonalisierung und Marktdifferenzierung und eignen sich f\u00fcr eine OEM\/ODM-Kooperation.<\/li>\n\n<li><strong>Dreifarbige Blumenform: <\/strong>Unsere ma\u00dfgeschneiderten Marshmallows Blumen sind rosa, gr\u00fcn und blau Macaron Farben, mit niedlichen Aussehen, Blickfang und verbessern Produkt-Display-Effekt.<\/li>\n\n<li><strong>Tragbare Verpackung: <\/strong>Diese Blumen-Marshmallows in loser Sch\u00fcttung sind in kleinen Beuteln zu je 20 Gramm verpackt, die sich gut zum Mitnehmen, Teilen und f\u00fcr den Einzelhandel eignen und sich f\u00fcr Geschenkboxen, Convenience-Stores, Campus-Kan\u00e4le und andere Verkaufsszenarien eignen.<\/li>\n\n<li><strong>Weicher und s\u00fc\u00dfer Geschmack: <\/strong>Unsere ma\u00dfgefertigten Marshmallows haben einen weichen und delikaten Geschmack, schmelzen im Mund, sind s\u00fc\u00df, aber nicht fettig, f\u00fcr Kinder und Erwachsene geeignet und sind ideale Snacks f\u00fcr Partys und Freizeit.<\/li>\n\n<li><strong>Sichere und hochwertige Rohstoffe: <\/strong>Unsere Marshmallows in loser Sch\u00fcttung werden mit hochwertigen Rohstoffen hergestellt, erf\u00fcllen die Standards der Lebensmittelsicherheit, unterst\u00fctzen den Export und sind auf vielen M\u00e4rkten einsetzbar.<\/li><\/ul><\/div>\n\n<div class=\"wp-block-column is-layout-flow wp-block-column-is-layout-flow\"><figure class=\"wp-block-image size-full\"><img decoding=\"async\" width=\"800\" height=\"800\" src=\"https:\/\/www.lechaocandy.com\/wp-content\/uploads\/2025\/06\/Flower-Marshmallows-In-Bulk-LeChao-Custom-Made-Marshmallows-2.webp\" alt=\"Blume Marshmallows in Bulk, LeChao Custom Made Marshmallows-2\" class=\"wp-image-1081\" srcset=\"https:\/\/www.lechaocandy.com\/wp-content\/uploads\/2025\/06\/Flower-Marshmallows-In-Bulk-LeChao-Custom-Made-Marshmallows-2.webp 800w, https:\/\/www.lechaocandy.com\/wp-content\/uploads\/2025\/06\/Flower-Marshmallows-In-Bulk-LeChao-Custom-Made-Marshmallows-2-300x300.webp 300w, https:\/\/www.lechaocandy.com\/wp-content\/uploads\/2025\/06\/Flower-Marshmallows-In-Bulk-LeChao-Custom-Made-Marshmallows-2-150x150.webp 150w, https:\/\/www.lechaocandy.com\/wp-content\/uploads\/2025\/06\/Flower-Marshmallows-In-Bulk-LeChao-Custom-Made-Marshmallows-2-768x768.webp 768w, https:\/\/www.lechaocandy.com\/wp-content\/uploads\/2025\/06\/Flower-Marshmallows-In-Bulk-LeChao-Custom-Made-Marshmallows-2-12x12.webp 12w, https:\/\/www.lechaocandy.com\/wp-content\/uploads\/2025\/06\/Flower-Marshmallows-In-Bulk-LeChao-Custom-Made-Marshmallows-2-600x600.webp 600w, https:\/\/www.lechaocandy.com\/wp-content\/uploads\/2025\/06\/Flower-Marshmallows-In-Bulk-LeChao-Custom-Made-Marshmallows-2-100x100.webp 100w\" sizes=\"(max-width: 800px) 100vw, 800px\" \/><\/figure><\/div><\/div><figure class=\"wp-block-embed is-type-video is-provider-youtube wp-block-embed-youtube wp-embed-aspect-16-9 wp-has-aspect-ratio\"><div class=\"wp-block-embed__wrapper\">\n<iframe title=\"Blumenform Marshmallows f\u00fcr den Gro\u00dfhandel, weich und farbenfroh\" width=\"500\" height=\"281\" src=\"https:\/\/www.youtube.com\/embed\/lYiKWrQycXQ?feature=oembed\" frameborder=\"0\" allow=\"accelerometer; autoplay; clipboard-write; encrypted-media; gyroscope; picture-in-picture; web-share\" referrerpolicy=\"strict-origin-when-cross-origin\" allowfullscreen><\/iframe>\n<\/div><\/figure>","protected":false},"excerpt":{"rendered":"<p>Willkommen zum Kauf von Marshmallows in gro\u00dfen Mengen. LeChao's ma\u00dfgeschneiderte Marshmallows Blumen sind mit rosa, gr\u00fcn und blau Farben, mit einem frischen und niedlichen Form abgestimmt. Jedes Paket ist 20 Gramm unabh\u00e4ngige kleine Paket, leicht zu tragen und zu teilen. Das Produkt unterst\u00fctzt die Anpassung von Farbe, Gr\u00f6\u00dfe und Verpackung.<\/p>\n<table style=\"border-collapse: collapse; width: 329.02pt;\" border=\"0\" width=\"329\" cellspacing=\"0\" cellpadding=\"0\">\n<tbody>\n<tr style=\"height: 17.60pt;\">\n<td class=\"et2\" style=\"height: 17.60pt; width: 110.80pt;\" width=\"110\" height=\"17\">Hersteller<\/td>\n<td class=\"et2\" style=\"width: 219.15pt;\" width=\"219\">LeChao Bonbons<\/td>\n<\/tr>\n<tr style=\"height: 18.00pt;\">\n<td class=\"et2\" style=\"height: 18.00pt;\" height=\"18\">Produkttyp<\/td>\n<td class=\"et3\" style=\"width: 219.15pt;\" width=\"219\">Blumen-Marshmallows<\/td>\n<\/tr>\n<tr style=\"height: 18.00pt;\">\n<td class=\"et2\" style=\"height: 18.00pt;\" height=\"18\">Geschmack<\/td>\n<td class=\"et3\" style=\"width: 219.15pt;\" width=\"219\">Weich und s\u00fc\u00df<\/td>\n<\/tr>\n<tr style=\"height: 17.60pt;\">\n<td class=\"et2\" style=\"height: 17.60pt;\" height=\"17\">Spezifikation<\/td>\n<td class=\"et2\">20gX24St\u00fcckX12Kartons<\/td>\n<\/tr>\n<tr style=\"height: 17.60pt;\">\n<td class=\"et2\" style=\"height: 17.60pt;\" height=\"17\">Gr\u00f6\u00dfe des Kartons<\/td>\n<td class=\"et2\">58,5X29,5X40,5cm<\/td>\n<\/tr>\n<tr style=\"height: 17.60pt;\">\n<td class=\"et2\" style=\"height: 17.60pt;\" height=\"17\">N.W.\/Karton<\/td>\n<td class=\"et2\">8.0kg<\/td>\n<\/tr>\n<tr style=\"height: 17.60pt;\">\n<td class=\"et2\" style=\"height: 17.60pt;\" height=\"17\">Preis<\/td>\n<td class=\"et2\">22-23.5USD<\/td>\n<\/tr>\n<tr style=\"height: 17.60pt;\">\n<td class=\"et2\" style=\"height: 17.60pt;\" height=\"17\">MOQ<\/td>\n<td class=\"et2\">400CTNS<\/td>\n<\/tr>\n<tr style=\"height: 17.60pt;\">\n<td class=\"et2\" style=\"height: 17.60pt;\" height=\"17\">Muster<\/td>\n<td class=\"et2\">Verf\u00fcgbar<\/td>\n<\/tr>\n<\/tbody>\n<\/table>","protected":false},"featured_media":1084,"comment_status":"open","ping_status":"closed","template":"","meta":{"_acf_changed":false},"product_brand":[],"product_cat":[22],"product_tag":[],"class_list":{"0":"post-1079","1":"product","2":"type-product","3":"status-publish","4":"has-post-thumbnail","6":"product_cat-wholesale-marshmallows","8":"first","9":"instock","10":"shipping-taxable","11":"product-type-simple"},"acf":[],"_links":{"self":[{"href":"https:\/\/www.lechaocandy.com\/de\/wp-json\/wp\/v2\/product\/1079","targetHints":{"allow":["GET"]}}],"collection":[{"href":"https:\/\/www.lechaocandy.com\/de\/wp-json\/wp\/v2\/product"}],"about":[{"href":"https:\/\/www.lechaocandy.com\/de\/wp-json\/wp\/v2\/types\/product"}],"replies":[{"embeddable":true,"href":"https:\/\/www.lechaocandy.com\/de\/wp-json\/wp\/v2\/comments?post=1079"}],"wp:featuredmedia":[{"embeddable":true,"href":"https:\/\/www.lechaocandy.com\/de\/wp-json\/wp\/v2\/media\/1084"}],"wp:attachment":[{"href":"https:\/\/www.lechaocandy.com\/de\/wp-json\/wp\/v2\/media?parent=1079"}],"wp:term":[{"taxonomy":"product_brand","embeddable":true,"href":"https:\/\/www.lechaocandy.com\/de\/wp-json\/wp\/v2\/product_brand?post=1079"},{"taxonomy":"product_cat","embeddable":true,"href":"https:\/\/www.lechaocandy.com\/de\/wp-json\/wp\/v2\/product_cat?post=1079"},{"taxonomy":"product_tag","embeddable":true,"href":"https:\/\/www.lechaocandy.com\/de\/wp-json\/wp\/v2\/product_tag?post=1079"}],"curies":[{"name":"wp","href":"https:\/\/api.w.org\/{rel}","templated":true}]}}