{"id":1087,"date":"2025-06-02T02:24:30","date_gmt":"2025-06-02T02:24:30","guid":{"rendered":"https:\/\/www.lechaocandy.com\/?post_type=product&#038;p=1087"},"modified":"2025-06-02T02:35:24","modified_gmt":"2025-06-02T02:35:24","slug":"color-marshmallow-wholesale","status":"publish","type":"product","link":"https:\/\/www.lechaocandy.com\/de\/produkt\/color-marshmallow-wholesale\/","title":{"rendered":"Farbe Marshmallow Gro\u00dfhandel, LeChao Marshmallow Bulk Order"},"content":{"rendered":"<div class=\"wp-block-columns is-layout-flex wp-container-core-columns-is-layout-9d6595d7 wp-block-columns-is-layout-flex\"><div class=\"wp-block-column is-layout-flow wp-block-column-is-layout-flow\"><h2 class=\"wp-block-heading\">Produkt-Highlights der Farbe Marshmallow Gro\u00dfhandel<\/h2>\n\n<ul class=\"wp-block-list\"><li><strong>Dreifarbiges Splei\u00dfdesign: <\/strong>Unsere Farbe Marshmallow Gro\u00dfhandel ist rosa, gr\u00fcn und blau s\u00e4ulenf\u00f6rmigen Marshmallows, reich an Farbe, hervorragende visuelle Effekte, und erh\u00f6hen die Attraktivit\u00e4t des Produkts.<\/li>\n\n<li><strong>Unabh\u00e4ngiges kleines Paket:<\/strong> Unsere Marshmallows in Gro\u00dfbestellung haben ein Gewicht von 20 Gramm pro Beutel, sind leicht zu transportieren, zu lagern und zu verkaufen und eignen sich f\u00fcr eine Vielzahl von Verbrauchssituationen.<\/li>\n\n<li><strong>Weicher und delikater Geschmack: <\/strong>Diese Farbe Marshmallow Gro\u00dfhandel sind dicht und weich, schmelzen im Mund, s\u00fc\u00df, aber nicht fettig, geeignet f\u00fcr Verbraucher aller Altersgruppen.<\/li>\n\n<li><strong>Mehrzweck-Anpassungsf\u00e4higkeit: <\/strong>Unser Marshmallow f\u00fcr Gro\u00dfbestellungen eignet sich f\u00fcr festliche Geschenkboxen, Party-Snacks, den Kindereinzelhandel, den grenz\u00fcberschreitenden E-Commerce und andere Vertriebskan\u00e4le.<\/li>\n\n<li><strong>Unterst\u00fctzung von Anpassung und Gro\u00dfhandel: <\/strong>Farbe, Verpackung und Geschmacksrichtung k\u00f6nnen angepasst werden. Unsere Farbe Marshmallow Gro\u00dfhandel kann OEM \/ ODM Bed\u00fcrfnisse zu erf\u00fcllen und ist geeignet f\u00fcr Gro\u00dfhandel Auftr\u00e4ge.<\/li><\/ul><\/div>\n\n<div class=\"wp-block-column is-layout-flow wp-block-column-is-layout-flow\"><figure class=\"wp-block-image size-full\"><img decoding=\"async\" width=\"800\" height=\"800\" src=\"https:\/\/www.lechaocandy.com\/wp-content\/uploads\/2025\/06\/Color-Marshmallow-Wholesale-LeChao-Marshmallow-Bulk-Order-1.webp\" alt=\"Farbe Marshmallow Gro\u00dfhandel, LeChao Marshmallow Bulk Order-1\" class=\"wp-image-1088\" srcset=\"https:\/\/www.lechaocandy.com\/wp-content\/uploads\/2025\/06\/Color-Marshmallow-Wholesale-LeChao-Marshmallow-Bulk-Order-1.webp 800w, https:\/\/www.lechaocandy.com\/wp-content\/uploads\/2025\/06\/Color-Marshmallow-Wholesale-LeChao-Marshmallow-Bulk-Order-1-300x300.webp 300w, https:\/\/www.lechaocandy.com\/wp-content\/uploads\/2025\/06\/Color-Marshmallow-Wholesale-LeChao-Marshmallow-Bulk-Order-1-150x150.webp 150w, https:\/\/www.lechaocandy.com\/wp-content\/uploads\/2025\/06\/Color-Marshmallow-Wholesale-LeChao-Marshmallow-Bulk-Order-1-768x768.webp 768w, https:\/\/www.lechaocandy.com\/wp-content\/uploads\/2025\/06\/Color-Marshmallow-Wholesale-LeChao-Marshmallow-Bulk-Order-1-12x12.webp 12w, https:\/\/www.lechaocandy.com\/wp-content\/uploads\/2025\/06\/Color-Marshmallow-Wholesale-LeChao-Marshmallow-Bulk-Order-1-600x600.webp 600w, https:\/\/www.lechaocandy.com\/wp-content\/uploads\/2025\/06\/Color-Marshmallow-Wholesale-LeChao-Marshmallow-Bulk-Order-1-100x100.webp 100w\" sizes=\"(max-width: 800px) 100vw, 800px\" \/><\/figure><\/div><\/div>","protected":false},"excerpt":{"rendered":"<p>Willkommen zur Gro\u00dfbestellung von LeChao's Marshmallow-Bonbons. Unsere Farbe Marshmallow Gro\u00dfhandel ist einfach und voll von kindlichen Spa\u00df. Jeder Beutel ist 20 Gramm unabh\u00e4ngige Verpackung, die leicht zu tragen und zu teilen ist. Support Bulk-Gro\u00dfhandel und volle Anpassung.<\/p>\n<table style=\"border-collapse: collapse; width: 329.02pt;\" border=\"0\" width=\"329\" cellspacing=\"0\" cellpadding=\"0\">\n<tbody>\n<tr style=\"height: 17.60pt;\">\n<td class=\"et2\" style=\"height: 17.60pt; width: 110.80pt;\" width=\"110\" height=\"17\">Hersteller<\/td>\n<td class=\"et2\" style=\"width: 219.15pt;\" width=\"219\">LeChao Bonbons<\/td>\n<\/tr>\n<tr style=\"height: 18.00pt;\">\n<td class=\"et2\" style=\"height: 18.00pt;\" height=\"18\">Produkttyp<\/td>\n<td class=\"et3\" style=\"width: 219.15pt;\" width=\"219\">Gef\u00e4rbter Marshmallow<\/td>\n<\/tr>\n<tr style=\"height: 18.00pt;\">\n<td class=\"et2\" style=\"height: 18.00pt;\" height=\"18\">Geschmack<\/td>\n<td class=\"et3\" style=\"width: 219.15pt;\" width=\"219\">Weich und s\u00fc\u00df<\/td>\n<\/tr>\n<tr style=\"height: 17.60pt;\">\n<td class=\"et2\" style=\"height: 17.60pt;\" height=\"17\">Spezifikation<\/td>\n<td class=\"et2\">20gX24St\u00fcckX12Kartons<\/td>\n<\/tr>\n<tr style=\"height: 17.60pt;\">\n<td class=\"et2\" style=\"height: 17.60pt;\" height=\"17\">Gr\u00f6\u00dfe des Kartons<\/td>\n<td class=\"et2\">58,5X29,5X40,5cm<\/td>\n<\/tr>\n<tr style=\"height: 17.60pt;\">\n<td class=\"et2\" style=\"height: 17.60pt;\" height=\"17\">N.W.\/Karton<\/td>\n<td class=\"et2\">8.0kg<\/td>\n<\/tr>\n<tr style=\"height: 17.60pt;\">\n<td class=\"et2\" style=\"height: 17.60pt;\" height=\"17\">Preis<\/td>\n<td class=\"et2\">22-23.5USD<\/td>\n<\/tr>\n<tr style=\"height: 17.60pt;\">\n<td class=\"et2\" style=\"height: 17.60pt;\" height=\"17\">MOQ<\/td>\n<td class=\"et2\">400CTNS<\/td>\n<\/tr>\n<tr style=\"height: 17.60pt;\">\n<td class=\"et2\" style=\"height: 17.60pt;\" height=\"17\">Muster<\/td>\n<td class=\"et2\">Verf\u00fcgbar<\/td>\n<\/tr>\n<\/tbody>\n<\/table>","protected":false},"featured_media":1091,"comment_status":"open","ping_status":"closed","template":"","meta":{"_acf_changed":false},"product_brand":[],"product_cat":[22],"product_tag":[],"class_list":{"0":"post-1087","1":"product","2":"type-product","3":"status-publish","4":"has-post-thumbnail","6":"product_cat-wholesale-marshmallows","8":"first","9":"instock","10":"shipping-taxable","11":"product-type-simple"},"acf":[],"_links":{"self":[{"href":"https:\/\/www.lechaocandy.com\/de\/wp-json\/wp\/v2\/product\/1087","targetHints":{"allow":["GET"]}}],"collection":[{"href":"https:\/\/www.lechaocandy.com\/de\/wp-json\/wp\/v2\/product"}],"about":[{"href":"https:\/\/www.lechaocandy.com\/de\/wp-json\/wp\/v2\/types\/product"}],"replies":[{"embeddable":true,"href":"https:\/\/www.lechaocandy.com\/de\/wp-json\/wp\/v2\/comments?post=1087"}],"wp:featuredmedia":[{"embeddable":true,"href":"https:\/\/www.lechaocandy.com\/de\/wp-json\/wp\/v2\/media\/1091"}],"wp:attachment":[{"href":"https:\/\/www.lechaocandy.com\/de\/wp-json\/wp\/v2\/media?parent=1087"}],"wp:term":[{"taxonomy":"product_brand","embeddable":true,"href":"https:\/\/www.lechaocandy.com\/de\/wp-json\/wp\/v2\/product_brand?post=1087"},{"taxonomy":"product_cat","embeddable":true,"href":"https:\/\/www.lechaocandy.com\/de\/wp-json\/wp\/v2\/product_cat?post=1087"},{"taxonomy":"product_tag","embeddable":true,"href":"https:\/\/www.lechaocandy.com\/de\/wp-json\/wp\/v2\/product_tag?post=1087"}],"curies":[{"name":"wp","href":"https:\/\/api.w.org\/{rel}","templated":true}]}}