{"id":1094,"date":"2025-06-02T02:43:49","date_gmt":"2025-06-02T02:43:49","guid":{"rendered":"https:\/\/www.lechaocandy.com\/?post_type=product&#038;p=1094"},"modified":"2025-06-02T02:57:15","modified_gmt":"2025-06-02T02:57:15","slug":"sour-gummy-candy-bulk","status":"publish","type":"product","link":"https:\/\/www.lechaocandy.com\/de\/produkt\/sour-gummy-candy-bulk\/","title":{"rendered":"Mini Sour Gummy Candy Bulk, Zesty &amp; Fruity Gummy Gro\u00dfhandel"},"content":{"rendered":"<div class=\"wp-block-columns is-layout-flex wp-container-core-columns-is-layout-9d6595d7 wp-block-columns-is-layout-flex\"><div class=\"wp-block-column is-layout-flow wp-block-column-is-layout-flow\"><h2 class=\"wp-block-heading\">Produkt-Highlights von Mini Sour Gummy Candy Bulk<\/h2>\n\n<ul class=\"wp-block-list\"><li><strong>Sechs Fruchtgeschmacksrichtungen: <\/strong>Unsere sauren Gummibonbons enthalten 6 g\u00e4ngige Fruchtgeschmacksrichtungen wie schwarze Johannisbeere, Orange, Melone, Pfirsich, Erdbeere und Ananas, um die Geschmacksnerven verschiedener Verbraucher zu treffen.<\/li>\n\n<li><strong>S\u00fc\u00df-saurer Doppelgeschmack: <\/strong>Dieses saure Gro\u00dfhandelsbonbon ist au\u00dfen mit Fruchtzuckerpulver \u00fcberzogen, im Mund sauer und erfrischend, in der Mitte s\u00fc\u00df und z\u00e4h, mit einem ausgewogenen Verh\u00e4ltnis von sauer und s\u00fc\u00df und einem endlosen Nachgeschmack.<\/li>\n\n<li><strong>Mini-Form, satte Farben: <\/strong>Unsere sauren Gummibonbons in loser Sch\u00fcttung zeichnen sich durch eine kleine und zierliche Gr\u00f6\u00dfe, lebhafte Farben und eine starke visuelle Wirkung aus und eignen sich f\u00fcr die Gestaltung von Displays und Verpackungen.<\/li>\n\n<li><strong>Geeignet f\u00fcr eine Vielzahl von Verkaufsszenarien:<\/strong> Diese sauren Gro\u00dfhandelsbonbons eignen sich f\u00fcr Snack-T\u00fcten, Party-Gro\u00dfpackungen, Weihnachtsgeschenkboxen, grenz\u00fcberschreitenden E-Commerce und andere Multi-Channel-Vertrieb.<\/li>\n\n<li><strong>Unterst\u00fctzung von Gro\u00dfhandel und Anpassung: <\/strong>Wir bieten Bulk-Gro\u00dfhandel f\u00fcr saure Gummibonbons bulk. Die Verpackung, Geschmack und Marke kann nach Bedarf angepasst werden, geeignet f\u00fcr OEM\/ODM Zusammenarbeit.<\/li><\/ul><\/div>\n\n<div class=\"wp-block-column is-layout-flow wp-block-column-is-layout-flow\"><figure class=\"wp-block-image size-full\"><img decoding=\"async\" width=\"800\" height=\"800\" src=\"https:\/\/www.lechaocandy.com\/wp-content\/uploads\/2025\/06\/Mini-Sour-Gummy-Candy-Bulk-Zesty-Fruity-Gummy-Wholesale-8.webp\" alt=\"Mini saure Gummibonbons Bulk, pikante &amp; fruchtige Gummis Gro\u00dfhandel-8\" class=\"wp-image-1102\" srcset=\"https:\/\/www.lechaocandy.com\/wp-content\/uploads\/2025\/06\/Mini-Sour-Gummy-Candy-Bulk-Zesty-Fruity-Gummy-Wholesale-8.webp 800w, https:\/\/www.lechaocandy.com\/wp-content\/uploads\/2025\/06\/Mini-Sour-Gummy-Candy-Bulk-Zesty-Fruity-Gummy-Wholesale-8-300x300.webp 300w, https:\/\/www.lechaocandy.com\/wp-content\/uploads\/2025\/06\/Mini-Sour-Gummy-Candy-Bulk-Zesty-Fruity-Gummy-Wholesale-8-150x150.webp 150w, https:\/\/www.lechaocandy.com\/wp-content\/uploads\/2025\/06\/Mini-Sour-Gummy-Candy-Bulk-Zesty-Fruity-Gummy-Wholesale-8-768x768.webp 768w, https:\/\/www.lechaocandy.com\/wp-content\/uploads\/2025\/06\/Mini-Sour-Gummy-Candy-Bulk-Zesty-Fruity-Gummy-Wholesale-8-12x12.webp 12w, https:\/\/www.lechaocandy.com\/wp-content\/uploads\/2025\/06\/Mini-Sour-Gummy-Candy-Bulk-Zesty-Fruity-Gummy-Wholesale-8-600x600.webp 600w, https:\/\/www.lechaocandy.com\/wp-content\/uploads\/2025\/06\/Mini-Sour-Gummy-Candy-Bulk-Zesty-Fruity-Gummy-Wholesale-8-100x100.webp 100w\" sizes=\"(max-width: 800px) 100vw, 800px\" \/><\/figure><\/div><\/div>","protected":false},"excerpt":{"rendered":"<p>Willkommen im Gro\u00dfhandel saure S\u00fc\u00dfigkeiten zu kaufen. Unsere Mini saure Gummibonbons Bulk verwendet 6 klassischen Fruchtgeschmack, mit leicht sauren Puderzucker auf der Au\u00dfenseite eingewickelt, erfrischend und sauer in den Mund, s\u00fc\u00df und z\u00e4h innen, reiche Schichten, und unterst\u00fctzt kundenspezifische Verpackung.<\/p>\n<table style=\"border-collapse: collapse; width: 329.02pt;\" border=\"0\" width=\"329\" cellspacing=\"0\" cellpadding=\"0\">\n<tbody>\n<tr style=\"height: 17.60pt;\">\n<td class=\"et2\" style=\"height: 17.60pt; width: 110.80pt;\" width=\"110\" height=\"17\">Hersteller<\/td>\n<td class=\"et2\" style=\"width: 219.15pt;\" width=\"219\">LeChao Bonbons<\/td>\n<\/tr>\n<tr style=\"height: 18.00pt;\">\n<td class=\"et2\" style=\"height: 18.00pt;\" height=\"18\">Produkttyp<\/td>\n<td class=\"et3\" style=\"width: 219.15pt;\" width=\"219\">Mini-Sauerstoff-Bonbon<\/td>\n<\/tr>\n<tr style=\"height: 18.00pt;\">\n<td class=\"et2\" style=\"height: 18.00pt;\" height=\"18\">Geschmack<\/td>\n<td class=\"et3\" style=\"width: 219.15pt;\" width=\"219\">Pikant &amp; fruchtig<\/td>\n<\/tr>\n<tr style=\"height: 17.60pt;\">\n<td class=\"et2\" style=\"height: 17.60pt;\" height=\"17\">Spezifikation<\/td>\n<td class=\"et2\">14gx20mini box x30boxen<\/td>\n<\/tr>\n<tr style=\"height: 17.60pt;\">\n<td class=\"et2\" style=\"height: 17.60pt;\" height=\"17\">Gr\u00f6\u00dfe des Kartons<\/td>\n<td class=\"et2\">47*46*30cm<\/td>\n<\/tr>\n<tr style=\"height: 17.60pt;\">\n<td class=\"et2\" style=\"height: 17.60pt;\" height=\"17\">N.W.\/Karton<\/td>\n<td class=\"et2\">13.0kg<\/td>\n<\/tr>\n<tr style=\"height: 17.60pt;\">\n<td class=\"et2\" style=\"height: 17.60pt;\" height=\"17\">Preis<\/td>\n<td class=\"et2\">19.6USD<\/td>\n<\/tr>\n<tr style=\"height: 17.60pt;\">\n<td class=\"et2\" style=\"height: 17.60pt;\" height=\"17\">MOQ<\/td>\n<td class=\"et2\">500CTNS<\/td>\n<\/tr>\n<tr style=\"height: 17.60pt;\">\n<td class=\"et2\" style=\"height: 17.60pt;\" height=\"17\">Muster<\/td>\n<td class=\"et2\">Verf\u00fcgbar<\/td>\n<\/tr>\n<\/tbody>\n<\/table>","protected":false},"featured_media":1095,"comment_status":"open","ping_status":"closed","template":"","meta":{"_acf_changed":false},"product_brand":[],"product_cat":[28,19],"product_tag":[],"class_list":{"0":"post-1094","1":"product","2":"type-product","3":"status-publish","4":"has-post-thumbnail","6":"product_cat-bulk-sour-gummies","7":"product_cat-wholesale-gummy-manufacturer","9":"first","10":"instock","11":"shipping-taxable","12":"product-type-simple"},"acf":[],"_links":{"self":[{"href":"https:\/\/www.lechaocandy.com\/de\/wp-json\/wp\/v2\/product\/1094","targetHints":{"allow":["GET"]}}],"collection":[{"href":"https:\/\/www.lechaocandy.com\/de\/wp-json\/wp\/v2\/product"}],"about":[{"href":"https:\/\/www.lechaocandy.com\/de\/wp-json\/wp\/v2\/types\/product"}],"replies":[{"embeddable":true,"href":"https:\/\/www.lechaocandy.com\/de\/wp-json\/wp\/v2\/comments?post=1094"}],"wp:featuredmedia":[{"embeddable":true,"href":"https:\/\/www.lechaocandy.com\/de\/wp-json\/wp\/v2\/media\/1095"}],"wp:attachment":[{"href":"https:\/\/www.lechaocandy.com\/de\/wp-json\/wp\/v2\/media?parent=1094"}],"wp:term":[{"taxonomy":"product_brand","embeddable":true,"href":"https:\/\/www.lechaocandy.com\/de\/wp-json\/wp\/v2\/product_brand?post=1094"},{"taxonomy":"product_cat","embeddable":true,"href":"https:\/\/www.lechaocandy.com\/de\/wp-json\/wp\/v2\/product_cat?post=1094"},{"taxonomy":"product_tag","embeddable":true,"href":"https:\/\/www.lechaocandy.com\/de\/wp-json\/wp\/v2\/product_tag?post=1094"}],"curies":[{"name":"wp","href":"https:\/\/api.w.org\/{rel}","templated":true}]}}