{"id":1108,"date":"2025-06-02T03:11:32","date_gmt":"2025-06-02T03:11:32","guid":{"rendered":"https:\/\/www.lechaocandy.com\/?post_type=product&#038;p=1108"},"modified":"2025-06-02T03:46:56","modified_gmt":"2025-06-02T03:46:56","slug":"bulk-fruit-gummies","status":"publish","type":"product","link":"https:\/\/www.lechaocandy.com\/de\/produkt\/bulk-fruit-gummies\/","title":{"rendered":"Star Shape Bulk Fruchtgummis, weiche Kaubonbons Gro\u00dfhandel"},"content":{"rendered":"<div class=\"wp-block-columns is-layout-flex wp-container-core-columns-is-layout-9d6595d7 wp-block-columns-is-layout-flex\"><div class=\"wp-block-column is-layout-flow wp-block-column-is-layout-flow\"><h2 class=\"wp-block-heading\">Produkt-Highlights von Star Shape Bulk Fruit Gummies<\/h2>\n\n<ul class=\"wp-block-list\"><li><strong>Sternf\u00f6rmiges Design: <\/strong>Diese gro\u00dfvolumigen Fruchtgummis haben eine s\u00fc\u00dfe und faszinierende Sternform, die perfekt f\u00fcr den Kinder- und Jugendmarkt ist.<\/li>\n\n<li><strong>Dreifarbige fruchtige Geschmackskombination: <\/strong>Unsere Fruchtgummis im Gro\u00dfhandel sind aromatisiert und gef\u00e4rbt, was dem Produkt ein h\u00f6heres Ma\u00df an Optik und Geschmack verleiht.<\/li>\n\n<li><strong>Weicher und z\u00e4hfl\u00fcssiger Geschmack: <\/strong>Unsere gro\u00dfvolumigen Fruchtgummis werden aus hochwertigen Rohstoffen hergestellt, haben einen weichen und z\u00e4hen Geschmack, einen starken fruchtigen Duft, sind s\u00fc\u00df und nicht \u00f6lig.<\/li>\n\n<li><strong>Einzeln verpackt in B\u00f6gen: <\/strong>Diese Fruchtgummis im Gro\u00dfhandel sind in einzelnen Bl\u00e4ttern verpackt, die hygienisch und sicher sind und sich leicht transportieren, lagern und teilen lassen.<\/li>\n\n<li><strong>Geeignet f\u00fcr den Multi-Channel-Gro\u00dfhandel: <\/strong>Unsere gro\u00dfvolumigen Fruchtgummis unterst\u00fctzen OEM\/ODM-Anpassungsdienste und eignen sich f\u00fcr Superm\u00e4rkte, den Einzelhandel, E-Commerce, festliche Geschenkverpackungen und andere Verkaufsszenarien.<\/li><\/ul><\/div>\n\n<div class=\"wp-block-column is-layout-flow wp-block-column-is-layout-flow\"><figure class=\"wp-block-image size-full\"><img decoding=\"async\" width=\"800\" height=\"800\" src=\"https:\/\/www.lechaocandy.com\/wp-content\/uploads\/2025\/06\/Star-Shape-Bulk-Fruit-Gummies-Soft-Chewy-Candies-Wholesale-4.webp\" alt=\"Star Form Bulk Fruchtgummis, weiche kaubare Bonbons Gro\u00dfhandel-4\" class=\"wp-image-1112\" srcset=\"https:\/\/www.lechaocandy.com\/wp-content\/uploads\/2025\/06\/Star-Shape-Bulk-Fruit-Gummies-Soft-Chewy-Candies-Wholesale-4.webp 800w, https:\/\/www.lechaocandy.com\/wp-content\/uploads\/2025\/06\/Star-Shape-Bulk-Fruit-Gummies-Soft-Chewy-Candies-Wholesale-4-300x300.webp 300w, https:\/\/www.lechaocandy.com\/wp-content\/uploads\/2025\/06\/Star-Shape-Bulk-Fruit-Gummies-Soft-Chewy-Candies-Wholesale-4-150x150.webp 150w, https:\/\/www.lechaocandy.com\/wp-content\/uploads\/2025\/06\/Star-Shape-Bulk-Fruit-Gummies-Soft-Chewy-Candies-Wholesale-4-768x768.webp 768w, https:\/\/www.lechaocandy.com\/wp-content\/uploads\/2025\/06\/Star-Shape-Bulk-Fruit-Gummies-Soft-Chewy-Candies-Wholesale-4-12x12.webp 12w, https:\/\/www.lechaocandy.com\/wp-content\/uploads\/2025\/06\/Star-Shape-Bulk-Fruit-Gummies-Soft-Chewy-Candies-Wholesale-4-600x600.webp 600w, https:\/\/www.lechaocandy.com\/wp-content\/uploads\/2025\/06\/Star-Shape-Bulk-Fruit-Gummies-Soft-Chewy-Candies-Wholesale-4-100x100.webp 100w\" sizes=\"(max-width: 800px) 100vw, 800px\" \/><\/figure><\/div><\/div>","protected":false},"excerpt":{"rendered":"<p>Willkommen in der Bulk-Fruchtgummis kaufen. Unsere sternf\u00f6rmigen Fruchtgummis Gro\u00dfhandel sind niedlich im Aussehen, weich und kaubar in der Textur, und voll von einem fruchtigen Geruch. Geeignet f\u00fcr Snack-Packs, Partys, Festivals und Bulk-Gro\u00dfhandel Gesch\u00e4ft.<\/p>\n<table style=\"border-collapse: collapse; width: 329.02pt;\" border=\"0\" width=\"329\" cellspacing=\"0\" cellpadding=\"0\">\n<tbody>\n<tr style=\"height: 17.60pt;\">\n<td class=\"et2\" style=\"height: 17.60pt; width: 110.80pt;\" width=\"110\" height=\"17\">Hersteller<\/td>\n<td class=\"et2\" style=\"width: 219.15pt;\" width=\"219\">LeChao Bonbons<\/td>\n<\/tr>\n<tr style=\"height: 18.00pt;\">\n<td class=\"et2\" style=\"height: 18.00pt;\" height=\"18\">Produkttyp<\/td>\n<td class=\"et3\" style=\"width: 219.15pt;\" width=\"219\">Stern-Gummibonbon<\/td>\n<\/tr>\n<tr style=\"height: 18.00pt;\">\n<td class=\"et2\" style=\"height: 18.00pt;\" height=\"18\">Geschmack<\/td>\n<td class=\"et3\" style=\"width: 219.15pt;\" width=\"219\">S\u00fc\u00df &amp; sauer &amp; widerstandsf\u00e4hig<\/td>\n<\/tr>\n<tr style=\"height: 17.60pt;\">\n<td class=\"et2\" style=\"height: 17.60pt;\" height=\"17\">Spezifikation<\/td>\n<td class=\"et2\">25gx24St\u00fcckx12Kartons<\/td>\n<\/tr>\n<tr style=\"height: 17.60pt;\">\n<td class=\"et2\" style=\"height: 17.60pt;\" height=\"17\">Gr\u00f6\u00dfe des Kartons<\/td>\n<td class=\"et2\">42.5x31x20cm<\/td>\n<\/tr>\n<tr style=\"height: 17.60pt;\">\n<td class=\"et2\" style=\"height: 17.60pt;\" height=\"17\">N.W.\/Karton<\/td>\n<td class=\"et2\">9,4 kg<\/td>\n<\/tr>\n<tr style=\"height: 17.60pt;\">\n<td class=\"et2\" style=\"height: 17.60pt;\" height=\"17\">Preis<\/td>\n<td class=\"et2\">19.6USD<\/td>\n<\/tr>\n<tr style=\"height: 17.60pt;\">\n<td class=\"et2\" style=\"height: 17.60pt;\" height=\"17\">MOQ<\/td>\n<td class=\"et2\">500CTNS<\/td>\n<\/tr>\n<tr style=\"height: 17.60pt;\">\n<td class=\"et2\" style=\"height: 17.60pt;\" height=\"17\">Muster<\/td>\n<td class=\"et2\">Verf\u00fcgbar<\/td>\n<\/tr>\n<\/tbody>\n<\/table>","protected":false},"featured_media":1109,"comment_status":"open","ping_status":"closed","template":"","meta":{"_acf_changed":false},"product_brand":[],"product_cat":[19],"product_tag":[],"class_list":{"0":"post-1108","1":"product","2":"type-product","3":"status-publish","4":"has-post-thumbnail","6":"product_cat-wholesale-gummy-manufacturer","8":"first","9":"instock","10":"shipping-taxable","11":"product-type-simple"},"acf":[],"_links":{"self":[{"href":"https:\/\/www.lechaocandy.com\/de\/wp-json\/wp\/v2\/product\/1108","targetHints":{"allow":["GET"]}}],"collection":[{"href":"https:\/\/www.lechaocandy.com\/de\/wp-json\/wp\/v2\/product"}],"about":[{"href":"https:\/\/www.lechaocandy.com\/de\/wp-json\/wp\/v2\/types\/product"}],"replies":[{"embeddable":true,"href":"https:\/\/www.lechaocandy.com\/de\/wp-json\/wp\/v2\/comments?post=1108"}],"wp:featuredmedia":[{"embeddable":true,"href":"https:\/\/www.lechaocandy.com\/de\/wp-json\/wp\/v2\/media\/1109"}],"wp:attachment":[{"href":"https:\/\/www.lechaocandy.com\/de\/wp-json\/wp\/v2\/media?parent=1108"}],"wp:term":[{"taxonomy":"product_brand","embeddable":true,"href":"https:\/\/www.lechaocandy.com\/de\/wp-json\/wp\/v2\/product_brand?post=1108"},{"taxonomy":"product_cat","embeddable":true,"href":"https:\/\/www.lechaocandy.com\/de\/wp-json\/wp\/v2\/product_cat?post=1108"},{"taxonomy":"product_tag","embeddable":true,"href":"https:\/\/www.lechaocandy.com\/de\/wp-json\/wp\/v2\/product_tag?post=1108"}],"curies":[{"name":"wp","href":"https:\/\/api.w.org\/{rel}","templated":true}]}}