{"id":1120,"date":"2025-06-02T07:07:23","date_gmt":"2025-06-02T07:07:23","guid":{"rendered":"https:\/\/www.lechaocandy.com\/?post_type=product&#038;p=1120"},"modified":"2026-03-30T09:29:09","modified_gmt":"2026-03-30T09:29:09","slug":"sour-gummies-bulk","status":"publish","type":"product","link":"https:\/\/www.lechaocandy.com\/de\/produkt\/sour-gummies-bulk\/","title":{"rendered":"LeChao Mango Sour Gummies Bulk, Gro\u00dfhandel Kaubonbons"},"content":{"rendered":"<div class=\"wp-block-columns is-layout-flex wp-container-core-columns-is-layout-9d6595d7 wp-block-columns-is-layout-flex\"><div class=\"wp-block-column is-layout-flow wp-block-column-is-layout-flow\"><h2 class=\"wp-block-heading\">Produkt-Highlights von Mango Sour Gummies Bulk<\/h2>\n\n<ul class=\"wp-block-list\"><li><strong>Mango-Geschmack, s\u00fc\u00df-saure Fusion:<\/strong> LeChao's Mango-Sauer-Gummis haben ein frisches und reichhaltiges Mango-Fruchtaroma, mit einem s\u00fc\u00df-sauren Geschmack, der den Verbrauchern ein reichhaltiges Geschmackserlebnis bietet.<\/li>\n\n<li><strong>Knusprige Schale + weicher innerer Kern:<\/strong> Diese Kaubonbons mit Mangogeschmack f\u00fcr den Gro\u00dfhandel haben eine zweischichtige Struktur mit einer sauren, zuckerknusprigen Schale auf der Au\u00dfenseite und einem weichen, z\u00e4hen Kern im Inneren, um den unterschiedlichen Geschmacksanforderungen gerecht zu werden.<\/li>\n\n<li><strong>Unabh\u00e4ngige Verpackung, hygienisch und praktisch: <\/strong>Wir bieten unabh\u00e4ngige Verpackungen f\u00fcr jedes saure Gummib\u00e4rchen, die sauber und hygienisch sind, leicht zu transportieren und jederzeit zum Genie\u00dfen und Teilen geeignet.<\/li>\n\n<li><strong>Anwendbar auf mehrere Szenarien und leicht zu verkaufen: <\/strong>Diese sauren Mango-Kaubonbons f\u00fcr den Gro\u00dfhandel eignen sich f\u00fcr Superm\u00e4rkte, Convenience-Stores, E-Commerce-Plattformen, Geschenkboxen und andere Kan\u00e4le, um den Kunden zu helfen, den Markt zu erweitern.<\/li>\n\n<li><strong>Wir bieten Gro\u00dfhandel und ma\u00dfgeschneiderte Dienstleistungen an:<\/strong> Unsere sauren Gummibonbons bieten Gro\u00dfhandels- und kundenspezifische Dienstleistungen, einschlie\u00dflich Geschmacksrichtungen, Farben, Verpackungen usw., um die individuellen Bed\u00fcrfnisse von Marken zu erf\u00fcllen.<\/li><\/ul><\/div>\n\n<div class=\"wp-block-column is-layout-flow wp-block-column-is-layout-flow\"><figure class=\"wp-block-image size-full\"><img decoding=\"async\" width=\"800\" height=\"800\" src=\"https:\/\/www.lechaocandy.com\/wp-content\/uploads\/2025\/06\/LeChao-Mango-Sour-Gummies-Bulk-Wholesale-Chewy-Sweets-2.webp\" alt=\"LeChao Mango Sour Gummies Bulk, Gro\u00dfhandel Chewy S\u00fc\u00dfigkeiten-2\" class=\"wp-image-1122\" srcset=\"https:\/\/www.lechaocandy.com\/wp-content\/uploads\/2025\/06\/LeChao-Mango-Sour-Gummies-Bulk-Wholesale-Chewy-Sweets-2.webp 800w, https:\/\/www.lechaocandy.com\/wp-content\/uploads\/2025\/06\/LeChao-Mango-Sour-Gummies-Bulk-Wholesale-Chewy-Sweets-2-300x300.webp 300w, https:\/\/www.lechaocandy.com\/wp-content\/uploads\/2025\/06\/LeChao-Mango-Sour-Gummies-Bulk-Wholesale-Chewy-Sweets-2-150x150.webp 150w, https:\/\/www.lechaocandy.com\/wp-content\/uploads\/2025\/06\/LeChao-Mango-Sour-Gummies-Bulk-Wholesale-Chewy-Sweets-2-768x768.webp 768w, https:\/\/www.lechaocandy.com\/wp-content\/uploads\/2025\/06\/LeChao-Mango-Sour-Gummies-Bulk-Wholesale-Chewy-Sweets-2-12x12.webp 12w, https:\/\/www.lechaocandy.com\/wp-content\/uploads\/2025\/06\/LeChao-Mango-Sour-Gummies-Bulk-Wholesale-Chewy-Sweets-2-600x600.webp 600w, https:\/\/www.lechaocandy.com\/wp-content\/uploads\/2025\/06\/LeChao-Mango-Sour-Gummies-Bulk-Wholesale-Chewy-Sweets-2-100x100.webp 100w\" sizes=\"(max-width: 800px) 100vw, 800px\" \/><\/figure><\/div><\/div><figure class=\"wp-block-embed is-type-video is-provider-youtube wp-block-embed-youtube wp-embed-aspect-16-9 wp-has-aspect-ratio\"><div class=\"wp-block-embed__wrapper\">\n<iframe title=\"Saure Gummibonbons | Halal-Bonbons Lechao\" width=\"500\" height=\"281\" src=\"https:\/\/www.youtube.com\/embed\/G4uCMpCQGSQ?feature=oembed\" frameborder=\"0\" allow=\"accelerometer; autoplay; clipboard-write; encrypted-media; gyroscope; picture-in-picture; web-share\" referrerpolicy=\"strict-origin-when-cross-origin\" allowfullscreen><\/iframe>\n<\/div><\/figure>","protected":false},"excerpt":{"rendered":"<p>Willkommen im Gro\u00dfhandel Kaubonbons zu kaufen. LeChao's Mango-Geschmack sauer Gummis lose sind mit s\u00fc\u00df und sauer Puderzucker auf der Au\u00dfenseite eingewickelt, und der innere Kern ist weich und elastisch, bringt eine Mango-Geschmack mit s\u00fc\u00df und sauer Geschmack und reiches Aroma.<\/p>\n<table style=\"border-collapse: collapse; width: 329.02pt;\" border=\"0\" width=\"329\" cellspacing=\"0\" cellpadding=\"0\">\n<tbody>\n<tr style=\"height: 17.60pt;\">\n<td class=\"et2\" style=\"height: 17.60pt; width: 110.80pt;\" width=\"110\" height=\"17\">Hersteller<\/td>\n<td class=\"et2\" style=\"width: 219.15pt;\" width=\"219\">LeChao Bonbons<\/td>\n<\/tr>\n<tr style=\"height: 18.00pt;\">\n<td class=\"et2\" style=\"height: 18.00pt;\" height=\"18\">Produkttyp<\/td>\n<td class=\"et3\" style=\"width: 219.15pt;\" width=\"219\">Mini-Sauerstoff-Bonbon<\/td>\n<\/tr>\n<tr style=\"height: 18.00pt;\">\n<td class=\"et2\" style=\"height: 18.00pt;\" height=\"18\">Geschmack<\/td>\n<td class=\"et3\" style=\"width: 219.15pt;\" width=\"219\">Pikant &amp; fruchtig<\/td>\n<\/tr>\n<tr style=\"height: 17.60pt;\">\n<td class=\"et2\" style=\"height: 17.60pt;\" height=\"17\">Spezifikation<\/td>\n<td class=\"et2\">14gx20mini box x30boxen<\/td>\n<\/tr>\n<tr style=\"height: 17.60pt;\">\n<td class=\"et2\" style=\"height: 17.60pt;\" height=\"17\">Gr\u00f6\u00dfe des Kartons<\/td>\n<td class=\"et2\">47*46*30cm<\/td>\n<\/tr>\n<tr style=\"height: 17.60pt;\">\n<td class=\"et2\" style=\"height: 17.60pt;\" height=\"17\">N.W.\/Karton<\/td>\n<td class=\"et2\">13.0kg<\/td>\n<\/tr>\n<tr style=\"height: 17.60pt;\">\n<td class=\"et2\" style=\"height: 17.60pt;\" height=\"17\">Preis<\/td>\n<td class=\"et2\">19.6USD<\/td>\n<\/tr>\n<tr style=\"height: 17.60pt;\">\n<td class=\"et2\" style=\"height: 17.60pt;\" height=\"17\">MOQ<\/td>\n<td class=\"et2\">500CTNS<\/td>\n<\/tr>\n<tr style=\"height: 17.60pt;\">\n<td class=\"et2\" style=\"height: 17.60pt;\" height=\"17\">Muster<\/td>\n<td class=\"et2\">Verf\u00fcgbar<\/td>\n<\/tr>\n<\/tbody>\n<\/table>","protected":false},"featured_media":1121,"comment_status":"open","ping_status":"closed","template":"","meta":{"_acf_changed":false},"product_brand":[],"product_cat":[28,19],"product_tag":[],"class_list":{"0":"post-1120","1":"product","2":"type-product","3":"status-publish","4":"has-post-thumbnail","6":"product_cat-bulk-sour-gummies","7":"product_cat-wholesale-gummy-manufacturer","9":"first","10":"instock","11":"shipping-taxable","12":"product-type-simple"},"acf":[],"_links":{"self":[{"href":"https:\/\/www.lechaocandy.com\/de\/wp-json\/wp\/v2\/product\/1120","targetHints":{"allow":["GET"]}}],"collection":[{"href":"https:\/\/www.lechaocandy.com\/de\/wp-json\/wp\/v2\/product"}],"about":[{"href":"https:\/\/www.lechaocandy.com\/de\/wp-json\/wp\/v2\/types\/product"}],"replies":[{"embeddable":true,"href":"https:\/\/www.lechaocandy.com\/de\/wp-json\/wp\/v2\/comments?post=1120"}],"wp:featuredmedia":[{"embeddable":true,"href":"https:\/\/www.lechaocandy.com\/de\/wp-json\/wp\/v2\/media\/1121"}],"wp:attachment":[{"href":"https:\/\/www.lechaocandy.com\/de\/wp-json\/wp\/v2\/media?parent=1120"}],"wp:term":[{"taxonomy":"product_brand","embeddable":true,"href":"https:\/\/www.lechaocandy.com\/de\/wp-json\/wp\/v2\/product_brand?post=1120"},{"taxonomy":"product_cat","embeddable":true,"href":"https:\/\/www.lechaocandy.com\/de\/wp-json\/wp\/v2\/product_cat?post=1120"},{"taxonomy":"product_tag","embeddable":true,"href":"https:\/\/www.lechaocandy.com\/de\/wp-json\/wp\/v2\/product_tag?post=1120"}],"curies":[{"name":"wp","href":"https:\/\/api.w.org\/{rel}","templated":true}]}}