{"id":1130,"date":"2025-06-02T07:53:45","date_gmt":"2025-06-02T07:53:45","guid":{"rendered":"https:\/\/www.lechaocandy.com\/?post_type=product&#038;p=1130"},"modified":"2025-06-02T08:06:01","modified_gmt":"2025-06-02T08:06:01","slug":"sour-gummy-candy-wholesale","status":"publish","type":"product","link":"https:\/\/www.lechaocandy.com\/de\/produkt\/sour-gummy-candy-wholesale\/","title":{"rendered":"Flasche Form saure Gummibonbons Gro\u00dfhandel, Gelee S\u00fc\u00dfigkeiten in Bulk"},"content":{"rendered":"<div class=\"wp-block-columns is-layout-flex wp-container-core-columns-is-layout-9d6595d7 wp-block-columns-is-layout-flex\"><div class=\"wp-block-column is-layout-flow wp-block-column-is-layout-flow\"><h2 class=\"wp-block-heading\">Produkt-Highlights der sauren Gummibonbons Gro\u00dfhandel<\/h2>\n\n<ul class=\"wp-block-list\"><li><strong>Niedliche Flaschenform, die viel Spa\u00df macht:<\/strong> Diese saure Gummibonbons Gro\u00dfhandel nimmt eine einzigartige Flasche Form Design, innovative Form, und enth\u00e4lt den Spa\u00df des Produkts, sehr beliebt bei Kindern und jungen Verbrauchern.<\/li>\n\n<li><strong>Farblich abgestimmtes Design, starker visueller Reiz:<\/strong> Dieses Gelee-Bonbon in loser Sch\u00fcttung ist farblich abgestimmt, mit leuchtenden Farben, die den Display-Effekt verst\u00e4rken und die Wiedererkennung des Produkts im Regal verbessern.<\/li>\n\n<li><strong>Saure Zuckerschicht, reichhaltiger Geschmack: <\/strong>Die Oberfl\u00e4che dieses sauren Gummibonbons im Gro\u00dfhandel ist mit feinem sauren Zucker \u00fcberzogen, der sauer und erfrischend ist, und wird mit weichem und elastischem Fruchtbonbon kombiniert, was eine k\u00f6stliche Erfahrung der Verflechtung von s\u00fc\u00df und sauer bringt.<\/li>\n\n<li><strong>Ausgepr\u00e4gte Anpassungsf\u00e4higkeit an verschiedene Verkaufsszenarien: <\/strong>Unsere Gelee-Bonbons in loser Sch\u00fcttung eignen sich f\u00fcr Superm\u00e4rkte, E-Commerce, Einzelhandelsgesch\u00e4fte, gemischte Geschenkverpackungen und andere Vertriebskan\u00e4le und sind auch f\u00fcr Weihnachtsaktionen oder Party-Snacks geeignet.<\/li>\n\n<li><strong>Wir bieten Gro\u00dfhandel und ma\u00dfgeschneiderte Dienstleistungen an: <\/strong>LeChao unterst\u00fctzt Gro\u00dfhandel und personalisierte Anpassung von sauren Gummibonbons Gro\u00dfhandel. Die Farbe, die Verpackung und der Geschmack k\u00f6nnen je nach Kundenwunsch angepasst werden, um unterschiedliche Marktpositionierungen zu erf\u00fcllen.<\/li><\/ul><\/div>\n\n<div class=\"wp-block-column is-layout-flow wp-block-column-is-layout-flow\"><figure class=\"wp-block-image size-full\"><img decoding=\"async\" width=\"800\" height=\"800\" src=\"https:\/\/www.lechaocandy.com\/wp-content\/uploads\/2025\/06\/Bottle-Shape-Sour-Gummy-Candy-Wholesale-Jelly-Candy-In-Bulk-1.webp\" alt=\"Flasche Form saure Gummibonbons Gro\u00dfhandel, Gelee-Bonbons in Bulk-1\" class=\"wp-image-1131\" srcset=\"https:\/\/www.lechaocandy.com\/wp-content\/uploads\/2025\/06\/Bottle-Shape-Sour-Gummy-Candy-Wholesale-Jelly-Candy-In-Bulk-1.webp 800w, https:\/\/www.lechaocandy.com\/wp-content\/uploads\/2025\/06\/Bottle-Shape-Sour-Gummy-Candy-Wholesale-Jelly-Candy-In-Bulk-1-300x300.webp 300w, https:\/\/www.lechaocandy.com\/wp-content\/uploads\/2025\/06\/Bottle-Shape-Sour-Gummy-Candy-Wholesale-Jelly-Candy-In-Bulk-1-150x150.webp 150w, https:\/\/www.lechaocandy.com\/wp-content\/uploads\/2025\/06\/Bottle-Shape-Sour-Gummy-Candy-Wholesale-Jelly-Candy-In-Bulk-1-768x768.webp 768w, https:\/\/www.lechaocandy.com\/wp-content\/uploads\/2025\/06\/Bottle-Shape-Sour-Gummy-Candy-Wholesale-Jelly-Candy-In-Bulk-1-12x12.webp 12w, https:\/\/www.lechaocandy.com\/wp-content\/uploads\/2025\/06\/Bottle-Shape-Sour-Gummy-Candy-Wholesale-Jelly-Candy-In-Bulk-1-600x600.webp 600w, https:\/\/www.lechaocandy.com\/wp-content\/uploads\/2025\/06\/Bottle-Shape-Sour-Gummy-Candy-Wholesale-Jelly-Candy-In-Bulk-1-100x100.webp 100w\" sizes=\"(max-width: 800px) 100vw, 800px\" \/><\/figure><\/div><\/div>","protected":false},"excerpt":{"rendered":"<p>Willkommen bei Gelee-Bonbons in gro\u00dfen Mengen zu kaufen. Diese flaschenf\u00f6rmige saure Gummibonbons Gro\u00dfhandel absorbiert die entsprechende Farbe Design, mit sauren Zucker beschichtet au\u00dfen, und ist reich an Geschmack. Es bietet eine s\u00fc\u00dfe und saure Snack Verspieltheit, die perfekt f\u00fcr jede Art von Vertriebskan\u00e4len und Urlaub Atmosph\u00e4re ist.<\/p>\n<table style=\"border-collapse: collapse; width: 329.02pt;\" border=\"0\" width=\"329\" cellspacing=\"0\" cellpadding=\"0\">\n<tbody>\n<tr style=\"height: 17.60pt;\">\n<td class=\"et2\" style=\"height: 17.60pt; width: 110.80pt;\" width=\"110\" height=\"17\">Hersteller<\/td>\n<td class=\"et2\" style=\"width: 219.15pt;\" width=\"219\">LeChao Bonbons<\/td>\n<\/tr>\n<tr style=\"height: 18.00pt;\">\n<td class=\"et2\" style=\"height: 18.00pt;\" height=\"18\">Produkttyp<\/td>\n<td class=\"et3\" style=\"width: 219.15pt;\" width=\"219\">Saure Gummibonbons in Flaschenform<\/td>\n<\/tr>\n<tr style=\"height: 18.00pt;\">\n<td class=\"et2\" style=\"height: 18.00pt;\" height=\"18\">Geschmack<\/td>\n<td class=\"et3\" style=\"width: 219.15pt;\" width=\"219\">Sauer und widerstandsf\u00e4hig<\/td>\n<\/tr>\n<tr style=\"height: 17.60pt;\">\n<td class=\"et2\" style=\"height: 17.60pt;\" height=\"17\">Spezifikation<\/td>\n<td class=\"et2\">118gx48Taschen<\/td>\n<\/tr>\n<tr style=\"height: 17.60pt;\">\n<td class=\"et2\" style=\"height: 17.60pt;\" height=\"17\">Gr\u00f6\u00dfe des Kartons<\/td>\n<td class=\"et2\">39*26*24cm<\/td>\n<\/tr>\n<tr style=\"height: 17.60pt;\">\n<td class=\"et2\" style=\"height: 17.60pt;\" height=\"17\">N.W.\/Karton<\/td>\n<td class=\"et2\">7,5 kg<\/td>\n<\/tr>\n<tr style=\"height: 17.60pt;\">\n<td class=\"et2\" style=\"height: 17.60pt;\" height=\"17\">Preis<\/td>\n<td class=\"et2\">24USD<\/td>\n<\/tr>\n<tr style=\"height: 17.60pt;\">\n<td class=\"et2\" style=\"height: 17.60pt;\" height=\"17\">MOQ<\/td>\n<td class=\"et2\">500CTNS<\/td>\n<\/tr>\n<tr style=\"height: 17.60pt;\">\n<td class=\"et2\" style=\"height: 17.60pt;\" height=\"17\">Muster<\/td>\n<td class=\"et2\">Verf\u00fcgbar<\/td>\n<\/tr>\n<\/tbody>\n<\/table>","protected":false},"featured_media":1132,"comment_status":"open","ping_status":"closed","template":"","meta":{"_acf_changed":false},"product_brand":[],"product_cat":[28,19],"product_tag":[],"class_list":{"0":"post-1130","1":"product","2":"type-product","3":"status-publish","4":"has-post-thumbnail","6":"product_cat-bulk-sour-gummies","7":"product_cat-wholesale-gummy-manufacturer","9":"first","10":"instock","11":"shipping-taxable","12":"product-type-simple"},"acf":[],"_links":{"self":[{"href":"https:\/\/www.lechaocandy.com\/de\/wp-json\/wp\/v2\/product\/1130","targetHints":{"allow":["GET"]}}],"collection":[{"href":"https:\/\/www.lechaocandy.com\/de\/wp-json\/wp\/v2\/product"}],"about":[{"href":"https:\/\/www.lechaocandy.com\/de\/wp-json\/wp\/v2\/types\/product"}],"replies":[{"embeddable":true,"href":"https:\/\/www.lechaocandy.com\/de\/wp-json\/wp\/v2\/comments?post=1130"}],"wp:featuredmedia":[{"embeddable":true,"href":"https:\/\/www.lechaocandy.com\/de\/wp-json\/wp\/v2\/media\/1132"}],"wp:attachment":[{"href":"https:\/\/www.lechaocandy.com\/de\/wp-json\/wp\/v2\/media?parent=1130"}],"wp:term":[{"taxonomy":"product_brand","embeddable":true,"href":"https:\/\/www.lechaocandy.com\/de\/wp-json\/wp\/v2\/product_brand?post=1130"},{"taxonomy":"product_cat","embeddable":true,"href":"https:\/\/www.lechaocandy.com\/de\/wp-json\/wp\/v2\/product_cat?post=1130"},{"taxonomy":"product_tag","embeddable":true,"href":"https:\/\/www.lechaocandy.com\/de\/wp-json\/wp\/v2\/product_tag?post=1130"}],"curies":[{"name":"wp","href":"https:\/\/api.w.org\/{rel}","templated":true}]}}