{"id":1171,"date":"2025-06-09T01:42:25","date_gmt":"2025-06-09T01:42:25","guid":{"rendered":"https:\/\/www.lechaocandy.com\/?post_type=product&#038;p=1171"},"modified":"2026-03-30T09:28:10","modified_gmt":"2026-03-30T09:28:10","slug":"bulk-sour-gummies","status":"publish","type":"product","link":"https:\/\/www.lechaocandy.com\/de\/produkt\/bulk-sour-gummies\/","title":{"rendered":"LeChao Bulk Sour Gummies, Leckeres Traubengelee Gro\u00dfhandel"},"content":{"rendered":"<div class=\"wp-block-columns is-layout-flex wp-container-core-columns-is-layout-9d6595d7 wp-block-columns-is-layout-flex\"><div class=\"wp-block-column is-layout-flow wp-block-column-is-layout-flow\"><h2 class=\"wp-block-heading\">Produkt-Highlights von Grape Bulk Sour Gummies<\/h2>\n\n<ul class=\"wp-block-list\"><li><strong>S\u00fc\u00df und sauer, wecken die Geschmacksknospen: <\/strong>Unsere gro\u00dfen sauren Gummibonbons verwenden ein spezielles saures Rezept mit einem duftenden Traubengeschmack, der m\u00e4\u00dfig s\u00fc\u00df und sauer ist, und sind unendlich einpr\u00e4gsam.<\/li>\n\n<li><strong>Z\u00e4hfl\u00fcssig und reichhaltig im Geschmack: <\/strong>Diese Geleebonbons f\u00fcr den Gro\u00dfhandel verwenden hochwertige Gelatine, um ein flexibles und kaubares Kauerlebnis zu schaffen, das bei Kindern und Erwachsenen gleicherma\u00dfen beliebt ist.<\/li>\n\n<li><strong>Hochwertige Geleeform, auffallend und verlockend: <\/strong>Diese gro\u00dfvolumigen sauren Gummibonbons haben eine kristalline Gelee-Textur, satte Farben und niedliche Formen, die die Attraktivit\u00e4t der Regale erh\u00f6hen.<\/li>\n\n<li><strong>Gro\u00dfhandel mit Gro\u00dfverpackungen, geeignet f\u00fcr mehrere Vertriebskan\u00e4le: <\/strong>Wir bieten kosteng\u00fcnstige Gro\u00dfhandelsverpackungen f\u00fcr Geleebonbons, die sich f\u00fcr Superm\u00e4rkte, Einzelhandelsgesch\u00e4fte, Partys und Geschenkverpackungen eignen.<\/li>\n\n<li><strong>Unterst\u00fctzung der OEM-Anpassung zur Erf\u00fcllung der pers\u00f6nlichen Anforderungen der Marke: <\/strong>Unsere sauren Gummibonbons in loser Sch\u00fcttung unterst\u00fctzen eine Vielzahl von kundenspezifischen Dienstleistungen wie Geschmacksrichtungen, Verpackungen, Spezifikationen usw., um Kunden bei der Entwicklung exklusiver Produktlinien zu helfen.<\/li><\/ul><\/div>\n\n<div class=\"wp-block-column is-layout-flow wp-block-column-is-layout-flow\"><figure class=\"wp-block-image size-full\"><img decoding=\"async\" width=\"800\" height=\"800\" src=\"https:\/\/www.lechaocandy.com\/wp-content\/uploads\/2025\/06\/LeChao-Bulk-Sour-Gummies-Delicious-Grape-Jelly-Wholesale-1.webp\" alt=\"LeChao Bulk Sour Gummies, Leckeres Traubengelee Gro\u00dfhandel-1\" class=\"wp-image-1173\" srcset=\"https:\/\/www.lechaocandy.com\/wp-content\/uploads\/2025\/06\/LeChao-Bulk-Sour-Gummies-Delicious-Grape-Jelly-Wholesale-1.webp 800w, https:\/\/www.lechaocandy.com\/wp-content\/uploads\/2025\/06\/LeChao-Bulk-Sour-Gummies-Delicious-Grape-Jelly-Wholesale-1-300x300.webp 300w, https:\/\/www.lechaocandy.com\/wp-content\/uploads\/2025\/06\/LeChao-Bulk-Sour-Gummies-Delicious-Grape-Jelly-Wholesale-1-150x150.webp 150w, https:\/\/www.lechaocandy.com\/wp-content\/uploads\/2025\/06\/LeChao-Bulk-Sour-Gummies-Delicious-Grape-Jelly-Wholesale-1-768x768.webp 768w, https:\/\/www.lechaocandy.com\/wp-content\/uploads\/2025\/06\/LeChao-Bulk-Sour-Gummies-Delicious-Grape-Jelly-Wholesale-1-12x12.webp 12w, https:\/\/www.lechaocandy.com\/wp-content\/uploads\/2025\/06\/LeChao-Bulk-Sour-Gummies-Delicious-Grape-Jelly-Wholesale-1-600x600.webp 600w, https:\/\/www.lechaocandy.com\/wp-content\/uploads\/2025\/06\/LeChao-Bulk-Sour-Gummies-Delicious-Grape-Jelly-Wholesale-1-100x100.webp 100w\" sizes=\"(max-width: 800px) 100vw, 800px\" \/><\/figure><\/div><\/div><figure class=\"wp-block-embed is-type-video is-provider-youtube wp-block-embed-youtube wp-embed-aspect-16-9 wp-has-aspect-ratio\"><div class=\"wp-block-embed__wrapper\">\n<iframe title=\"Saure Gummibonbons | Halal-Bonbons Lechao\" width=\"500\" height=\"281\" src=\"https:\/\/www.youtube.com\/embed\/G4uCMpCQGSQ?feature=oembed\" frameborder=\"0\" allow=\"accelerometer; autoplay; clipboard-write; encrypted-media; gyroscope; picture-in-picture; web-share\" referrerpolicy=\"strict-origin-when-cross-origin\" allowfullscreen><\/iframe>\n<\/div><\/figure>","protected":false},"excerpt":{"rendered":"<p>Willkommen im Gro\u00dfhandel Gelee-Bonbons zu kaufen. LeChao's Trauben aromatisierte saure Gummibonbons haben eine ausgewogene s\u00fc\u00dfe und saure Formel, die volles Traubenfruchtaroma mit einem federnden Geschmack kombiniert. Wir k\u00f6nnen Ihnen hochwertige Gro\u00dfhandelsl\u00f6sungen f\u00fcr Gro\u00dfverpackungen anbieten.<\/p>\n<table style=\"border-collapse: collapse; width: 329.02pt;\" border=\"0\" width=\"329\" cellspacing=\"0\" cellpadding=\"0\">\n<tbody>\n<tr style=\"height: 17.60pt;\">\n<td class=\"et2\" style=\"height: 17.60pt; width: 110.80pt;\" width=\"110\" height=\"17\">Hersteller<\/td>\n<td class=\"et2\" style=\"width: 219.15pt;\" width=\"219\">LeChao Bonbons<\/td>\n<\/tr>\n<tr style=\"height: 18.00pt;\">\n<td class=\"et2\" style=\"height: 18.00pt;\" height=\"18\">Produkttyp<\/td>\n<td class=\"et3\" style=\"width: 219.15pt;\" width=\"219\">Grape Sour Gummibonbon<\/td>\n<\/tr>\n<tr style=\"height: 18.00pt;\">\n<td class=\"et2\" style=\"height: 18.00pt;\" height=\"18\">Geschmack<\/td>\n<td class=\"et3\" style=\"width: 219.15pt;\" width=\"219\">Pikant &amp; fruchtig<\/td>\n<\/tr>\n<tr style=\"height: 17.60pt;\">\n<td class=\"et2\" style=\"height: 17.60pt;\" height=\"17\">Spezifikation<\/td>\n<td class=\"et2\">100gX48Beutel<\/td>\n<\/tr>\n<tr style=\"height: 17.60pt;\">\n<td class=\"et2\" style=\"height: 17.60pt;\" height=\"17\">Gr\u00f6\u00dfe des Kartons<\/td>\n<td class=\"et2\">45*33*30cm<\/td>\n<\/tr>\n<tr style=\"height: 17.60pt;\">\n<td class=\"et2\" style=\"height: 17.60pt;\" height=\"17\">N.W.\/Karton<\/td>\n<td class=\"et2\">6.0kg<\/td>\n<\/tr>\n<tr style=\"height: 17.60pt;\">\n<td class=\"et2\" style=\"height: 17.60pt;\" height=\"17\">Muster<\/td>\n<td class=\"et2\">Verf\u00fcgbar<\/td>\n<\/tr>\n<\/tbody>\n<\/table>","protected":false},"featured_media":1172,"comment_status":"open","ping_status":"closed","template":"","meta":{"_acf_changed":false},"product_brand":[],"product_cat":[28,19],"product_tag":[],"class_list":{"0":"post-1171","1":"product","2":"type-product","3":"status-publish","4":"has-post-thumbnail","6":"product_cat-bulk-sour-gummies","7":"product_cat-wholesale-gummy-manufacturer","9":"first","10":"instock","11":"shipping-taxable","12":"product-type-simple"},"acf":[],"_links":{"self":[{"href":"https:\/\/www.lechaocandy.com\/de\/wp-json\/wp\/v2\/product\/1171","targetHints":{"allow":["GET"]}}],"collection":[{"href":"https:\/\/www.lechaocandy.com\/de\/wp-json\/wp\/v2\/product"}],"about":[{"href":"https:\/\/www.lechaocandy.com\/de\/wp-json\/wp\/v2\/types\/product"}],"replies":[{"embeddable":true,"href":"https:\/\/www.lechaocandy.com\/de\/wp-json\/wp\/v2\/comments?post=1171"}],"wp:featuredmedia":[{"embeddable":true,"href":"https:\/\/www.lechaocandy.com\/de\/wp-json\/wp\/v2\/media\/1172"}],"wp:attachment":[{"href":"https:\/\/www.lechaocandy.com\/de\/wp-json\/wp\/v2\/media?parent=1171"}],"wp:term":[{"taxonomy":"product_brand","embeddable":true,"href":"https:\/\/www.lechaocandy.com\/de\/wp-json\/wp\/v2\/product_brand?post=1171"},{"taxonomy":"product_cat","embeddable":true,"href":"https:\/\/www.lechaocandy.com\/de\/wp-json\/wp\/v2\/product_cat?post=1171"},{"taxonomy":"product_tag","embeddable":true,"href":"https:\/\/www.lechaocandy.com\/de\/wp-json\/wp\/v2\/product_tag?post=1171"}],"curies":[{"name":"wp","href":"https:\/\/api.w.org\/{rel}","templated":true}]}}