{"id":1174,"date":"2025-06-09T03:44:38","date_gmt":"2025-06-09T03:44:38","guid":{"rendered":"https:\/\/www.lechaocandy.com\/?post_type=product&#038;p=1174"},"modified":"2026-03-30T09:20:27","modified_gmt":"2026-03-30T09:20:27","slug":"sour-gummi-candy-bulk","status":"publish","type":"product","link":"https:\/\/www.lechaocandy.com\/de\/produkt\/sour-gummi-candy-bulk\/","title":{"rendered":"LeChao gr\u00fcner Apfel Geschmack sauer Gummi Candy Bulk-Gro\u00dfhandel"},"content":{"rendered":"<div class=\"wp-block-columns is-layout-flex wp-container-core-columns-is-layout-9d6595d7 wp-block-columns-is-layout-flex\"><div class=\"wp-block-column is-layout-flow wp-block-column-is-layout-flow\"><h2 class=\"wp-block-heading\">Produkt-Highlights von Green Apple Sour Gummi Candy Bulk<\/h2>\n\n<ul class=\"wp-block-list\"><li><strong>Gr\u00fcner Apfel, s\u00fc\u00df-s\u00e4uerlicher Geschmack, erfrischend und erfrischend: <\/strong>Diese sauren Gummibonbons haben einen einzigartigen gr\u00fcnen Apfelgeschmack, s\u00fc\u00df und sauer, erfrischend und nicht fettig, anregend f\u00fcr die Geschmacksnerven und s\u00fcchtig machend.<\/li>\n\n<li><strong>Die Textur ist weich und z\u00e4h, und je mehr man kaut, desto besser duftet sie: <\/strong>F\u00fcr unsere Geleebonbons im Gro\u00dfhandel wird hochwertige Gelatine verwendet, um ein Kaugef\u00fchl zu erzeugen, das weich und kaubar ist und tiefe Schichten aufweist, was von den Verbrauchern weitgehend akzeptiert wird.<\/li>\n\n<li><strong>Gleichm\u00e4\u00dfig mit saurem Pulver bedeckt, mit einem sauberen sauren Geschmack: <\/strong>Unsere sauren Gummibonbons sind auf der Oberfl\u00e4che leicht mit feinem saurem Pulver bedeckt, das den Geschmack im Mund erh\u00f6ht und f\u00fcr mehr Genuss sorgt.<\/li>\n\n<li><strong>Gro\u00dfpackung im Gro\u00dfhandel, geeignet f\u00fcr eine Vielzahl von Szenarien: <\/strong>Wir bieten Gro\u00dfhandel f\u00fcr Gro\u00dfhandel Gelee-Bonbons, geeignet f\u00fcr Einzelhandelsgesch\u00e4fte, Superm\u00e4rkte, Veranstaltung Parteien oder OEM-Label-Verk\u00e4ufe.<\/li>\n\n<li><strong>Unterst\u00fctzung kundenspezifischer Dienstleistungen zur Schaffung exklusiver Produkte: <\/strong>Unsere sauren Gummibonbons k\u00f6nnen in Bezug auf Geschmack, Farbe, Verpackung und Spezifikationen an die Bed\u00fcrfnisse der Kunden angepasst werden, um die Anforderungen eines vielf\u00e4ltigen Marktes zu erf\u00fcllen.<\/li><\/ul><\/div>\n\n<div class=\"wp-block-column is-layout-flow wp-block-column-is-layout-flow\"><figure class=\"wp-block-image size-full\"><img decoding=\"async\" width=\"800\" height=\"800\" src=\"https:\/\/www.lechaocandy.com\/wp-content\/uploads\/2025\/06\/LeChao-Green-Apple-Flavor-Sour-Gummi-Candy-Bulk-Wholesale-2.webp\" alt=\"LeChao gr\u00fcnen Apfel Geschmack sauer Gummi Candy Bulk Gro\u00dfhandel-2\" class=\"wp-image-1176\" srcset=\"https:\/\/www.lechaocandy.com\/wp-content\/uploads\/2025\/06\/LeChao-Green-Apple-Flavor-Sour-Gummi-Candy-Bulk-Wholesale-2.webp 800w, https:\/\/www.lechaocandy.com\/wp-content\/uploads\/2025\/06\/LeChao-Green-Apple-Flavor-Sour-Gummi-Candy-Bulk-Wholesale-2-300x300.webp 300w, https:\/\/www.lechaocandy.com\/wp-content\/uploads\/2025\/06\/LeChao-Green-Apple-Flavor-Sour-Gummi-Candy-Bulk-Wholesale-2-150x150.webp 150w, https:\/\/www.lechaocandy.com\/wp-content\/uploads\/2025\/06\/LeChao-Green-Apple-Flavor-Sour-Gummi-Candy-Bulk-Wholesale-2-768x768.webp 768w, https:\/\/www.lechaocandy.com\/wp-content\/uploads\/2025\/06\/LeChao-Green-Apple-Flavor-Sour-Gummi-Candy-Bulk-Wholesale-2-12x12.webp 12w, https:\/\/www.lechaocandy.com\/wp-content\/uploads\/2025\/06\/LeChao-Green-Apple-Flavor-Sour-Gummi-Candy-Bulk-Wholesale-2-600x600.webp 600w, https:\/\/www.lechaocandy.com\/wp-content\/uploads\/2025\/06\/LeChao-Green-Apple-Flavor-Sour-Gummi-Candy-Bulk-Wholesale-2-100x100.webp 100w\" sizes=\"(max-width: 800px) 100vw, 800px\" \/><\/figure><\/div><\/div><figure class=\"wp-block-embed is-type-video is-provider-youtube wp-block-embed-youtube wp-embed-aspect-16-9 wp-has-aspect-ratio\"><div class=\"wp-block-embed__wrapper\">\n<iframe title=\"Saure Gummibonbons | Halal-Bonbons Lechao\" width=\"500\" height=\"281\" src=\"https:\/\/www.youtube.com\/embed\/G4uCMpCQGSQ?feature=oembed\" frameborder=\"0\" allow=\"accelerometer; autoplay; clipboard-write; encrypted-media; gyroscope; picture-in-picture; web-share\" referrerpolicy=\"strict-origin-when-cross-origin\" allowfullscreen><\/iframe>\n<\/div><\/figure>","protected":false},"excerpt":{"rendered":"<p>Willkommen im Gro\u00dfhandel Gelee-Bonbons zu kaufen. LeChao's gr\u00fcner Apfel aromatisiert sauer Gummibonbons bulk bringt einen erfrischenden Geschmack mit einer Balance von s\u00fc\u00df und sauer. Ob es f\u00fcr die Snack-Gang, Partei F\u00fcllung oder Branding, ist diese klassische Geschmacksrichtung ideal f\u00fcr den Gro\u00dfhandel kauft.<\/p>\n<table style=\"border-collapse: collapse; width: 329.02pt;\" border=\"0\" width=\"329\" cellspacing=\"0\" cellpadding=\"0\">\n<tbody>\n<tr style=\"height: 17.60pt;\">\n<td class=\"et2\" style=\"height: 17.60pt; width: 110.80pt;\" width=\"110\" height=\"17\">Hersteller<\/td>\n<td class=\"et2\" style=\"width: 219.15pt;\" width=\"219\">LeChao Bonbons<\/td>\n<\/tr>\n<tr style=\"height: 18.00pt;\">\n<td class=\"et2\" style=\"height: 18.00pt;\" height=\"18\">Produkttyp<\/td>\n<td class=\"et3\" style=\"width: 219.15pt;\" width=\"219\">Gr\u00fcner Apfel sauer Gummibonbon<\/td>\n<\/tr>\n<tr style=\"height: 18.00pt;\">\n<td class=\"et2\" style=\"height: 18.00pt;\" height=\"18\">Geschmack<\/td>\n<td class=\"et3\" style=\"width: 219.15pt;\" width=\"219\">Pikant &amp; fruchtig<\/td>\n<\/tr>\n<tr style=\"height: 17.60pt;\">\n<td class=\"et2\" style=\"height: 17.60pt;\" height=\"17\">Spezifikation<\/td>\n<td class=\"et2\">100gX48Beutel<\/td>\n<\/tr>\n<tr style=\"height: 17.60pt;\">\n<td class=\"et2\" style=\"height: 17.60pt;\" height=\"17\">Gr\u00f6\u00dfe des Kartons<\/td>\n<td class=\"et2\">45*33*30cm<\/td>\n<\/tr>\n<tr style=\"height: 17.60pt;\">\n<td class=\"et2\" style=\"height: 17.60pt;\" height=\"17\">N.W.\/Karton<\/td>\n<td class=\"et2\">6.0kg<\/td>\n<\/tr>\n<tr style=\"height: 17.60pt;\">\n<td class=\"et2\" style=\"height: 17.60pt;\" height=\"17\">Muster<\/td>\n<td class=\"et2\">Verf\u00fcgbar<\/td>\n<\/tr>\n<\/tbody>\n<\/table>","protected":false},"featured_media":1175,"comment_status":"open","ping_status":"closed","template":"","meta":{"_acf_changed":false},"product_brand":[],"product_cat":[28,19],"product_tag":[],"class_list":{"0":"post-1174","1":"product","2":"type-product","3":"status-publish","4":"has-post-thumbnail","6":"product_cat-bulk-sour-gummies","7":"product_cat-wholesale-gummy-manufacturer","9":"first","10":"instock","11":"shipping-taxable","12":"product-type-simple"},"acf":[],"_links":{"self":[{"href":"https:\/\/www.lechaocandy.com\/de\/wp-json\/wp\/v2\/product\/1174","targetHints":{"allow":["GET"]}}],"collection":[{"href":"https:\/\/www.lechaocandy.com\/de\/wp-json\/wp\/v2\/product"}],"about":[{"href":"https:\/\/www.lechaocandy.com\/de\/wp-json\/wp\/v2\/types\/product"}],"replies":[{"embeddable":true,"href":"https:\/\/www.lechaocandy.com\/de\/wp-json\/wp\/v2\/comments?post=1174"}],"wp:featuredmedia":[{"embeddable":true,"href":"https:\/\/www.lechaocandy.com\/de\/wp-json\/wp\/v2\/media\/1175"}],"wp:attachment":[{"href":"https:\/\/www.lechaocandy.com\/de\/wp-json\/wp\/v2\/media?parent=1174"}],"wp:term":[{"taxonomy":"product_brand","embeddable":true,"href":"https:\/\/www.lechaocandy.com\/de\/wp-json\/wp\/v2\/product_brand?post=1174"},{"taxonomy":"product_cat","embeddable":true,"href":"https:\/\/www.lechaocandy.com\/de\/wp-json\/wp\/v2\/product_cat?post=1174"},{"taxonomy":"product_tag","embeddable":true,"href":"https:\/\/www.lechaocandy.com\/de\/wp-json\/wp\/v2\/product_tag?post=1174"}],"curies":[{"name":"wp","href":"https:\/\/api.w.org\/{rel}","templated":true}]}}