{"id":1179,"date":"2025-06-09T04:02:53","date_gmt":"2025-06-09T04:02:53","guid":{"rendered":"https:\/\/www.lechaocandy.com\/?post_type=product&#038;p=1179"},"modified":"2026-03-30T09:19:03","modified_gmt":"2026-03-30T09:19:03","slug":"wholesale-sour-candy","status":"publish","type":"product","link":"https:\/\/www.lechaocandy.com\/de\/produkt\/wholesale-sour-candy\/","title":{"rendered":"LeChao Gro\u00dfhandel saure S\u00fc\u00dfigkeiten, saure Erdbeere Gummis in Bulk"},"content":{"rendered":"<div class=\"wp-block-columns is-layout-flex wp-container-core-columns-is-layout-9d6595d7 wp-block-columns-is-layout-flex\"><div class=\"wp-block-column is-layout-flow wp-block-column-is-layout-flow\"><h2 class=\"wp-block-heading\">Produkt-Highlights von Strawberry Gro\u00dfhandel saure S\u00fc\u00dfigkeiten<\/h2>\n\n<ul class=\"wp-block-list\"><li><strong>Reicher Erdbeergeschmack, s\u00fc\u00df-saure Fusion:<\/strong> Dieses saure Gro\u00dfhandelsbonbon verwendet echte Erdbeeressenz und eine exklusive saure Pulverformel, um einen reichhaltigen s\u00fc\u00df-sauren Geschmack zu erzeugen, der schon beim \u00d6ffnen der T\u00fcte duftet.<\/li>\n\n<li><strong>Kaum sp\u00fcrbar, ausgezeichneter Geschmack: <\/strong>Unsere sauren Erdbeergummis in loser Sch\u00fcttung werden aus hochwertiger Gelatine hergestellt, die weich, klebrig und elastisch ist. Je mehr man kaut, desto besser duftet sie, geeignet f\u00fcr alle Altersgruppen.<\/li>\n\n<li><strong>Saure Beschichtung, voller Spa\u00df:<\/strong> Diese sauren Gummibonbons f\u00fcr den Gro\u00dfhandel sind mit einem gleichm\u00e4\u00dfigen sauren Pulver auf der Oberfl\u00e4che beschichtet, das beim Hineinbei\u00dfen sauer ist und den Spa\u00df am Essen erh\u00f6ht, geeignet f\u00fcr junge Verbraucher.<\/li>\n\n<li><strong>Gro\u00dfes Paket Gro\u00dfhandel, hohe Gewinnspanne: <\/strong>Diese sauren Erdbeergummis in loser Sch\u00fcttung eignen sich f\u00fcr Superm\u00e4rkte, den Snack-Gro\u00dfhandel, die Bef\u00fcllung von Geschenkboxen und andere Verkaufsszenarien und unterst\u00fctzen die Lieferung in gro\u00dfen Mengen.<\/li>\n\n<li><strong>Unterst\u00fctzung ma\u00dfgeschneiderter Dienstleistungen, um flexibel auf die Bed\u00fcrfnisse des Marktes eingehen zu k\u00f6nnen: <\/strong>Wir bieten dem Gro\u00dfhandel saure Gummibonbons mit mehrdimensionalen OEM\/ODM-Kundenanpassungsdiensten wie Verpackung, Geschmacksrichtungen und Formen, um den Aufbau exklusiver Marken zu unterst\u00fctzen.<\/li><\/ul><\/div>\n\n<div class=\"wp-block-column is-layout-flow wp-block-column-is-layout-flow\"><figure class=\"wp-block-image size-full\"><img decoding=\"async\" width=\"800\" height=\"800\" src=\"https:\/\/www.lechaocandy.com\/wp-content\/uploads\/2025\/06\/LeChao-Wholesale-Sour-Candy-Sour-Strawberry-Gummies-In-Bulk-1.webp\" alt=\"LeChao Gro\u00dfhandel saure S\u00fc\u00dfigkeiten, saure Erdbeere Gummis in Bulk-1\" class=\"wp-image-1181\" srcset=\"https:\/\/www.lechaocandy.com\/wp-content\/uploads\/2025\/06\/LeChao-Wholesale-Sour-Candy-Sour-Strawberry-Gummies-In-Bulk-1.webp 800w, https:\/\/www.lechaocandy.com\/wp-content\/uploads\/2025\/06\/LeChao-Wholesale-Sour-Candy-Sour-Strawberry-Gummies-In-Bulk-1-300x300.webp 300w, https:\/\/www.lechaocandy.com\/wp-content\/uploads\/2025\/06\/LeChao-Wholesale-Sour-Candy-Sour-Strawberry-Gummies-In-Bulk-1-150x150.webp 150w, https:\/\/www.lechaocandy.com\/wp-content\/uploads\/2025\/06\/LeChao-Wholesale-Sour-Candy-Sour-Strawberry-Gummies-In-Bulk-1-768x768.webp 768w, https:\/\/www.lechaocandy.com\/wp-content\/uploads\/2025\/06\/LeChao-Wholesale-Sour-Candy-Sour-Strawberry-Gummies-In-Bulk-1-12x12.webp 12w, https:\/\/www.lechaocandy.com\/wp-content\/uploads\/2025\/06\/LeChao-Wholesale-Sour-Candy-Sour-Strawberry-Gummies-In-Bulk-1-600x600.webp 600w, https:\/\/www.lechaocandy.com\/wp-content\/uploads\/2025\/06\/LeChao-Wholesale-Sour-Candy-Sour-Strawberry-Gummies-In-Bulk-1-100x100.webp 100w\" sizes=\"(max-width: 800px) 100vw, 800px\" \/><\/figure><\/div><\/div><figure class=\"wp-block-embed is-type-video is-provider-youtube wp-block-embed-youtube wp-embed-aspect-16-9 wp-has-aspect-ratio\"><div class=\"wp-block-embed__wrapper\">\n<iframe title=\"Saure Gummibonbons | Halal-Bonbons Lechao\" width=\"500\" height=\"281\" src=\"https:\/\/www.youtube.com\/embed\/G4uCMpCQGSQ?feature=oembed\" frameborder=\"0\" allow=\"accelerometer; autoplay; clipboard-write; encrypted-media; gyroscope; picture-in-picture; web-share\" referrerpolicy=\"strict-origin-when-cross-origin\" allowfullscreen><\/iframe>\n<\/div><\/figure>","protected":false},"excerpt":{"rendered":"<p>Willkommen im Gro\u00dfhandel saure S\u00fc\u00dfigkeiten Gummis zu kaufen. LeChao's saure Erdbeer-Gummis in loser Sch\u00fcttung sind mit erfrischendem saurem Pulver \u00fcberzogen, um einen einzigartigen s\u00fc\u00df-sauren Geschmack zu erzeugen. Die kosteneffiziente Gro\u00dfhandelsl\u00f6sung f\u00fcr Gro\u00dfverpackungen ist die ideale Wahl f\u00fcr Snack-Marken, Vertriebsh\u00e4ndler und Geschenkelieferanten.<\/p>\n<table style=\"border-collapse: collapse; width: 329.02pt;\" border=\"0\" width=\"329\" cellspacing=\"0\" cellpadding=\"0\">\n<tbody>\n<tr style=\"height: 17.60pt;\">\n<td class=\"et2\" style=\"height: 17.60pt; width: 110.80pt;\" width=\"110\" height=\"17\">Hersteller<\/td>\n<td class=\"et2\" style=\"width: 219.15pt;\" width=\"219\">LeChao Bonbons<\/td>\n<\/tr>\n<tr style=\"height: 18.00pt;\">\n<td class=\"et2\" style=\"height: 18.00pt;\" height=\"18\">Produkttyp<\/td>\n<td class=\"et3\" style=\"width: 219.15pt;\" width=\"219\">Saure Erdbeer-Gummibonbons<\/td>\n<\/tr>\n<tr style=\"height: 18.00pt;\">\n<td class=\"et2\" style=\"height: 18.00pt;\" height=\"18\">Geschmack<\/td>\n<td class=\"et3\" style=\"width: 219.15pt;\" width=\"219\">Pikant &amp; fruchtig<\/td>\n<\/tr>\n<tr style=\"height: 17.60pt;\">\n<td class=\"et2\" style=\"height: 17.60pt;\" height=\"17\">Spezifikation<\/td>\n<td class=\"et2\">100gX48Beutel<\/td>\n<\/tr>\n<tr style=\"height: 17.60pt;\">\n<td class=\"et2\" style=\"height: 17.60pt;\" height=\"17\">Gr\u00f6\u00dfe des Kartons<\/td>\n<td class=\"et2\">45*33*30cm<\/td>\n<\/tr>\n<tr style=\"height: 17.60pt;\">\n<td class=\"et2\" style=\"height: 17.60pt;\" height=\"17\">N.W.\/Karton<\/td>\n<td class=\"et2\">6.0kg<\/td>\n<\/tr>\n<tr style=\"height: 17.60pt;\">\n<td class=\"et2\" style=\"height: 17.60pt;\" height=\"17\">Muster<\/td>\n<td class=\"et2\">Verf\u00fcgbar<\/td>\n<\/tr>\n<\/tbody>\n<\/table>","protected":false},"featured_media":1180,"comment_status":"open","ping_status":"closed","template":"","meta":{"_acf_changed":false},"product_brand":[],"product_cat":[28,19],"product_tag":[],"class_list":{"0":"post-1179","1":"product","2":"type-product","3":"status-publish","4":"has-post-thumbnail","6":"product_cat-bulk-sour-gummies","7":"product_cat-wholesale-gummy-manufacturer","9":"first","10":"instock","11":"shipping-taxable","12":"product-type-simple"},"acf":[],"_links":{"self":[{"href":"https:\/\/www.lechaocandy.com\/de\/wp-json\/wp\/v2\/product\/1179","targetHints":{"allow":["GET"]}}],"collection":[{"href":"https:\/\/www.lechaocandy.com\/de\/wp-json\/wp\/v2\/product"}],"about":[{"href":"https:\/\/www.lechaocandy.com\/de\/wp-json\/wp\/v2\/types\/product"}],"replies":[{"embeddable":true,"href":"https:\/\/www.lechaocandy.com\/de\/wp-json\/wp\/v2\/comments?post=1179"}],"wp:featuredmedia":[{"embeddable":true,"href":"https:\/\/www.lechaocandy.com\/de\/wp-json\/wp\/v2\/media\/1180"}],"wp:attachment":[{"href":"https:\/\/www.lechaocandy.com\/de\/wp-json\/wp\/v2\/media?parent=1179"}],"wp:term":[{"taxonomy":"product_brand","embeddable":true,"href":"https:\/\/www.lechaocandy.com\/de\/wp-json\/wp\/v2\/product_brand?post=1179"},{"taxonomy":"product_cat","embeddable":true,"href":"https:\/\/www.lechaocandy.com\/de\/wp-json\/wp\/v2\/product_cat?post=1179"},{"taxonomy":"product_tag","embeddable":true,"href":"https:\/\/www.lechaocandy.com\/de\/wp-json\/wp\/v2\/product_tag?post=1179"}],"curies":[{"name":"wp","href":"https:\/\/api.w.org\/{rel}","templated":true}]}}