{"id":1182,"date":"2025-06-09T09:42:27","date_gmt":"2025-06-09T09:42:27","guid":{"rendered":"https:\/\/www.lechaocandy.com\/?post_type=product&#038;p=1182"},"modified":"2025-06-09T09:53:38","modified_gmt":"2025-06-09T09:53:38","slug":"turtles-candy-bulk","status":"publish","type":"product","link":"https:\/\/www.lechaocandy.com\/de\/produkt\/turtles-candy-bulk\/","title":{"rendered":"Fruity Sour Gummy Turtles Candy Bulk, Gro\u00dfhandel Chewy Candy"},"content":{"rendered":"<div class=\"wp-block-columns is-layout-flex wp-container-core-columns-is-layout-9d6595d7 wp-block-columns-is-layout-flex\"><div class=\"wp-block-column is-layout-flow wp-block-column-is-layout-flow\"><h2 class=\"wp-block-heading\">Produkt-Highlights von Sour Gummy Turtles Candy Bulk<\/h2>\n\n<ul class=\"wp-block-list\"><li><strong>Niedliche Schildkr\u00f6tenform, auffallend und interessant: <\/strong>Unsere Gummischildkr\u00f6ten-Bonbons haben ein kreatives Design in Form einer Schildkr\u00f6te, leuchtende Farben und lebendige Bilder, was die Attraktivit\u00e4t der Regale erh\u00f6ht und von Kindern und jungen Verbrauchern geliebt wird.<\/li>\n\n<li><strong>Vielf\u00e4ltige Fruchtaromen, reichhaltig und k\u00f6stlich: <\/strong>Unser Gro\u00dfhandel saure Gummis haben verschiedene Fruchtgeschmacksrichtungen, s\u00fc\u00df und sauer Mischung, voll von Schichten, um verschiedene Geschmacksvorlieben zu erf\u00fcllen.<\/li>\n\n<li><strong>Beschichtet mit saurem Pulver, sauer und anregend: <\/strong>Diese Gummischildkr\u00f6ten-Bonbons sind auf der Oberfl\u00e4che gleichm\u00e4\u00dfig mit saurem Pulver beschichtet, und sobald sie in den Mund gelangen, entsteht ein starkes saures Gef\u00fchl, das den Spa\u00df- und Erinnerungsfaktor erh\u00f6ht.<\/li>\n\n<li><strong>Z\u00e4hfl\u00fcssig und reichhaltig im Geschmack: <\/strong>Unsere sauren Gro\u00dfhandelsgummis werden aus hochwertigen Gummibasis-Materialien hergestellt, die ein flexibles und elastisches Kauerlebnis bieten, so dass die Menschen nicht anders k\u00f6nnen, als einen nach dem anderen zu nehmen.<\/li>\n\n<li><strong>Massenverkauf, Unterst\u00fctzung bei der Anpassung: <\/strong>Wir bieten Bulk-Gro\u00dfhandel Verpackung f\u00fcr gummi Schildkr\u00f6ten S\u00fc\u00dfigkeiten bulk, geeignet f\u00fcr Snack-Verpackung, Einzelhandel, Party S\u00fc\u00dfigkeiten und kundenspezifische OEM-Gesch\u00e4ft.<\/li><\/ul><\/div>\n\n<div class=\"wp-block-column is-layout-flow wp-block-column-is-layout-flow\"><figure class=\"wp-block-image size-full\"><img decoding=\"async\" width=\"800\" height=\"800\" src=\"https:\/\/www.lechaocandy.com\/wp-content\/uploads\/2025\/06\/Fruity-Sour-Gummy-Turtles-Candy-Bulk-Wholesale-Chewy-Candy-1.webp\" alt=\"Fruity Sour Gummy Turtles S\u00fc\u00dfigkeiten Bulk, Gro\u00dfhandel Chewy Candy-1\" class=\"wp-image-1183\" srcset=\"https:\/\/www.lechaocandy.com\/wp-content\/uploads\/2025\/06\/Fruity-Sour-Gummy-Turtles-Candy-Bulk-Wholesale-Chewy-Candy-1.webp 800w, https:\/\/www.lechaocandy.com\/wp-content\/uploads\/2025\/06\/Fruity-Sour-Gummy-Turtles-Candy-Bulk-Wholesale-Chewy-Candy-1-300x300.webp 300w, https:\/\/www.lechaocandy.com\/wp-content\/uploads\/2025\/06\/Fruity-Sour-Gummy-Turtles-Candy-Bulk-Wholesale-Chewy-Candy-1-150x150.webp 150w, https:\/\/www.lechaocandy.com\/wp-content\/uploads\/2025\/06\/Fruity-Sour-Gummy-Turtles-Candy-Bulk-Wholesale-Chewy-Candy-1-768x768.webp 768w, https:\/\/www.lechaocandy.com\/wp-content\/uploads\/2025\/06\/Fruity-Sour-Gummy-Turtles-Candy-Bulk-Wholesale-Chewy-Candy-1-12x12.webp 12w, https:\/\/www.lechaocandy.com\/wp-content\/uploads\/2025\/06\/Fruity-Sour-Gummy-Turtles-Candy-Bulk-Wholesale-Chewy-Candy-1-600x600.webp 600w, https:\/\/www.lechaocandy.com\/wp-content\/uploads\/2025\/06\/Fruity-Sour-Gummy-Turtles-Candy-Bulk-Wholesale-Chewy-Candy-1-100x100.webp 100w\" sizes=\"(max-width: 800px) 100vw, 800px\" \/><\/figure><\/div><\/div>","protected":false},"excerpt":{"rendered":"<p>Willkommen im Gro\u00dfhandel saure Gummis zu kaufen. LeChao's saure Gummischildkr\u00f6ten Bonbons verwenden kreative Tierformen und mehrere Fruchtgeschmacksrichtungen, beschichtet mit saurem Pulver, und hat einen sauren und erfrischenden Geschmack. Die kosteng\u00fcnstige Gro\u00dfpackung ist eine beliebte Wahl f\u00fcr Vertriebskan\u00e4le.<\/p>\n<table style=\"border-collapse: collapse; width: 329.02pt;\" border=\"0\" width=\"329\" cellspacing=\"0\" cellpadding=\"0\">\n<tbody>\n<tr style=\"height: 17.60pt;\">\n<td class=\"et2\" style=\"height: 17.60pt; width: 110.80pt;\" width=\"110\" height=\"17\">Hersteller<\/td>\n<td class=\"et2\" style=\"width: 219.15pt;\" width=\"219\">LeChao Bonbons<\/td>\n<\/tr>\n<tr style=\"height: 18.00pt;\">\n<td class=\"et2\" style=\"height: 18.00pt;\" height=\"18\">Produkttyp<\/td>\n<td class=\"et3\" style=\"width: 219.15pt;\" width=\"219\">Schildkr\u00f6ten-Gummibonbons<\/td>\n<\/tr>\n<tr style=\"height: 18.00pt;\">\n<td class=\"et2\" style=\"height: 18.00pt;\" height=\"18\">Geschmack<\/td>\n<td class=\"et3\" style=\"width: 219.15pt;\" width=\"219\">S\u00fc\u00df &amp; sauer &amp; widerstandsf\u00e4hig<\/td>\n<\/tr>\n<tr style=\"height: 17.60pt;\">\n<td class=\"et2\" style=\"height: 17.60pt;\" height=\"17\">Spezifikation<\/td>\n<td class=\"et2\">118gx48Taschen<\/td>\n<\/tr>\n<tr style=\"height: 17.60pt;\">\n<td class=\"et2\" style=\"height: 17.60pt;\" height=\"17\">Gr\u00f6\u00dfe des Kartons<\/td>\n<td class=\"et2\">39*26*24cm<\/td>\n<\/tr>\n<tr style=\"height: 17.60pt;\">\n<td class=\"et2\" style=\"height: 17.60pt;\" height=\"17\">N.W.\/Karton<\/td>\n<td class=\"et2\">7,5 kg<\/td>\n<\/tr>\n<tr style=\"height: 17.60pt;\">\n<td class=\"et2\" style=\"height: 17.60pt;\" height=\"17\">Preis<\/td>\n<td class=\"et2\">24USD<\/td>\n<\/tr>\n<tr style=\"height: 17.60pt;\">\n<td class=\"et2\" style=\"height: 17.60pt;\" height=\"17\">MOQ<\/td>\n<td class=\"et2\">500CTNS<\/td>\n<\/tr>\n<tr style=\"height: 17.60pt;\">\n<td class=\"et2\" style=\"height: 17.60pt;\" height=\"17\">Muster<\/td>\n<td class=\"et2\">Verf\u00fcgbar<\/td>\n<\/tr>\n<\/tbody>\n<\/table>","protected":false},"featured_media":1184,"comment_status":"open","ping_status":"closed","template":"","meta":{"_acf_changed":false},"product_brand":[],"product_cat":[28,19],"product_tag":[],"class_list":{"0":"post-1182","1":"product","2":"type-product","3":"status-publish","4":"has-post-thumbnail","6":"product_cat-bulk-sour-gummies","7":"product_cat-wholesale-gummy-manufacturer","9":"first","10":"instock","11":"shipping-taxable","12":"product-type-simple"},"acf":[],"_links":{"self":[{"href":"https:\/\/www.lechaocandy.com\/de\/wp-json\/wp\/v2\/product\/1182","targetHints":{"allow":["GET"]}}],"collection":[{"href":"https:\/\/www.lechaocandy.com\/de\/wp-json\/wp\/v2\/product"}],"about":[{"href":"https:\/\/www.lechaocandy.com\/de\/wp-json\/wp\/v2\/types\/product"}],"replies":[{"embeddable":true,"href":"https:\/\/www.lechaocandy.com\/de\/wp-json\/wp\/v2\/comments?post=1182"}],"wp:featuredmedia":[{"embeddable":true,"href":"https:\/\/www.lechaocandy.com\/de\/wp-json\/wp\/v2\/media\/1184"}],"wp:attachment":[{"href":"https:\/\/www.lechaocandy.com\/de\/wp-json\/wp\/v2\/media?parent=1182"}],"wp:term":[{"taxonomy":"product_brand","embeddable":true,"href":"https:\/\/www.lechaocandy.com\/de\/wp-json\/wp\/v2\/product_brand?post=1182"},{"taxonomy":"product_cat","embeddable":true,"href":"https:\/\/www.lechaocandy.com\/de\/wp-json\/wp\/v2\/product_cat?post=1182"},{"taxonomy":"product_tag","embeddable":true,"href":"https:\/\/www.lechaocandy.com\/de\/wp-json\/wp\/v2\/product_tag?post=1182"}],"curies":[{"name":"wp","href":"https:\/\/api.w.org\/{rel}","templated":true}]}}