{"id":1189,"date":"2025-06-09T10:02:30","date_gmt":"2025-06-09T10:02:30","guid":{"rendered":"https:\/\/www.lechaocandy.com\/?post_type=product&#038;p=1189"},"modified":"2025-06-09T10:12:53","modified_gmt":"2025-06-09T10:12:53","slug":"bulk-gummy-mix","status":"publish","type":"product","link":"https:\/\/www.lechaocandy.com\/de\/produkt\/bulk-gummy-mix\/","title":{"rendered":"Pilzf\u00f6rmige Gummimischung, saure Gummis im Gro\u00dfhandel"},"content":{"rendered":"<div class=\"wp-block-columns is-layout-flex wp-container-core-columns-is-layout-9d6595d7 wp-block-columns-is-layout-flex\"><div class=\"wp-block-column is-layout-flow wp-block-column-is-layout-flow\"><h2 class=\"wp-block-heading\">Produkt-Highlights von Pilz geformt Bulk Gummy Mix<\/h2>\n\n<ul class=\"wp-block-list\"><li><strong>Lustige Pilzform, voller Kreativit\u00e4t:<\/strong> Diese lose GummimischungDiese lose Gummimischung hat die Form eines lustigen Pilzes, eines niedlichen Zeichentrickfilms, der ins Auge f\u00e4llt und den Wiedererkennungswert des Produkts steigern kann, was sich f\u00fcr die Herstellung beliebter S\u00fc\u00dfigkeiten eignet.<\/li>\n\n<li><strong>Gemischte Geschmacksrichtungen, reichhaltig und lecker: <\/strong>Diese sauren Gummibonbons f\u00fcr den Gro\u00dfhandel kombinieren eine Vielzahl von Fruchtgeschmacksrichtungen, und jeder Bissen ist ein frisches Erlebnis, das die unterschiedlichsten Geschmacksbed\u00fcrfnisse erf\u00fcllt.<\/li>\n\n<li><strong>Mit saurem Pulver umh\u00fcllt, um die Geschmacksnerven zu stimulieren: <\/strong>Unsere pilzf\u00f6rmigen Gummibonbons sind auf der Oberfl\u00e4che mit zartem saurem Pulver \u00fcberzogen, das beim ersten Biss einen sauren und appetitanregenden Eindruck hinterl\u00e4sst und f\u00fcr Verbraucher geeignet ist, die starke Geschmacksrichtungen m\u00f6gen.<\/li>\n\n<li><strong>Je mehr man kaut, desto k\u00f6stlicher ist es: <\/strong>Unsere sauren Gummib\u00e4rchen f\u00fcr den Gro\u00dfhandel verwenden hochwertige Gelatine, um ein weiches und kaubares Kaugef\u00fchl zu erzeugen, das f\u00fcr alle Altersgruppen geeignet ist.<\/li>\n\n<li><strong>Bulk-Verpackung Gro\u00dfhandel, Unterst\u00fctzung der Anpassung: <\/strong>Wir bieten kosteng\u00fcnstige Gro\u00dfverpackungen f\u00fcr lose Gummimischungen an, die sich f\u00fcr den Einzelhandel, zum Umpacken, f\u00fcr Party-S\u00fc\u00dfigkeiten, f\u00fcr Geschenkboxen und andere Szenarien eignen, und unterst\u00fctzen die OEM-Anpassung von Geschmack und Verpackung.<\/li><\/ul><\/div>\n\n<div class=\"wp-block-column is-layout-flow wp-block-column-is-layout-flow\"><figure class=\"wp-block-image size-full\"><img decoding=\"async\" width=\"800\" height=\"800\" src=\"https:\/\/www.lechaocandy.com\/wp-content\/uploads\/2025\/06\/Mushroom-Shaped-Bulk-Gummy-Mix-Sour-Gummies-Wholesale-1.webp\" alt=\"Pilz geformt Bulk Gummy Mix, saure Gummis Gro\u00dfhandel-1\" class=\"wp-image-1190\" srcset=\"https:\/\/www.lechaocandy.com\/wp-content\/uploads\/2025\/06\/Mushroom-Shaped-Bulk-Gummy-Mix-Sour-Gummies-Wholesale-1.webp 800w, https:\/\/www.lechaocandy.com\/wp-content\/uploads\/2025\/06\/Mushroom-Shaped-Bulk-Gummy-Mix-Sour-Gummies-Wholesale-1-300x300.webp 300w, https:\/\/www.lechaocandy.com\/wp-content\/uploads\/2025\/06\/Mushroom-Shaped-Bulk-Gummy-Mix-Sour-Gummies-Wholesale-1-150x150.webp 150w, https:\/\/www.lechaocandy.com\/wp-content\/uploads\/2025\/06\/Mushroom-Shaped-Bulk-Gummy-Mix-Sour-Gummies-Wholesale-1-768x768.webp 768w, https:\/\/www.lechaocandy.com\/wp-content\/uploads\/2025\/06\/Mushroom-Shaped-Bulk-Gummy-Mix-Sour-Gummies-Wholesale-1-12x12.webp 12w, https:\/\/www.lechaocandy.com\/wp-content\/uploads\/2025\/06\/Mushroom-Shaped-Bulk-Gummy-Mix-Sour-Gummies-Wholesale-1-600x600.webp 600w, https:\/\/www.lechaocandy.com\/wp-content\/uploads\/2025\/06\/Mushroom-Shaped-Bulk-Gummy-Mix-Sour-Gummies-Wholesale-1-100x100.webp 100w\" sizes=\"(max-width: 800px) 100vw, 800px\" \/><\/figure><\/div><\/div>","protected":false},"excerpt":{"rendered":"<p>Willkommen im Gro\u00dfhandel saure Gummis zu kaufen. LeChao Pilz-f\u00f6rmigen sauren Bulk-Gummi-Mix perfekt kombiniert niedlich und kreative Formen mit einer Vielzahl von Fruchtgeschmack. Es ist eine ideale Gro\u00dfhandel Wahl f\u00fcr Snacks, Geschenkverpackungen und Markenanpassung.<\/p>\n<table style=\"border-collapse: collapse; width: 329.02pt;\" border=\"0\" width=\"329\" cellspacing=\"0\" cellpadding=\"0\">\n<tbody>\n<tr style=\"height: 17.60pt;\">\n<td class=\"et2\" style=\"height: 17.60pt; width: 110.80pt;\" width=\"110\" height=\"17\">Hersteller<\/td>\n<td class=\"et2\" style=\"width: 219.15pt;\" width=\"219\">LeChao Bonbons<\/td>\n<\/tr>\n<tr style=\"height: 18.00pt;\">\n<td class=\"et2\" style=\"height: 18.00pt;\" height=\"18\">Produkttyp<\/td>\n<td class=\"et3\" style=\"width: 219.15pt;\" width=\"219\">Pilz-Sauer-Gummibonbon<\/td>\n<\/tr>\n<tr style=\"height: 18.00pt;\">\n<td class=\"et2\" style=\"height: 18.00pt;\" height=\"18\">Geschmack<\/td>\n<td class=\"et3\" style=\"width: 219.15pt;\" width=\"219\">S\u00fc\u00df &amp; sauer &amp; widerstandsf\u00e4hig<\/td>\n<\/tr>\n<tr style=\"height: 17.60pt;\">\n<td class=\"et2\" style=\"height: 17.60pt;\" height=\"17\">Spezifikation<\/td>\n<td class=\"et2\">118gx48Taschen<\/td>\n<\/tr>\n<tr style=\"height: 17.60pt;\">\n<td class=\"et2\" style=\"height: 17.60pt;\" height=\"17\">Gr\u00f6\u00dfe des Kartons<\/td>\n<td class=\"et2\">39*26*24cm<\/td>\n<\/tr>\n<tr style=\"height: 17.60pt;\">\n<td class=\"et2\" style=\"height: 17.60pt;\" height=\"17\">N.W.\/Karton<\/td>\n<td class=\"et2\">7,5 kg<\/td>\n<\/tr>\n<tr style=\"height: 17.60pt;\">\n<td class=\"et2\" style=\"height: 17.60pt;\" height=\"17\">Preis<\/td>\n<td class=\"et2\">24USD<\/td>\n<\/tr>\n<tr style=\"height: 17.60pt;\">\n<td class=\"et2\" style=\"height: 17.60pt;\" height=\"17\">MOQ<\/td>\n<td class=\"et2\">500CTNS<\/td>\n<\/tr>\n<tr style=\"height: 17.60pt;\">\n<td class=\"et2\" style=\"height: 17.60pt;\" height=\"17\">Muster<\/td>\n<td class=\"et2\">Verf\u00fcgbar<\/td>\n<\/tr>\n<\/tbody>\n<\/table>","protected":false},"featured_media":1191,"comment_status":"open","ping_status":"closed","template":"","meta":{"_acf_changed":false},"product_brand":[],"product_cat":[28,19],"product_tag":[],"class_list":{"0":"post-1189","1":"product","2":"type-product","3":"status-publish","4":"has-post-thumbnail","6":"product_cat-bulk-sour-gummies","7":"product_cat-wholesale-gummy-manufacturer","9":"first","10":"instock","11":"shipping-taxable","12":"product-type-simple"},"acf":[],"_links":{"self":[{"href":"https:\/\/www.lechaocandy.com\/de\/wp-json\/wp\/v2\/product\/1189","targetHints":{"allow":["GET"]}}],"collection":[{"href":"https:\/\/www.lechaocandy.com\/de\/wp-json\/wp\/v2\/product"}],"about":[{"href":"https:\/\/www.lechaocandy.com\/de\/wp-json\/wp\/v2\/types\/product"}],"replies":[{"embeddable":true,"href":"https:\/\/www.lechaocandy.com\/de\/wp-json\/wp\/v2\/comments?post=1189"}],"wp:featuredmedia":[{"embeddable":true,"href":"https:\/\/www.lechaocandy.com\/de\/wp-json\/wp\/v2\/media\/1191"}],"wp:attachment":[{"href":"https:\/\/www.lechaocandy.com\/de\/wp-json\/wp\/v2\/media?parent=1189"}],"wp:term":[{"taxonomy":"product_brand","embeddable":true,"href":"https:\/\/www.lechaocandy.com\/de\/wp-json\/wp\/v2\/product_brand?post=1189"},{"taxonomy":"product_cat","embeddable":true,"href":"https:\/\/www.lechaocandy.com\/de\/wp-json\/wp\/v2\/product_cat?post=1189"},{"taxonomy":"product_tag","embeddable":true,"href":"https:\/\/www.lechaocandy.com\/de\/wp-json\/wp\/v2\/product_tag?post=1189"}],"curies":[{"name":"wp","href":"https:\/\/api.w.org\/{rel}","templated":true}]}}