{"id":1206,"date":"2025-06-12T09:18:23","date_gmt":"2025-06-12T09:18:23","guid":{"rendered":"https:\/\/www.lechaocandy.com\/?post_type=product&#038;p=1206"},"modified":"2025-06-12T09:30:04","modified_gmt":"2025-06-12T09:30:04","slug":"bulk-marshmallow","status":"publish","type":"product","link":"https:\/\/www.lechaocandy.com\/de\/produkt\/bulk-marshmallow\/","title":{"rendered":"Bulk Marshmallow Smiley Gesicht, Marshmallow S\u00fc\u00dfigkeiten Gro\u00dfhandel"},"content":{"rendered":"<div class=\"wp-block-columns is-layout-flex wp-container-core-columns-is-layout-9d6595d7 wp-block-columns-is-layout-flex\"><div class=\"wp-block-column is-layout-flow wp-block-column-is-layout-flow\"><h2 class=\"wp-block-heading\">Produkt-Highlights von Bulk Marshmallow Smiley Face<\/h2>\n\n<ul class=\"wp-block-list\"><li><strong>Lustige Smiley-Form:<\/strong> Dieser lose Marshmallow hat eine reiche und lebendige Ausdruckskraft, die optisch sehr attraktiv ist und die Wiedererkennung des Produkts und die Wirkung der Auslage im Einzelhandel verbessert.<\/li>\n\n<li><strong>Flauschiger und weicher Geschmack: <\/strong>Unsere Marshmallow-Bonbons im Gro\u00dfhandel haben eine leichte Textur, schmelzen im Mund, sind s\u00fc\u00df, aber nicht fettig und eignen sich f\u00fcr Verbraucher jeden Alters.<\/li>\n\n<li><strong>Multi-Szenario-Anwendung: <\/strong>Unsere Marshmallows in loser Sch\u00fcttung k\u00f6nnen f\u00fcr Einzelhandelsverpackungen, Festtagss\u00fc\u00dfigkeiten, Kinderpartys, Dessertdekorationen oder Geschenkverpackungen verwendet werden.<\/li>\n\n<li><strong>Unterst\u00fctzung von Anpassungsdiensten:<\/strong> Wir bieten Marshmallow-Bonbons Gro\u00dfhandel mit verschiedenen Ausdr\u00fccken, Farben, Gr\u00f6\u00dfen und Formel Anpassung (wie vegan, halal, glutenfrei) Dienstleistungen.<\/li>\n\n<li><strong>Effiziente Versorgung des Gro\u00dfhandels: <\/strong>Unser loser Marshmallow wird in gro\u00dfen Mengen und stabil mit kurzen Lieferzeiten produziert, was f\u00fcr eine langfristige Zusammenarbeit mit Marken, E-Commerce, Superm\u00e4rkten und H\u00e4ndlern geeignet ist.<\/li><\/ul><\/div>\n\n<div class=\"wp-block-column is-layout-flow wp-block-column-is-layout-flow\"><figure class=\"wp-block-image size-full\"><img decoding=\"async\" width=\"661\" height=\"629\" src=\"https:\/\/www.lechaocandy.com\/wp-content\/uploads\/2025\/06\/Bulk-Marshmallow-Smiley-Face-Marshmallow-Sweets-Wholesale-5.webp\" alt=\"Bulk Marshmallow Smiley Gesicht, Marshmallow S\u00fc\u00dfigkeiten Gro\u00dfhandel-5\" class=\"wp-image-1211\" srcset=\"https:\/\/www.lechaocandy.com\/wp-content\/uploads\/2025\/06\/Bulk-Marshmallow-Smiley-Face-Marshmallow-Sweets-Wholesale-5.webp 661w, https:\/\/www.lechaocandy.com\/wp-content\/uploads\/2025\/06\/Bulk-Marshmallow-Smiley-Face-Marshmallow-Sweets-Wholesale-5-300x285.webp 300w, https:\/\/www.lechaocandy.com\/wp-content\/uploads\/2025\/06\/Bulk-Marshmallow-Smiley-Face-Marshmallow-Sweets-Wholesale-5-13x12.webp 13w, https:\/\/www.lechaocandy.com\/wp-content\/uploads\/2025\/06\/Bulk-Marshmallow-Smiley-Face-Marshmallow-Sweets-Wholesale-5-600x571.webp 600w\" sizes=\"(max-width: 661px) 100vw, 661px\" \/><\/figure><\/div><\/div>","protected":false},"excerpt":{"rendered":"<p>Willkommen zum Kauf von Marshmallow-Bonbons im Gro\u00dfhandel. Diese Smiley-Gesicht Bulk Marshmallow zieht die Aufmerksamkeit mit seinem niedlichen Ausdruck, weich und flauschig Textur und s\u00fc\u00dfen Geschmack, die sehr von Kindern und jungen Verbrauchern geliebt wird. Unterst\u00fctzung Massenanpassung Produktion auf unterschiedliche Marktbed\u00fcrfnisse zu erf\u00fcllen.<\/p>\n<table style=\"border-collapse: collapse; width: 329.02pt;\" border=\"0\" width=\"329\" cellspacing=\"0\" cellpadding=\"0\">\n<tbody>\n<tr style=\"height: 17.60pt;\">\n<td class=\"et2\" style=\"height: 17.60pt; width: 110.80pt;\" width=\"110\" height=\"17\">Hersteller<\/td>\n<td class=\"et2\" style=\"width: 219.15pt;\" width=\"219\">LeChao Bonbons<\/td>\n<\/tr>\n<tr style=\"height: 18.00pt;\">\n<td class=\"et2\" style=\"height: 18.00pt;\" height=\"18\">Produkttyp<\/td>\n<td class=\"et3\" style=\"width: 219.15pt;\" width=\"219\">Marshmallows mit Smiley-Gesicht<\/td>\n<\/tr>\n<tr style=\"height: 18.00pt;\">\n<td class=\"et2\" style=\"height: 18.00pt;\" height=\"18\">Geschmack<\/td>\n<td class=\"et3\" style=\"width: 219.15pt;\" width=\"219\">Weich und s\u00fc\u00df<\/td>\n<\/tr>\n<tr style=\"height: 17.60pt;\">\n<td class=\"et2\" style=\"height: 17.60pt;\" height=\"17\">Spezifikation<\/td>\n<td class=\"et2\">300gX20Beutel<\/td>\n<\/tr>\n<tr style=\"height: 17.60pt;\">\n<td class=\"et2\" style=\"height: 17.60pt;\" height=\"17\">Gr\u00f6\u00dfe des Kartons<\/td>\n<td class=\"et2\">50X34X30cm<\/td>\n<\/tr>\n<tr style=\"height: 17.60pt;\">\n<td class=\"et2\" style=\"height: 17.60pt;\" height=\"17\">N.W.\/Karton<\/td>\n<td class=\"et2\">8.0kg<\/td>\n<\/tr>\n<tr style=\"height: 17.60pt;\">\n<td class=\"et2\" style=\"height: 17.60pt;\" height=\"17\">Preis<\/td>\n<td class=\"et2\">17.6-18.5USD<\/td>\n<\/tr>\n<tr style=\"height: 17.60pt;\">\n<td class=\"et2\" style=\"height: 17.60pt;\" height=\"17\">MOQ<\/td>\n<td class=\"et2\">600CTNS<\/td>\n<\/tr>\n<tr style=\"height: 17.60pt;\">\n<td class=\"et2\" style=\"height: 17.60pt;\" height=\"17\">Muster<\/td>\n<td class=\"et2\">Verf\u00fcgbar<\/td>\n<\/tr>\n<\/tbody>\n<\/table>","protected":false},"featured_media":1209,"comment_status":"open","ping_status":"closed","template":"","meta":{"_acf_changed":false},"product_brand":[],"product_cat":[22],"product_tag":[],"class_list":{"0":"post-1206","1":"product","2":"type-product","3":"status-publish","4":"has-post-thumbnail","6":"product_cat-wholesale-marshmallows","8":"first","9":"instock","10":"shipping-taxable","11":"product-type-simple"},"acf":[],"_links":{"self":[{"href":"https:\/\/www.lechaocandy.com\/de\/wp-json\/wp\/v2\/product\/1206","targetHints":{"allow":["GET"]}}],"collection":[{"href":"https:\/\/www.lechaocandy.com\/de\/wp-json\/wp\/v2\/product"}],"about":[{"href":"https:\/\/www.lechaocandy.com\/de\/wp-json\/wp\/v2\/types\/product"}],"replies":[{"embeddable":true,"href":"https:\/\/www.lechaocandy.com\/de\/wp-json\/wp\/v2\/comments?post=1206"}],"wp:featuredmedia":[{"embeddable":true,"href":"https:\/\/www.lechaocandy.com\/de\/wp-json\/wp\/v2\/media\/1209"}],"wp:attachment":[{"href":"https:\/\/www.lechaocandy.com\/de\/wp-json\/wp\/v2\/media?parent=1206"}],"wp:term":[{"taxonomy":"product_brand","embeddable":true,"href":"https:\/\/www.lechaocandy.com\/de\/wp-json\/wp\/v2\/product_brand?post=1206"},{"taxonomy":"product_cat","embeddable":true,"href":"https:\/\/www.lechaocandy.com\/de\/wp-json\/wp\/v2\/product_cat?post=1206"},{"taxonomy":"product_tag","embeddable":true,"href":"https:\/\/www.lechaocandy.com\/de\/wp-json\/wp\/v2\/product_tag?post=1206"}],"curies":[{"name":"wp","href":"https:\/\/api.w.org\/{rel}","templated":true}]}}