{"id":1212,"date":"2025-06-12T09:33:10","date_gmt":"2025-06-12T09:33:10","guid":{"rendered":"https:\/\/www.lechaocandy.com\/?post_type=product&#038;p=1212"},"modified":"2025-06-12T09:39:59","modified_gmt":"2025-06-12T09:39:59","slug":"bulk-candy-marshmallow","status":"publish","type":"product","link":"https:\/\/www.lechaocandy.com\/de\/produkt\/bulk-candy-marshmallow\/","title":{"rendered":"Chalk Shape Bulk Candy Marshmallow, lange Marshmallow Bites"},"content":{"rendered":"<div class=\"wp-block-columns is-layout-flex wp-container-core-columns-is-layout-9d6595d7 wp-block-columns-is-layout-flex\"><div class=\"wp-block-column is-layout-flow wp-block-column-is-layout-flow\"><h2 class=\"wp-block-heading\">Produkt-Highlights von Bulk Candy Marshmallow<\/h2>\n\n<ul class=\"wp-block-list\"><li><strong>Kreative Kreideform: <\/strong>Dieser lose Marshmallow hat ein langes Streifendesign, satte Farben, ein neuartiges und niedliches Aussehen, eine starke Anziehungskraft und verbessert die Sch\u00f6nheit der Auslage und die Verbrauchererfahrung.<\/li>\n\n<li><strong>Flauschiger und weicher Geschmack: <\/strong>Unsere Gro\u00dfhandels-Marshmallows sind dicht und fluffig, schmelzen auf der Zunge, sind s\u00fc\u00df, aber nicht fettig, und werden von Kindern und Jugendlichen sehr geliebt.<\/li>\n\n<li><strong>Vielseitige Anwendungsszenarien: <\/strong>Unsere losen Marshmallows eignen sich f\u00fcr Einzelhandelst\u00fcten, Festtagss\u00fc\u00dfigkeiten, Kinderpartys, DIY-Dessertdekorationen und andere Zwecke.<\/li>\n\n<li><strong>Unterst\u00fctzung der personalisierten Anpassung: <\/strong>Diese Gro\u00dfhandels-Marshmallows k\u00f6nnen je nach Kundenwunsch in Farbe, Gr\u00f6\u00dfe, Geschmack und spezieller Rezeptur (z. B. vegan, halal, glutenfrei) angepasst werden.<\/li>\n\n<li><strong>Stabile und zuverl\u00e4ssige Versorgung des Gro\u00dfhandels: <\/strong>Unsere Marshmallows in loser Sch\u00fcttung werden schnell geliefert und eignen sich f\u00fcr eine langfristige Zusammenarbeit mit Importeuren, Superm\u00e4rkten, E-Commerce und H\u00e4ndlern.<\/li><\/ul><\/div>\n\n<div class=\"wp-block-column is-layout-flow wp-block-column-is-layout-flow\"><figure class=\"wp-block-image size-full\"><img decoding=\"async\" width=\"651\" height=\"592\" src=\"https:\/\/www.lechaocandy.com\/wp-content\/uploads\/2025\/06\/Chalk-Shape-Bulk-Candy-Marshmallow-Long-Marshmallow-Bites-3.webp\" alt=\"Chalk Shape Bulk Candy Marshmallow, lange Marshmallow Bites-3\" class=\"wp-image-1215\" srcset=\"https:\/\/www.lechaocandy.com\/wp-content\/uploads\/2025\/06\/Chalk-Shape-Bulk-Candy-Marshmallow-Long-Marshmallow-Bites-3.webp 651w, https:\/\/www.lechaocandy.com\/wp-content\/uploads\/2025\/06\/Chalk-Shape-Bulk-Candy-Marshmallow-Long-Marshmallow-Bites-3-300x273.webp 300w, https:\/\/www.lechaocandy.com\/wp-content\/uploads\/2025\/06\/Chalk-Shape-Bulk-Candy-Marshmallow-Long-Marshmallow-Bites-3-13x12.webp 13w, https:\/\/www.lechaocandy.com\/wp-content\/uploads\/2025\/06\/Chalk-Shape-Bulk-Candy-Marshmallow-Long-Marshmallow-Bites-3-600x546.webp 600w\" sizes=\"(max-width: 651px) 100vw, 651px\" \/><\/figure><\/div><\/div>","protected":false},"excerpt":{"rendered":"<p>Willkommen zum Kauf gro\u00dfer Mengen von Marshmallows. Unsere kreidef\u00f6rmigen Gro\u00dfhandel Marshmallows sind einzigartig in ihrer Form, mit einem langen Streifen Design und einem weichen Geschmack. Sie sind interessant und wiedererkennbar. Wir unterst\u00fctzen Gro\u00dfhandel und kundenspezifische Formeln.<\/p>\n<table style=\"border-collapse: collapse; width: 329.02pt;\" border=\"0\" width=\"329\" cellspacing=\"0\" cellpadding=\"0\">\n<tbody>\n<tr style=\"height: 17.60pt;\">\n<td class=\"et2\" style=\"height: 17.60pt; width: 110.80pt;\" width=\"110\" height=\"17\">Hersteller<\/td>\n<td class=\"et2\" style=\"width: 219.15pt;\" width=\"219\">LeChao Bonbons<\/td>\n<\/tr>\n<tr style=\"height: 18.00pt;\">\n<td class=\"et2\" style=\"height: 18.00pt;\" height=\"18\">Produkttyp<\/td>\n<td class=\"et3\" style=\"width: 219.15pt;\" width=\"219\">Marshmallows in Kreideform<\/td>\n<\/tr>\n<tr style=\"height: 18.00pt;\">\n<td class=\"et2\" style=\"height: 18.00pt;\" height=\"18\">Geschmack<\/td>\n<td class=\"et3\" style=\"width: 219.15pt;\" width=\"219\">Weich und s\u00fc\u00df<\/td>\n<\/tr>\n<tr style=\"height: 17.60pt;\">\n<td class=\"et2\" style=\"height: 17.60pt;\" height=\"17\">Spezifikation<\/td>\n<td class=\"et2\">20gX24St\u00fcckX12Kartons<\/td>\n<\/tr>\n<tr style=\"height: 17.60pt;\">\n<td class=\"et2\" style=\"height: 17.60pt;\" height=\"17\">Gr\u00f6\u00dfe des Kartons<\/td>\n<td class=\"et2\">58,5X29,5X40,5cm<\/td>\n<\/tr>\n<tr style=\"height: 17.60pt;\">\n<td class=\"et2\" style=\"height: 17.60pt;\" height=\"17\">N.W.\/Karton<\/td>\n<td class=\"et2\">8.0kg<\/td>\n<\/tr>\n<tr style=\"height: 17.60pt;\">\n<td class=\"et2\" style=\"height: 17.60pt;\" height=\"17\">Preis<\/td>\n<td class=\"et2\">22-23.5USD<\/td>\n<\/tr>\n<tr style=\"height: 17.60pt;\">\n<td class=\"et2\" style=\"height: 17.60pt;\" height=\"17\">MOQ<\/td>\n<td class=\"et2\">400CTNS<\/td>\n<\/tr>\n<tr style=\"height: 17.60pt;\">\n<td class=\"et2\" style=\"height: 17.60pt;\" height=\"17\">Muster<\/td>\n<td class=\"et2\">Verf\u00fcgbar<\/td>\n<\/tr>\n<\/tbody>\n<\/table>","protected":false},"featured_media":1214,"comment_status":"open","ping_status":"closed","template":"","meta":{"_acf_changed":false},"product_brand":[],"product_cat":[22],"product_tag":[],"class_list":{"0":"post-1212","1":"product","2":"type-product","3":"status-publish","4":"has-post-thumbnail","6":"product_cat-wholesale-marshmallows","8":"first","9":"instock","10":"shipping-taxable","11":"product-type-simple"},"acf":[],"_links":{"self":[{"href":"https:\/\/www.lechaocandy.com\/de\/wp-json\/wp\/v2\/product\/1212","targetHints":{"allow":["GET"]}}],"collection":[{"href":"https:\/\/www.lechaocandy.com\/de\/wp-json\/wp\/v2\/product"}],"about":[{"href":"https:\/\/www.lechaocandy.com\/de\/wp-json\/wp\/v2\/types\/product"}],"replies":[{"embeddable":true,"href":"https:\/\/www.lechaocandy.com\/de\/wp-json\/wp\/v2\/comments?post=1212"}],"wp:featuredmedia":[{"embeddable":true,"href":"https:\/\/www.lechaocandy.com\/de\/wp-json\/wp\/v2\/media\/1214"}],"wp:attachment":[{"href":"https:\/\/www.lechaocandy.com\/de\/wp-json\/wp\/v2\/media?parent=1212"}],"wp:term":[{"taxonomy":"product_brand","embeddable":true,"href":"https:\/\/www.lechaocandy.com\/de\/wp-json\/wp\/v2\/product_brand?post=1212"},{"taxonomy":"product_cat","embeddable":true,"href":"https:\/\/www.lechaocandy.com\/de\/wp-json\/wp\/v2\/product_cat?post=1212"},{"taxonomy":"product_tag","embeddable":true,"href":"https:\/\/www.lechaocandy.com\/de\/wp-json\/wp\/v2\/product_tag?post=1212"}],"curies":[{"name":"wp","href":"https:\/\/api.w.org\/{rel}","templated":true}]}}