{"id":1216,"date":"2025-06-12T09:43:14","date_gmt":"2025-06-12T09:43:14","guid":{"rendered":"https:\/\/www.lechaocandy.com\/?post_type=product&#038;p=1216"},"modified":"2025-06-12T09:59:38","modified_gmt":"2025-06-12T09:59:38","slug":"white-marshmallows-bulk","status":"publish","type":"product","link":"https:\/\/www.lechaocandy.com\/de\/produkt\/white-marshmallows-bulk\/","title":{"rendered":"LeChao Kaninchen Form wei\u00dfe Marshmallows Bulk &amp; Gro\u00dfhandel"},"content":{"rendered":"<div class=\"wp-block-columns is-layout-flex wp-container-core-columns-is-layout-9d6595d7 wp-block-columns-is-layout-flex\"><div class=\"wp-block-column is-layout-flow wp-block-column-is-layout-flow\"><h2 class=\"wp-block-heading\">Produkt-Highlights von Rabbit White Marshmallows Bulk<\/h2>\n\n<ul class=\"wp-block-list\"><li><strong>Niedliches Design in Hasenform: <\/strong>Unsere wei\u00dfen Marshmallows in loser Sch\u00fcttung haben eine niedliche Hasenform mit vielen Details, die den Spa\u00df und die visuelle Attraktivit\u00e4t des Produkts erh\u00f6hen und besonders bei Kindern beliebt sind.<\/li>\n\n<li><strong>Weich und flauschig im Geschmack: <\/strong>Diese Gro\u00dfhandels-Marshmallows haben eine zarte und weiche Textur, schmelzen im Mund und bieten ein leichtes und s\u00fc\u00dfes Geschmackserlebnis.<\/li>\n\n<li><strong>Rein wei\u00dfes Aussehen, vielseitig und vielseitig einsetzbar: <\/strong>Diese wei\u00dfen Marshmallows in loser Sch\u00fcttung eignen sich f\u00fcr verschiedene Festivalthemen, Tischdekorationen f\u00fcr Desserts und zum Backen.<\/li>\n\n<li><strong>Unterst\u00fctzung mehrerer Anpassungsoptionen: <\/strong>Unser Gro\u00dfhandel Marshmallows k\u00f6nnen den Geschmack, Farbe, Gr\u00f6\u00dfe, Formel (wie Vegan, Halal, Gluten-Free) und Verpackung Stil nach Kundenwunsch anpassen.<\/li>\n\n<li><strong>Effiziente und stabile Versorgung des Gro\u00dfhandels:<\/strong> LeChao verf\u00fcgt \u00fcber ein ausgereiftes Produktionssystem und Exporterfahrung, die eine schnelle Lieferung, eine hohe Qualit\u00e4tsgarantie und eine langfristige Zusammenarbeit f\u00fcr wei\u00dfe Marshmallows in gro\u00dfen Mengen erm\u00f6glichen.<\/li><\/ul><\/div>\n\n<div class=\"wp-block-column is-layout-flow wp-block-column-is-layout-flow\"><figure class=\"wp-block-image size-full\"><img decoding=\"async\" width=\"686\" height=\"631\" src=\"https:\/\/www.lechaocandy.com\/wp-content\/uploads\/2025\/06\/LeChao-Rabbit-Shape-White-Marshmallows-Bulk-Wholesale-5.webp\" alt=\"LeChao Kaninchen Form wei\u00dfe Marshmallows Bulk &amp; Gro\u00dfhandel-5\" class=\"wp-image-1221\" srcset=\"https:\/\/www.lechaocandy.com\/wp-content\/uploads\/2025\/06\/LeChao-Rabbit-Shape-White-Marshmallows-Bulk-Wholesale-5.webp 686w, https:\/\/www.lechaocandy.com\/wp-content\/uploads\/2025\/06\/LeChao-Rabbit-Shape-White-Marshmallows-Bulk-Wholesale-5-300x276.webp 300w, https:\/\/www.lechaocandy.com\/wp-content\/uploads\/2025\/06\/LeChao-Rabbit-Shape-White-Marshmallows-Bulk-Wholesale-5-13x12.webp 13w, https:\/\/www.lechaocandy.com\/wp-content\/uploads\/2025\/06\/LeChao-Rabbit-Shape-White-Marshmallows-Bulk-Wholesale-5-600x552.webp 600w\" sizes=\"(max-width: 686px) 100vw, 686px\" \/><\/figure><\/div><\/div>","protected":false},"excerpt":{"rendered":"<p>Willkommen zum Kauf gro\u00dfer Mengen von Marshmallows. Unsere kreidef\u00f6rmigen Gro\u00dfhandel Marshmallows sind einzigartig in ihrer Form, mit einem langen Streifen Design und einem weichen Geschmack. Sie sind interessant und wiedererkennbar. Wir unterst\u00fctzen Gro\u00dfhandel und kundenspezifische Formeln.<\/p>\n<table style=\"border-collapse: collapse; width: 329.02pt;\" border=\"0\" width=\"329\" cellspacing=\"0\" cellpadding=\"0\">\n<tbody>\n<tr style=\"height: 17.60pt;\">\n<td class=\"et2\" style=\"height: 17.60pt; width: 110.80pt;\" width=\"110\" height=\"17\">Hersteller<\/td>\n<td class=\"et2\" style=\"width: 219.15pt;\" width=\"219\">LeChao Bonbons<\/td>\n<\/tr>\n<tr style=\"height: 18.00pt;\">\n<td class=\"et2\" style=\"height: 18.00pt;\" height=\"18\">Produkttyp<\/td>\n<td class=\"et3\" style=\"width: 219.15pt;\" width=\"219\">Kaninchen Marshmallow<\/td>\n<\/tr>\n<tr style=\"height: 18.00pt;\">\n<td class=\"et2\" style=\"height: 18.00pt;\" height=\"18\">Geschmack<\/td>\n<td class=\"et3\" style=\"width: 219.15pt;\" width=\"219\">Weich und s\u00fc\u00df<\/td>\n<\/tr>\n<tr style=\"height: 17.60pt;\">\n<td class=\"et2\" style=\"height: 17.60pt;\" height=\"17\">Spezifikation<\/td>\n<td class=\"et2\">20gX24St\u00fcckX12Kartons<\/td>\n<\/tr>\n<tr style=\"height: 17.60pt;\">\n<td class=\"et2\" style=\"height: 17.60pt;\" height=\"17\">Gr\u00f6\u00dfe des Kartons<\/td>\n<td class=\"et2\">58,5X29,5X40,5cm<\/td>\n<\/tr>\n<tr style=\"height: 17.60pt;\">\n<td class=\"et2\" style=\"height: 17.60pt;\" height=\"17\">N.W.\/Karton<\/td>\n<td class=\"et2\">8.0kg<\/td>\n<\/tr>\n<tr style=\"height: 17.60pt;\">\n<td class=\"et2\" style=\"height: 17.60pt;\" height=\"17\">Preis<\/td>\n<td class=\"et2\">22-23.5USD<\/td>\n<\/tr>\n<tr style=\"height: 17.60pt;\">\n<td class=\"et2\" style=\"height: 17.60pt;\" height=\"17\">MOQ<\/td>\n<td class=\"et2\">400CTNS<\/td>\n<\/tr>\n<tr style=\"height: 17.60pt;\">\n<td class=\"et2\" style=\"height: 17.60pt;\" height=\"17\">Muster<\/td>\n<td class=\"et2\">Verf\u00fcgbar<\/td>\n<\/tr>\n<\/tbody>\n<\/table>","protected":false},"featured_media":1219,"comment_status":"open","ping_status":"closed","template":"","meta":{"_acf_changed":false},"product_brand":[],"product_cat":[22],"product_tag":[],"class_list":{"0":"post-1216","1":"product","2":"type-product","3":"status-publish","4":"has-post-thumbnail","6":"product_cat-wholesale-marshmallows","8":"first","9":"instock","10":"shipping-taxable","11":"product-type-simple"},"acf":[],"_links":{"self":[{"href":"https:\/\/www.lechaocandy.com\/de\/wp-json\/wp\/v2\/product\/1216","targetHints":{"allow":["GET"]}}],"collection":[{"href":"https:\/\/www.lechaocandy.com\/de\/wp-json\/wp\/v2\/product"}],"about":[{"href":"https:\/\/www.lechaocandy.com\/de\/wp-json\/wp\/v2\/types\/product"}],"replies":[{"embeddable":true,"href":"https:\/\/www.lechaocandy.com\/de\/wp-json\/wp\/v2\/comments?post=1216"}],"wp:featuredmedia":[{"embeddable":true,"href":"https:\/\/www.lechaocandy.com\/de\/wp-json\/wp\/v2\/media\/1219"}],"wp:attachment":[{"href":"https:\/\/www.lechaocandy.com\/de\/wp-json\/wp\/v2\/media?parent=1216"}],"wp:term":[{"taxonomy":"product_brand","embeddable":true,"href":"https:\/\/www.lechaocandy.com\/de\/wp-json\/wp\/v2\/product_brand?post=1216"},{"taxonomy":"product_cat","embeddable":true,"href":"https:\/\/www.lechaocandy.com\/de\/wp-json\/wp\/v2\/product_cat?post=1216"},{"taxonomy":"product_tag","embeddable":true,"href":"https:\/\/www.lechaocandy.com\/de\/wp-json\/wp\/v2\/product_tag?post=1216"}],"curies":[{"name":"wp","href":"https:\/\/api.w.org\/{rel}","templated":true}]}}