{"id":1238,"date":"2025-06-16T03:00:24","date_gmt":"2025-06-16T03:00:24","guid":{"rendered":"https:\/\/www.lechaocandy.com\/?post_type=product&#038;p=1238"},"modified":"2025-06-16T03:31:04","modified_gmt":"2025-06-16T03:31:04","slug":"marshmallows-bulk-buy","status":"publish","type":"product","link":"https:\/\/www.lechaocandy.com\/de\/produkt\/marshmallows-bulk-buy\/","title":{"rendered":"LeChao Marshmallows Bulk Buy, Gro\u00dfhandel Marshmallow Twists"},"content":{"rendered":"<div class=\"wp-block-columns is-layout-flex wp-container-core-columns-is-layout-9d6595d7 wp-block-columns-is-layout-flex\"><div class=\"wp-block-column is-layout-flow wp-block-column-is-layout-flow\"><h2 class=\"wp-block-heading\">Produkt-Highlights von Marshmallows Bulk Buy<\/h2>\n\n<ul class=\"wp-block-list\"><li><strong>Bunte Spiralform, starker Blickfang:<\/strong> Unsere Marshmallows, die wir in gro\u00dfen Mengen kaufen, sind von Natur aus mit roten, gelben und wei\u00dfen Farben verflochten, mit hervorragenden visuellen Effekten, geeignet f\u00fcr alle Arten von Festen, Kindersnacks oder exquisite Desserts.<\/li>\n\n<li><strong>Anpassbare Farben und Geschmacksrichtungen f\u00fcr exklusive Geschm\u00e4cker: <\/strong>Unsere Marshmallow-Twists f\u00fcr den Gro\u00dfhandel unterst\u00fctzen die Anpassung von Farbkombinationen, Geschmacksrichtungen und S\u00fc\u00dfe an die Bed\u00fcrfnisse der Kunden, um den Konsumgewohnheiten in verschiedenen Regionen gerecht zu werden.<\/li>\n\n<li><strong>Eine Vielzahl von Verpackungsm\u00f6glichkeiten: <\/strong>Von der Gro\u00dfpackung \u00fcber unabh\u00e4ngige kleine T\u00fcten bis hin zu Geschenkverpackungen f\u00fcr den Einzelhandel - unsere Marshmallows in Gro\u00dfpackungen lassen sich an Superm\u00e4rkte, E-Commerce, Geschenkkan\u00e4le und andere Verkaufsszenarien anpassen.<\/li>\n\n<li><strong>Automatisierte Produktion zur Gew\u00e4hrleistung einer stabilen Versorgung in gro\u00dfem Ma\u00dfstab:<\/strong> LeChao verf\u00fcgt \u00fcber effiziente Produktionskapazit\u00e4ten und ein strenges Qualit\u00e4tskontrollsystem und kann OEM\/ODM-Bestellungen annehmen, um die p\u00fcnktliche Lieferung und stabile Qualit\u00e4t der Marshmallow-Twists des Gro\u00dfhandels zu gew\u00e4hrleisten.<\/li>\n\n<li><strong>Anpassungsservice aus einer Hand f\u00fcr den schnellen Start von Markenprojekten: <\/strong>Wir bieten umfassende Dienstleistungen f\u00fcr den Kauf von Marshmallows in gro\u00dfen Mengen an, von der Rezepturentwicklung \u00fcber die Verpackungsentwicklung bis hin zur Markenkennzeichnung, und unterst\u00fctzen unsere Kunden bei der Entwicklung differenzierter Marshmallow-Produkte und der Verbesserung ihrer Wettbewerbsf\u00e4higkeit.<\/li><\/ul><\/div>\n\n<div class=\"wp-block-column is-layout-flow wp-block-column-is-layout-flow\"><figure class=\"wp-block-image size-full\"><img decoding=\"async\" width=\"800\" height=\"800\" src=\"https:\/\/www.lechaocandy.com\/wp-content\/uploads\/2025\/06\/LeChao-Marshmallows-Bulk-Buy-Wholesale-Marshmallow-Twists-5.webp\" alt=\"LeChao Marshmallows Bulk Buy, Gro\u00dfhandel Marshmallow Twists-5\" class=\"wp-image-1243\" srcset=\"https:\/\/www.lechaocandy.com\/wp-content\/uploads\/2025\/06\/LeChao-Marshmallows-Bulk-Buy-Wholesale-Marshmallow-Twists-5.webp 800w, https:\/\/www.lechaocandy.com\/wp-content\/uploads\/2025\/06\/LeChao-Marshmallows-Bulk-Buy-Wholesale-Marshmallow-Twists-5-300x300.webp 300w, https:\/\/www.lechaocandy.com\/wp-content\/uploads\/2025\/06\/LeChao-Marshmallows-Bulk-Buy-Wholesale-Marshmallow-Twists-5-150x150.webp 150w, https:\/\/www.lechaocandy.com\/wp-content\/uploads\/2025\/06\/LeChao-Marshmallows-Bulk-Buy-Wholesale-Marshmallow-Twists-5-768x768.webp 768w, https:\/\/www.lechaocandy.com\/wp-content\/uploads\/2025\/06\/LeChao-Marshmallows-Bulk-Buy-Wholesale-Marshmallow-Twists-5-12x12.webp 12w, https:\/\/www.lechaocandy.com\/wp-content\/uploads\/2025\/06\/LeChao-Marshmallows-Bulk-Buy-Wholesale-Marshmallow-Twists-5-600x600.webp 600w, https:\/\/www.lechaocandy.com\/wp-content\/uploads\/2025\/06\/LeChao-Marshmallows-Bulk-Buy-Wholesale-Marshmallow-Twists-5-100x100.webp 100w\" sizes=\"(max-width: 800px) 100vw, 800px\" \/><\/figure><\/div><\/div>","protected":false},"excerpt":{"rendered":"<p>Marshmallows Gro\u00dfhandel kaufen f\u00fcr Ihre Marke. LeChao's Gro\u00dfhandel Marshmallow Twists sind bunt und weich, geeignet f\u00fcr Urlaub Geschenk-Boxen, Einzelhandel Vertrieb, Dessert Zutaten und andere Szenarien. Wir bieten Gro\u00dfhandel Lieferung und eine vollst\u00e4ndige Reihe von ma\u00dfgeschneiderten Dienstleistungen zu helfen, Marken zu schaffen exklusive und unverwechselbare Produkte.<\/p>\n<table style=\"border-collapse: collapse; width: 329.02pt;\" border=\"0\" width=\"329\" cellspacing=\"0\" cellpadding=\"0\">\n<tbody>\n<tr style=\"height: 17.60pt;\">\n<td class=\"et2\" style=\"height: 17.60pt; width: 110.80pt;\" width=\"110\" height=\"17\">Hersteller<\/td>\n<td class=\"et2\" style=\"width: 219.15pt;\" width=\"219\">LeChao Bonbons<\/td>\n<\/tr>\n<tr style=\"height: 18.00pt;\">\n<td class=\"et2\" style=\"height: 18.00pt;\" height=\"18\">Produkttyp<\/td>\n<td class=\"et3\" style=\"width: 219.15pt;\" width=\"219\">Verdrehter Marshmallow<\/td>\n<\/tr>\n<tr style=\"height: 18.00pt;\">\n<td class=\"et2\" style=\"height: 18.00pt;\" height=\"18\">Geschmack<\/td>\n<td class=\"et3\" style=\"width: 219.15pt;\" width=\"219\">Weich und s\u00fc\u00df<\/td>\n<\/tr>\n<tr style=\"height: 17.60pt;\">\n<td class=\"et2\" style=\"height: 17.60pt;\" height=\"17\">Spezifikation<\/td>\n<td class=\"et2\">20gX24St\u00fcckX12Kartons<\/td>\n<\/tr>\n<tr style=\"height: 17.60pt;\">\n<td class=\"et2\" style=\"height: 17.60pt;\" height=\"17\">Gr\u00f6\u00dfe des Kartons<\/td>\n<td class=\"et2\">58,5X29,5X40,5cm<\/td>\n<\/tr>\n<tr style=\"height: 17.60pt;\">\n<td class=\"et2\" style=\"height: 17.60pt;\" height=\"17\">N.W.\/Karton<\/td>\n<td class=\"et2\">8.0kg<\/td>\n<\/tr>\n<tr style=\"height: 17.60pt;\">\n<td class=\"et2\" style=\"height: 17.60pt;\" height=\"17\">Preis<\/td>\n<td class=\"et2\">22-23.5USD<\/td>\n<\/tr>\n<tr style=\"height: 17.60pt;\">\n<td class=\"et2\" style=\"height: 17.60pt;\" height=\"17\">MOQ<\/td>\n<td class=\"et2\">400CTNS<\/td>\n<\/tr>\n<tr style=\"height: 17.60pt;\">\n<td class=\"et2\" style=\"height: 17.60pt;\" height=\"17\">Muster<\/td>\n<td class=\"et2\">Verf\u00fcgbar<\/td>\n<\/tr>\n<\/tbody>\n<\/table>","protected":false},"featured_media":1242,"comment_status":"open","ping_status":"closed","template":"","meta":{"_acf_changed":false},"product_brand":[],"product_cat":[22,33],"product_tag":[],"class_list":{"0":"post-1238","1":"product","2":"type-product","3":"status-publish","4":"has-post-thumbnail","6":"product_cat-wholesale-marshmallows","7":"product_cat-marshmallow-twists-bulk","9":"first","10":"instock","11":"shipping-taxable","12":"product-type-simple"},"acf":[],"_links":{"self":[{"href":"https:\/\/www.lechaocandy.com\/de\/wp-json\/wp\/v2\/product\/1238","targetHints":{"allow":["GET"]}}],"collection":[{"href":"https:\/\/www.lechaocandy.com\/de\/wp-json\/wp\/v2\/product"}],"about":[{"href":"https:\/\/www.lechaocandy.com\/de\/wp-json\/wp\/v2\/types\/product"}],"replies":[{"embeddable":true,"href":"https:\/\/www.lechaocandy.com\/de\/wp-json\/wp\/v2\/comments?post=1238"}],"wp:featuredmedia":[{"embeddable":true,"href":"https:\/\/www.lechaocandy.com\/de\/wp-json\/wp\/v2\/media\/1242"}],"wp:attachment":[{"href":"https:\/\/www.lechaocandy.com\/de\/wp-json\/wp\/v2\/media?parent=1238"}],"wp:term":[{"taxonomy":"product_brand","embeddable":true,"href":"https:\/\/www.lechaocandy.com\/de\/wp-json\/wp\/v2\/product_brand?post=1238"},{"taxonomy":"product_cat","embeddable":true,"href":"https:\/\/www.lechaocandy.com\/de\/wp-json\/wp\/v2\/product_cat?post=1238"},{"taxonomy":"product_tag","embeddable":true,"href":"https:\/\/www.lechaocandy.com\/de\/wp-json\/wp\/v2\/product_tag?post=1238"}],"curies":[{"name":"wp","href":"https:\/\/api.w.org\/{rel}","templated":true}]}}