{"id":1258,"date":"2025-06-16T06:12:43","date_gmt":"2025-06-16T06:12:43","guid":{"rendered":"https:\/\/www.lechaocandy.com\/?post_type=product&#038;p=1258"},"modified":"2025-10-09T06:10:29","modified_gmt":"2025-10-09T06:10:29","slug":"bulk-assorted-gummy-candy","status":"publish","type":"product","link":"https:\/\/www.lechaocandy.com\/de\/produkt\/bulk-assorted-gummy-candy\/","title":{"rendered":"LeChao Bulk Assorted Gummibonbons mit zus\u00e4tzlichem Vitamin C"},"content":{"rendered":"<div class=\"wp-block-columns is-layout-flex wp-container-core-columns-is-layout-9d6595d7 wp-block-columns-is-layout-flex\"><div class=\"wp-block-column is-layout-flow wp-block-column-is-layout-flow\"><h2 class=\"wp-block-heading\">Produkt-Highlights von Bulk Assorted Gummy Candy<\/h2>\n\n<ul class=\"wp-block-list\"><li><strong>Hinzuf\u00fcgen von Vitamin C f\u00fcr eine ausgewogene Ern\u00e4hrung: <\/strong>Auf der Grundlage der K\u00f6stlichkeit wird der N\u00e4hrwert zus\u00e4tzlich verbessert, um die neue Nachfrage der Verbraucher nach \"gesunden Snacks\" zu erf\u00fcllen, die f\u00fcr Kinder und Familien geeignet sind.<\/li>\n\n<li><strong>Eine Vielzahl von Fruchtgeschmackskombinationen f\u00fcr unterschiedliche Geschmacksvorlieben: <\/strong>Diese Kaubonbons f\u00fcr den Gro\u00dfhandel enthalten eine Vielzahl klassischer Fruchtgeschmacksrichtungen wie Erdbeere, Orange, Apfel, Traube usw., mit einem reichhaltigen Geschmack, m\u00e4\u00dfig s\u00fc\u00df und sauer und einem vollen Kaugef\u00fchl.<\/li>\n\n<li><strong>Vielf\u00e4ltiges Aussehen, leuchtende Farben, starke Anziehungskraft: <\/strong>Dieses lose sortierte Gummibonbon hat eine einfache Form und leuchtende Farben und eignet sich f\u00fcr den Verkauf im Schaufenster, als Weihnachtsgeschenk oder f\u00fcr Kinderpartys.<\/li>\n\n<li><strong>Flexible Gro\u00dfhandelsverpackung, geeignet f\u00fcr eine Vielzahl von Verkaufsszenarien: <\/strong>Wir bieten Kaubonbons f\u00fcr den Gro\u00dfhandel mit verschiedenen Spezifikationen an, darunter Gro\u00dfpackungen, Unterverpackungen, unabh\u00e4ngige kleine Beutel usw., die sich f\u00fcr Offline-L\u00e4den, E-Commerce-Plattformen und OEM-Kunden eignen.<\/li>\n\n<li><strong>Unterst\u00fctzung ma\u00dfgeschneiderter Dienstleistungen f\u00fcr die Entwicklung gesunder Markenprodukte: <\/strong>Unsere sortierten Gummibonbons k\u00f6nnen in Bezug auf den Vitamin-C-Gehalt, das Mischungsverh\u00e4ltnis, das Verpackungsdesign und das Markenlogo an die Bed\u00fcrfnisse des Kunden angepasst werden, so dass wir schnell differenzierte Produktlinien einf\u00fchren k\u00f6nnen.<\/li><\/ul><\/div>\n\n<div class=\"wp-block-column is-layout-flow wp-block-column-is-layout-flow\"><figure class=\"wp-block-image size-full\"><img decoding=\"async\" width=\"800\" height=\"800\" src=\"https:\/\/www.lechaocandy.com\/wp-content\/uploads\/2025\/06\/LeChao-Bulk-Assorted-Gummy-Candy-With-Added-Vitamin-C-6.webp\" alt=\"LeChao Bulk Assorted Gummibonbons mit Zusatz von Vitamin C-6\" class=\"wp-image-1264\" srcset=\"https:\/\/www.lechaocandy.com\/wp-content\/uploads\/2025\/06\/LeChao-Bulk-Assorted-Gummy-Candy-With-Added-Vitamin-C-6.webp 800w, https:\/\/www.lechaocandy.com\/wp-content\/uploads\/2025\/06\/LeChao-Bulk-Assorted-Gummy-Candy-With-Added-Vitamin-C-6-300x300.webp 300w, https:\/\/www.lechaocandy.com\/wp-content\/uploads\/2025\/06\/LeChao-Bulk-Assorted-Gummy-Candy-With-Added-Vitamin-C-6-150x150.webp 150w, https:\/\/www.lechaocandy.com\/wp-content\/uploads\/2025\/06\/LeChao-Bulk-Assorted-Gummy-Candy-With-Added-Vitamin-C-6-768x768.webp 768w, https:\/\/www.lechaocandy.com\/wp-content\/uploads\/2025\/06\/LeChao-Bulk-Assorted-Gummy-Candy-With-Added-Vitamin-C-6-12x12.webp 12w, https:\/\/www.lechaocandy.com\/wp-content\/uploads\/2025\/06\/LeChao-Bulk-Assorted-Gummy-Candy-With-Added-Vitamin-C-6-600x600.webp 600w, https:\/\/www.lechaocandy.com\/wp-content\/uploads\/2025\/06\/LeChao-Bulk-Assorted-Gummy-Candy-With-Added-Vitamin-C-6-100x100.webp 100w\" sizes=\"(max-width: 800px) 100vw, 800px\" \/><\/figure><\/div><\/div>","protected":false},"excerpt":{"rendered":"<p>Willkommen im Gro\u00dfhandel Kaubonbons zu kaufen. Unsere sortierten Gummibonbons sind k\u00f6stliche und nahrhafte Fruchtbonbons, denen Vitamin C zugesetzt wurde, um den Verbrauchern eine ges\u00fcndere Snackauswahl zu bieten. Ma\u00dfgeschneiderte Formeln und Verpackungen werden unterst\u00fctzt, um den individuellen Bed\u00fcrfnissen der verschiedenen M\u00e4rkte gerecht zu werden.<\/p>\n<table style=\"border-collapse: collapse; width: 329.02pt;\" border=\"0\" width=\"329\" cellspacing=\"0\" cellpadding=\"0\">\n<tbody>\n<tr style=\"height: 17.60pt;\">\n<td class=\"et2\" style=\"height: 17.60pt; width: 110.80pt;\" width=\"110\" height=\"17\">Hersteller<\/td>\n<td class=\"et2\" style=\"width: 219.15pt;\" width=\"219\">LeChao Bonbons<\/td>\n<\/tr>\n<tr style=\"height: 18.00pt;\">\n<td class=\"et2\" style=\"height: 18.00pt;\" height=\"18\">Produkttyp<\/td>\n<td class=\"et3\" style=\"width: 219.15pt;\" width=\"219\">Vitamin C Gummibonbon<\/td>\n<\/tr>\n<tr style=\"height: 18.00pt;\">\n<td class=\"et2\" style=\"height: 18.00pt;\" height=\"18\">Geschmack<\/td>\n<td class=\"et3\" style=\"width: 219.15pt;\" width=\"219\">Weich und s\u00fc\u00df<\/td>\n<\/tr>\n<tr style=\"height: 17.60pt;\">\n<td class=\"et2\" style=\"height: 17.60pt;\" height=\"17\">Spezifikation<\/td>\n<td class=\"et2\">68gx8Flaschenx10K\u00e4sten<\/td>\n<\/tr>\n<tr style=\"height: 17.60pt;\">\n<td class=\"et2\" style=\"height: 17.60pt;\" height=\"17\">Gr\u00f6\u00dfe des Kartons<\/td>\n<td class=\"et2\">49*19.8*20cm<\/td>\n<\/tr>\n<tr style=\"height: 17.60pt;\">\n<td class=\"et2\" style=\"height: 17.60pt;\" height=\"17\">N.W.\/Karton<\/td>\n<td class=\"et2\">7.0kg<\/td>\n<\/tr>\n<tr style=\"height: 17.60pt;\">\n<td class=\"et2\" style=\"height: 17.60pt;\" height=\"17\">MOQ<\/td>\n<td class=\"et2\">500CTNS<\/td>\n<\/tr>\n<tr style=\"height: 17.60pt;\">\n<td class=\"et2\" style=\"height: 17.60pt;\" height=\"17\">Muster<\/td>\n<td class=\"et2\">Verf\u00fcgbar<\/td>\n<\/tr>\n<\/tbody>\n<\/table>","protected":false},"featured_media":1265,"comment_status":"open","ping_status":"closed","template":"","meta":{"_acf_changed":false},"product_brand":[],"product_cat":[19],"product_tag":[],"class_list":{"0":"post-1258","1":"product","2":"type-product","3":"status-publish","4":"has-post-thumbnail","6":"product_cat-wholesale-gummy-manufacturer","8":"first","9":"instock","10":"shipping-taxable","11":"product-type-simple"},"acf":[],"_links":{"self":[{"href":"https:\/\/www.lechaocandy.com\/de\/wp-json\/wp\/v2\/product\/1258","targetHints":{"allow":["GET"]}}],"collection":[{"href":"https:\/\/www.lechaocandy.com\/de\/wp-json\/wp\/v2\/product"}],"about":[{"href":"https:\/\/www.lechaocandy.com\/de\/wp-json\/wp\/v2\/types\/product"}],"replies":[{"embeddable":true,"href":"https:\/\/www.lechaocandy.com\/de\/wp-json\/wp\/v2\/comments?post=1258"}],"wp:featuredmedia":[{"embeddable":true,"href":"https:\/\/www.lechaocandy.com\/de\/wp-json\/wp\/v2\/media\/1265"}],"wp:attachment":[{"href":"https:\/\/www.lechaocandy.com\/de\/wp-json\/wp\/v2\/media?parent=1258"}],"wp:term":[{"taxonomy":"product_brand","embeddable":true,"href":"https:\/\/www.lechaocandy.com\/de\/wp-json\/wp\/v2\/product_brand?post=1258"},{"taxonomy":"product_cat","embeddable":true,"href":"https:\/\/www.lechaocandy.com\/de\/wp-json\/wp\/v2\/product_cat?post=1258"},{"taxonomy":"product_tag","embeddable":true,"href":"https:\/\/www.lechaocandy.com\/de\/wp-json\/wp\/v2\/product_tag?post=1258"}],"curies":[{"name":"wp","href":"https:\/\/api.w.org\/{rel}","templated":true}]}}