{"id":1267,"date":"2025-06-16T06:43:14","date_gmt":"2025-06-16T06:43:14","guid":{"rendered":"https:\/\/www.lechaocandy.com\/?post_type=product&#038;p=1267"},"modified":"2025-06-16T06:51:42","modified_gmt":"2025-06-16T06:51:42","slug":"bulk-gummies","status":"publish","type":"product","link":"https:\/\/www.lechaocandy.com\/de\/produkt\/bulk-gummies\/","title":{"rendered":"Halskette Form Bulk Gummies, LeChao Gro\u00dfhandel Chewy Candy"},"content":{"rendered":"<div class=\"wp-block-columns is-layout-flex wp-container-core-columns-is-layout-9d6595d7 wp-block-columns-is-layout-flex\"><div class=\"wp-block-column is-layout-flow wp-block-column-is-layout-flow\"><h2 class=\"wp-block-heading\">Produkt-Highlights von Necklace Shape Bulk Gummies<\/h2>\n\n<ul class=\"wp-block-list\"><li><strong>Kreative Halskettenform, die Spa\u00df und K\u00f6stlichkeit verbindet: <\/strong>Diese gro\u00dfen Gummib\u00e4rchen sind tragbare und essbare Halsketten mit einem Herzanh\u00e4nger, die Spa\u00df machen und von Kindern und Eltern geliebt werden.<\/li>\n\n<li><strong>Farbenfroh und visuell eindrucksvoll: <\/strong>Diese Kaubonbons f\u00fcr den Gro\u00dfhandel haben eine Vielzahl heller Farbkombinationen, die leuchtend und attraktiv sind, die Attraktivit\u00e4t der Regale erh\u00f6hen und sich besonders f\u00fcr den Weihnachtsverkauf und die Geschenkm\u00e4rkte eignen.<\/li>\n\n<li><strong>Der Geschmack ist k\u00e4sig, s\u00fc\u00df, aber nicht fettig: <\/strong>Unsere Halsketten-Gummis sind reich an Geschmack, weich und elastisch und eignen sich als t\u00e4gliche Snacks oder interaktive Party-Snacks.<\/li>\n\n<li><strong>Mehrere Verpackungsformen, um den Anforderungen der verschiedenen Kan\u00e4le gerecht zu werden: <\/strong>Wir bieten Kaubonbons f\u00fcr den Gro\u00dfhandel in loser Sch\u00fcttung, unabh\u00e4ngigen kleinen Beuteln, Urlaubssets und anderen Formen an, die sich f\u00fcr Superm\u00e4rkte, den elektronischen Handel, Geschenkkan\u00e4le und andere Verkaufsszenarien eignen.<\/li>\n\n<li><strong>Unterst\u00fctzung der OEM\/ODM-Anpassung zur Schaffung Ihrer eigenen S\u00fc\u00dfigkeitenmarke: <\/strong>Unsere Bulk-Gummis k\u00f6nnen in Farbe, Anh\u00e4ngerform, Verpackungsstil und Markenetikett individuell angepasst werden, um den Bed\u00fcrfnissen der Kunden nach individueller Produktentwicklung gerecht zu werden und den Wiedererkennungswert der Marke zu steigern.<\/li><\/ul><\/div>\n\n<div class=\"wp-block-column is-layout-flow wp-block-column-is-layout-flow\"><figure class=\"wp-block-image size-full\"><img decoding=\"async\" width=\"800\" height=\"800\" src=\"https:\/\/www.lechaocandy.com\/wp-content\/uploads\/2025\/06\/Necklace-Shape-Bulk-Gummies-LeChao-Wholesale-Chewy-Candy-5.webp\" alt=\"Halskette Form Bulk Gummies, LeChao Gro\u00dfhandel Chewy Candy-5\" class=\"wp-image-1272\" srcset=\"https:\/\/www.lechaocandy.com\/wp-content\/uploads\/2025\/06\/Necklace-Shape-Bulk-Gummies-LeChao-Wholesale-Chewy-Candy-5.webp 800w, https:\/\/www.lechaocandy.com\/wp-content\/uploads\/2025\/06\/Necklace-Shape-Bulk-Gummies-LeChao-Wholesale-Chewy-Candy-5-300x300.webp 300w, https:\/\/www.lechaocandy.com\/wp-content\/uploads\/2025\/06\/Necklace-Shape-Bulk-Gummies-LeChao-Wholesale-Chewy-Candy-5-150x150.webp 150w, https:\/\/www.lechaocandy.com\/wp-content\/uploads\/2025\/06\/Necklace-Shape-Bulk-Gummies-LeChao-Wholesale-Chewy-Candy-5-768x768.webp 768w, https:\/\/www.lechaocandy.com\/wp-content\/uploads\/2025\/06\/Necklace-Shape-Bulk-Gummies-LeChao-Wholesale-Chewy-Candy-5-12x12.webp 12w, https:\/\/www.lechaocandy.com\/wp-content\/uploads\/2025\/06\/Necklace-Shape-Bulk-Gummies-LeChao-Wholesale-Chewy-Candy-5-600x600.webp 600w, https:\/\/www.lechaocandy.com\/wp-content\/uploads\/2025\/06\/Necklace-Shape-Bulk-Gummies-LeChao-Wholesale-Chewy-Candy-5-100x100.webp 100w\" sizes=\"(max-width: 800px) 100vw, 800px\" \/><\/figure><\/div><\/div>","protected":false},"excerpt":{"rendered":"<p>Willkommen im Gro\u00dfhandel Kaubonbons zu kaufen. Unsere essbaren Gummibonbons in Form einer Halskette sind farbenfroh und einzigartig und werden mit einem s\u00fc\u00dfen herzf\u00f6rmigen Anh\u00e4nger geliefert. Sie kombinieren Spa\u00df, K\u00f6stlichkeit und Stil, und sind f\u00fcr den Kindermarkt und Urlaub Kan\u00e4le konzipiert.<\/p>\n<table style=\"border-collapse: collapse; width: 329.02pt;\" border=\"0\" width=\"329\" cellspacing=\"0\" cellpadding=\"0\">\n<tbody>\n<tr style=\"height: 17.60pt;\">\n<td class=\"et2\" style=\"height: 17.60pt; width: 110.80pt;\" width=\"110\" height=\"17\">Hersteller<\/td>\n<td class=\"et2\" style=\"width: 219.15pt;\" width=\"219\">LeChao Bonbons<\/td>\n<\/tr>\n<tr style=\"height: 18.00pt;\">\n<td class=\"et2\" style=\"height: 18.00pt;\" height=\"18\">Produkttyp<\/td>\n<td class=\"et3\" style=\"width: 219.15pt;\" width=\"219\">Halskette Gummibonbon<\/td>\n<\/tr>\n<tr style=\"height: 18.00pt;\">\n<td class=\"et2\" style=\"height: 18.00pt;\" height=\"18\">Geschmack<\/td>\n<td class=\"et3\" style=\"width: 219.15pt;\" width=\"219\">Weich und s\u00fc\u00df<\/td>\n<\/tr>\n<tr style=\"height: 17.60pt;\">\n<td class=\"et2\" style=\"height: 17.60pt;\" height=\"17\">Spezifikation<\/td>\n<td class=\"et2\">15gx24St\u00fcckx12Kartons<\/td>\n<\/tr>\n<tr style=\"height: 17.60pt;\">\n<td class=\"et2\" style=\"height: 17.60pt;\" height=\"17\">Gr\u00f6\u00dfe des Kartons<\/td>\n<td class=\"et2\">39x32x29cm<\/td>\n<\/tr>\n<tr style=\"height: 17.60pt;\">\n<td class=\"et2\" style=\"height: 17.60pt;\" height=\"17\">N.W.\/Karton<\/td>\n<td class=\"et2\">7.0kg<\/td>\n<\/tr>\n<tr style=\"height: 17.60pt;\">\n<td class=\"et2\" style=\"height: 17.60pt;\" height=\"17\">Preis<\/td>\n<td class=\"et2\">19.6USD<\/td>\n<\/tr>\n<tr style=\"height: 17.60pt;\">\n<td class=\"et2\" style=\"height: 17.60pt;\" height=\"17\">MOQ<\/td>\n<td class=\"et2\">500CTNS<\/td>\n<\/tr>\n<tr style=\"height: 17.60pt;\">\n<td class=\"et2\" style=\"height: 17.60pt;\" height=\"17\">Muster<\/td>\n<td class=\"et2\">Verf\u00fcgbar<\/td>\n<\/tr>\n<\/tbody>\n<\/table>","protected":false},"featured_media":1268,"comment_status":"open","ping_status":"closed","template":"","meta":{"_acf_changed":false},"product_brand":[],"product_cat":[19],"product_tag":[],"class_list":{"0":"post-1267","1":"product","2":"type-product","3":"status-publish","4":"has-post-thumbnail","6":"product_cat-wholesale-gummy-manufacturer","8":"first","9":"instock","10":"shipping-taxable","11":"product-type-simple"},"acf":[],"_links":{"self":[{"href":"https:\/\/www.lechaocandy.com\/de\/wp-json\/wp\/v2\/product\/1267","targetHints":{"allow":["GET"]}}],"collection":[{"href":"https:\/\/www.lechaocandy.com\/de\/wp-json\/wp\/v2\/product"}],"about":[{"href":"https:\/\/www.lechaocandy.com\/de\/wp-json\/wp\/v2\/types\/product"}],"replies":[{"embeddable":true,"href":"https:\/\/www.lechaocandy.com\/de\/wp-json\/wp\/v2\/comments?post=1267"}],"wp:featuredmedia":[{"embeddable":true,"href":"https:\/\/www.lechaocandy.com\/de\/wp-json\/wp\/v2\/media\/1268"}],"wp:attachment":[{"href":"https:\/\/www.lechaocandy.com\/de\/wp-json\/wp\/v2\/media?parent=1267"}],"wp:term":[{"taxonomy":"product_brand","embeddable":true,"href":"https:\/\/www.lechaocandy.com\/de\/wp-json\/wp\/v2\/product_brand?post=1267"},{"taxonomy":"product_cat","embeddable":true,"href":"https:\/\/www.lechaocandy.com\/de\/wp-json\/wp\/v2\/product_cat?post=1267"},{"taxonomy":"product_tag","embeddable":true,"href":"https:\/\/www.lechaocandy.com\/de\/wp-json\/wp\/v2\/product_tag?post=1267"}],"curies":[{"name":"wp","href":"https:\/\/api.w.org\/{rel}","templated":true}]}}