{"id":1311,"date":"2025-06-28T07:06:35","date_gmt":"2025-06-28T07:06:35","guid":{"rendered":"https:\/\/www.lechaocandy.com\/?post_type=product&#038;p=1311"},"modified":"2025-06-28T07:15:25","modified_gmt":"2025-06-28T07:15:25","slug":"custom-made-gummies","status":"publish","type":"product","link":"https:\/\/www.lechaocandy.com\/de\/produkt\/custom-made-gummies\/","title":{"rendered":"Marmelade gef\u00fcllt Poop geformt Custom Made Gummies Gro\u00dfhandel"},"content":{"rendered":"<div class=\"wp-block-columns is-layout-flex wp-container-core-columns-is-layout-9d6595d7 wp-block-columns-is-layout-flex\"><div class=\"wp-block-column is-layout-flow wp-block-column-is-layout-flow\"><h2 class=\"wp-block-heading\">Produkt-Highlights von Custom Made Gummies<\/h2>\n\n<ul class=\"wp-block-list\"><li><strong>Witzige Form, die Aufmerksamkeit erregt:<\/strong> Diese speziell angefertigten Gummib\u00e4rchen haben ein einzigartiges, lustiges und interessantes Design, das sich f\u00fcr Festivals, Partys oder kreative Aktivit\u00e4ten eignet und sofort die Aufmerksamkeit der Verbraucher auf sich zieht.<\/li>\n\n<li><strong>Voller Marmelade und reichhaltigem Geschmack: <\/strong>Diese Gummibonbons in loser Sch\u00fcttung sind mit reichhaltiger Marmelade gef\u00fcllt und bieten dem Verbraucher ein neues Geschmackserlebnis.<\/li>\n\n<li><strong>Anpassbare Geschmacksrichtungen und Verpackungen: <\/strong>Unsere ma\u00dfgeschneiderten Gummibonbons unterst\u00fctzen individuelle Geschmacksrichtungen und Verpackungsanpassungen, um den Bed\u00fcrfnissen der Marke gerecht zu werden, und eignen sich f\u00fcr verschiedene Aktivit\u00e4ten, Geschenkverpackungen und Anforderungen des Einzelhandels.<\/li>\n\n<li><strong>Direktverkauf ab Werk, Vorzugspreise: <\/strong>Unsere Gummibonbons in loser Sch\u00fcttung werden direkt von der Fabrik geliefert, wodurch der Zwischenhandel entf\u00e4llt und wettbewerbsf\u00e4hige Gro\u00dfhandelspreise gew\u00e4hrleistet werden, die f\u00fcr Gro\u00dfeink\u00e4ufe geeignet sind.<\/li>\n\n<li><strong>Anwendbar auf mehrere Szenarien und gro\u00dfes Marktpotenzial: <\/strong>Diese ma\u00dfgeschneiderten Gummibonbons in Kackaform eignen sich f\u00fcr verschiedene Szenarien, wie z. B. Einzelhandel, E-Commerce, Partyaktivit\u00e4ten, kreative Geschenke usw., mit gro\u00dfer Marktnachfrage und gro\u00dfem Umsatzpotenzial.<\/li><\/ul><\/div>\n\n<div class=\"wp-block-column is-layout-flow wp-block-column-is-layout-flow\"><figure class=\"wp-block-image size-full\"><img decoding=\"async\" width=\"750\" height=\"800\" src=\"https:\/\/www.lechaocandy.com\/wp-content\/uploads\/2025\/06\/Jam-Filled-Poop-Shaped-Custom-Made-Gummies-Wholesale-1.webp\" alt=\"Marmelade gef\u00fcllte Poop geformt benutzerdefinierte Gummis Gro\u00dfhandel-1\" class=\"wp-image-1312\" srcset=\"https:\/\/www.lechaocandy.com\/wp-content\/uploads\/2025\/06\/Jam-Filled-Poop-Shaped-Custom-Made-Gummies-Wholesale-1.webp 750w, https:\/\/www.lechaocandy.com\/wp-content\/uploads\/2025\/06\/Jam-Filled-Poop-Shaped-Custom-Made-Gummies-Wholesale-1-281x300.webp 281w, https:\/\/www.lechaocandy.com\/wp-content\/uploads\/2025\/06\/Jam-Filled-Poop-Shaped-Custom-Made-Gummies-Wholesale-1-11x12.webp 11w, https:\/\/www.lechaocandy.com\/wp-content\/uploads\/2025\/06\/Jam-Filled-Poop-Shaped-Custom-Made-Gummies-Wholesale-1-600x640.webp 600w\" sizes=\"(max-width: 750px) 100vw, 750px\" \/><\/figure><\/div><\/div>","protected":false},"excerpt":{"rendered":"<p>Willkommen zum Kauf von Gummibonbons in gro\u00dfen Mengen. Unsere mit Marmelade gef\u00fcllten, kackf\u00f6rmigen Gummibonbons sehen lustig aus und enthalten reichhaltige Marmelade, die beim Hineinbei\u00dfen zerplatzt. Kundenspezifische Verpackungen werden unterst\u00fctzt, geeignet f\u00fcr Gro\u00dfhandelsk\u00e4ufe und Markenanpassung.<\/p>\n<table style=\"border-collapse: collapse; width: 329.02pt;\" border=\"0\" width=\"329\" cellspacing=\"0\" cellpadding=\"0\">\n<tbody>\n<tr style=\"height: 17.60pt;\">\n<td class=\"et2\" style=\"height: 17.60pt; width: 110.80pt;\" width=\"110\" height=\"17\">Hersteller<\/td>\n<td class=\"et2\" style=\"width: 219.15pt;\" width=\"219\">LeChao Bonbons<\/td>\n<\/tr>\n<tr style=\"height: 18.00pt;\">\n<td class=\"et2\" style=\"height: 18.00pt;\" height=\"18\">Produkttyp<\/td>\n<td class=\"et3\" style=\"width: 219.15pt;\" width=\"219\">Gummibonbon in Kackform<\/td>\n<\/tr>\n<tr style=\"height: 18.00pt;\">\n<td class=\"et2\" style=\"height: 18.00pt;\" height=\"18\">Geschmack<\/td>\n<td class=\"et3\" style=\"width: 219.15pt;\" width=\"219\">S\u00fc\u00df &amp; sauer &amp; widerstandsf\u00e4hig<\/td>\n<\/tr>\n<tr style=\"height: 17.60pt;\">\n<td class=\"et2\" style=\"height: 17.60pt;\" height=\"17\">Spezifikation<\/td>\n<td class=\"et2\">118gx48Taschen<\/td>\n<\/tr>\n<tr style=\"height: 17.60pt;\">\n<td class=\"et2\" style=\"height: 17.60pt;\" height=\"17\">Gr\u00f6\u00dfe des Kartons<\/td>\n<td class=\"et2\">39*26*24cm<\/td>\n<\/tr>\n<tr style=\"height: 17.60pt;\">\n<td class=\"et2\" style=\"height: 17.60pt;\" height=\"17\">N.W.\/Karton<\/td>\n<td class=\"et2\">7,5 kg<\/td>\n<\/tr>\n<tr style=\"height: 17.60pt;\">\n<td class=\"et2\" style=\"height: 17.60pt;\" height=\"17\">Preis<\/td>\n<td class=\"et2\">24USD<\/td>\n<\/tr>\n<tr style=\"height: 17.60pt;\">\n<td class=\"et2\" style=\"height: 17.60pt;\" height=\"17\">MOQ<\/td>\n<td class=\"et2\">500CTNS<\/td>\n<\/tr>\n<tr style=\"height: 17.60pt;\">\n<td class=\"et2\" style=\"height: 17.60pt;\" height=\"17\">Muster<\/td>\n<td class=\"et2\">Verf\u00fcgbar<\/td>\n<\/tr>\n<\/tbody>\n<\/table>","protected":false},"featured_media":1313,"comment_status":"open","ping_status":"closed","template":"","meta":{"_acf_changed":false},"product_brand":[],"product_cat":[27,19],"product_tag":[],"class_list":{"0":"post-1311","1":"product","2":"type-product","3":"status-publish","4":"has-post-thumbnail","6":"product_cat-filled-gummy-candies-supplier","7":"product_cat-wholesale-gummy-manufacturer","9":"first","10":"instock","11":"shipping-taxable","12":"product-type-simple"},"acf":[],"_links":{"self":[{"href":"https:\/\/www.lechaocandy.com\/de\/wp-json\/wp\/v2\/product\/1311","targetHints":{"allow":["GET"]}}],"collection":[{"href":"https:\/\/www.lechaocandy.com\/de\/wp-json\/wp\/v2\/product"}],"about":[{"href":"https:\/\/www.lechaocandy.com\/de\/wp-json\/wp\/v2\/types\/product"}],"replies":[{"embeddable":true,"href":"https:\/\/www.lechaocandy.com\/de\/wp-json\/wp\/v2\/comments?post=1311"}],"wp:featuredmedia":[{"embeddable":true,"href":"https:\/\/www.lechaocandy.com\/de\/wp-json\/wp\/v2\/media\/1313"}],"wp:attachment":[{"href":"https:\/\/www.lechaocandy.com\/de\/wp-json\/wp\/v2\/media?parent=1311"}],"wp:term":[{"taxonomy":"product_brand","embeddable":true,"href":"https:\/\/www.lechaocandy.com\/de\/wp-json\/wp\/v2\/product_brand?post=1311"},{"taxonomy":"product_cat","embeddable":true,"href":"https:\/\/www.lechaocandy.com\/de\/wp-json\/wp\/v2\/product_cat?post=1311"},{"taxonomy":"product_tag","embeddable":true,"href":"https:\/\/www.lechaocandy.com\/de\/wp-json\/wp\/v2\/product_tag?post=1311"}],"curies":[{"name":"wp","href":"https:\/\/api.w.org\/{rel}","templated":true}]}}