{"id":1330,"date":"2025-06-28T08:20:21","date_gmt":"2025-06-28T08:20:21","guid":{"rendered":"https:\/\/www.lechaocandy.com\/?post_type=product&#038;p=1330"},"modified":"2025-10-09T06:26:57","modified_gmt":"2025-10-09T06:26:57","slug":"gummy-worms-bulk","status":"publish","type":"product","link":"https:\/\/www.lechaocandy.com\/de\/produkt\/gummy-worms-bulk\/","title":{"rendered":"LeChao Gummiw\u00fcrmer Bulk, schmackhafte saure Gummibonbons Gro\u00dfhandel"},"content":{"rendered":"<div class=\"wp-block-columns is-layout-flex wp-container-core-columns-is-layout-9d6595d7 wp-block-columns-is-layout-flex\"><div class=\"wp-block-column is-layout-flow wp-block-column-is-layout-flow\"><h2 class=\"wp-block-heading\">Produkt-Highlights von Gummiw\u00fcrmer Bulk<\/h2>\n\n<ul class=\"wp-block-list\"><li><strong>Interessantes, wurmf\u00f6rmiges Design, das die Verbraucher anzieht: <\/strong>Diese Gummiw\u00fcrmer in loser Sch\u00fcttung sind interessant und eignen sich f\u00fcr verschiedene Feste, Partys oder Familientreffen, die schnell die Aufmerksamkeit der Verbraucher auf sich ziehen k\u00f6nnen.<\/li>\n\n<li><strong>Mit Zucker \u00fcberzogener, s\u00fc\u00dfer Geschmack: <\/strong>Unsere Gro\u00dfhandelsgummibonbons enthalten Puderzucker\u00fcberzug, der den Bonbons S\u00fc\u00dfe und Geschmacksschichten hinzuf\u00fcgt und jeden Bissen mit dickem Fruchtaroma verpackt.<\/li>\n\n<li><strong>Reiches Fruchtaroma, vielf\u00e4ltiger Geschmack: <\/strong>Unsere Gummiw\u00fcrmer in loser Sch\u00fcttung enthalten eine Vielzahl von fruchtigen Geschmacksrichtungen, die ein reichhaltiges Geschmackserlebnis bieten und die vielf\u00e4ltigen Bed\u00fcrfnisse der Verbraucher nach fruchtigen Bonbons erf\u00fcllen.<\/li>\n\n<li><strong>Gro\u00dfhandelsfreundlich, geeignet f\u00fcr Gro\u00dfeink\u00e4ufe: <\/strong>Unsere Gro\u00dfhandelsgummibonbons werden direkt von der Fabrik verkauft, mit wettbewerbsf\u00e4higen Preisen, geeignet f\u00fcr Gro\u00dfhandelsk\u00e4ufe, die Einzelh\u00e4ndlern und Marken helfen, Kosten zu sparen.<\/li>\n\n<li><strong>Ma\u00dfgeschneiderte Dienstleistungen f\u00fcr die pers\u00f6nlichen Bed\u00fcrfnisse der Marke:<\/strong> LeChao bietet ma\u00dfgeschneiderte Dienstleistungen wie Verpackungen, Geschmacksrichtungen, Farben usw. f\u00fcr Gummib\u00e4rchen in loser Sch\u00fcttung an, unterst\u00fctzt OEM\/ODM und kann je nach Kundenwunsch angepasst werden, um die Einzigartigkeit der Marke zu verbessern.<\/li><\/ul><\/div>\n\n<div class=\"wp-block-column is-layout-flow wp-block-column-is-layout-flow\"><figure class=\"wp-block-image size-full\"><img decoding=\"async\" width=\"750\" height=\"800\" src=\"https:\/\/www.lechaocandy.com\/wp-content\/uploads\/2025\/06\/LeChao-Gummy-Worms-Bulk-Sugar-Coated-Fruit-Gummy-Candies-3.webp\" alt=\"LeChao Gummiw\u00fcrmer Bulk, zucker\u00fcberzogene Fruchtgummi-Bonbons-3\" class=\"wp-image-1333\" srcset=\"https:\/\/www.lechaocandy.com\/wp-content\/uploads\/2025\/06\/LeChao-Gummy-Worms-Bulk-Sugar-Coated-Fruit-Gummy-Candies-3.webp 750w, https:\/\/www.lechaocandy.com\/wp-content\/uploads\/2025\/06\/LeChao-Gummy-Worms-Bulk-Sugar-Coated-Fruit-Gummy-Candies-3-281x300.webp 281w, https:\/\/www.lechaocandy.com\/wp-content\/uploads\/2025\/06\/LeChao-Gummy-Worms-Bulk-Sugar-Coated-Fruit-Gummy-Candies-3-11x12.webp 11w, https:\/\/www.lechaocandy.com\/wp-content\/uploads\/2025\/06\/LeChao-Gummy-Worms-Bulk-Sugar-Coated-Fruit-Gummy-Candies-3-600x640.webp 600w\" sizes=\"(max-width: 750px) 100vw, 750px\" \/><\/figure><\/div><\/div>","protected":false},"excerpt":{"rendered":"<p>Willkommen zum Kauf Gro\u00dfhandel Gummibonbons. LeChao's gummy W\u00fcrmer lose sind in Puderzucker eingewickelt und enthalten reichen fruchtigen Geschmack. Sie sind eine S\u00fc\u00dfigkeit von Menschen aller Altersgruppen geliebt. Geeignet f\u00fcr Gro\u00dfeink\u00e4ufe, Einzelhandel oder Markenanpassung, die Erf\u00fcllung verschiedener Marktanforderungen.<\/p>\n<table style=\"border-collapse: collapse; width: 329.02pt;\" border=\"0\" width=\"329\" cellspacing=\"0\" cellpadding=\"0\">\n<tbody>\n<tr style=\"height: 17.60pt;\">\n<td class=\"et2\" style=\"height: 17.60pt; width: 110.80pt;\" width=\"110\" height=\"17\">Hersteller<\/td>\n<td class=\"et2\" style=\"width: 219.15pt;\" width=\"219\">LeChao Bonbons<\/td>\n<\/tr>\n<tr style=\"height: 18.00pt;\">\n<td class=\"et2\" style=\"height: 18.00pt;\" height=\"18\">Produkttyp<\/td>\n<td class=\"et3\" style=\"width: 219.15pt;\" width=\"219\">Mit Zucker \u00fcberzogene Gummiw\u00fcrmer<\/td>\n<\/tr>\n<tr style=\"height: 18.00pt;\">\n<td class=\"et2\" style=\"height: 18.00pt;\" height=\"18\">Geschmack<\/td>\n<td class=\"et3\" style=\"width: 219.15pt;\" width=\"219\">S\u00fc\u00df &amp; sauer &amp; widerstandsf\u00e4hig<\/td>\n<\/tr>\n<tr style=\"height: 17.60pt;\">\n<td class=\"et2\" style=\"height: 17.60pt;\" height=\"17\">Spezifikation<\/td>\n<td class=\"et2\">120gX48Beutel<\/td>\n<\/tr>\n<tr style=\"height: 17.60pt;\">\n<td class=\"et2\" style=\"height: 17.60pt;\" height=\"17\">Gr\u00f6\u00dfe des Kartons<\/td>\n<td class=\"et2\">39*26*24cm<\/td>\n<\/tr>\n<tr style=\"height: 17.60pt;\">\n<td class=\"et2\" style=\"height: 17.60pt;\" height=\"17\">N.W.\/Karton<\/td>\n<td class=\"et2\">7,5 kg<\/td>\n<\/tr>\n<tr style=\"height: 17.60pt;\">\n<td class=\"et2\" style=\"height: 17.60pt;\" height=\"17\">Preis<\/td>\n<td class=\"et2\">0.55-0.57USD\/pro Beutel<\/td>\n<\/tr>\n<tr style=\"height: 17.60pt;\">\n<td class=\"et2\" style=\"height: 17.60pt;\" height=\"17\">MOQ<\/td>\n<td class=\"et2\">500CTNS<\/td>\n<\/tr>\n<tr style=\"height: 17.60pt;\">\n<td class=\"et2\" style=\"height: 17.60pt;\" height=\"17\">Muster<\/td>\n<td class=\"et2\">Verf\u00fcgbar<\/td>\n<\/tr>\n<\/tbody>\n<\/table>\n<p>&nbsp;<\/p>","protected":false},"featured_media":1336,"comment_status":"open","ping_status":"closed","template":"","meta":{"_acf_changed":false},"product_brand":[],"product_cat":[19,28],"product_tag":[],"class_list":{"0":"post-1330","1":"product","2":"type-product","3":"status-publish","4":"has-post-thumbnail","6":"product_cat-wholesale-gummy-manufacturer","7":"product_cat-bulk-sour-gummies","9":"first","10":"instock","11":"shipping-taxable","12":"product-type-simple"},"acf":[],"_links":{"self":[{"href":"https:\/\/www.lechaocandy.com\/de\/wp-json\/wp\/v2\/product\/1330","targetHints":{"allow":["GET"]}}],"collection":[{"href":"https:\/\/www.lechaocandy.com\/de\/wp-json\/wp\/v2\/product"}],"about":[{"href":"https:\/\/www.lechaocandy.com\/de\/wp-json\/wp\/v2\/types\/product"}],"replies":[{"embeddable":true,"href":"https:\/\/www.lechaocandy.com\/de\/wp-json\/wp\/v2\/comments?post=1330"}],"wp:featuredmedia":[{"embeddable":true,"href":"https:\/\/www.lechaocandy.com\/de\/wp-json\/wp\/v2\/media\/1336"}],"wp:attachment":[{"href":"https:\/\/www.lechaocandy.com\/de\/wp-json\/wp\/v2\/media?parent=1330"}],"wp:term":[{"taxonomy":"product_brand","embeddable":true,"href":"https:\/\/www.lechaocandy.com\/de\/wp-json\/wp\/v2\/product_brand?post=1330"},{"taxonomy":"product_cat","embeddable":true,"href":"https:\/\/www.lechaocandy.com\/de\/wp-json\/wp\/v2\/product_cat?post=1330"},{"taxonomy":"product_tag","embeddable":true,"href":"https:\/\/www.lechaocandy.com\/de\/wp-json\/wp\/v2\/product_tag?post=1330"}],"curies":[{"name":"wp","href":"https:\/\/api.w.org\/{rel}","templated":true}]}}