{"id":1355,"date":"2025-07-01T09:51:49","date_gmt":"2025-07-01T09:51:49","guid":{"rendered":"https:\/\/www.lechaocandy.com\/?post_type=product&#038;p=1355"},"modified":"2025-10-08T09:20:59","modified_gmt":"2025-10-08T09:20:59","slug":"wholesale-chewy-candy","status":"publish","type":"product","link":"https:\/\/www.lechaocandy.com\/de\/produkt\/wholesale-chewy-candy\/","title":{"rendered":"LeChao Gro\u00dfhandel Chewy Candy, spielerische Tetris Gummies in Bulk"},"content":{"rendered":"<div class=\"wp-block-columns is-layout-flex wp-container-core-columns-is-layout-9d6595d7 wp-block-columns-is-layout-flex\"><div class=\"wp-block-column is-layout-flow wp-block-column-is-layout-flow\"><h2 class=\"wp-block-heading\">Produkt-Highlights von Gro\u00dfhandel Chewy Candy<\/h2>\n\n<ul class=\"wp-block-list\"><li><strong>Kreative Tetris-Form, die sowohl Spielsinn als auch Sch\u00f6nheit bietet:<\/strong> Dieses Kaubonbon aus dem Gro\u00dfhandel stellt die klassischen Tetris-Elemente in hohem Ma\u00dfe wieder her, kann frei zusammengesetzt und kombiniert werden, erh\u00f6ht den Spielspa\u00df und zieht die Aufmerksamkeit von Kindern und Spielbegeisterten auf sich.<\/li>\n\n<li><strong>Kaubar und fruchtig<\/strong>: Diese Tetris-Gummis in loser Sch\u00fcttung sind weich und nicht klebrig, geschmeidig im Mund und bieten eine Vielzahl von Fruchtgeschmacksrichtungen, wie Blaubeere, Orange, Apfel, Erdbeere usw., um die Bed\u00fcrfnisse der verschiedenen Geschm\u00e4cker zu erf\u00fcllen.<\/li>\n\n<li><strong>Satte Farben und eine starke visuelle Anziehungskraft: <\/strong>Unsere Kaubonbons f\u00fcr den Gro\u00dfhandel sind mit leuchtenden Farben und dreidimensionalen Formen versehen, um die Leistung im Regal und die Kauflust zu steigern. Sie eignen sich f\u00fcr Weihnachtsaktionen, Kinderfeste und Geschenkverpackungen.<\/li>\n\n<li><strong>Gro\u00dfpackungen f\u00fcr den Gro\u00dfhandel, geeignet f\u00fcr mehrere Vertriebskan\u00e4le: <\/strong>Wir bieten Gro\u00dfraums\u00e4cke f\u00fcr Tetris-Gummis in loser Sch\u00fcttung an, die f\u00fcr Supermarkt-Sch\u00fcttgutwiegebereiche, E-Commerce-Kombipackungen, Snack-Spezialgesch\u00e4fte und OEM-Eigenmarken geeignet sind.<\/li>\n\n<li><strong>Unterst\u00fctzung von OEM\/ODM-Anpassungsdiensten:<\/strong> LeChao bietet professionelle, ma\u00dfgeschneiderte L\u00f6sungen f\u00fcr den Gro\u00dfhandel mit Kaubonbons, einschlie\u00dflich Geschmack, Form, Verpackungsdesign und Markenlogo, um Kunden bei der Entwicklung differenzierter Produkte zu unterst\u00fctzen.<\/li><\/ul><\/div>\n\n<div class=\"wp-block-column is-layout-flow wp-block-column-is-layout-flow\"><figure class=\"wp-block-image size-full\"><img decoding=\"async\" width=\"800\" height=\"800\" src=\"https:\/\/www.lechaocandy.com\/wp-content\/uploads\/2025\/07\/LeChao-Wholesale-Chewy-Candy-Playful-Tetris-Gummies-In-Bulk-2.webp\" alt=\"LeChao Gro\u00dfhandel Chewy S\u00fc\u00dfigkeiten, spielerische Tetris Gummies in Bulk-2\" class=\"wp-image-1361\" srcset=\"https:\/\/www.lechaocandy.com\/wp-content\/uploads\/2025\/07\/LeChao-Wholesale-Chewy-Candy-Playful-Tetris-Gummies-In-Bulk-2.webp 800w, https:\/\/www.lechaocandy.com\/wp-content\/uploads\/2025\/07\/LeChao-Wholesale-Chewy-Candy-Playful-Tetris-Gummies-In-Bulk-2-300x300.webp 300w, https:\/\/www.lechaocandy.com\/wp-content\/uploads\/2025\/07\/LeChao-Wholesale-Chewy-Candy-Playful-Tetris-Gummies-In-Bulk-2-150x150.webp 150w, https:\/\/www.lechaocandy.com\/wp-content\/uploads\/2025\/07\/LeChao-Wholesale-Chewy-Candy-Playful-Tetris-Gummies-In-Bulk-2-768x768.webp 768w, https:\/\/www.lechaocandy.com\/wp-content\/uploads\/2025\/07\/LeChao-Wholesale-Chewy-Candy-Playful-Tetris-Gummies-In-Bulk-2-12x12.webp 12w, https:\/\/www.lechaocandy.com\/wp-content\/uploads\/2025\/07\/LeChao-Wholesale-Chewy-Candy-Playful-Tetris-Gummies-In-Bulk-2-600x600.webp 600w, https:\/\/www.lechaocandy.com\/wp-content\/uploads\/2025\/07\/LeChao-Wholesale-Chewy-Candy-Playful-Tetris-Gummies-In-Bulk-2-100x100.webp 100w\" sizes=\"(max-width: 800px) 100vw, 800px\" \/><\/figure><\/div><\/div>","protected":false},"excerpt":{"rendered":"<p>Willkommen im Gro\u00dfhandel Kaubonbons zu kaufen. LeChao's Tetris Gummis in loser Sch\u00fcttung sind in einer Vielzahl von Blockformen entworfen, mit hellen Farben und reichen fruchtigen Geschmacksrichtungen, die sowohl Spa\u00df und lecker sind. Geeignet f\u00fcr Kinder, Eltern-Kind-Familien und Casual Snacks Markt.<\/p>\n<table style=\"border-collapse: collapse; width: 329.02pt;\" border=\"0\" width=\"329\" cellspacing=\"0\" cellpadding=\"0\">\n<tbody>\n<tr style=\"height: 17.60pt;\">\n<td class=\"et2\" style=\"height: 17.60pt; width: 110.80pt;\" width=\"110\" height=\"17\">Hersteller<\/td>\n<td class=\"et2\" style=\"width: 219.15pt;\" width=\"219\">LeChao Bonbons<\/td>\n<\/tr>\n<tr style=\"height: 18.00pt;\">\n<td class=\"et2\" style=\"height: 18.00pt;\" height=\"18\">Produkttyp<\/td>\n<td class=\"et3\" style=\"width: 219.15pt;\" width=\"219\">Tetris Gummibonbon<\/td>\n<\/tr>\n<tr style=\"height: 18.00pt;\">\n<td class=\"et2\" style=\"height: 18.00pt;\" height=\"18\">Geschmack<\/td>\n<td class=\"et3\" style=\"width: 219.15pt;\" width=\"219\">S\u00fc\u00df &amp; sauer &amp; widerstandsf\u00e4hig<\/td>\n<\/tr>\n<tr style=\"height: 17.60pt;\">\n<td class=\"et2\" style=\"height: 17.60pt;\" height=\"17\">Spezifikation<\/td>\n<td class=\"et2\">120gx48Beutel<\/td>\n<\/tr>\n<tr style=\"height: 17.60pt;\">\n<td class=\"et2\" style=\"height: 17.60pt;\" height=\"17\">Gr\u00f6\u00dfe des Kartons<\/td>\n<td class=\"et2\">39*26*18cm<\/td>\n<\/tr>\n<tr style=\"height: 17.60pt;\">\n<td class=\"et2\" style=\"height: 17.60pt;\" height=\"17\">N.W.\/Karton<\/td>\n<td class=\"et2\">8.0kg<\/td>\n<\/tr>\n<tr style=\"height: 17.60pt;\">\n<td class=\"et2\" style=\"height: 17.60pt;\" height=\"17\">Preis<\/td>\n<td class=\"et2\">24USD<\/td>\n<\/tr>\n<tr style=\"height: 17.60pt;\">\n<td class=\"et2\" style=\"height: 17.60pt;\" height=\"17\">MOQ<\/td>\n<td class=\"et2\">500CTNS<\/td>\n<\/tr>\n<tr style=\"height: 17.60pt;\">\n<td class=\"et2\" style=\"height: 17.60pt;\" height=\"17\">Muster<\/td>\n<td class=\"et2\">Verf\u00fcgbar<\/td>\n<\/tr>\n<\/tbody>\n<\/table>","protected":false},"featured_media":1360,"comment_status":"open","ping_status":"closed","template":"","meta":{"_acf_changed":false},"product_brand":[],"product_cat":[19],"product_tag":[],"class_list":{"0":"post-1355","1":"product","2":"type-product","3":"status-publish","4":"has-post-thumbnail","6":"product_cat-wholesale-gummy-manufacturer","8":"first","9":"instock","10":"shipping-taxable","11":"product-type-simple"},"acf":[],"_links":{"self":[{"href":"https:\/\/www.lechaocandy.com\/de\/wp-json\/wp\/v2\/product\/1355","targetHints":{"allow":["GET"]}}],"collection":[{"href":"https:\/\/www.lechaocandy.com\/de\/wp-json\/wp\/v2\/product"}],"about":[{"href":"https:\/\/www.lechaocandy.com\/de\/wp-json\/wp\/v2\/types\/product"}],"replies":[{"embeddable":true,"href":"https:\/\/www.lechaocandy.com\/de\/wp-json\/wp\/v2\/comments?post=1355"}],"wp:featuredmedia":[{"embeddable":true,"href":"https:\/\/www.lechaocandy.com\/de\/wp-json\/wp\/v2\/media\/1360"}],"wp:attachment":[{"href":"https:\/\/www.lechaocandy.com\/de\/wp-json\/wp\/v2\/media?parent=1355"}],"wp:term":[{"taxonomy":"product_brand","embeddable":true,"href":"https:\/\/www.lechaocandy.com\/de\/wp-json\/wp\/v2\/product_brand?post=1355"},{"taxonomy":"product_cat","embeddable":true,"href":"https:\/\/www.lechaocandy.com\/de\/wp-json\/wp\/v2\/product_cat?post=1355"},{"taxonomy":"product_tag","embeddable":true,"href":"https:\/\/www.lechaocandy.com\/de\/wp-json\/wp\/v2\/product_tag?post=1355"}],"curies":[{"name":"wp","href":"https:\/\/api.w.org\/{rel}","templated":true}]}}