{"id":1368,"date":"2025-07-01T10:15:07","date_gmt":"2025-07-01T10:15:07","guid":{"rendered":"https:\/\/www.lechaocandy.com\/?post_type=product&#038;p=1368"},"modified":"2025-10-09T06:26:20","modified_gmt":"2025-10-09T06:26:20","slug":"jelly-rings-bulk","status":"publish","type":"product","link":"https:\/\/www.lechaocandy.com\/de\/produkt\/jelly-rings-bulk\/","title":{"rendered":"Lechao Jelly Rings Bulk, fruchtig-sauren Gummibonbons Gro\u00dfhandel"},"content":{"rendered":"<div class=\"wp-block-columns is-layout-flex wp-container-core-columns-is-layout-9d6595d7 wp-block-columns-is-layout-flex\"><div class=\"wp-block-column is-layout-flow wp-block-column-is-layout-flow\"><h2 class=\"wp-block-heading\">Produkt-Highlights von Jelly Rings Bulk<\/h2>\n\n<ul class=\"wp-block-list\"><li><strong>Klassische Zuckerringform, beliebt: <\/strong>Unsere Geleeringe haben das traditionelle Design eines fruchtigen, weichen Bonbonrings, sind rund und hohl, mit Zucker \u00fcberzogen, sehen einfach und freundlich aus und sind die meistverkauften Evergreen-Modelle in verschiedenen Kan\u00e4len.<\/li>\n\n<li><strong>Mit Zuckerpulver umh\u00fcllt, sauer und s\u00fc\u00df mit Schichten: <\/strong>Diese Gro\u00dfhandelsgummibonbons sind auf der Oberfl\u00e4che mit feinem Zucker oder Puderzucker \u00fcberzogen, was ein leicht sandiges Gef\u00fchl vermittelt, und haben einen fruchtigen Kern, der ein vielf\u00e4ltiges Geschmackserlebnis bietet: au\u00dfen sauer und knusprig, innen weich.<\/li>\n\n<li><strong>Reichhaltiges, fruchtiges Aroma: <\/strong>F\u00fcr unsere Gelee-Ringe in loser Sch\u00fcttung werden hochwertige Rohstoffe auf Gummibasis und nat\u00fcrliche Aromen verwendet, um dem Zuckerk\u00f6rper ein reichhaltiges Fruchtaroma und einen elastischen Geschmack zu verleihen, der f\u00fcr Kinder und Erwachsene geeignet ist.<\/li>\n\n<li><strong>Gro\u00dfverpackungen eignen sich f\u00fcr den Verkauf \u00fcber mehrere Kan\u00e4le und sind flexibler: <\/strong>Unsere Gro\u00dfhandels-Gummibonbons unterst\u00fctzen eine Vielzahl von Verkaufsmodellen wie Gro\u00dfhandel in gro\u00dfen Mengen, quantitative Mischverpackungen, E-Commerce-Kombinationsverpackungen, Geschenkverpackungen und Urlaubsbonbons, um den unterschiedlichen Marktanforderungen gerecht zu werden.<\/li>\n\n<li><strong>Unterst\u00fctzung von OEM\/ODM-Anpassungsdiensten: <\/strong>LeChao bietet Dienstleistungen zur Anpassung von Farbe, Geschmack, Form und Verpackung f\u00fcr Gelee-Ringe in loser Sch\u00fcttung an, die sich f\u00fcr die Schaffung einer markenexklusiven S\u00fc\u00dfigkeitenserie eignen und die Wettbewerbsf\u00e4higkeit der Produktdifferenzierung verbessern.<\/li><\/ul><\/div>\n\n<div class=\"wp-block-column is-layout-flow wp-block-column-is-layout-flow\"><figure class=\"wp-block-image size-full\"><img decoding=\"async\" width=\"800\" height=\"800\" src=\"https:\/\/www.lechaocandy.com\/wp-content\/uploads\/2025\/07\/LeChao-Jelly-Rings-Bulk-Sugar-Coated-Gummy-Candy-Wholesale-6.webp\" alt=\"LeChao Gelee Ringe Bulk, Zucker beschichtet Gummibonbon Gro\u00dfhandel-6\" class=\"wp-image-1374\" srcset=\"https:\/\/www.lechaocandy.com\/wp-content\/uploads\/2025\/07\/LeChao-Jelly-Rings-Bulk-Sugar-Coated-Gummy-Candy-Wholesale-6.webp 800w, https:\/\/www.lechaocandy.com\/wp-content\/uploads\/2025\/07\/LeChao-Jelly-Rings-Bulk-Sugar-Coated-Gummy-Candy-Wholesale-6-300x300.webp 300w, https:\/\/www.lechaocandy.com\/wp-content\/uploads\/2025\/07\/LeChao-Jelly-Rings-Bulk-Sugar-Coated-Gummy-Candy-Wholesale-6-150x150.webp 150w, https:\/\/www.lechaocandy.com\/wp-content\/uploads\/2025\/07\/LeChao-Jelly-Rings-Bulk-Sugar-Coated-Gummy-Candy-Wholesale-6-768x768.webp 768w, https:\/\/www.lechaocandy.com\/wp-content\/uploads\/2025\/07\/LeChao-Jelly-Rings-Bulk-Sugar-Coated-Gummy-Candy-Wholesale-6-12x12.webp 12w, https:\/\/www.lechaocandy.com\/wp-content\/uploads\/2025\/07\/LeChao-Jelly-Rings-Bulk-Sugar-Coated-Gummy-Candy-Wholesale-6-600x600.webp 600w, https:\/\/www.lechaocandy.com\/wp-content\/uploads\/2025\/07\/LeChao-Jelly-Rings-Bulk-Sugar-Coated-Gummy-Candy-Wholesale-6-100x100.webp 100w\" sizes=\"(max-width: 800px) 100vw, 800px\" \/><\/figure><\/div><\/div>","protected":false},"excerpt":{"rendered":"<p>Willkommen zum Kauf Gro\u00dfhandel Gummibonbons. LeChao's fruchtige Geleeringe sind bunt, mit feinem Puderzucker \u00fcberzogen und haben einen sehr vielschichtigen Geschmack. Es gibt eine Vielzahl von Farbe und fruchtige Kombinationen, und OEM-Anpassung Dienstleistungen werden angeboten.<\/p>\n<table style=\"border-collapse: collapse; width: 329.02pt;\" border=\"0\" width=\"329\" cellspacing=\"0\" cellpadding=\"0\">\n<tbody>\n<tr style=\"height: 17.60pt;\">\n<td class=\"et2\" style=\"height: 17.60pt; width: 110.80pt;\" width=\"110\" height=\"17\">Hersteller<\/td>\n<td class=\"et2\" style=\"width: 219.15pt;\" width=\"219\">LeChao Bonbons<\/td>\n<\/tr>\n<tr style=\"height: 18.00pt;\">\n<td class=\"et2\" style=\"height: 18.00pt;\" height=\"18\">Produkttyp<\/td>\n<td class=\"et3\" style=\"width: 219.15pt;\" width=\"219\">Gummiring-Bonbon<\/td>\n<\/tr>\n<tr style=\"height: 18.00pt;\">\n<td class=\"et2\" style=\"height: 18.00pt;\" height=\"18\">Geschmack<\/td>\n<td class=\"et3\" style=\"width: 219.15pt;\" width=\"219\">S\u00fc\u00df &amp; sauer &amp; widerstandsf\u00e4hig<\/td>\n<\/tr>\n<tr style=\"height: 17.60pt;\">\n<td class=\"et2\" style=\"height: 17.60pt;\" height=\"17\">Spezifikation<\/td>\n<td class=\"et2\">120gX48Beutel<\/td>\n<\/tr>\n<tr style=\"height: 17.60pt;\">\n<td class=\"et2\" style=\"height: 17.60pt;\" height=\"17\">Gr\u00f6\u00dfe des Kartons<\/td>\n<td class=\"et2\">39*26*23cm<\/td>\n<\/tr>\n<tr style=\"height: 17.60pt;\">\n<td class=\"et2\" style=\"height: 17.60pt;\" height=\"17\">N.W.\/Karton<\/td>\n<td class=\"et2\">7,5 kg<\/td>\n<\/tr>\n<tr style=\"height: 17.60pt;\">\n<td class=\"et2\" style=\"height: 17.60pt;\" height=\"17\">Preis<\/td>\n<td class=\"et2\">24USD<\/td>\n<\/tr>\n<tr style=\"height: 17.60pt;\">\n<td class=\"et2\" style=\"height: 17.60pt;\" height=\"17\">MOQ<\/td>\n<td class=\"et2\">500CTNS<\/td>\n<\/tr>\n<tr style=\"height: 17.60pt;\">\n<td class=\"et2\" style=\"height: 17.60pt;\" height=\"17\">Muster<\/td>\n<td class=\"et2\">Verf\u00fcgbar<\/td>\n<\/tr>\n<\/tbody>\n<\/table>","protected":false},"featured_media":1371,"comment_status":"open","ping_status":"closed","template":"","meta":{"_acf_changed":false},"product_brand":[],"product_cat":[19,28],"product_tag":[],"class_list":{"0":"post-1368","1":"product","2":"type-product","3":"status-publish","4":"has-post-thumbnail","6":"product_cat-wholesale-gummy-manufacturer","7":"product_cat-bulk-sour-gummies","9":"first","10":"instock","11":"shipping-taxable","12":"product-type-simple"},"acf":[],"_links":{"self":[{"href":"https:\/\/www.lechaocandy.com\/de\/wp-json\/wp\/v2\/product\/1368","targetHints":{"allow":["GET"]}}],"collection":[{"href":"https:\/\/www.lechaocandy.com\/de\/wp-json\/wp\/v2\/product"}],"about":[{"href":"https:\/\/www.lechaocandy.com\/de\/wp-json\/wp\/v2\/types\/product"}],"replies":[{"embeddable":true,"href":"https:\/\/www.lechaocandy.com\/de\/wp-json\/wp\/v2\/comments?post=1368"}],"wp:featuredmedia":[{"embeddable":true,"href":"https:\/\/www.lechaocandy.com\/de\/wp-json\/wp\/v2\/media\/1371"}],"wp:attachment":[{"href":"https:\/\/www.lechaocandy.com\/de\/wp-json\/wp\/v2\/media?parent=1368"}],"wp:term":[{"taxonomy":"product_brand","embeddable":true,"href":"https:\/\/www.lechaocandy.com\/de\/wp-json\/wp\/v2\/product_brand?post=1368"},{"taxonomy":"product_cat","embeddable":true,"href":"https:\/\/www.lechaocandy.com\/de\/wp-json\/wp\/v2\/product_cat?post=1368"},{"taxonomy":"product_tag","embeddable":true,"href":"https:\/\/www.lechaocandy.com\/de\/wp-json\/wp\/v2\/product_tag?post=1368"}],"curies":[{"name":"wp","href":"https:\/\/api.w.org\/{rel}","templated":true}]}}