{"id":1376,"date":"2025-07-01T10:24:51","date_gmt":"2025-07-01T10:24:51","guid":{"rendered":"https:\/\/www.lechaocandy.com\/?post_type=product&#038;p=1376"},"modified":"2026-03-30T09:04:16","modified_gmt":"2026-03-30T09:04:16","slug":"bulk-jelly-rings","status":"publish","type":"product","link":"https:\/\/www.lechaocandy.com\/de\/produkt\/bulk-jelly-rings\/","title":{"rendered":"LeChao Fruity Bulk Jelly Rings, Gro\u00dfhandel Gummiring Bonbons"},"content":{"rendered":"<div class=\"wp-block-columns is-layout-flex wp-container-core-columns-is-layout-9d6595d7 wp-block-columns-is-layout-flex\"><div class=\"wp-block-column is-layout-flow wp-block-column-is-layout-flow\"><h2 class=\"wp-block-heading\">Produkt-Highlights von Bulk Jelly Rings<\/h2>\n\n<ul class=\"wp-block-list\"><li><strong>Glatter Zuckerk\u00f6rper, erfrischender und weniger beschwerlich: <\/strong>Unsere losen Gelee-Ringe sind weich im Mund und eignen sich f\u00fcr Verbraucher, die einfache Geschmacksrichtungen bevorzugen.<\/li>\n\n<li><strong>Weich und z\u00e4h, reichhaltiger Fruchtgeschmack: <\/strong>Diese Gro\u00dfhandels-Gummiring-Bonbons verwenden hochwertige Gummibasis und nat\u00fcrliche fruchtige Zutaten, um einen weichen und z\u00e4hen Geschmack, reich an einer Vielzahl von fruchtigen Geschmacksrichtungen, geeignet f\u00fcr Menschen aller Altersgruppen zu bringen.<\/li>\n\n<li><strong>Klassische Zuckerringform, auff\u00e4llige Farben: <\/strong>Die runde Form dieser Gelee-Ringe ist leicht zu greifen und zu essen, und die Farbkombination ist hell und voll, die eine ausgezeichnete Wirkung in der Pr\u00e4sentation in gro\u00dfen Regalen, E-Commerce-Seiten oder Geschenk-Box-Verpackung hat.<\/li>\n\n<li><strong>Gro\u00dfpackung im Gro\u00dfhandel, geeignet f\u00fcr eine Vielzahl von Verkaufsszenarien: <\/strong>Wir bieten eine Vielzahl von Kapazit\u00e4tsoptionen f\u00fcr Gro\u00dfhandelsgummiringe an, die f\u00fcr eine Vielzahl von Handelskan\u00e4len geeignet sind, wie z. B. Gro\u00dfpackungen, Einzelhandelsverpackungen, Kombinationspackungen f\u00fcr den elektronischen Handel, Snackpackungen f\u00fcr Kinder, Weihnachtsgeschenkboxen f\u00fcr S\u00fc\u00dfigkeiten usw.<\/li>\n\n<li><strong>Unterst\u00fctzung individueller Farben und Geschmacksrichtungen zur Schaffung exklusiver S\u00fc\u00dfigkeitenmarken: <\/strong>LeChao bietet OEM\/ODM-Dienstleistungen f\u00fcr lose Gelee-Ringe an und unterst\u00fctzt die individuelle Anpassung von Farben, Fruchtgeschmacksrichtungen, Verpackungsmustern und Etiketten, um den unterschiedlichen Marktanforderungen und der Markenpositionierung gerecht zu werden.<\/li><\/ul><\/div>\n\n<div class=\"wp-block-column is-layout-flow wp-block-column-is-layout-flow\"><figure class=\"wp-block-image size-full\"><img decoding=\"async\" width=\"800\" height=\"800\" src=\"https:\/\/www.lechaocandy.com\/wp-content\/uploads\/2025\/07\/LeChao-Bulk-Jelly-Rings-Wholesale-Gummy-Ring-Candies-3.webp\" alt=\"LeChao Bulk Gelee Ringe, Gro\u00dfhandel Gummiring Bonbons-3\" class=\"wp-image-1379\" srcset=\"https:\/\/www.lechaocandy.com\/wp-content\/uploads\/2025\/07\/LeChao-Bulk-Jelly-Rings-Wholesale-Gummy-Ring-Candies-3.webp 800w, https:\/\/www.lechaocandy.com\/wp-content\/uploads\/2025\/07\/LeChao-Bulk-Jelly-Rings-Wholesale-Gummy-Ring-Candies-3-300x300.webp 300w, https:\/\/www.lechaocandy.com\/wp-content\/uploads\/2025\/07\/LeChao-Bulk-Jelly-Rings-Wholesale-Gummy-Ring-Candies-3-150x150.webp 150w, https:\/\/www.lechaocandy.com\/wp-content\/uploads\/2025\/07\/LeChao-Bulk-Jelly-Rings-Wholesale-Gummy-Ring-Candies-3-768x768.webp 768w, https:\/\/www.lechaocandy.com\/wp-content\/uploads\/2025\/07\/LeChao-Bulk-Jelly-Rings-Wholesale-Gummy-Ring-Candies-3-12x12.webp 12w, https:\/\/www.lechaocandy.com\/wp-content\/uploads\/2025\/07\/LeChao-Bulk-Jelly-Rings-Wholesale-Gummy-Ring-Candies-3-600x600.webp 600w, https:\/\/www.lechaocandy.com\/wp-content\/uploads\/2025\/07\/LeChao-Bulk-Jelly-Rings-Wholesale-Gummy-Ring-Candies-3-100x100.webp 100w\" sizes=\"(max-width: 800px) 100vw, 800px\" \/><\/figure><\/div><\/div><figure class=\"wp-block-embed is-type-video is-provider-youtube wp-block-embed-youtube wp-embed-aspect-16-9 wp-has-aspect-ratio\"><div class=\"wp-block-embed__wrapper\">\n<iframe title=\"Candy Ring Gummies \ud83d\udc8d Perfect for Weddings, Gifts &amp; Party Favors\" width=\"500\" height=\"281\" src=\"https:\/\/www.youtube.com\/embed\/caiIGJFmYFY?feature=oembed\" frameborder=\"0\" allow=\"accelerometer; autoplay; clipboard-write; encrypted-media; gyroscope; picture-in-picture; web-share\" referrerpolicy=\"strict-origin-when-cross-origin\" allowfullscreen><\/iframe>\n<\/div><\/figure>","protected":false},"excerpt":{"rendered":"<p>Willkommen zum Kauf Gro\u00dfhandel Gummiring S\u00fc\u00dfigkeiten. LeChao's Bulk-Gummi-Ringe haben helle Farben und eine Vielzahl von fruchtigen Geschmacksrichtungen. Sie sind wie runde hohle Zuckerringe mit einem weichen und elastischen Geschmack geformt.<\/p>\n<table style=\"border-collapse: collapse; width: 329.02pt;\" border=\"0\" width=\"329\" cellspacing=\"0\" cellpadding=\"0\">\n<tbody>\n<tr style=\"height: 17.60pt;\">\n<td class=\"et2\" style=\"height: 17.60pt; width: 110.80pt;\" width=\"110\" height=\"17\">Hersteller<\/td>\n<td class=\"et2\" style=\"width: 219.15pt;\" width=\"219\">LeChao Bonbons<\/td>\n<\/tr>\n<tr style=\"height: 18.00pt;\">\n<td class=\"et2\" style=\"height: 18.00pt;\" height=\"18\">Produkttyp<\/td>\n<td class=\"et3\" style=\"width: 219.15pt;\" width=\"219\">Gummiring-Bonbon<\/td>\n<\/tr>\n<tr style=\"height: 18.00pt;\">\n<td class=\"et2\" style=\"height: 18.00pt;\" height=\"18\">Geschmack<\/td>\n<td class=\"et3\" style=\"width: 219.15pt;\" width=\"219\">S\u00fc\u00df &amp; sauer &amp; widerstandsf\u00e4hig<\/td>\n<\/tr>\n<tr style=\"height: 17.60pt;\">\n<td class=\"et2\" style=\"height: 17.60pt;\" height=\"17\">Spezifikation<\/td>\n<td class=\"et2\">25gx24St\u00fcckx12Kartons<\/td>\n<\/tr>\n<tr style=\"height: 17.60pt;\">\n<td class=\"et2\" style=\"height: 17.60pt;\" height=\"17\">Gr\u00f6\u00dfe des Kartons<\/td>\n<td class=\"et2\">42.5x31x20cm<\/td>\n<\/tr>\n<tr style=\"height: 17.60pt;\">\n<td class=\"et2\" style=\"height: 17.60pt;\" height=\"17\">N.W.\/Karton<\/td>\n<td class=\"et2\">9.0kg<\/td>\n<\/tr>\n<tr style=\"height: 17.60pt;\">\n<td class=\"et2\" style=\"height: 17.60pt;\" height=\"17\">Preis<\/td>\n<td class=\"et2\">19.6USD<\/td>\n<\/tr>\n<tr style=\"height: 17.60pt;\">\n<td class=\"et2\" style=\"height: 17.60pt;\" height=\"17\">MOQ<\/td>\n<td class=\"et2\">500CTNS<\/td>\n<\/tr>\n<tr style=\"height: 17.60pt;\">\n<td class=\"et2\" style=\"height: 17.60pt;\" height=\"17\">Muster<\/td>\n<td class=\"et2\">Verf\u00fcgbar<\/td>\n<\/tr>\n<\/tbody>\n<\/table>","protected":false},"featured_media":1380,"comment_status":"open","ping_status":"closed","template":"","meta":{"_acf_changed":false},"product_brand":[],"product_cat":[19],"product_tag":[],"class_list":{"0":"post-1376","1":"product","2":"type-product","3":"status-publish","4":"has-post-thumbnail","6":"product_cat-wholesale-gummy-manufacturer","8":"first","9":"instock","10":"shipping-taxable","11":"product-type-simple"},"acf":[],"_links":{"self":[{"href":"https:\/\/www.lechaocandy.com\/de\/wp-json\/wp\/v2\/product\/1376","targetHints":{"allow":["GET"]}}],"collection":[{"href":"https:\/\/www.lechaocandy.com\/de\/wp-json\/wp\/v2\/product"}],"about":[{"href":"https:\/\/www.lechaocandy.com\/de\/wp-json\/wp\/v2\/types\/product"}],"replies":[{"embeddable":true,"href":"https:\/\/www.lechaocandy.com\/de\/wp-json\/wp\/v2\/comments?post=1376"}],"wp:featuredmedia":[{"embeddable":true,"href":"https:\/\/www.lechaocandy.com\/de\/wp-json\/wp\/v2\/media\/1380"}],"wp:attachment":[{"href":"https:\/\/www.lechaocandy.com\/de\/wp-json\/wp\/v2\/media?parent=1376"}],"wp:term":[{"taxonomy":"product_brand","embeddable":true,"href":"https:\/\/www.lechaocandy.com\/de\/wp-json\/wp\/v2\/product_brand?post=1376"},{"taxonomy":"product_cat","embeddable":true,"href":"https:\/\/www.lechaocandy.com\/de\/wp-json\/wp\/v2\/product_cat?post=1376"},{"taxonomy":"product_tag","embeddable":true,"href":"https:\/\/www.lechaocandy.com\/de\/wp-json\/wp\/v2\/product_tag?post=1376"}],"curies":[{"name":"wp","href":"https:\/\/api.w.org\/{rel}","templated":true}]}}