{"id":1385,"date":"2025-07-11T08:49:19","date_gmt":"2025-07-11T08:49:19","guid":{"rendered":"https:\/\/www.lechaocandy.com\/?post_type=product&#038;p=1385"},"modified":"2025-07-11T09:03:07","modified_gmt":"2025-07-11T09:03:07","slug":"gummy-snakes-wholesale","status":"publish","type":"product","link":"https:\/\/www.lechaocandy.com\/de\/produkt\/gummy-snakes-wholesale\/","title":{"rendered":"LeChao Gummischlangen Gro\u00dfhandel, kaubare weiche Bonbons in Bulk"},"content":{"rendered":"<div class=\"wp-block-columns is-layout-flex wp-container-core-columns-is-layout-9d6595d7 wp-block-columns-is-layout-flex\"><div class=\"wp-block-column is-layout-flow wp-block-column-is-layout-flow\"><h2 class=\"wp-block-heading\">Produkt-Highlights von Gummischlangen Gro\u00dfhandel<\/h2>\n\n<ul class=\"wp-block-list\"><li><strong>Farbenfroh und auffallend: <\/strong>Unsere Gummischlangen im Gro\u00dfhandel verwenden eine Auswahl heller Farbt\u00f6ne und bilden schlangenf\u00f6rmige Designs nach, die einen gro\u00dfen visuellen Reiz haben und Kinder und junge Verbraucher ansprechen.<\/li>\n\n<li><strong>Hochwertige Zutaten, sicher und lecker: <\/strong>Unsere Kaubonbons in loser Sch\u00fcttung werden aus hochwertigen Zutaten in Lebensmittelqualit\u00e4t hergestellt und enthalten keine k\u00fcnstlichen Konservierungsstoffe, sodass jeder Bissen sicher und lecker ist.<\/li>\n\n<li><strong>Einzeln verpackt, praktisch und hygienisch: <\/strong>Diese einzeln verpackten Gummischlangen im Gro\u00dfhandel sind einfach zu verteilen und mitzunehmen und bleiben frisch und nicht klebrig.<\/li>\n\n<li><strong>Weich und kaubar, mit hervorragendem Geschmack: <\/strong>Der Geschmack dieser Kaubonbons in loser Sch\u00fcttung liegt zwischen Gelee und Gummibonbons, weich und z\u00e4h, geeignet f\u00fcr alle Altersgruppen.<\/li>\n\n<li><strong>Gro\u00dfhandelsverpackungen, gro\u00dfe Gewinnspannen: <\/strong>Das gro\u00dfe Verpackungsdesign dieser Gummischlangen im Gro\u00dfhandel eignet sich f\u00fcr Superm\u00e4rkte, Einzelhandel und Vertriebskan\u00e4le, mit hoher Kostenleistung und schneller Lieferung.<\/li><\/ul><\/div>\n\n<div class=\"wp-block-column is-layout-flow wp-block-column-is-layout-flow\"><figure class=\"wp-block-image size-full\"><img decoding=\"async\" width=\"800\" height=\"800\" src=\"https:\/\/www.lechaocandy.com\/wp-content\/uploads\/2025\/07\/LeChao-Gummy-Snakes-Wholesale-Chewy-Soft-Candies-In-Bulk-2.webp\" alt=\"LeChao Gummischlangen Gro\u00dfhandel, kaubare weiche Bonbons in Bulk-2\" class=\"wp-image-1387\" srcset=\"https:\/\/www.lechaocandy.com\/wp-content\/uploads\/2025\/07\/LeChao-Gummy-Snakes-Wholesale-Chewy-Soft-Candies-In-Bulk-2.webp 800w, https:\/\/www.lechaocandy.com\/wp-content\/uploads\/2025\/07\/LeChao-Gummy-Snakes-Wholesale-Chewy-Soft-Candies-In-Bulk-2-300x300.webp 300w, https:\/\/www.lechaocandy.com\/wp-content\/uploads\/2025\/07\/LeChao-Gummy-Snakes-Wholesale-Chewy-Soft-Candies-In-Bulk-2-150x150.webp 150w, https:\/\/www.lechaocandy.com\/wp-content\/uploads\/2025\/07\/LeChao-Gummy-Snakes-Wholesale-Chewy-Soft-Candies-In-Bulk-2-768x768.webp 768w, https:\/\/www.lechaocandy.com\/wp-content\/uploads\/2025\/07\/LeChao-Gummy-Snakes-Wholesale-Chewy-Soft-Candies-In-Bulk-2-12x12.webp 12w, https:\/\/www.lechaocandy.com\/wp-content\/uploads\/2025\/07\/LeChao-Gummy-Snakes-Wholesale-Chewy-Soft-Candies-In-Bulk-2-600x600.webp 600w, https:\/\/www.lechaocandy.com\/wp-content\/uploads\/2025\/07\/LeChao-Gummy-Snakes-Wholesale-Chewy-Soft-Candies-In-Bulk-2-100x100.webp 100w\" sizes=\"(max-width: 800px) 100vw, 800px\" \/><\/figure><\/div><\/div>","protected":false},"excerpt":{"rendered":"<p>Willkommen zu kaufen Kaubonbons in der Masse. LeChao's Gummischlangen Gro\u00dfhandel sind bunt, lebensecht, weich und kaubar, und sind einzeln verpackt. Sie sind eine beliebte Wahl f\u00fcr Snack-Shops, Event-Partys und Gro\u00dfm\u00e4rkte.<\/p>\n<table style=\"border-collapse: collapse; width: 329.02pt;\" border=\"0\" width=\"329\" cellspacing=\"0\" cellpadding=\"0\">\n<tbody>\n<tr style=\"height: 17.60pt;\">\n<td class=\"et2\" style=\"height: 17.60pt; width: 110.80pt;\" width=\"110\" height=\"17\">Hersteller<\/td>\n<td class=\"et2\" style=\"width: 219.15pt;\" width=\"219\">LeChao Bonbons<\/td>\n<\/tr>\n<tr style=\"height: 18.00pt;\">\n<td class=\"et2\" style=\"height: 18.00pt;\" height=\"18\">Produkttyp<\/td>\n<td class=\"et3\" style=\"width: 219.15pt;\" width=\"219\">Gummib\u00e4rchen-Snack<\/td>\n<\/tr>\n<tr style=\"height: 18.00pt;\">\n<td class=\"et2\" style=\"height: 18.00pt;\" height=\"18\">Geschmack<\/td>\n<td class=\"et3\" style=\"width: 219.15pt;\" width=\"219\">S\u00fc\u00df &amp; sauer &amp; widerstandsf\u00e4hig<\/td>\n<\/tr>\n<tr style=\"height: 17.60pt;\">\n<td class=\"et2\" style=\"height: 17.60pt;\" height=\"17\">Spezifikation<\/td>\n<td class=\"et2\">25gx24St\u00fcckx12Kartons<\/td>\n<\/tr>\n<tr style=\"height: 17.60pt;\">\n<td class=\"et2\" style=\"height: 17.60pt;\" height=\"17\">Gr\u00f6\u00dfe des Kartons<\/td>\n<td class=\"et2\">38.5&#215;38.5&#215;26<\/td>\n<\/tr>\n<tr style=\"height: 17.60pt;\">\n<td class=\"et2\" style=\"height: 17.60pt;\" height=\"17\">N.W.\/Karton<\/td>\n<td class=\"et2\">9,4 kg<\/td>\n<\/tr>\n<tr style=\"height: 17.60pt;\">\n<td class=\"et2\" style=\"height: 17.60pt;\" height=\"17\">Preis<\/td>\n<td class=\"et2\">19.6USD<\/td>\n<\/tr>\n<tr style=\"height: 17.60pt;\">\n<td class=\"et2\" style=\"height: 17.60pt;\" height=\"17\">MOQ<\/td>\n<td class=\"et2\">500CTNS<\/td>\n<\/tr>\n<tr style=\"height: 17.60pt;\">\n<td class=\"et2\" style=\"height: 17.60pt;\" height=\"17\">Muster<\/td>\n<td class=\"et2\">Verf\u00fcgbar<\/td>\n<\/tr>\n<\/tbody>\n<\/table>\n<p>&nbsp;<\/p>","protected":false},"featured_media":1388,"comment_status":"open","ping_status":"closed","template":"","meta":{"_acf_changed":false},"product_brand":[],"product_cat":[19],"product_tag":[],"class_list":{"0":"post-1385","1":"product","2":"type-product","3":"status-publish","4":"has-post-thumbnail","6":"product_cat-wholesale-gummy-manufacturer","8":"first","9":"instock","10":"shipping-taxable","11":"product-type-simple"},"acf":[],"_links":{"self":[{"href":"https:\/\/www.lechaocandy.com\/de\/wp-json\/wp\/v2\/product\/1385","targetHints":{"allow":["GET"]}}],"collection":[{"href":"https:\/\/www.lechaocandy.com\/de\/wp-json\/wp\/v2\/product"}],"about":[{"href":"https:\/\/www.lechaocandy.com\/de\/wp-json\/wp\/v2\/types\/product"}],"replies":[{"embeddable":true,"href":"https:\/\/www.lechaocandy.com\/de\/wp-json\/wp\/v2\/comments?post=1385"}],"wp:featuredmedia":[{"embeddable":true,"href":"https:\/\/www.lechaocandy.com\/de\/wp-json\/wp\/v2\/media\/1388"}],"wp:attachment":[{"href":"https:\/\/www.lechaocandy.com\/de\/wp-json\/wp\/v2\/media?parent=1385"}],"wp:term":[{"taxonomy":"product_brand","embeddable":true,"href":"https:\/\/www.lechaocandy.com\/de\/wp-json\/wp\/v2\/product_brand?post=1385"},{"taxonomy":"product_cat","embeddable":true,"href":"https:\/\/www.lechaocandy.com\/de\/wp-json\/wp\/v2\/product_cat?post=1385"},{"taxonomy":"product_tag","embeddable":true,"href":"https:\/\/www.lechaocandy.com\/de\/wp-json\/wp\/v2\/product_tag?post=1385"}],"curies":[{"name":"wp","href":"https:\/\/api.w.org\/{rel}","templated":true}]}}