{"id":1434,"date":"2025-07-15T08:19:34","date_gmt":"2025-07-15T08:19:34","guid":{"rendered":"https:\/\/www.lechaocandy.com\/?post_type=product&#038;p=1434"},"modified":"2025-07-15T08:27:58","modified_gmt":"2025-07-15T08:27:58","slug":"gummy-candy-mix-bulk","status":"publish","type":"product","link":"https:\/\/www.lechaocandy.com\/de\/produkt\/gummy-candy-mix-bulk\/","title":{"rendered":"LeChao Gummibonbon Mix Bulk, 3D Ente Gummis Gro\u00dfhandel"},"content":{"rendered":"<div class=\"wp-block-columns is-layout-flex wp-container-core-columns-is-layout-9d6595d7 wp-block-columns-is-layout-flex\"><div class=\"wp-block-column is-layout-flow wp-block-column-is-layout-flow\"><h2 class=\"wp-block-heading\">Produkt-Highlights von Gummibonbon-Mix Bulk<\/h2>\n\n<ul class=\"wp-block-list\"><li><strong>Entenform, niedlich und anschaulich:<\/strong> Diese Gummibonbonmischung nutzt die dreidimensionale 3D-Technologie, um eine Entenform zu schaffen, die lebendig und lebensecht ist, attraktiv wirkt und den Wiedererkennungswert des Produkts erh\u00f6ht.<\/li>\n\n<li><strong>Vier Farben und vier Farben mit verschiedenen Geschmacksrichtungen, reiches Kauerlebnis:<\/strong> Diese 3D\/4D-Gummis im Gro\u00dfhandel enthalten 4 verschiedene Farben und Fruchtgeschmacksrichtungen, s\u00fc\u00df und sauer, und erf\u00fcllen die Geschmacksvorlieben verschiedener Verbraucher.<\/li>\n\n<li><strong>Praktische Beutelverpackung, geeignet f\u00fcr den Verkauf an mehreren Orten:<\/strong> Unsere lose Gummibonbonmischung ist in 125-g-Beuteln verpackt, die leicht zu transportieren sind und sich f\u00fcr Superm\u00e4rkte, Convenience-Stores, Snack-Geschenkverpackungen und andere Vertriebskan\u00e4le eignen.<\/li>\n\n<li><strong>Weicher und elastischer Geschmack, ausgew\u00e4hlte hochwertige Rezeptur: <\/strong>Unsere 3D\/4D-Gummis Gro\u00dfhandel w\u00e4hlt weiche S\u00fc\u00dfigkeiten Rohstoffe, hat einen weichen und nicht klebrigen Geschmack, und hat einen reinen Geschmack, die von den Verbrauchern aller Altersgruppen sehr beliebt ist.<\/li>\n\n<li><strong>Auff\u00e4lliges Aussehen + k\u00f6stlicher Geschmack, der den Verkaufswert steigert: <\/strong>Diese Gummibonbonmischung hat eine niedliche Form und einen leckeren Zuckerk\u00f6rper, der sich f\u00fcr verschiedene Verzehrsituationen wie Feste, Partys, Geschenkkombinationen usw. eignet.<\/li><\/ul><\/div>\n\n<div class=\"wp-block-column is-layout-flow wp-block-column-is-layout-flow\"><figure class=\"wp-block-image size-full\"><img decoding=\"async\" width=\"800\" height=\"800\" src=\"https:\/\/www.lechaocandy.com\/wp-content\/uploads\/2025\/07\/LeChao-Gummy-Candy-Mix-Bulk-3D-Duck-Gummies-Wholesale-3.webp\" alt=\"LeChao Gummibonbon Mix Bulk, 3D Ente Gummis Gro\u00dfhandel-3\" class=\"wp-image-1437\" srcset=\"https:\/\/www.lechaocandy.com\/wp-content\/uploads\/2025\/07\/LeChao-Gummy-Candy-Mix-Bulk-3D-Duck-Gummies-Wholesale-3.webp 800w, https:\/\/www.lechaocandy.com\/wp-content\/uploads\/2025\/07\/LeChao-Gummy-Candy-Mix-Bulk-3D-Duck-Gummies-Wholesale-3-300x300.webp 300w, https:\/\/www.lechaocandy.com\/wp-content\/uploads\/2025\/07\/LeChao-Gummy-Candy-Mix-Bulk-3D-Duck-Gummies-Wholesale-3-150x150.webp 150w, https:\/\/www.lechaocandy.com\/wp-content\/uploads\/2025\/07\/LeChao-Gummy-Candy-Mix-Bulk-3D-Duck-Gummies-Wholesale-3-768x768.webp 768w, https:\/\/www.lechaocandy.com\/wp-content\/uploads\/2025\/07\/LeChao-Gummy-Candy-Mix-Bulk-3D-Duck-Gummies-Wholesale-3-12x12.webp 12w, https:\/\/www.lechaocandy.com\/wp-content\/uploads\/2025\/07\/LeChao-Gummy-Candy-Mix-Bulk-3D-Duck-Gummies-Wholesale-3-600x600.webp 600w, https:\/\/www.lechaocandy.com\/wp-content\/uploads\/2025\/07\/LeChao-Gummy-Candy-Mix-Bulk-3D-Duck-Gummies-Wholesale-3-100x100.webp 100w\" sizes=\"(max-width: 800px) 100vw, 800px\" \/><\/figure><\/div><\/div>","protected":false},"excerpt":{"rendered":"<p>Willkommen zum Kauf 3D\/4D Gummis Gro\u00dfhandel. LeChao's Ente Gummibonbons Mix bulk enth\u00e4lt 4 verschiedene Geschmacksrichtungen und Farben, mit hellen Farben und verschiedenen Geschmacksrichtungen, geeignet f\u00fcr den Einzelhandel, Urlaub Geschenk-Pakete und Snack-Kan\u00e4le.<\/p>\n<table style=\"border-collapse: collapse; width: 329.02pt;\" border=\"0\" width=\"329\" cellspacing=\"0\" cellpadding=\"0\">\n<tbody>\n<tr style=\"height: 17.60pt;\">\n<td class=\"et2\" style=\"height: 17.60pt; width: 110.80pt;\" width=\"110\" height=\"17\">Hersteller<\/td>\n<td class=\"et2\" style=\"width: 219.15pt;\" width=\"219\">LeChao Bonbons<\/td>\n<\/tr>\n<tr style=\"height: 18.00pt;\">\n<td class=\"et2\" style=\"height: 18.00pt;\" height=\"18\">Produkttyp<\/td>\n<td class=\"et3\" style=\"width: 219.15pt;\" width=\"219\">3D Ente Gummibonbon<\/td>\n<\/tr>\n<tr style=\"height: 18.00pt;\">\n<td class=\"et2\" style=\"height: 18.00pt;\" height=\"18\">Geschmack<\/td>\n<td class=\"et3\" style=\"width: 219.15pt;\" width=\"219\">S\u00fc\u00df &amp; sauer &amp; widerstandsf\u00e4hig<\/td>\n<\/tr>\n<tr style=\"height: 17.60pt;\">\n<td class=\"et2\" style=\"height: 17.60pt;\" height=\"17\">Spezifikation<\/td>\n<td class=\"et2\">125gX48Beutel<\/td>\n<\/tr>\n<tr style=\"height: 17.60pt;\">\n<td class=\"et2\" style=\"height: 17.60pt;\" height=\"17\">Gr\u00f6\u00dfe des Kartons<\/td>\n<td class=\"et2\">39X26X23cm<\/td>\n<\/tr>\n<tr style=\"height: 17.60pt;\">\n<td class=\"et2\" style=\"height: 17.60pt;\" height=\"17\">N.W.\/Karton<\/td>\n<td class=\"et2\">7,8 kg<\/td>\n<\/tr>\n<tr style=\"height: 17.60pt;\">\n<td class=\"et2\" style=\"height: 17.60pt;\" height=\"17\">Preis<\/td>\n<td class=\"et2\">0,35-0,38USD<\/td>\n<\/tr>\n<tr style=\"height: 17.60pt;\">\n<td class=\"et2\" style=\"height: 17.60pt;\" height=\"17\">MOQ<\/td>\n<td class=\"et2\">800CTNS<\/td>\n<\/tr>\n<tr style=\"height: 17.60pt;\">\n<td class=\"et2\" style=\"height: 17.60pt;\" height=\"17\">Muster<\/td>\n<td class=\"et2\">Verf\u00fcgbar<\/td>\n<\/tr>\n<\/tbody>\n<\/table>\n<p>&nbsp;<\/p>","protected":false},"featured_media":1438,"comment_status":"open","ping_status":"closed","template":"","meta":{"_acf_changed":false},"product_brand":[],"product_cat":[24,19],"product_tag":[],"class_list":{"0":"post-1434","1":"product","2":"type-product","3":"status-publish","4":"has-post-thumbnail","6":"product_cat-3d-gummy-candy-manufacturer","7":"product_cat-wholesale-gummy-manufacturer","9":"first","10":"instock","11":"shipping-taxable","12":"product-type-simple"},"acf":[],"_links":{"self":[{"href":"https:\/\/www.lechaocandy.com\/de\/wp-json\/wp\/v2\/product\/1434","targetHints":{"allow":["GET"]}}],"collection":[{"href":"https:\/\/www.lechaocandy.com\/de\/wp-json\/wp\/v2\/product"}],"about":[{"href":"https:\/\/www.lechaocandy.com\/de\/wp-json\/wp\/v2\/types\/product"}],"replies":[{"embeddable":true,"href":"https:\/\/www.lechaocandy.com\/de\/wp-json\/wp\/v2\/comments?post=1434"}],"wp:featuredmedia":[{"embeddable":true,"href":"https:\/\/www.lechaocandy.com\/de\/wp-json\/wp\/v2\/media\/1438"}],"wp:attachment":[{"href":"https:\/\/www.lechaocandy.com\/de\/wp-json\/wp\/v2\/media?parent=1434"}],"wp:term":[{"taxonomy":"product_brand","embeddable":true,"href":"https:\/\/www.lechaocandy.com\/de\/wp-json\/wp\/v2\/product_brand?post=1434"},{"taxonomy":"product_cat","embeddable":true,"href":"https:\/\/www.lechaocandy.com\/de\/wp-json\/wp\/v2\/product_cat?post=1434"},{"taxonomy":"product_tag","embeddable":true,"href":"https:\/\/www.lechaocandy.com\/de\/wp-json\/wp\/v2\/product_tag?post=1434"}],"curies":[{"name":"wp","href":"https:\/\/api.w.org\/{rel}","templated":true}]}}