{"id":1439,"date":"2025-07-15T08:32:19","date_gmt":"2025-07-15T08:32:19","guid":{"rendered":"https:\/\/www.lechaocandy.com\/?post_type=product&#038;p=1439"},"modified":"2025-07-15T08:40:19","modified_gmt":"2025-07-15T08:40:19","slug":"wholesale-jelly-sweets","status":"publish","type":"product","link":"https:\/\/www.lechaocandy.com\/de\/produkt\/wholesale-jelly-sweets\/","title":{"rendered":"LeChao Fabrik Gro\u00dfhandel Gelee S\u00fc\u00dfigkeiten, Bulk 3D Gummihase"},"content":{"rendered":"<div class=\"wp-block-columns is-layout-flex wp-container-core-columns-is-layout-9d6595d7 wp-block-columns-is-layout-flex\"><div class=\"wp-block-column is-layout-flow wp-block-column-is-layout-flow\"><h2 class=\"wp-block-heading\">Produkt-Highlights des Gro\u00dfhandels Jelly Bonbons<\/h2>\n\n<ul class=\"wp-block-list\"><li><strong>3D-Kaninchenform, interessant und auffallend:<\/strong> Die niedlichen und lebendigen Kaninchenformen dieser Geleebonbons f\u00fcr den Gro\u00dfhandel sind optisch sehr ansprechend und steigern die Wirkung im Regal und das Interesse der Verbraucher.<\/li>\n\n<li><strong>Vier Farben und vier Geschmacksrichtungen f\u00fcr die unterschiedlichsten Bed\u00fcrfnisse: <\/strong>Unsere losen 3D-Gummihasen gibt es in den Geschmacksrichtungen Erdbeere, gr\u00fcner Apfel, Traube und anderen, mit bunten Farben, die den Spa\u00df am Essen erh\u00f6hen.<\/li>\n\n<li><strong>125g Beutel-Design, leicht zu tragen und zu verteilen:<\/strong> Unsere Geleebonbons f\u00fcr den Gro\u00dfhandel sind mit exquisiten Beuteln versehen, die sich f\u00fcr den Vertrieb von Snacks, Geschenkverpackungen und den mobilen Verbrauch eignen und die Praktikabilit\u00e4t und Marktakzeptanz des Produkts verbessern.<\/li>\n\n<li><strong>Gummibonbons mit Fruchtgeschmack und einer hochwertigen Rezeptur: <\/strong>Unsere losen 3D-Gummihasen sind weich und nicht klebrig, mit m\u00e4\u00dfiger S\u00fc\u00dfe, entsprechend den Vorlieben der \u00d6ffentlichkeit und f\u00fcr alle Altersgruppen geeignet.<\/li>\n\n<li><strong>Factory Direct Supply Preis, Gro\u00dfhandel hat mehr kosteng\u00fcnstige Vorteile: <\/strong>Unsere Gro\u00dfhandel Gelee-Bonbons sind direkt von der Quelle Fabrik verkauft, unterst\u00fctzen Gro\u00dfauftr\u00e4ge, erschwingliche Preise, helfen Kunden die Beschaffungskosten zu senken und erh\u00f6hen Gewinnspannen.<\/li><\/ul><\/div>\n\n<div class=\"wp-block-column is-layout-flow wp-block-column-is-layout-flow\"><figure class=\"wp-block-image size-full\"><img decoding=\"async\" width=\"800\" height=\"800\" src=\"https:\/\/www.lechaocandy.com\/wp-content\/uploads\/2025\/07\/LeChao-Factory-Wholesale-Jelly-Sweets-Bulk-3D-Gummy-Bunny-3.webp\" alt=\"LeChao Fabrik Gro\u00dfhandel Gelee-S\u00fc\u00dfigkeiten, Bulk 3D Gummihase-3\" class=\"wp-image-1442\" srcset=\"https:\/\/www.lechaocandy.com\/wp-content\/uploads\/2025\/07\/LeChao-Factory-Wholesale-Jelly-Sweets-Bulk-3D-Gummy-Bunny-3.webp 800w, https:\/\/www.lechaocandy.com\/wp-content\/uploads\/2025\/07\/LeChao-Factory-Wholesale-Jelly-Sweets-Bulk-3D-Gummy-Bunny-3-300x300.webp 300w, https:\/\/www.lechaocandy.com\/wp-content\/uploads\/2025\/07\/LeChao-Factory-Wholesale-Jelly-Sweets-Bulk-3D-Gummy-Bunny-3-150x150.webp 150w, https:\/\/www.lechaocandy.com\/wp-content\/uploads\/2025\/07\/LeChao-Factory-Wholesale-Jelly-Sweets-Bulk-3D-Gummy-Bunny-3-768x768.webp 768w, https:\/\/www.lechaocandy.com\/wp-content\/uploads\/2025\/07\/LeChao-Factory-Wholesale-Jelly-Sweets-Bulk-3D-Gummy-Bunny-3-12x12.webp 12w, https:\/\/www.lechaocandy.com\/wp-content\/uploads\/2025\/07\/LeChao-Factory-Wholesale-Jelly-Sweets-Bulk-3D-Gummy-Bunny-3-600x600.webp 600w, https:\/\/www.lechaocandy.com\/wp-content\/uploads\/2025\/07\/LeChao-Factory-Wholesale-Jelly-Sweets-Bulk-3D-Gummy-Bunny-3-100x100.webp 100w\" sizes=\"(max-width: 800px) 100vw, 800px\" \/><\/figure><\/div><\/div>","protected":false},"excerpt":{"rendered":"<p>Willkommen im Gro\u00dfhandel Gelee S\u00fc\u00dfigkeiten zu kaufen. LeChao's lose 3D-Gummihasen kommen in 4 verschiedenen Geschmacksrichtungen und Farben. Sie sind bunt und kauen, und werden von Kindern und jungen Verbrauchern geliebt. Der Gro\u00dfhandelspreis ist wettbewerbsf\u00e4hig, geeignet f\u00fcr den Einzelhandel, Geschenk-und Exportm\u00e4rkte.<\/p>\n<table style=\"border-collapse: collapse; width: 329.02pt;\" border=\"0\" width=\"329\" cellspacing=\"0\" cellpadding=\"0\">\n<tbody>\n<tr style=\"height: 17.60pt;\">\n<td class=\"et2\" style=\"height: 17.60pt; width: 110.80pt;\" width=\"110\" height=\"17\">Hersteller<\/td>\n<td class=\"et2\" style=\"width: 219.15pt;\" width=\"219\">LeChao Bonbons<\/td>\n<\/tr>\n<tr style=\"height: 18.00pt;\">\n<td class=\"et2\" style=\"height: 18.00pt;\" height=\"18\">Produkttyp<\/td>\n<td class=\"et3\" style=\"width: 219.15pt;\" width=\"219\">3D-Kaninchen-Gummibonbon<\/td>\n<\/tr>\n<tr style=\"height: 18.00pt;\">\n<td class=\"et2\" style=\"height: 18.00pt;\" height=\"18\">Geschmack<\/td>\n<td class=\"et3\" style=\"width: 219.15pt;\" width=\"219\">S\u00fc\u00df &amp; sauer &amp; widerstandsf\u00e4hig<\/td>\n<\/tr>\n<tr style=\"height: 17.60pt;\">\n<td class=\"et2\" style=\"height: 17.60pt;\" height=\"17\">Spezifikation<\/td>\n<td class=\"et2\">125gX48Beutel<\/td>\n<\/tr>\n<tr style=\"height: 17.60pt;\">\n<td class=\"et2\" style=\"height: 17.60pt;\" height=\"17\">Gr\u00f6\u00dfe des Kartons<\/td>\n<td class=\"et2\">39X26X23cm<\/td>\n<\/tr>\n<tr style=\"height: 17.60pt;\">\n<td class=\"et2\" style=\"height: 17.60pt;\" height=\"17\">N.W.\/Karton<\/td>\n<td class=\"et2\">7,8 kg<\/td>\n<\/tr>\n<tr style=\"height: 17.60pt;\">\n<td class=\"et2\" style=\"height: 17.60pt;\" height=\"17\">Preis<\/td>\n<td class=\"et2\">0,35-0,38USD<\/td>\n<\/tr>\n<tr style=\"height: 17.60pt;\">\n<td class=\"et2\" style=\"height: 17.60pt;\" height=\"17\">MOQ<\/td>\n<td class=\"et2\">800CTNS<\/td>\n<\/tr>\n<tr style=\"height: 17.60pt;\">\n<td class=\"et2\" style=\"height: 17.60pt;\" height=\"17\">Muster<\/td>\n<td class=\"et2\">Verf\u00fcgbar<\/td>\n<\/tr>\n<\/tbody>\n<\/table>\n<p>&nbsp;<\/p>","protected":false},"featured_media":1443,"comment_status":"open","ping_status":"closed","template":"","meta":{"_acf_changed":false},"product_brand":[],"product_cat":[24,19],"product_tag":[],"class_list":{"0":"post-1439","1":"product","2":"type-product","3":"status-publish","4":"has-post-thumbnail","6":"product_cat-3d-gummy-candy-manufacturer","7":"product_cat-wholesale-gummy-manufacturer","9":"first","10":"instock","11":"shipping-taxable","12":"product-type-simple"},"acf":[],"_links":{"self":[{"href":"https:\/\/www.lechaocandy.com\/de\/wp-json\/wp\/v2\/product\/1439","targetHints":{"allow":["GET"]}}],"collection":[{"href":"https:\/\/www.lechaocandy.com\/de\/wp-json\/wp\/v2\/product"}],"about":[{"href":"https:\/\/www.lechaocandy.com\/de\/wp-json\/wp\/v2\/types\/product"}],"replies":[{"embeddable":true,"href":"https:\/\/www.lechaocandy.com\/de\/wp-json\/wp\/v2\/comments?post=1439"}],"wp:featuredmedia":[{"embeddable":true,"href":"https:\/\/www.lechaocandy.com\/de\/wp-json\/wp\/v2\/media\/1443"}],"wp:attachment":[{"href":"https:\/\/www.lechaocandy.com\/de\/wp-json\/wp\/v2\/media?parent=1439"}],"wp:term":[{"taxonomy":"product_brand","embeddable":true,"href":"https:\/\/www.lechaocandy.com\/de\/wp-json\/wp\/v2\/product_brand?post=1439"},{"taxonomy":"product_cat","embeddable":true,"href":"https:\/\/www.lechaocandy.com\/de\/wp-json\/wp\/v2\/product_cat?post=1439"},{"taxonomy":"product_tag","embeddable":true,"href":"https:\/\/www.lechaocandy.com\/de\/wp-json\/wp\/v2\/product_tag?post=1439"}],"curies":[{"name":"wp","href":"https:\/\/api.w.org\/{rel}","templated":true}]}}