{"id":1472,"date":"2025-07-21T07:26:49","date_gmt":"2025-07-21T07:26:49","guid":{"rendered":"https:\/\/www.lechaocandy.com\/?post_type=product&#038;p=1472"},"modified":"2025-07-21T07:41:19","modified_gmt":"2025-07-21T07:41:19","slug":"bulk-gummy-sweets","status":"publish","type":"product","link":"https:\/\/www.lechaocandy.com\/de\/produkt\/bulk-gummy-sweets\/","title":{"rendered":"LeChao Bulk Gummibonbons, Mix Frucht Gummibonbons Gro\u00dfhandel"},"content":{"rendered":"<div class=\"wp-block-columns is-layout-flex wp-container-core-columns-is-layout-9d6595d7 wp-block-columns-is-layout-flex\"><div class=\"wp-block-column is-layout-flow wp-block-column-is-layout-flow\"><h2 class=\"wp-block-heading\">Produkt-Highlights von Bulk Gummibonbons<\/h2>\n\n<ul class=\"wp-block-list\"><li><strong>10g Packung zum Mitnehmen f\u00fcr unterwegs:<\/strong> Die 10g-Gummibonbons sind leicht und klein verpackt. Sie eignen sich zum Mitnehmen und erf\u00fcllen die Anforderungen verschiedener Situationen wie Ausgehen, B\u00fcro, Reisen usw.<\/li>\n\n<li><strong>Factory Direct Supply mit konkurrenzf\u00e4higem Preis:<\/strong> Unsere Fabrik liefert direkt Gro\u00dfhandel Gummibonbons entfernt Zwischenh\u00e4ndler, bietet Preisvorteile und hilft Kunden erh\u00f6hen Umsatz Gewinnspannen.<\/li>\n\n<li><strong>Gemischte Fr\u00fcchte in verschiedenen Geschmacksrichtungen: <\/strong>Unsere gro\u00dfvolumigen Gummibonbons haben eine Vielzahl von Fruchtgeschmackskombinationen, wie Erdbeere, Traube, Orange, Apfel usw., mit einem m\u00e4\u00dfig s\u00fc\u00dfen und sauren Geschmack und hellen Farben, die bei allen Altersgruppen beliebt sind.<\/li>\n\n<li><strong>Anpassbare Verpackung und Druck: <\/strong>Wir bieten OEM\/ODM-Kundenanpassungsdienste f\u00fcr den Gro\u00dfhandel mit Gummibonbons an und k\u00f6nnen Markenlogos, Muster, Geschmacksinformationen usw. aufdrucken, um verschiedene Markt- und Werbeanforderungen zu erf\u00fcllen.<\/li>\n\n<li><strong>Ideal f\u00fcr Einzelhandel, Werbung und Geschenke: <\/strong>Das kleine Verpackungsdesign dieser gro\u00dfvolumigen Gummibonbons eignet sich f\u00fcr den Verkauf in Convenience Stores, f\u00fcr Urlaubspromotionen oder als Snacks mit Geschenken. Sie ist flexibel und hat eine hohe Marktakzeptanz.<\/li><\/ul><\/div>\n\n<div class=\"wp-block-column is-layout-flow wp-block-column-is-layout-flow\"><figure class=\"wp-block-image size-full\"><img decoding=\"async\" width=\"750\" height=\"800\" src=\"https:\/\/www.lechaocandy.com\/wp-content\/uploads\/2025\/07\/LeChao-Bulk-Gummy-Sweets-Mix-Fruit-Gummy-Candy-Wholesale-2.webp\" alt=\"LeChao Bulk Gummibonbons, Mix Obst Gummibonbons Gro\u00dfhandel-2\" class=\"wp-image-1474\" srcset=\"https:\/\/www.lechaocandy.com\/wp-content\/uploads\/2025\/07\/LeChao-Bulk-Gummy-Sweets-Mix-Fruit-Gummy-Candy-Wholesale-2.webp 750w, https:\/\/www.lechaocandy.com\/wp-content\/uploads\/2025\/07\/LeChao-Bulk-Gummy-Sweets-Mix-Fruit-Gummy-Candy-Wholesale-2-281x300.webp 281w, https:\/\/www.lechaocandy.com\/wp-content\/uploads\/2025\/07\/LeChao-Bulk-Gummy-Sweets-Mix-Fruit-Gummy-Candy-Wholesale-2-11x12.webp 11w, https:\/\/www.lechaocandy.com\/wp-content\/uploads\/2025\/07\/LeChao-Bulk-Gummy-Sweets-Mix-Fruit-Gummy-Candy-Wholesale-2-600x640.webp 600w\" sizes=\"(max-width: 750px) 100vw, 750px\" \/><\/figure><\/div><\/div>","protected":false},"excerpt":{"rendered":"<p>Willkommen bei Bulk-Gummi-Bonbons zu kaufen. LeChao gemischte Fruchtgeschmack Gro\u00dfhandel Gummibonbons nimmt 10g tragbare kleine Verpackung Design, direkt von der Fabrik, erschwinglichen Preis verkauft und unterst\u00fctzt S\u00fc\u00dfigkeiten Verpackung Anpassung.<\/p>\n<table style=\"border-collapse: collapse; width: 329.02pt;\" border=\"0\" width=\"329\" cellspacing=\"0\" cellpadding=\"0\">\n<tbody>\n<tr style=\"height: 17.60pt;\">\n<td class=\"et2\" style=\"height: 17.60pt; width: 110.80pt;\" width=\"110\" height=\"17\">Hersteller<\/td>\n<td class=\"et2\" style=\"width: 219.15pt;\" width=\"219\">LeChao Bonbons<\/td>\n<\/tr>\n<tr style=\"height: 18.00pt;\">\n<td class=\"et2\" style=\"height: 18.00pt;\" height=\"18\">Produkttyp<\/td>\n<td class=\"et3\" style=\"width: 219.15pt;\" width=\"219\">Fruchtgummi-Bonbon<\/td>\n<\/tr>\n<tr style=\"height: 18.00pt;\">\n<td class=\"et2\" style=\"height: 18.00pt;\" height=\"18\">Geschmack<\/td>\n<td class=\"et3\" style=\"width: 219.15pt;\" width=\"219\">S\u00fc\u00df &amp; sauer &amp; widerstandsf\u00e4hig<\/td>\n<\/tr>\n<tr style=\"height: 17.60pt;\">\n<td class=\"et2\" style=\"height: 17.60pt;\" height=\"17\">Spezifikation<\/td>\n<td class=\"et2\">10gx24Taschenx24K\u00e4sten<\/td>\n<\/tr>\n<tr style=\"height: 17.60pt;\">\n<td class=\"et2\" style=\"height: 17.60pt;\" height=\"17\">Gr\u00f6\u00dfe des Kartons<\/td>\n<td class=\"et2\">37x33x29cm<\/td>\n<\/tr>\n<tr style=\"height: 17.60pt;\">\n<td class=\"et2\" style=\"height: 17.60pt;\" height=\"17\">N.W.\/Karton<\/td>\n<td class=\"et2\">7.0kg<\/td>\n<\/tr>\n<tr style=\"height: 17.60pt;\">\n<td class=\"et2\" style=\"height: 17.60pt;\" height=\"17\">Preis<\/td>\n<td class=\"et2\">26.5USD<\/td>\n<\/tr>\n<tr style=\"height: 17.60pt;\">\n<td class=\"et2\" style=\"height: 17.60pt;\" height=\"17\">MOQ<\/td>\n<td class=\"et2\">500CTNS<\/td>\n<\/tr>\n<tr style=\"height: 17.60pt;\">\n<td class=\"et2\" style=\"height: 17.60pt;\" height=\"17\">Muster<\/td>\n<td class=\"et2\">Verf\u00fcgbar<\/td>\n<\/tr>\n<\/tbody>\n<\/table>\n<p>&nbsp;<\/p>","protected":false},"featured_media":1473,"comment_status":"open","ping_status":"closed","template":"","meta":{"_acf_changed":false},"product_brand":[],"product_cat":[19],"product_tag":[],"class_list":{"0":"post-1472","1":"product","2":"type-product","3":"status-publish","4":"has-post-thumbnail","6":"product_cat-wholesale-gummy-manufacturer","8":"first","9":"instock","10":"shipping-taxable","11":"product-type-simple"},"acf":[],"_links":{"self":[{"href":"https:\/\/www.lechaocandy.com\/de\/wp-json\/wp\/v2\/product\/1472","targetHints":{"allow":["GET"]}}],"collection":[{"href":"https:\/\/www.lechaocandy.com\/de\/wp-json\/wp\/v2\/product"}],"about":[{"href":"https:\/\/www.lechaocandy.com\/de\/wp-json\/wp\/v2\/types\/product"}],"replies":[{"embeddable":true,"href":"https:\/\/www.lechaocandy.com\/de\/wp-json\/wp\/v2\/comments?post=1472"}],"wp:featuredmedia":[{"embeddable":true,"href":"https:\/\/www.lechaocandy.com\/de\/wp-json\/wp\/v2\/media\/1473"}],"wp:attachment":[{"href":"https:\/\/www.lechaocandy.com\/de\/wp-json\/wp\/v2\/media?parent=1472"}],"wp:term":[{"taxonomy":"product_brand","embeddable":true,"href":"https:\/\/www.lechaocandy.com\/de\/wp-json\/wp\/v2\/product_brand?post=1472"},{"taxonomy":"product_cat","embeddable":true,"href":"https:\/\/www.lechaocandy.com\/de\/wp-json\/wp\/v2\/product_cat?post=1472"},{"taxonomy":"product_tag","embeddable":true,"href":"https:\/\/www.lechaocandy.com\/de\/wp-json\/wp\/v2\/product_tag?post=1472"}],"curies":[{"name":"wp","href":"https:\/\/api.w.org\/{rel}","templated":true}]}}