{"id":1477,"date":"2025-07-21T07:48:33","date_gmt":"2025-07-21T07:48:33","guid":{"rendered":"https:\/\/www.lechaocandy.com\/?post_type=product&#038;p=1477"},"modified":"2025-07-21T07:55:41","modified_gmt":"2025-07-21T07:55:41","slug":"wholesale-gummy-sweets","status":"publish","type":"product","link":"https:\/\/www.lechaocandy.com\/de\/produkt\/wholesale-gummy-sweets\/","title":{"rendered":"LeChao Gro\u00dfhandel Gummibonbons, 3D Hamburger Gummibonbons"},"content":{"rendered":"<div class=\"wp-block-columns is-layout-flex wp-container-core-columns-is-layout-9d6595d7 wp-block-columns-is-layout-flex\"><div class=\"wp-block-column is-layout-flow wp-block-column-is-layout-flow\"><h2 class=\"wp-block-heading\">Produkt-Highlights des Gro\u00dfhandels Gummibonbons<\/h2>\n\n<ul class=\"wp-block-list\"><li><strong>Lustiges und realistisches 3D-Hamburger-Design: <\/strong>Diese Hamburger-Gummibonbons aus dem Gro\u00dfhandel haben eine innovative dreidimensionale Hamburgerform mit klaren Schichten und exquisiten Details. Sie sind sehr beliebt bei Kindern und jungen Verbrauchern und erh\u00f6hen den Spa\u00df und die Attraktivit\u00e4t des Produkts.<\/li>\n\n<li><strong>Fabrikdirektlieferung: <\/strong>Unsere Gummibonbons in loser Sch\u00fcttung werden direkt ab Werk verkauft, was die Beschaffungskosten senkt, die Produktqualit\u00e4t und eine stabile Lieferkapazit\u00e4t garantiert und sich f\u00fcr eine langfristige Zusammenarbeit mit dem Gro\u00dfhandel eignet.<\/li>\n\n<li><strong>Wettbewerbsf\u00e4hige Gro\u00dfhandelspreise: <\/strong>Wir bieten wettbewerbsf\u00e4hige Gro\u00dfhandelspreise f\u00fcr Gummibonbons, um unseren Kunden zu h\u00f6heren Gewinnspannen zu verhelfen, die f\u00fcr den Einzelhandel, die Werbung oder den Vertrieb \u00fcber Kan\u00e4le geeignet sind.<\/li>\n\n<li><strong>Anpassbare Verpackungsl\u00f6sungen:<\/strong> Unsere Gummibonbons in loser Sch\u00fcttung unterst\u00fctzen OEM\/ODM-Kundenanpassungsdienste und k\u00f6nnen Verpackungsdesign, Sprachetiketten, LOGO usw. entsprechend den Kundenanforderungen anpassen, um die Markenexklusivit\u00e4t zu erh\u00f6hen.<\/li>\n\n<li><strong>Perfekt f\u00fcr Geschenke, Partys und Werbeaktionen: <\/strong>Diese 3D-Hamburger-Gummibonbons f\u00fcr den Gro\u00dfhandel eignen sich f\u00fcr Weihnachtsgeschenkboxen, Kinderpartys, S\u00fc\u00dfigkeiten-Blindboxen und andere Szenarien, um den Mehrwert und die Marktvielfalt zu erh\u00f6hen.<\/li><\/ul><\/div>\n\n<div class=\"wp-block-column is-layout-flow wp-block-column-is-layout-flow\"><figure class=\"wp-block-image size-full\"><img decoding=\"async\" width=\"800\" height=\"800\" src=\"https:\/\/www.lechaocandy.com\/wp-content\/uploads\/2025\/07\/LeChao-Wholesale-Gummy-Sweets-3D-Hamburger-Gummy-Candy-3.webp\" alt=\"LeChao Gro\u00dfhandel Gummibonbons, 3D Hamburger Gummibonbons-3\" class=\"wp-image-1480\" srcset=\"https:\/\/www.lechaocandy.com\/wp-content\/uploads\/2025\/07\/LeChao-Wholesale-Gummy-Sweets-3D-Hamburger-Gummy-Candy-3.webp 800w, https:\/\/www.lechaocandy.com\/wp-content\/uploads\/2025\/07\/LeChao-Wholesale-Gummy-Sweets-3D-Hamburger-Gummy-Candy-3-300x300.webp 300w, https:\/\/www.lechaocandy.com\/wp-content\/uploads\/2025\/07\/LeChao-Wholesale-Gummy-Sweets-3D-Hamburger-Gummy-Candy-3-150x150.webp 150w, https:\/\/www.lechaocandy.com\/wp-content\/uploads\/2025\/07\/LeChao-Wholesale-Gummy-Sweets-3D-Hamburger-Gummy-Candy-3-768x768.webp 768w, https:\/\/www.lechaocandy.com\/wp-content\/uploads\/2025\/07\/LeChao-Wholesale-Gummy-Sweets-3D-Hamburger-Gummy-Candy-3-12x12.webp 12w, https:\/\/www.lechaocandy.com\/wp-content\/uploads\/2025\/07\/LeChao-Wholesale-Gummy-Sweets-3D-Hamburger-Gummy-Candy-3-600x600.webp 600w, https:\/\/www.lechaocandy.com\/wp-content\/uploads\/2025\/07\/LeChao-Wholesale-Gummy-Sweets-3D-Hamburger-Gummy-Candy-3-100x100.webp 100w\" sizes=\"(max-width: 800px) 100vw, 800px\" \/><\/figure><\/div><\/div>","protected":false},"excerpt":{"rendered":"<p>Willkommen zum Kauf Gro\u00dfhandel Gummibonbons. LeChao 3D Hamburger-f\u00f6rmigen Gummibonbons in loser Sch\u00fcttung hat eine dreidimensionale geschichtete Struktur und ist voller Spa\u00df. Unsere weichen S\u00fc\u00dfigkeiten ist Fabrik-direkt zu einem wettbewerbsf\u00e4higen Preis verkauft.<\/p>\n<table style=\"border-collapse: collapse; width: 329.02pt;\" border=\"0\" width=\"329\" cellspacing=\"0\" cellpadding=\"0\">\n<tbody>\n<tr style=\"height: 17.60pt;\">\n<td class=\"et2\" style=\"height: 17.60pt; width: 110.80pt;\" width=\"110\" height=\"17\">Hersteller<\/td>\n<td class=\"et2\" style=\"width: 219.15pt;\" width=\"219\">LeChao Bonbons<\/td>\n<\/tr>\n<tr style=\"height: 18.00pt;\">\n<td class=\"et2\" style=\"height: 18.00pt;\" height=\"18\">Produkttyp<\/td>\n<td class=\"et3\" style=\"width: 219.15pt;\" width=\"219\">3D Hamburger Gummibonbon<\/td>\n<\/tr>\n<tr style=\"height: 18.00pt;\">\n<td class=\"et2\" style=\"height: 18.00pt;\" height=\"18\">Geschmack<\/td>\n<td class=\"et3\" style=\"width: 219.15pt;\" width=\"219\">S\u00fc\u00df &amp; sauer &amp; widerstandsf\u00e4hig<\/td>\n<\/tr>\n<tr style=\"height: 17.60pt;\">\n<td class=\"et2\" style=\"height: 17.60pt;\" height=\"17\">Spezifikation<\/td>\n<td class=\"et2\">22gX20TaschenX12K\u00e4sten<\/td>\n<\/tr>\n<tr style=\"height: 17.60pt;\">\n<td class=\"et2\" style=\"height: 17.60pt;\" height=\"17\">Gr\u00f6\u00dfe des Kartons<\/td>\n<td class=\"et2\">39.5X31.5X31cm<\/td>\n<\/tr>\n<tr style=\"height: 17.60pt;\">\n<td class=\"et2\" style=\"height: 17.60pt;\" height=\"17\">N.W.\/Karton<\/td>\n<td class=\"et2\">8,3 kg<\/td>\n<\/tr>\n<tr style=\"height: 17.60pt;\">\n<td class=\"et2\" style=\"height: 17.60pt;\" height=\"17\">Preis<\/td>\n<td class=\"et2\">0,1-0,12USD\/pro Beutel<\/td>\n<\/tr>\n<tr style=\"height: 17.60pt;\">\n<td class=\"et2\" style=\"height: 17.60pt;\" height=\"17\">MOQ<\/td>\n<td class=\"et2\">1000CTNS<\/td>\n<\/tr>\n<tr style=\"height: 17.60pt;\">\n<td class=\"et2\" style=\"height: 17.60pt;\" height=\"17\">Muster<\/td>\n<td class=\"et2\">Verf\u00fcgbar<\/td>\n<\/tr>\n<\/tbody>\n<\/table>\n<p>&nbsp;<\/p>","protected":false},"featured_media":1479,"comment_status":"open","ping_status":"closed","template":"","meta":{"_acf_changed":false},"product_brand":[],"product_cat":[24,19],"product_tag":[],"class_list":{"0":"post-1477","1":"product","2":"type-product","3":"status-publish","4":"has-post-thumbnail","6":"product_cat-3d-gummy-candy-manufacturer","7":"product_cat-wholesale-gummy-manufacturer","9":"first","10":"instock","11":"shipping-taxable","12":"product-type-simple"},"acf":[],"_links":{"self":[{"href":"https:\/\/www.lechaocandy.com\/de\/wp-json\/wp\/v2\/product\/1477","targetHints":{"allow":["GET"]}}],"collection":[{"href":"https:\/\/www.lechaocandy.com\/de\/wp-json\/wp\/v2\/product"}],"about":[{"href":"https:\/\/www.lechaocandy.com\/de\/wp-json\/wp\/v2\/types\/product"}],"replies":[{"embeddable":true,"href":"https:\/\/www.lechaocandy.com\/de\/wp-json\/wp\/v2\/comments?post=1477"}],"wp:featuredmedia":[{"embeddable":true,"href":"https:\/\/www.lechaocandy.com\/de\/wp-json\/wp\/v2\/media\/1479"}],"wp:attachment":[{"href":"https:\/\/www.lechaocandy.com\/de\/wp-json\/wp\/v2\/media?parent=1477"}],"wp:term":[{"taxonomy":"product_brand","embeddable":true,"href":"https:\/\/www.lechaocandy.com\/de\/wp-json\/wp\/v2\/product_brand?post=1477"},{"taxonomy":"product_cat","embeddable":true,"href":"https:\/\/www.lechaocandy.com\/de\/wp-json\/wp\/v2\/product_cat?post=1477"},{"taxonomy":"product_tag","embeddable":true,"href":"https:\/\/www.lechaocandy.com\/de\/wp-json\/wp\/v2\/product_tag?post=1477"}],"curies":[{"name":"wp","href":"https:\/\/api.w.org\/{rel}","templated":true}]}}