{"id":1482,"date":"2025-07-21T08:02:12","date_gmt":"2025-07-21T08:02:12","guid":{"rendered":"https:\/\/www.lechaocandy.com\/?post_type=product&#038;p=1482"},"modified":"2025-07-21T08:09:31","modified_gmt":"2025-07-21T08:09:31","slug":"gummy-sweets-wholesale","status":"publish","type":"product","link":"https:\/\/www.lechaocandy.com\/de\/produkt\/gummy-sweets-wholesale\/","title":{"rendered":"LeChao 3D\/4D Gummibonbons Gro\u00dfhandel, Gummibonbons Cupcakes Bulk"},"content":{"rendered":"<div class=\"wp-block-columns is-layout-flex wp-container-core-columns-is-layout-9d6595d7 wp-block-columns-is-layout-flex\"><div class=\"wp-block-column is-layout-flow wp-block-column-is-layout-flow\"><h2 class=\"wp-block-heading\">Produkt-Highlights von Gummibonbons Gro\u00dfhandel<\/h2>\n\n<ul class=\"wp-block-list\"><li><strong>Bezaubernde 3D\/4D Cupcake-Formen: <\/strong>Diese 3D\/4D-Gummibonbons im Gro\u00dfhandel haben kreative Cupcake-Formen, klare Schichten, leuchtende Farben und eine hohe Simulation, die bei Kindern und jungen Verbrauchern sehr beliebt sind.<\/li>\n\n<li><strong>Leuchtende Farben und lustige Pr\u00e4sentation:<\/strong> Unsere gummiartigen Cupcakes in loser Sch\u00fcttung haben eine Vielzahl von Farbkombinationen, ein auff\u00e4lliges Erscheinungsbild und erh\u00f6hen die Attraktivit\u00e4t der Regale, was sich sehr gut f\u00fcr den Einzelhandel, f\u00fcr Blindpackungen und f\u00fcr Produktlinien mit Urlaubsthemen eignet.<\/li>\n\n<li><strong>Praktische 60g Packungsgr\u00f6\u00dfe: <\/strong>Diese 3D\/4D-Gummibonbons im Gro\u00dfhandel sind in 60g-Beuteln verpackt und eignen sich f\u00fcr praktische Snack-Szenen oder zum Verschenken.<\/li>\n\n<li><strong>Fabrikdirekte wettbewerbsf\u00e4hige Preisgestaltung: <\/strong>Unsere gummiartigen Cupcakes in loser Sch\u00fcttung werden in der Fabrik direkt verkauft, wodurch der Zwischenhandel entf\u00e4llt, sehr wettbewerbsf\u00e4hige Gro\u00dfhandelspreise angeboten werden und eine stabile Versorgung gew\u00e4hrleistet wird.<\/li>\n\n<li><strong>Kundenspezifisches Branding verf\u00fcgbar: <\/strong>Wir k\u00f6nnen ma\u00dfgeschneiderte Verpackungsdienstleistungen f\u00fcr den Gro\u00dfhandel mit Gummibonbons anbieten, einschlie\u00dflich LOGO-Druck, Musterdesign, Sprachetiketten usw., um die Markenanforderungen verschiedener M\u00e4rkte zu erf\u00fcllen.<\/li><\/ul><\/div>\n\n<div class=\"wp-block-column is-layout-flow wp-block-column-is-layout-flow\"><figure class=\"wp-block-image size-full\"><img decoding=\"async\" width=\"800\" height=\"800\" src=\"https:\/\/www.lechaocandy.com\/wp-content\/uploads\/2025\/07\/LeChao-3D4D-Gummy-Sweets-Wholesale-Gummy-Cupcakes-Bulk-2.webp\" alt=\"LeChao 3D:4D Gummibonbons Gro\u00dfhandel, Gummibonbons Cupcakes Bulk-2\" class=\"wp-image-1484\" srcset=\"https:\/\/www.lechaocandy.com\/wp-content\/uploads\/2025\/07\/LeChao-3D4D-Gummy-Sweets-Wholesale-Gummy-Cupcakes-Bulk-2.webp 800w, https:\/\/www.lechaocandy.com\/wp-content\/uploads\/2025\/07\/LeChao-3D4D-Gummy-Sweets-Wholesale-Gummy-Cupcakes-Bulk-2-300x300.webp 300w, https:\/\/www.lechaocandy.com\/wp-content\/uploads\/2025\/07\/LeChao-3D4D-Gummy-Sweets-Wholesale-Gummy-Cupcakes-Bulk-2-150x150.webp 150w, https:\/\/www.lechaocandy.com\/wp-content\/uploads\/2025\/07\/LeChao-3D4D-Gummy-Sweets-Wholesale-Gummy-Cupcakes-Bulk-2-768x768.webp 768w, https:\/\/www.lechaocandy.com\/wp-content\/uploads\/2025\/07\/LeChao-3D4D-Gummy-Sweets-Wholesale-Gummy-Cupcakes-Bulk-2-12x12.webp 12w, https:\/\/www.lechaocandy.com\/wp-content\/uploads\/2025\/07\/LeChao-3D4D-Gummy-Sweets-Wholesale-Gummy-Cupcakes-Bulk-2-600x600.webp 600w, https:\/\/www.lechaocandy.com\/wp-content\/uploads\/2025\/07\/LeChao-3D4D-Gummy-Sweets-Wholesale-Gummy-Cupcakes-Bulk-2-100x100.webp 100w\" sizes=\"(max-width: 800px) 100vw, 800px\" \/><\/figure><\/div><\/div>","protected":false},"excerpt":{"rendered":"<p>Willkommen zum Kauf 3D\/4D Gummibonbons Gro\u00dfhandel. LeChao's gummy cupcakes bulk sind klein und niedlich mit reichen Farben. Jeder Beutel ist 60g einzeln verpackt, geeignet f\u00fcr den Einzelhandel Display, Geschenk passend oder Kinder Snack Kan\u00e4le. Fabrik Direktvertrieb, erschwingliche Preise.<\/p>\n<table style=\"border-collapse: collapse; width: 329.02pt;\" border=\"0\" width=\"329\" cellspacing=\"0\" cellpadding=\"0\">\n<tbody>\n<tr style=\"height: 17.60pt;\">\n<td class=\"et2\" style=\"height: 17.60pt; width: 110.80pt;\" width=\"110\" height=\"17\">Hersteller<\/td>\n<td class=\"et2\" style=\"width: 219.15pt;\" width=\"219\">LeChao Bonbons<\/td>\n<\/tr>\n<tr style=\"height: 18.00pt;\">\n<td class=\"et2\" style=\"height: 18.00pt;\" height=\"18\">Produkttyp<\/td>\n<td class=\"et3\" style=\"width: 219.15pt;\" width=\"219\">3D-Gummi-Cupcake<\/td>\n<\/tr>\n<tr style=\"height: 18.00pt;\">\n<td class=\"et2\" style=\"height: 18.00pt;\" height=\"18\">Geschmack<\/td>\n<td class=\"et3\" style=\"width: 219.15pt;\" width=\"219\">S\u00fc\u00df &amp; sauer &amp; widerstandsf\u00e4hig<\/td>\n<\/tr>\n<tr style=\"height: 17.60pt;\">\n<td class=\"et2\" style=\"height: 17.60pt;\" height=\"17\">Spezifikation<\/td>\n<td class=\"et2\">60gX10BeutelX6Kartons<\/td>\n<\/tr>\n<tr style=\"height: 17.60pt;\">\n<td class=\"et2\" style=\"height: 17.60pt;\" height=\"17\">Gr\u00f6\u00dfe des Kartons<\/td>\n<td class=\"et2\">36,5X22X33,5cm<\/td>\n<\/tr>\n<tr style=\"height: 17.60pt;\">\n<td class=\"et2\" style=\"height: 17.60pt;\" height=\"17\">N.W.\/Karton<\/td>\n<td class=\"et2\">5,8 kg<\/td>\n<\/tr>\n<tr style=\"height: 17.60pt;\">\n<td class=\"et2\" style=\"height: 17.60pt;\" height=\"17\">Preis<\/td>\n<td class=\"et2\">0,3-0,33USD\/pro Beutel<\/td>\n<\/tr>\n<tr style=\"height: 17.60pt;\">\n<td class=\"et2\" style=\"height: 17.60pt;\" height=\"17\">MOQ<\/td>\n<td class=\"et2\">800CTNS<\/td>\n<\/tr>\n<tr style=\"height: 17.60pt;\">\n<td class=\"et2\" style=\"height: 17.60pt;\" height=\"17\">Muster<\/td>\n<td class=\"et2\">Verf\u00fcgbar<\/td>\n<\/tr>\n<\/tbody>\n<\/table>\n<p>&nbsp;<\/p>","protected":false},"featured_media":1485,"comment_status":"open","ping_status":"closed","template":"","meta":{"_acf_changed":false},"product_brand":[],"product_cat":[24,19],"product_tag":[],"class_list":{"0":"post-1482","1":"product","2":"type-product","3":"status-publish","4":"has-post-thumbnail","6":"product_cat-3d-gummy-candy-manufacturer","7":"product_cat-wholesale-gummy-manufacturer","9":"first","10":"instock","11":"shipping-taxable","12":"product-type-simple"},"acf":[],"_links":{"self":[{"href":"https:\/\/www.lechaocandy.com\/de\/wp-json\/wp\/v2\/product\/1482","targetHints":{"allow":["GET"]}}],"collection":[{"href":"https:\/\/www.lechaocandy.com\/de\/wp-json\/wp\/v2\/product"}],"about":[{"href":"https:\/\/www.lechaocandy.com\/de\/wp-json\/wp\/v2\/types\/product"}],"replies":[{"embeddable":true,"href":"https:\/\/www.lechaocandy.com\/de\/wp-json\/wp\/v2\/comments?post=1482"}],"wp:featuredmedia":[{"embeddable":true,"href":"https:\/\/www.lechaocandy.com\/de\/wp-json\/wp\/v2\/media\/1485"}],"wp:attachment":[{"href":"https:\/\/www.lechaocandy.com\/de\/wp-json\/wp\/v2\/media?parent=1482"}],"wp:term":[{"taxonomy":"product_brand","embeddable":true,"href":"https:\/\/www.lechaocandy.com\/de\/wp-json\/wp\/v2\/product_brand?post=1482"},{"taxonomy":"product_cat","embeddable":true,"href":"https:\/\/www.lechaocandy.com\/de\/wp-json\/wp\/v2\/product_cat?post=1482"},{"taxonomy":"product_tag","embeddable":true,"href":"https:\/\/www.lechaocandy.com\/de\/wp-json\/wp\/v2\/product_tag?post=1482"}],"curies":[{"name":"wp","href":"https:\/\/api.w.org\/{rel}","templated":true}]}}