{"id":1517,"date":"2025-07-30T06:33:24","date_gmt":"2025-07-30T06:33:24","guid":{"rendered":"https:\/\/www.lechaocandy.com\/?post_type=product&#038;p=1517"},"modified":"2025-07-30T06:45:45","modified_gmt":"2025-07-30T06:45:45","slug":"jelly-sweets-wholesale","status":"publish","type":"product","link":"https:\/\/www.lechaocandy.com\/de\/produkt\/jelly-sweets-wholesale\/","title":{"rendered":"Fr\u00fchlingshafte Gelee-Bonbons Gro\u00dfhandel, LeChao Gummi-Tausendf\u00fc\u00dfler Bulk"},"content":{"rendered":"<div class=\"wp-block-columns is-layout-flex wp-container-core-columns-is-layout-9d6595d7 wp-block-columns-is-layout-flex\"><div class=\"wp-block-column is-layout-flow wp-block-column-is-layout-flow\"><h2 class=\"wp-block-heading\">Produkt-Highlights von Centipede Jelly Sweets Gro\u00dfhandel<\/h2>\n\n<ul class=\"wp-block-list\"><li><strong>Lustige Tausendf\u00fc\u00dflerform: <\/strong>Diese Geleebonbons im Gro\u00dfhandel haben die Form eines Tausendf\u00fc\u00dflers, was sie lustig und attraktiv macht.<\/li>\n\n<li><strong>Kaum sp\u00fcrbare Textur: <\/strong>Unsere Tausendf\u00fc\u00dfler-Gummibonbons f\u00fcr den Gro\u00dfhandel haben eine z\u00e4he Textur, so dass sie bei jedem Biss ein befriedigendes Kaugef\u00fchl vermitteln und f\u00fcr Menschen jeden Alters geeignet sind.<\/li>\n\n<li><strong>Lebendige Farben: <\/strong>Unsere Gelee-Bonbons im Gro\u00dfhandel sind in leuchtenden Farben gehalten, haben eine hervorragende optische Wirkung und sind ein echter Blickfang, der den Verbrauchern mehr Abwechslung und Spa\u00df bietet.<\/li>\n\n<li><strong>Einzelverpackung: <\/strong>Diese Gummibonbons in Form eines Tausendf\u00fc\u00dflers sind einzeln verpackt und k\u00f6nnen so jederzeit genossen werden - perfekt f\u00fcr den Einzelhandel, Partys und Reisen.<\/li>\n\n<li><strong>Gro\u00dfhandelspackung:<\/strong> Wir bieten einen Gro\u00dfhandelseinkauf f\u00fcr Geleebonbons an, ideal f\u00fcr Gro\u00dfeink\u00e4ufe. Die Verpackungsspezifikationen von 20 g pro Beutel und 20 Beuteln pro Karton entsprechen den Bed\u00fcrfnissen von Gro\u00df- und Einzelh\u00e4ndlern.<\/li><\/ul><\/div>\n\n<div class=\"wp-block-column is-layout-flow wp-block-column-is-layout-flow\"><figure class=\"wp-block-image size-full\"><img decoding=\"async\" width=\"800\" height=\"800\" src=\"https:\/\/www.lechaocandy.com\/wp-content\/uploads\/2025\/07\/Springy-Jelly-Sweets-Wholesale-LeChao-Gummy-Centipedes-Bulk-3.webp\" alt=\"Fr\u00fchlingshafte Gelee-Bonbons Gro\u00dfhandel, LeChao Gummi-Tausendf\u00fc\u00dfler Bulk-3\" class=\"wp-image-1520\" srcset=\"https:\/\/www.lechaocandy.com\/wp-content\/uploads\/2025\/07\/Springy-Jelly-Sweets-Wholesale-LeChao-Gummy-Centipedes-Bulk-3.webp 800w, https:\/\/www.lechaocandy.com\/wp-content\/uploads\/2025\/07\/Springy-Jelly-Sweets-Wholesale-LeChao-Gummy-Centipedes-Bulk-3-300x300.webp 300w, https:\/\/www.lechaocandy.com\/wp-content\/uploads\/2025\/07\/Springy-Jelly-Sweets-Wholesale-LeChao-Gummy-Centipedes-Bulk-3-150x150.webp 150w, https:\/\/www.lechaocandy.com\/wp-content\/uploads\/2025\/07\/Springy-Jelly-Sweets-Wholesale-LeChao-Gummy-Centipedes-Bulk-3-768x768.webp 768w, https:\/\/www.lechaocandy.com\/wp-content\/uploads\/2025\/07\/Springy-Jelly-Sweets-Wholesale-LeChao-Gummy-Centipedes-Bulk-3-12x12.webp 12w, https:\/\/www.lechaocandy.com\/wp-content\/uploads\/2025\/07\/Springy-Jelly-Sweets-Wholesale-LeChao-Gummy-Centipedes-Bulk-3-600x600.webp 600w, https:\/\/www.lechaocandy.com\/wp-content\/uploads\/2025\/07\/Springy-Jelly-Sweets-Wholesale-LeChao-Gummy-Centipedes-Bulk-3-100x100.webp 100w\" sizes=\"(max-width: 800px) 100vw, 800px\" \/><\/figure><\/div><\/div>","protected":false},"excerpt":{"rendered":"<p>Willkommen zum Kauf Gro\u00dfhandel Gummibonbons. Unsere Tausendf\u00fc\u00dfler-f\u00f6rmigen Gummibonbons im Gro\u00dfhandel sind bunt, lustig und kaubar. Sie sind einzeln verpackt, so dass sie leicht zu tragen und zu teilen.<\/p>\n<table style=\"border-collapse: collapse; width: 329.02pt;\" border=\"0\" width=\"329\" cellspacing=\"0\" cellpadding=\"0\">\n<tbody>\n<tr style=\"height: 17.60pt;\">\n<td class=\"et2\" style=\"height: 17.60pt; width: 110.80pt;\" width=\"110\" height=\"17\">Hersteller<\/td>\n<td class=\"et2\" style=\"width: 219.15pt;\" width=\"219\">LeChao Bonbons<\/td>\n<\/tr>\n<tr style=\"height: 18.00pt;\">\n<td class=\"et2\" style=\"height: 18.00pt;\" height=\"18\">Produkttyp<\/td>\n<td class=\"et3\" style=\"width: 219.15pt;\" width=\"219\">Tausendf\u00fc\u00dfler Gummibonbon<\/td>\n<\/tr>\n<tr style=\"height: 18.00pt;\">\n<td class=\"et2\" style=\"height: 18.00pt;\" height=\"18\">Geschmack<\/td>\n<td class=\"et3\" style=\"width: 219.15pt;\" width=\"219\">S\u00fc\u00df &amp; sauer &amp; widerstandsf\u00e4hig<\/td>\n<\/tr>\n<tr style=\"height: 17.60pt;\">\n<td class=\"et2\" style=\"height: 17.60pt;\" height=\"17\">Spezifikation<\/td>\n<td class=\"et2\">28g*30St\u00fcck*6Karton<\/td>\n<\/tr>\n<tr style=\"height: 17.60pt;\">\n<td class=\"et2\" style=\"height: 17.60pt;\" height=\"17\">Gr\u00f6\u00dfe des Kartons<\/td>\n<td class=\"et2\">50,5*29*18,5cm<\/td>\n<\/tr>\n<tr style=\"height: 17.60pt;\">\n<td class=\"et2\" style=\"height: 17.60pt;\" height=\"17\">N.W.\/Karton<\/td>\n<td class=\"et2\">6,23 kg<\/td>\n<\/tr>\n<tr style=\"height: 17.60pt;\">\n<td class=\"et2\" style=\"height: 17.60pt;\" height=\"17\">Muster<\/td>\n<td class=\"et2\">Verf\u00fcgbar<\/td>\n<\/tr>\n<\/tbody>\n<\/table>\n<p>&nbsp;<\/p>","protected":false},"featured_media":1519,"comment_status":"open","ping_status":"closed","template":"","meta":{"_acf_changed":false},"product_brand":[],"product_cat":[19],"product_tag":[],"class_list":{"0":"post-1517","1":"product","2":"type-product","3":"status-publish","4":"has-post-thumbnail","6":"product_cat-wholesale-gummy-manufacturer","8":"first","9":"instock","10":"shipping-taxable","11":"product-type-simple"},"acf":[],"_links":{"self":[{"href":"https:\/\/www.lechaocandy.com\/de\/wp-json\/wp\/v2\/product\/1517","targetHints":{"allow":["GET"]}}],"collection":[{"href":"https:\/\/www.lechaocandy.com\/de\/wp-json\/wp\/v2\/product"}],"about":[{"href":"https:\/\/www.lechaocandy.com\/de\/wp-json\/wp\/v2\/types\/product"}],"replies":[{"embeddable":true,"href":"https:\/\/www.lechaocandy.com\/de\/wp-json\/wp\/v2\/comments?post=1517"}],"wp:featuredmedia":[{"embeddable":true,"href":"https:\/\/www.lechaocandy.com\/de\/wp-json\/wp\/v2\/media\/1519"}],"wp:attachment":[{"href":"https:\/\/www.lechaocandy.com\/de\/wp-json\/wp\/v2\/media?parent=1517"}],"wp:term":[{"taxonomy":"product_brand","embeddable":true,"href":"https:\/\/www.lechaocandy.com\/de\/wp-json\/wp\/v2\/product_brand?post=1517"},{"taxonomy":"product_cat","embeddable":true,"href":"https:\/\/www.lechaocandy.com\/de\/wp-json\/wp\/v2\/product_cat?post=1517"},{"taxonomy":"product_tag","embeddable":true,"href":"https:\/\/www.lechaocandy.com\/de\/wp-json\/wp\/v2\/product_tag?post=1517"}],"curies":[{"name":"wp","href":"https:\/\/api.w.org\/{rel}","templated":true}]}}