{"id":1528,"date":"2025-07-30T07:13:57","date_gmt":"2025-07-30T07:13:57","guid":{"rendered":"https:\/\/www.lechaocandy.com\/?post_type=product&#038;p=1528"},"modified":"2025-07-30T07:27:04","modified_gmt":"2025-07-30T07:27:04","slug":"wholesale-gummy-bears","status":"publish","type":"product","link":"https:\/\/www.lechaocandy.com\/de\/produkt\/wholesale-gummy-bears\/","title":{"rendered":"LeChao Gro\u00dfhandel Gummib\u00e4rchen, Bouncy Gummibonbons Bulk"},"content":{"rendered":"<div class=\"wp-block-columns is-layout-flex wp-container-core-columns-is-layout-9d6595d7 wp-block-columns-is-layout-flex\"><div class=\"wp-block-column is-layout-flow wp-block-column-is-layout-flow\"><h2 class=\"wp-block-heading\">Produkt-Highlights des Gro\u00dfhandels Gummib\u00e4rchen<\/h2>\n\n<ul class=\"wp-block-list\"><li><strong>Klassisches Design in B\u00e4renform:<\/strong> Diese Gro\u00dfhandelsgummib\u00e4rchen haben eine klassische Form, die sowohl bei Kindern als auch bei Erwachsenen sehr gefragt und beliebt ist, was das Produkt interessanter und attraktiver macht.<\/li>\n\n<li><strong>Mehrere Fruchtgeschmacksrichtungen: <\/strong>Unsere gro\u00dfen Gummib\u00e4rchen gibt es in verschiedenen Fruchtgeschmacksrichtungen, um den unterschiedlichen Vorlieben der Verbraucher gerecht zu werden, und jeder Bissen ist mit nat\u00fcrlichem Fruchtaroma gef\u00fcllt.<\/li>\n\n<li><strong>Lebendige Farben: <\/strong>Diese Gro\u00dfhandelsgummib\u00e4rchen gibt es in vielen leuchtenden Farben, hell und auff\u00e4llig, was sie zu einer guten Wahl f\u00fcr Partys und Veranstaltungen macht.<\/li>\n\n<li><strong>Kaum sp\u00fcrbare Textur: <\/strong>Unsere gro\u00dfen Gummib\u00e4rchen haben eine z\u00e4he Textur, die einen befriedigenden Biss und ein lang anhaltendes s\u00fc\u00dfes Erlebnis bietet und jedes einzelne unwiderstehlich macht.<\/li>\n\n<li><strong>Verpackung f\u00fcr den Gro\u00dfhandel: <\/strong>Wir bieten Gro\u00dfhandels- und Gro\u00dfmengenverpackungen f\u00fcr unsere Gummib\u00e4rchen an, die es Einzelh\u00e4ndlern, Partyplanern und Eventmanagern erm\u00f6glichen, in gro\u00dfen Mengen zu kaufen, um unterschiedliche Bed\u00fcrfnisse zu erf\u00fcllen.<\/li><\/ul><\/div>\n\n<div class=\"wp-block-column is-layout-flow wp-block-column-is-layout-flow\"><figure class=\"wp-block-image size-full\"><img decoding=\"async\" width=\"800\" height=\"800\" src=\"https:\/\/www.lechaocandy.com\/wp-content\/uploads\/2025\/07\/LeChao-Wholesale-Gummy-Bears-Bouncy-Gummy-Candy-Bulk-1.webp\" alt=\"LeChao Gro\u00dfhandel Gummib\u00e4rchen, Bouncy Gummibonbons Bulk-1\" class=\"wp-image-1529\" srcset=\"https:\/\/www.lechaocandy.com\/wp-content\/uploads\/2025\/07\/LeChao-Wholesale-Gummy-Bears-Bouncy-Gummy-Candy-Bulk-1.webp 800w, https:\/\/www.lechaocandy.com\/wp-content\/uploads\/2025\/07\/LeChao-Wholesale-Gummy-Bears-Bouncy-Gummy-Candy-Bulk-1-300x300.webp 300w, https:\/\/www.lechaocandy.com\/wp-content\/uploads\/2025\/07\/LeChao-Wholesale-Gummy-Bears-Bouncy-Gummy-Candy-Bulk-1-150x150.webp 150w, https:\/\/www.lechaocandy.com\/wp-content\/uploads\/2025\/07\/LeChao-Wholesale-Gummy-Bears-Bouncy-Gummy-Candy-Bulk-1-768x768.webp 768w, https:\/\/www.lechaocandy.com\/wp-content\/uploads\/2025\/07\/LeChao-Wholesale-Gummy-Bears-Bouncy-Gummy-Candy-Bulk-1-12x12.webp 12w, https:\/\/www.lechaocandy.com\/wp-content\/uploads\/2025\/07\/LeChao-Wholesale-Gummy-Bears-Bouncy-Gummy-Candy-Bulk-1-600x600.webp 600w, https:\/\/www.lechaocandy.com\/wp-content\/uploads\/2025\/07\/LeChao-Wholesale-Gummy-Bears-Bouncy-Gummy-Candy-Bulk-1-100x100.webp 100w\" sizes=\"(max-width: 800px) 100vw, 800px\" \/><\/figure><\/div><\/div>","protected":false},"excerpt":{"rendered":"<p>Willkommen im Gro\u00dfhandel Gummib\u00e4rchen zu kaufen. Diese klassischen Gummib\u00e4rchen mit Fruchtgeschmack in loser Sch\u00fcttung sind bunt, kaubar und haben einen nat\u00fcrlichen Fruchtgeschmack. Kundenspezifische Verpackungsoptionen sind verf\u00fcgbar.<\/p>\n<table style=\"border-collapse: collapse; width: 329.02pt;\" border=\"0\" width=\"329\" cellspacing=\"0\" cellpadding=\"0\">\n<tbody>\n<tr style=\"height: 17.60pt;\">\n<td class=\"et2\" style=\"height: 17.60pt; width: 110.80pt;\" width=\"110\" height=\"17\">Hersteller<\/td>\n<td class=\"et2\" style=\"width: 219.15pt;\" width=\"219\">LeChao Bonbons<\/td>\n<\/tr>\n<tr style=\"height: 18.00pt;\">\n<td class=\"et2\" style=\"height: 18.00pt;\" height=\"18\">Produkttyp<\/td>\n<td class=\"et3\" style=\"width: 219.15pt;\" width=\"219\">Gummib\u00e4rchen-Bonbons<\/td>\n<\/tr>\n<tr style=\"height: 18.00pt;\">\n<td class=\"et2\" style=\"height: 18.00pt;\" height=\"18\">Geschmack<\/td>\n<td class=\"et3\" style=\"width: 219.15pt;\" width=\"219\">S\u00fc\u00df &amp; sauer &amp; widerstandsf\u00e4hig<\/td>\n<\/tr>\n<tr style=\"height: 17.60pt;\">\n<td class=\"et2\" style=\"height: 17.60pt;\" height=\"17\">Spezifikation<\/td>\n<td class=\"et2\">100gx80Beutel<\/td>\n<\/tr>\n<tr style=\"height: 17.60pt;\">\n<td class=\"et2\" style=\"height: 17.60pt;\" height=\"17\">Gr\u00f6\u00dfe des Kartons<\/td>\n<td class=\"et2\">38*33*14cm<\/td>\n<\/tr>\n<tr style=\"height: 17.60pt;\">\n<td class=\"et2\" style=\"height: 17.60pt;\" height=\"17\">N.W.\/Karton<\/td>\n<td class=\"et2\">12.0kg<\/td>\n<\/tr>\n<tr style=\"height: 17.60pt;\">\n<td class=\"et2\" style=\"height: 17.60pt;\" height=\"17\">MOQ<\/td>\n<td class=\"et2\">500CTNS<\/td>\n<\/tr>\n<tr style=\"height: 17.60pt;\">\n<td class=\"et2\" style=\"height: 17.60pt;\" height=\"17\">Muster<\/td>\n<td class=\"et2\">Verf\u00fcgbar<\/td>\n<\/tr>\n<\/tbody>\n<\/table>\n<p>&nbsp;<\/p>","protected":false},"featured_media":1530,"comment_status":"open","ping_status":"closed","template":"","meta":{"_acf_changed":false},"product_brand":[],"product_cat":[19],"product_tag":[],"class_list":{"0":"post-1528","1":"product","2":"type-product","3":"status-publish","4":"has-post-thumbnail","6":"product_cat-wholesale-gummy-manufacturer","8":"first","9":"instock","10":"shipping-taxable","11":"product-type-simple"},"acf":[],"_links":{"self":[{"href":"https:\/\/www.lechaocandy.com\/de\/wp-json\/wp\/v2\/product\/1528","targetHints":{"allow":["GET"]}}],"collection":[{"href":"https:\/\/www.lechaocandy.com\/de\/wp-json\/wp\/v2\/product"}],"about":[{"href":"https:\/\/www.lechaocandy.com\/de\/wp-json\/wp\/v2\/types\/product"}],"replies":[{"embeddable":true,"href":"https:\/\/www.lechaocandy.com\/de\/wp-json\/wp\/v2\/comments?post=1528"}],"wp:featuredmedia":[{"embeddable":true,"href":"https:\/\/www.lechaocandy.com\/de\/wp-json\/wp\/v2\/media\/1530"}],"wp:attachment":[{"href":"https:\/\/www.lechaocandy.com\/de\/wp-json\/wp\/v2\/media?parent=1528"}],"wp:term":[{"taxonomy":"product_brand","embeddable":true,"href":"https:\/\/www.lechaocandy.com\/de\/wp-json\/wp\/v2\/product_brand?post=1528"},{"taxonomy":"product_cat","embeddable":true,"href":"https:\/\/www.lechaocandy.com\/de\/wp-json\/wp\/v2\/product_cat?post=1528"},{"taxonomy":"product_tag","embeddable":true,"href":"https:\/\/www.lechaocandy.com\/de\/wp-json\/wp\/v2\/product_tag?post=1528"}],"curies":[{"name":"wp","href":"https:\/\/api.w.org\/{rel}","templated":true}]}}