{"id":1544,"date":"2025-08-05T03:11:15","date_gmt":"2025-08-05T03:11:15","guid":{"rendered":"https:\/\/www.lechaocandy.com\/?post_type=product&#038;p=1544"},"modified":"2025-08-05T03:37:28","modified_gmt":"2025-08-05T03:37:28","slug":"bulk-grape-gummy-candy","status":"publish","type":"product","link":"https:\/\/www.lechaocandy.com\/de\/produkt\/bulk-grape-gummy-candy\/","title":{"rendered":"LeChao Bulk Traube Gummibonbons, fruchtige kaubare S\u00fc\u00dfigkeiten Gro\u00dfhandel"},"content":{"rendered":"<div class=\"wp-block-columns is-layout-flex wp-container-core-columns-is-layout-9d6595d7 wp-block-columns-is-layout-flex\"><div class=\"wp-block-column is-layout-flow wp-block-column-is-layout-flow\"><h2 class=\"wp-block-heading\">Produkt-Highlights von Bulk Grape Gummy Candy<\/h2>\n\n<ul class=\"wp-block-list\"><li><strong>Einzeln verpackt, tragbar und hygienisch: <\/strong>Unsere Traubengummi-Bonbons sind kompakt verpackt, so dass sie leicht zu transportieren sind und sich f\u00fcr den Verkauf im Einzelhandel, als Werbegeschenke oder f\u00fcr den Verkauf von Mehrfachpackungen eignen, was das Erlebnis f\u00fcr den Endverbraucher verbessert.<\/li>\n\n<li><strong>Niedliches Design, sehr ansprechend: <\/strong>Diese Kaubonbons f\u00fcr den Gro\u00dfhandel weisen realistische Traubenformen auf, die ein lebendiges und fesselndes Erlebnis schaffen, das sich perfekt f\u00fcr Kinder und f\u00fcr Feste eignet.<\/li>\n\n<li><strong>Reichhaltiges, fruchtiges Aroma, k\u00e4sige Textur:<\/strong> Unser gro\u00dfes Traubengummi-Bonbon enth\u00e4lt eine reichhaltige Traubengeschmacksformel, die eine weiche, kaubare Textur ergibt, die nicht klebt und einen reichen Nachgeschmack hinterl\u00e4sst.<\/li>\n\n<li><strong>Hochwertige Inhaltsstoffe, sicher und zuverl\u00e4ssig: <\/strong>Unsere Kaubonbons f\u00fcr den Gro\u00dfhandel bestehen aus hochwertigen, lebensmittelechten Zutaten und durchlaufen strenge Produktionsprozesse, die den internationalen Lebensmittelsicherheitsstandards entsprechen. Sie eignen sich daher f\u00fcr den Export und f\u00fcr Gro\u00dfeink\u00e4ufe.<\/li>\n\n<li><strong>Fabrikdirektlieferung, kosteneffektiv: <\/strong>Wir bieten OEM\/ODM-Dienstleistungen f\u00fcr Traubengummibonbons in loser Sch\u00fcttung an, um die unterschiedlichen Marktanforderungen zu erf\u00fcllen. Durch die Produktion in unserer eigenen Fabrik gew\u00e4hrleistet LeChao eine stabile Versorgung und wettbewerbsf\u00e4hige Preise.<\/li><\/ul><\/div>\n\n<div class=\"wp-block-column is-layout-flow wp-block-column-is-layout-flow\"><figure class=\"wp-block-image size-full\"><img decoding=\"async\" width=\"800\" height=\"800\" src=\"https:\/\/www.lechaocandy.com\/wp-content\/uploads\/2025\/08\/LeChao-Bulk-Grape-Gummy-Candy-Fruity-Chewy-Candy-Wholesale-2.webp\" alt=\"LeChao Bulk Traube Gummibonbons, fruchtig kaubare S\u00fc\u00dfigkeiten Gro\u00dfhandel-2\" class=\"wp-image-1546\" srcset=\"https:\/\/www.lechaocandy.com\/wp-content\/uploads\/2025\/08\/LeChao-Bulk-Grape-Gummy-Candy-Fruity-Chewy-Candy-Wholesale-2.webp 800w, https:\/\/www.lechaocandy.com\/wp-content\/uploads\/2025\/08\/LeChao-Bulk-Grape-Gummy-Candy-Fruity-Chewy-Candy-Wholesale-2-300x300.webp 300w, https:\/\/www.lechaocandy.com\/wp-content\/uploads\/2025\/08\/LeChao-Bulk-Grape-Gummy-Candy-Fruity-Chewy-Candy-Wholesale-2-150x150.webp 150w, https:\/\/www.lechaocandy.com\/wp-content\/uploads\/2025\/08\/LeChao-Bulk-Grape-Gummy-Candy-Fruity-Chewy-Candy-Wholesale-2-768x768.webp 768w, https:\/\/www.lechaocandy.com\/wp-content\/uploads\/2025\/08\/LeChao-Bulk-Grape-Gummy-Candy-Fruity-Chewy-Candy-Wholesale-2-12x12.webp 12w, https:\/\/www.lechaocandy.com\/wp-content\/uploads\/2025\/08\/LeChao-Bulk-Grape-Gummy-Candy-Fruity-Chewy-Candy-Wholesale-2-600x600.webp 600w, https:\/\/www.lechaocandy.com\/wp-content\/uploads\/2025\/08\/LeChao-Bulk-Grape-Gummy-Candy-Fruity-Chewy-Candy-Wholesale-2-100x100.webp 100w\" sizes=\"(max-width: 800px) 100vw, 800px\" \/><\/figure><\/div><\/div>","protected":false},"excerpt":{"rendered":"<p>Willkommen im Gro\u00dfhandel Kaubonbons zu kaufen. Unsere Bulk-Trauben-Gummi-Bonbons sind s\u00fc\u00df, lecker und voller Fruchtgeschmack. Jede 20g einzeln verpackt S\u00fc\u00dfigkeiten ist leicht zu tragen und zu verteilen, so dass sie ein Favorit unter Kindern und jungen Verbrauchern. Fabrik direkt, wettbewerbsf\u00e4hige Gro\u00dfhandelspreise.<\/p>\n<table style=\"border-collapse: collapse; width: 329.02pt;\" border=\"0\" width=\"329\" cellspacing=\"0\" cellpadding=\"0\">\n<tbody>\n<tr style=\"height: 17.60pt;\">\n<td class=\"et2\" style=\"height: 17.60pt; width: 110.80pt;\" width=\"110\" height=\"17\">Hersteller<\/td>\n<td class=\"et2\" style=\"width: 219.15pt;\" width=\"219\">LeChao Bonbons<\/td>\n<\/tr>\n<tr style=\"height: 18.00pt;\">\n<td class=\"et2\" style=\"height: 18.00pt;\" height=\"18\">Produkttyp<\/td>\n<td class=\"et3\" style=\"width: 219.15pt;\" width=\"219\">Trauben-Gummibonbon<\/td>\n<\/tr>\n<tr style=\"height: 18.00pt;\">\n<td class=\"et2\" style=\"height: 18.00pt;\" height=\"18\">Geschmack<\/td>\n<td class=\"et3\" style=\"width: 219.15pt;\" width=\"219\">S\u00fc\u00df &amp; sauer &amp; widerstandsf\u00e4hig<\/td>\n<\/tr>\n<tr style=\"height: 17.60pt;\">\n<td class=\"et2\" style=\"height: 17.60pt;\" height=\"17\">Spezifikation<\/td>\n<td class=\"et2\">20gx24St\u00fcckx12Kartons<\/td>\n<\/tr>\n<tr style=\"height: 17.60pt;\">\n<td class=\"et2\" style=\"height: 17.60pt;\" height=\"17\">Gr\u00f6\u00dfe des Kartons<\/td>\n<td class=\"et2\">35*33*28cm<\/td>\n<\/tr>\n<tr style=\"height: 17.60pt;\">\n<td class=\"et2\" style=\"height: 17.60pt;\" height=\"17\">N.W.\/Karton<\/td>\n<td class=\"et2\">8.0kg<\/td>\n<\/tr>\n<tr style=\"height: 17.60pt;\">\n<td class=\"et2\" style=\"height: 17.60pt;\" height=\"17\">Preis<\/td>\n<td class=\"et2\">23.04USD<\/td>\n<\/tr>\n<tr style=\"height: 17.60pt;\">\n<td class=\"et2\" style=\"height: 17.60pt;\" height=\"17\">MOQ<\/td>\n<td class=\"et2\">500CTNS<\/td>\n<\/tr>\n<tr style=\"height: 17.60pt;\">\n<td class=\"et2\" style=\"height: 17.60pt;\" height=\"17\">Muster<\/td>\n<td class=\"et2\">Verf\u00fcgbar<\/td>\n<\/tr>\n<\/tbody>\n<\/table>\n<p>&nbsp;<\/p>","protected":false},"featured_media":1545,"comment_status":"open","ping_status":"closed","template":"","meta":{"_acf_changed":false},"product_brand":[],"product_cat":[19],"product_tag":[],"class_list":{"0":"post-1544","1":"product","2":"type-product","3":"status-publish","4":"has-post-thumbnail","6":"product_cat-wholesale-gummy-manufacturer","8":"first","9":"instock","10":"shipping-taxable","11":"product-type-simple"},"acf":[],"_links":{"self":[{"href":"https:\/\/www.lechaocandy.com\/de\/wp-json\/wp\/v2\/product\/1544","targetHints":{"allow":["GET"]}}],"collection":[{"href":"https:\/\/www.lechaocandy.com\/de\/wp-json\/wp\/v2\/product"}],"about":[{"href":"https:\/\/www.lechaocandy.com\/de\/wp-json\/wp\/v2\/types\/product"}],"replies":[{"embeddable":true,"href":"https:\/\/www.lechaocandy.com\/de\/wp-json\/wp\/v2\/comments?post=1544"}],"wp:featuredmedia":[{"embeddable":true,"href":"https:\/\/www.lechaocandy.com\/de\/wp-json\/wp\/v2\/media\/1545"}],"wp:attachment":[{"href":"https:\/\/www.lechaocandy.com\/de\/wp-json\/wp\/v2\/media?parent=1544"}],"wp:term":[{"taxonomy":"product_brand","embeddable":true,"href":"https:\/\/www.lechaocandy.com\/de\/wp-json\/wp\/v2\/product_brand?post=1544"},{"taxonomy":"product_cat","embeddable":true,"href":"https:\/\/www.lechaocandy.com\/de\/wp-json\/wp\/v2\/product_cat?post=1544"},{"taxonomy":"product_tag","embeddable":true,"href":"https:\/\/www.lechaocandy.com\/de\/wp-json\/wp\/v2\/product_tag?post=1544"}],"curies":[{"name":"wp","href":"https:\/\/api.w.org\/{rel}","templated":true}]}}