{"id":1548,"date":"2025-08-05T03:37:47","date_gmt":"2025-08-05T03:37:47","guid":{"rendered":"https:\/\/www.lechaocandy.com\/?post_type=product&#038;p=1548"},"modified":"2025-08-05T03:51:25","modified_gmt":"2025-08-05T03:51:25","slug":"green-apple-gummies-wholesale","status":"publish","type":"product","link":"https:\/\/www.lechaocandy.com\/de\/produkt\/green-apple-gummies-wholesale\/","title":{"rendered":"Gr\u00fcner Apfel Gummies Gro\u00dfhandel, Fabrik Versorgung Gelee S\u00fc\u00dfigkeiten"},"content":{"rendered":"<div class=\"wp-block-columns is-layout-flex wp-container-core-columns-is-layout-9d6595d7 wp-block-columns-is-layout-flex\"><div class=\"wp-block-column is-layout-flow wp-block-column-is-layout-flow\"><h2 class=\"wp-block-heading\">Produkt-Highlights von Green Apple Gummies Gro\u00dfhandel<\/h2>\n\n<ul class=\"wp-block-list\"><li><strong>Einzeln verpackt f\u00fcr bessere Tragbarkeit und Hygiene: <\/strong>Unsere gr\u00fcnen Apfel Gummis Gro\u00dfhandel kommen mit 20g Verpackung, leicht und tragbar, bequem zu verteilen und zu verkaufen, geeignet f\u00fcr den t\u00e4glichen Verzehr, Urlaub Verk\u00e4ufe und Geschenk-geben.<\/li>\n\n<li><strong>Niedliches gr\u00fcnes Apfeldesign: <\/strong>Diese gro\u00dfvolumigen Geleebonbons haben eine echte gr\u00fcne Apfelform, die zu ihrer Niedlichkeit beitr\u00e4gt und sie zu einem Top-Favoriten f\u00fcr die Pr\u00e4sentation macht.<\/li>\n\n<li><strong>Reiches fruchtiges Aroma und z\u00e4he Textur: <\/strong>Unsere gr\u00fcnen Apfelgummis im Gro\u00dfhandel haben einen echten gr\u00fcnen Apfelgeschmack und bieten einen ausgewogenen s\u00fc\u00df-sauren Geschmack mit einer z\u00e4hen, erfrischenden Textur, die alle Gaumen zufriedenstellt.<\/li>\n\n<li><strong>Ausgew\u00e4hlte hochwertige Zutaten und garantierte Lebensmittelsicherheit: <\/strong>Unsere losen Geleebonbons haben einen echten gr\u00fcnen Apfelgeschmack und bieten ein ausgewogenes Verh\u00e4ltnis von s\u00fc\u00dfem und saurem Geschmack mit einer z\u00e4hen, k\u00fchlen Textur, die f\u00fcr jede Zunge geeignet ist.<\/li>\n\n<li><strong>Fabrikdirektverkauf, sehr wettbewerbsf\u00e4hige Preise: <\/strong>Unser gr\u00fcner Apfel Gummis Gro\u00dfhandel sind stabil von der Lechao Fabrik geliefert, unterst\u00fctzen OEM \/ ODM kundenspezifische Dienstleistungen, und der Gro\u00dfhandelspreis ist sehr wettbewerbsf\u00e4hig, helfen Kunden schnell den Markt zu besetzen.<\/li><\/ul><\/div>\n\n<div class=\"wp-block-column is-layout-flow wp-block-column-is-layout-flow\"><figure class=\"wp-block-image size-full\"><img decoding=\"async\" width=\"800\" height=\"800\" src=\"https:\/\/www.lechaocandy.com\/wp-content\/uploads\/2025\/08\/Green-Apple-Gummies-Wholesale-Factory-Supply-Jelly-Candy-1.webp\" alt=\"Gr\u00fcner Apfel Gummies Gro\u00dfhandel, Fabrik Versorgung Jelly Candy-1\" class=\"wp-image-1549\" srcset=\"https:\/\/www.lechaocandy.com\/wp-content\/uploads\/2025\/08\/Green-Apple-Gummies-Wholesale-Factory-Supply-Jelly-Candy-1.webp 800w, https:\/\/www.lechaocandy.com\/wp-content\/uploads\/2025\/08\/Green-Apple-Gummies-Wholesale-Factory-Supply-Jelly-Candy-1-300x300.webp 300w, https:\/\/www.lechaocandy.com\/wp-content\/uploads\/2025\/08\/Green-Apple-Gummies-Wholesale-Factory-Supply-Jelly-Candy-1-150x150.webp 150w, https:\/\/www.lechaocandy.com\/wp-content\/uploads\/2025\/08\/Green-Apple-Gummies-Wholesale-Factory-Supply-Jelly-Candy-1-768x768.webp 768w, https:\/\/www.lechaocandy.com\/wp-content\/uploads\/2025\/08\/Green-Apple-Gummies-Wholesale-Factory-Supply-Jelly-Candy-1-12x12.webp 12w, https:\/\/www.lechaocandy.com\/wp-content\/uploads\/2025\/08\/Green-Apple-Gummies-Wholesale-Factory-Supply-Jelly-Candy-1-600x600.webp 600w, https:\/\/www.lechaocandy.com\/wp-content\/uploads\/2025\/08\/Green-Apple-Gummies-Wholesale-Factory-Supply-Jelly-Candy-1-100x100.webp 100w\" sizes=\"(max-width: 800px) 100vw, 800px\" \/><\/figure><\/div><\/div>","protected":false},"excerpt":{"rendered":"<p>Willkommen zu kaufen Gelee-Bonbons in loser Sch\u00fcttung. Unsere gr\u00fcnen Apfel Gummis Gro\u00dfhandel sind aus hochwertigen Zutaten hergestellt, in kundenspezifischen Verpackungen erh\u00e4ltlich. Fabrik direkt von Lechao mit unschlagbaren Gro\u00dfhandelspreisen.<\/p>\n<table style=\"border-collapse: collapse; width: 329.02pt;\" border=\"0\" width=\"329\" cellspacing=\"0\" cellpadding=\"0\">\n<tbody>\n<tr style=\"height: 17.60pt;\">\n<td class=\"et2\" style=\"height: 17.60pt; width: 110.80pt;\" width=\"110\" height=\"17\">Hersteller<\/td>\n<td class=\"et2\" style=\"width: 219.15pt;\" width=\"219\">LeChao Bonbons<\/td>\n<\/tr>\n<tr style=\"height: 18.00pt;\">\n<td class=\"et2\" style=\"height: 18.00pt;\" height=\"18\">Produkttyp<\/td>\n<td class=\"et3\" style=\"width: 219.15pt;\" width=\"219\">Gr\u00fcner Apfel Gummibonbon<\/td>\n<\/tr>\n<tr style=\"height: 18.00pt;\">\n<td class=\"et2\" style=\"height: 18.00pt;\" height=\"18\">Geschmack<\/td>\n<td class=\"et3\" style=\"width: 219.15pt;\" width=\"219\">S\u00fc\u00df &amp; sauer &amp; widerstandsf\u00e4hig<\/td>\n<\/tr>\n<tr style=\"height: 17.60pt;\">\n<td class=\"et2\" style=\"height: 17.60pt;\" height=\"17\">Spezifikation<\/td>\n<td class=\"et2\">20gx24St\u00fcckx12Kartons<\/td>\n<\/tr>\n<tr style=\"height: 17.60pt;\">\n<td class=\"et2\" style=\"height: 17.60pt;\" height=\"17\">Gr\u00f6\u00dfe des Kartons<\/td>\n<td class=\"et2\">35*33*28cm<\/td>\n<\/tr>\n<tr style=\"height: 17.60pt;\">\n<td class=\"et2\" style=\"height: 17.60pt;\" height=\"17\">N.W.\/Karton<\/td>\n<td class=\"et2\">8.0kg<\/td>\n<\/tr>\n<tr style=\"height: 17.60pt;\">\n<td class=\"et2\" style=\"height: 17.60pt;\" height=\"17\">Preis<\/td>\n<td class=\"et2\">23.04USD<\/td>\n<\/tr>\n<tr style=\"height: 17.60pt;\">\n<td class=\"et2\" style=\"height: 17.60pt;\" height=\"17\">MOQ<\/td>\n<td class=\"et2\">500CTNS<\/td>\n<\/tr>\n<tr style=\"height: 17.60pt;\">\n<td class=\"et2\" style=\"height: 17.60pt;\" height=\"17\">Muster<\/td>\n<td class=\"et2\">Verf\u00fcgbar<\/td>\n<\/tr>\n<\/tbody>\n<\/table>\n<p>&nbsp;<\/p>","protected":false},"featured_media":1551,"comment_status":"open","ping_status":"closed","template":"","meta":{"_acf_changed":false},"product_brand":[],"product_cat":[19],"product_tag":[],"class_list":{"0":"post-1548","1":"product","2":"type-product","3":"status-publish","4":"has-post-thumbnail","6":"product_cat-wholesale-gummy-manufacturer","8":"first","9":"instock","10":"shipping-taxable","11":"product-type-simple"},"acf":[],"_links":{"self":[{"href":"https:\/\/www.lechaocandy.com\/de\/wp-json\/wp\/v2\/product\/1548","targetHints":{"allow":["GET"]}}],"collection":[{"href":"https:\/\/www.lechaocandy.com\/de\/wp-json\/wp\/v2\/product"}],"about":[{"href":"https:\/\/www.lechaocandy.com\/de\/wp-json\/wp\/v2\/types\/product"}],"replies":[{"embeddable":true,"href":"https:\/\/www.lechaocandy.com\/de\/wp-json\/wp\/v2\/comments?post=1548"}],"wp:featuredmedia":[{"embeddable":true,"href":"https:\/\/www.lechaocandy.com\/de\/wp-json\/wp\/v2\/media\/1551"}],"wp:attachment":[{"href":"https:\/\/www.lechaocandy.com\/de\/wp-json\/wp\/v2\/media?parent=1548"}],"wp:term":[{"taxonomy":"product_brand","embeddable":true,"href":"https:\/\/www.lechaocandy.com\/de\/wp-json\/wp\/v2\/product_brand?post=1548"},{"taxonomy":"product_cat","embeddable":true,"href":"https:\/\/www.lechaocandy.com\/de\/wp-json\/wp\/v2\/product_cat?post=1548"},{"taxonomy":"product_tag","embeddable":true,"href":"https:\/\/www.lechaocandy.com\/de\/wp-json\/wp\/v2\/product_tag?post=1548"}],"curies":[{"name":"wp","href":"https:\/\/api.w.org\/{rel}","templated":true}]}}