{"id":1552,"date":"2025-08-05T03:52:14","date_gmt":"2025-08-05T03:52:14","guid":{"rendered":"https:\/\/www.lechaocandy.com\/?post_type=product&#038;p=1552"},"modified":"2025-08-05T03:59:27","modified_gmt":"2025-08-05T03:59:27","slug":"lychee-gummy-candy-wholesale","status":"publish","type":"product","link":"https:\/\/www.lechaocandy.com\/de\/produkt\/lychee-gummy-candy-wholesale\/","title":{"rendered":"Lychee Gummibonbons Gro\u00dfhandel, LeChao Bulk Chewy Candy"},"content":{"rendered":"<div class=\"wp-block-columns is-layout-flex wp-container-core-columns-is-layout-9d6595d7 wp-block-columns-is-layout-flex\"><div class=\"wp-block-column is-layout-flow wp-block-column-is-layout-flow\"><h2 class=\"wp-block-heading\">Produkt-Highlights von Lychee Gummibonbons Gro\u00dfhandel<\/h2>\n\n<ul class=\"wp-block-list\"><li><strong>Reichhaltiger Litschi-Geschmack und ein nat\u00fcrlich s\u00fc\u00dfes Aroma: <\/strong>Unser Lychee-Gummibonbon-Gro\u00dfhandel verwendet eine spezielle Geschmacksformel, um das nat\u00fcrliche Aroma der Frucht nachzubilden, und bietet einen s\u00fc\u00dfen, aber nicht s\u00fc\u00dflichen Geschmack mit einer reichhaltigen, vielschichtigen Textur.<\/li>\n\n<li><strong>Geeignet f\u00fcr alle Altersgruppen: <\/strong>Diese Kaubonbons in loser Sch\u00fcttung sind weich, kaubar und zart, so dass sie f\u00fcr Verbraucher aller Altersgruppen geeignet sind und zu Wiederholungsk\u00e4ufen anregen.<\/li>\n\n<li><strong>Tragbare Verpackungen f\u00fcr verschiedene Verkaufsszenarien: <\/strong>Unsere Litschi-Gummibonbons im Gro\u00dfhandel sind in leichten, einzeln verpackten 20-g-St\u00fccken erh\u00e4ltlich, die sich leicht transportieren und teilen lassen.<\/li>\n\n<li><strong>OEM\/ODM-Anpassung m\u00f6glich: <\/strong>Unsere Kaubonbons in loser Sch\u00fcttung k\u00f6nnen in Bezug auf Verpackung, Geschmacksrichtungen und Gewicht angepasst werden, um verschiedenen Marketingstrategien gerecht zu werden.<\/li>\n\n<li><strong>Fabrikdirekte, wettbewerbsf\u00e4hige Preise:<\/strong> Unser Lychee-Gummibonbon-Gro\u00dfhandel bietet gleichbleibende Qualit\u00e4t, effiziente Lieferung und erhebliche Preisvorteile f\u00fcr den Gro\u00dfhandel, wodurch es sich f\u00fcr Gro\u00dfeink\u00e4ufe und den Vertrieb eignet.<\/li><\/ul><\/div>\n\n<div class=\"wp-block-column is-layout-flow wp-block-column-is-layout-flow\"><figure class=\"wp-block-image size-full\"><img decoding=\"async\" width=\"800\" height=\"800\" src=\"https:\/\/www.lechaocandy.com\/wp-content\/uploads\/2025\/08\/Lychee-Gummy-Candy-Wholesale-LeChao-Bulk-Chewy-Candy-2.webp\" alt=\"Lychee Gummibonbon Gro\u00dfhandel, LeChao Bulk Chewy Candy-2\" class=\"wp-image-1554\" srcset=\"https:\/\/www.lechaocandy.com\/wp-content\/uploads\/2025\/08\/Lychee-Gummy-Candy-Wholesale-LeChao-Bulk-Chewy-Candy-2.webp 800w, https:\/\/www.lechaocandy.com\/wp-content\/uploads\/2025\/08\/Lychee-Gummy-Candy-Wholesale-LeChao-Bulk-Chewy-Candy-2-300x300.webp 300w, https:\/\/www.lechaocandy.com\/wp-content\/uploads\/2025\/08\/Lychee-Gummy-Candy-Wholesale-LeChao-Bulk-Chewy-Candy-2-150x150.webp 150w, https:\/\/www.lechaocandy.com\/wp-content\/uploads\/2025\/08\/Lychee-Gummy-Candy-Wholesale-LeChao-Bulk-Chewy-Candy-2-768x768.webp 768w, https:\/\/www.lechaocandy.com\/wp-content\/uploads\/2025\/08\/Lychee-Gummy-Candy-Wholesale-LeChao-Bulk-Chewy-Candy-2-12x12.webp 12w, https:\/\/www.lechaocandy.com\/wp-content\/uploads\/2025\/08\/Lychee-Gummy-Candy-Wholesale-LeChao-Bulk-Chewy-Candy-2-600x600.webp 600w, https:\/\/www.lechaocandy.com\/wp-content\/uploads\/2025\/08\/Lychee-Gummy-Candy-Wholesale-LeChao-Bulk-Chewy-Candy-2-100x100.webp 100w\" sizes=\"(max-width: 800px) 100vw, 800px\" \/><\/figure><\/div><\/div>","protected":false},"excerpt":{"rendered":"<p>Willkommen zum Kauf von Kaubonbons in gro\u00dfen Mengen. LeChao's Lychee Gummibonbons Gro\u00dfhandel haben ein reiches fruchtiges Aroma und zarte Textur. Hergestellt mit sorgf\u00e4ltig ausgew\u00e4hlten Zutaten, unterst\u00fctzt kundenspezifische Geschmacksrichtungen und Verpackung.<\/p>\n<table style=\"border-collapse: collapse; width: 329.02pt;\" border=\"0\" width=\"329\" cellspacing=\"0\" cellpadding=\"0\">\n<tbody>\n<tr style=\"height: 17.60pt;\">\n<td class=\"et2\" style=\"height: 17.60pt; width: 110.80pt;\" width=\"110\" height=\"17\">Hersteller<\/td>\n<td class=\"et2\" style=\"width: 219.15pt;\" width=\"219\">LeChao Bonbons<\/td>\n<\/tr>\n<tr style=\"height: 18.00pt;\">\n<td class=\"et2\" style=\"height: 18.00pt;\" height=\"18\">Produkttyp<\/td>\n<td class=\"et3\" style=\"width: 219.15pt;\" width=\"219\">Lychee-Gummi-Bonbon<\/td>\n<\/tr>\n<tr style=\"height: 18.00pt;\">\n<td class=\"et2\" style=\"height: 18.00pt;\" height=\"18\">Geschmack<\/td>\n<td class=\"et3\" style=\"width: 219.15pt;\" width=\"219\">S\u00fc\u00df &amp; sauer &amp; widerstandsf\u00e4hig<\/td>\n<\/tr>\n<tr style=\"height: 17.60pt;\">\n<td class=\"et2\" style=\"height: 17.60pt;\" height=\"17\">Spezifikation<\/td>\n<td class=\"et2\">20gx24St\u00fcckx12Kartons<\/td>\n<\/tr>\n<tr style=\"height: 17.60pt;\">\n<td class=\"et2\" style=\"height: 17.60pt;\" height=\"17\">Gr\u00f6\u00dfe des Kartons<\/td>\n<td class=\"et2\">35*33*28cm<\/td>\n<\/tr>\n<tr style=\"height: 17.60pt;\">\n<td class=\"et2\" style=\"height: 17.60pt;\" height=\"17\">N.W.\/Karton<\/td>\n<td class=\"et2\">8.0kg<\/td>\n<\/tr>\n<tr style=\"height: 17.60pt;\">\n<td class=\"et2\" style=\"height: 17.60pt;\" height=\"17\">Preis<\/td>\n<td class=\"et2\">23.04USD<\/td>\n<\/tr>\n<tr style=\"height: 17.60pt;\">\n<td class=\"et2\" style=\"height: 17.60pt;\" height=\"17\">MOQ<\/td>\n<td class=\"et2\">500CTNS<\/td>\n<\/tr>\n<tr style=\"height: 17.60pt;\">\n<td class=\"et2\" style=\"height: 17.60pt;\" height=\"17\">Muster<\/td>\n<td class=\"et2\">Verf\u00fcgbar<\/td>\n<\/tr>\n<\/tbody>\n<\/table>\n<p>&nbsp;<\/p>","protected":false},"featured_media":1553,"comment_status":"open","ping_status":"closed","template":"","meta":{"_acf_changed":false},"product_brand":[],"product_cat":[19],"product_tag":[],"class_list":{"0":"post-1552","1":"product","2":"type-product","3":"status-publish","4":"has-post-thumbnail","6":"product_cat-wholesale-gummy-manufacturer","8":"first","9":"instock","10":"shipping-taxable","11":"product-type-simple"},"acf":[],"_links":{"self":[{"href":"https:\/\/www.lechaocandy.com\/de\/wp-json\/wp\/v2\/product\/1552","targetHints":{"allow":["GET"]}}],"collection":[{"href":"https:\/\/www.lechaocandy.com\/de\/wp-json\/wp\/v2\/product"}],"about":[{"href":"https:\/\/www.lechaocandy.com\/de\/wp-json\/wp\/v2\/types\/product"}],"replies":[{"embeddable":true,"href":"https:\/\/www.lechaocandy.com\/de\/wp-json\/wp\/v2\/comments?post=1552"}],"wp:featuredmedia":[{"embeddable":true,"href":"https:\/\/www.lechaocandy.com\/de\/wp-json\/wp\/v2\/media\/1553"}],"wp:attachment":[{"href":"https:\/\/www.lechaocandy.com\/de\/wp-json\/wp\/v2\/media?parent=1552"}],"wp:term":[{"taxonomy":"product_brand","embeddable":true,"href":"https:\/\/www.lechaocandy.com\/de\/wp-json\/wp\/v2\/product_brand?post=1552"},{"taxonomy":"product_cat","embeddable":true,"href":"https:\/\/www.lechaocandy.com\/de\/wp-json\/wp\/v2\/product_cat?post=1552"},{"taxonomy":"product_tag","embeddable":true,"href":"https:\/\/www.lechaocandy.com\/de\/wp-json\/wp\/v2\/product_tag?post=1552"}],"curies":[{"name":"wp","href":"https:\/\/api.w.org\/{rel}","templated":true}]}}