{"id":1560,"date":"2025-08-05T06:35:31","date_gmt":"2025-08-05T06:35:31","guid":{"rendered":"https:\/\/www.lechaocandy.com\/?post_type=product&#038;p=1560"},"modified":"2025-08-05T06:54:13","modified_gmt":"2025-08-05T06:54:13","slug":"pineapple-gummies-bulk","status":"publish","type":"product","link":"https:\/\/www.lechaocandy.com\/de\/produkt\/pineapple-gummies-bulk\/","title":{"rendered":"Chewy Ananas Gummies Bulk, LeChao Gro\u00dfhandel weiche S\u00fc\u00dfigkeiten"},"content":{"rendered":"<div class=\"wp-block-columns is-layout-flex wp-container-core-columns-is-layout-9d6595d7 wp-block-columns-is-layout-flex\"><div class=\"wp-block-column is-layout-flow wp-block-column-is-layout-flow\"><h2 class=\"wp-block-heading\">Produkt-Highlights von Chewy Pineapple Gummies Bulk<\/h2>\n\n<ul class=\"wp-block-list\"><li><strong>Kreatives Design steigert den Wiedererkennungswert einer Marke:<\/strong> Diese kompakten Ananas-Gummis in loser Sch\u00fcttung sorgen nicht nur f\u00fcr einen Hauch von Spa\u00df, sondern helfen auch, das Produkt im Regal hervorzuheben und die Kundenbindung zu erh\u00f6hen.<\/li>\n\n<li><strong>Geeignet f\u00fcr mehrere Vertriebskan\u00e4le: <\/strong>Ob in Superm\u00e4rkten, Convenience-Stores, E-Commerce-H\u00e4ndlern oder als Werbegeschenke, unsere Gro\u00dfhandels-S\u00fc\u00dfigkeiten k\u00f6nnen die unterschiedlichsten Verkaufsanforderungen erf\u00fcllen.<\/li>\n\n<li><strong>Nat\u00fcrlicher Fruchtgeschmack trifft auf Gesundheitstrends: <\/strong>Diese Ananas-Gummis in loser Sch\u00fcttung bieten ein erfrischendes Fruchtaroma mit einem ausgewogenen s\u00fc\u00df-sauren Geschmack und entsprechen damit der Vorliebe moderner Verbraucher f\u00fcr erschwingliche S\u00fc\u00dfigkeiten.<\/li>\n\n<li><strong>Flexibel und widerstandsf\u00e4hig, bietet einen verbesserten Geschmack: <\/strong>Unsere Gro\u00dfhandels-Weichbonbons nutzen die fortschrittliche Gel-Bonbon-Technologie, um ein weiches, nicht klebriges, reichhaltiges Kaugef\u00fchl und eine gr\u00f6\u00dfere Essenszufriedenheit zu erzeugen.<\/li>\n\n<li><strong>Stabile Produktionskapazit\u00e4t und schnelle Lieferung: <\/strong>Unsere Ananas-Gummis werden in der eigenen Fabrik von LeChao effizient hergestellt. Wir sind in der Lage, gro\u00dfe Mengen und stabile Lieferzeiten zu liefern, was den Kunden hilft, ihren Markt leicht zu erweitern.<\/li><\/ul><\/div>\n\n<div class=\"wp-block-column is-layout-flow wp-block-column-is-layout-flow\"><figure class=\"wp-block-image size-full\"><img decoding=\"async\" width=\"800\" height=\"800\" src=\"https:\/\/www.lechaocandy.com\/wp-content\/uploads\/2025\/08\/Chewy-Pineapple-Gummies-Bulk-LeChao-Wholesale-Soft-Candy-1.webp\" alt=\"Chewy Ananas Gummies Bulk, LeChao Gro\u00dfhandel Soft Candy-1\" class=\"wp-image-1561\" srcset=\"https:\/\/www.lechaocandy.com\/wp-content\/uploads\/2025\/08\/Chewy-Pineapple-Gummies-Bulk-LeChao-Wholesale-Soft-Candy-1.webp 800w, https:\/\/www.lechaocandy.com\/wp-content\/uploads\/2025\/08\/Chewy-Pineapple-Gummies-Bulk-LeChao-Wholesale-Soft-Candy-1-300x300.webp 300w, https:\/\/www.lechaocandy.com\/wp-content\/uploads\/2025\/08\/Chewy-Pineapple-Gummies-Bulk-LeChao-Wholesale-Soft-Candy-1-150x150.webp 150w, https:\/\/www.lechaocandy.com\/wp-content\/uploads\/2025\/08\/Chewy-Pineapple-Gummies-Bulk-LeChao-Wholesale-Soft-Candy-1-768x768.webp 768w, https:\/\/www.lechaocandy.com\/wp-content\/uploads\/2025\/08\/Chewy-Pineapple-Gummies-Bulk-LeChao-Wholesale-Soft-Candy-1-12x12.webp 12w, https:\/\/www.lechaocandy.com\/wp-content\/uploads\/2025\/08\/Chewy-Pineapple-Gummies-Bulk-LeChao-Wholesale-Soft-Candy-1-600x600.webp 600w, https:\/\/www.lechaocandy.com\/wp-content\/uploads\/2025\/08\/Chewy-Pineapple-Gummies-Bulk-LeChao-Wholesale-Soft-Candy-1-100x100.webp 100w\" sizes=\"(max-width: 800px) 100vw, 800px\" \/><\/figure><\/div><\/div>","protected":false},"excerpt":{"rendered":"<p>Willkommen im Gro\u00dfhandel weiche Bonbons zu kaufen. LeChao's Ananas-Gummis sind liebenswert, fruchtig und weich. Jede 20g-Packung ist einzeln verpackt f\u00fcr einfache Verteilung, Verkauf und Tragbarkeit. Geschmack, Gewicht und Verpackungsanpassung sind m\u00f6glich.<\/p>\n<table style=\"border-collapse: collapse; width: 329.02pt;\" border=\"0\" width=\"329\" cellspacing=\"0\" cellpadding=\"0\">\n<tbody>\n<tr style=\"height: 17.60pt;\">\n<td class=\"et2\" style=\"height: 17.60pt; width: 110.80pt;\" width=\"110\" height=\"17\">Hersteller<\/td>\n<td class=\"et2\" style=\"width: 219.15pt;\" width=\"219\">LeChao Bonbons<\/td>\n<\/tr>\n<tr style=\"height: 18.00pt;\">\n<td class=\"et2\" style=\"height: 18.00pt;\" height=\"18\">Produkttyp<\/td>\n<td class=\"et3\" style=\"width: 219.15pt;\" width=\"219\">Ananas-Gummibonbons<\/td>\n<\/tr>\n<tr style=\"height: 18.00pt;\">\n<td class=\"et2\" style=\"height: 18.00pt;\" height=\"18\">Geschmack<\/td>\n<td class=\"et3\" style=\"width: 219.15pt;\" width=\"219\">S\u00fc\u00df &amp; sauer &amp; widerstandsf\u00e4hig<\/td>\n<\/tr>\n<tr style=\"height: 17.60pt;\">\n<td class=\"et2\" style=\"height: 17.60pt;\" height=\"17\">Spezifikation<\/td>\n<td class=\"et2\">20gx24St\u00fcckx12Kartons<\/td>\n<\/tr>\n<tr style=\"height: 17.60pt;\">\n<td class=\"et2\" style=\"height: 17.60pt;\" height=\"17\">Gr\u00f6\u00dfe des Kartons<\/td>\n<td class=\"et2\">35*33*28cm<\/td>\n<\/tr>\n<tr style=\"height: 17.60pt;\">\n<td class=\"et2\" style=\"height: 17.60pt;\" height=\"17\">N.W.\/Karton<\/td>\n<td class=\"et2\">8.0kg<\/td>\n<\/tr>\n<tr style=\"height: 17.60pt;\">\n<td class=\"et2\" style=\"height: 17.60pt;\" height=\"17\">Preis<\/td>\n<td class=\"et2\">23.04USD<\/td>\n<\/tr>\n<tr style=\"height: 17.60pt;\">\n<td class=\"et2\" style=\"height: 17.60pt;\" height=\"17\">MOQ<\/td>\n<td class=\"et2\">500CTNS<\/td>\n<\/tr>\n<tr style=\"height: 17.60pt;\">\n<td class=\"et2\" style=\"height: 17.60pt;\" height=\"17\">Muster<\/td>\n<td class=\"et2\">Verf\u00fcgbar<\/td>\n<\/tr>\n<\/tbody>\n<\/table>\n<p>&nbsp;<\/p>","protected":false},"featured_media":1562,"comment_status":"open","ping_status":"closed","template":"","meta":{"_acf_changed":false},"product_brand":[],"product_cat":[19],"product_tag":[],"class_list":{"0":"post-1560","1":"product","2":"type-product","3":"status-publish","4":"has-post-thumbnail","6":"product_cat-wholesale-gummy-manufacturer","8":"first","9":"instock","10":"shipping-taxable","11":"product-type-simple"},"acf":[],"_links":{"self":[{"href":"https:\/\/www.lechaocandy.com\/de\/wp-json\/wp\/v2\/product\/1560","targetHints":{"allow":["GET"]}}],"collection":[{"href":"https:\/\/www.lechaocandy.com\/de\/wp-json\/wp\/v2\/product"}],"about":[{"href":"https:\/\/www.lechaocandy.com\/de\/wp-json\/wp\/v2\/types\/product"}],"replies":[{"embeddable":true,"href":"https:\/\/www.lechaocandy.com\/de\/wp-json\/wp\/v2\/comments?post=1560"}],"wp:featuredmedia":[{"embeddable":true,"href":"https:\/\/www.lechaocandy.com\/de\/wp-json\/wp\/v2\/media\/1562"}],"wp:attachment":[{"href":"https:\/\/www.lechaocandy.com\/de\/wp-json\/wp\/v2\/media?parent=1560"}],"wp:term":[{"taxonomy":"product_brand","embeddable":true,"href":"https:\/\/www.lechaocandy.com\/de\/wp-json\/wp\/v2\/product_brand?post=1560"},{"taxonomy":"product_cat","embeddable":true,"href":"https:\/\/www.lechaocandy.com\/de\/wp-json\/wp\/v2\/product_cat?post=1560"},{"taxonomy":"product_tag","embeddable":true,"href":"https:\/\/www.lechaocandy.com\/de\/wp-json\/wp\/v2\/product_tag?post=1560"}],"curies":[{"name":"wp","href":"https:\/\/api.w.org\/{rel}","templated":true}]}}