{"id":1578,"date":"2025-08-09T08:11:47","date_gmt":"2025-08-09T08:11:47","guid":{"rendered":"https:\/\/www.lechaocandy.com\/?post_type=product&#038;p=1578"},"modified":"2025-08-09T08:21:35","modified_gmt":"2025-08-09T08:21:35","slug":"bulk-gummy-sharks","status":"publish","type":"product","link":"https:\/\/www.lechaocandy.com\/de\/produkt\/bulk-gummy-sharks\/","title":{"rendered":"LeChao Bulk Gummifisch Haie, blau Gummifisch S\u00fc\u00dfigkeiten Gro\u00dfhandel"},"content":{"rendered":"<div class=\"wp-block-columns is-layout-flex wp-container-core-columns-is-layout-9d6595d7 wp-block-columns-is-layout-flex\"><div class=\"wp-block-column is-layout-flow wp-block-column-is-layout-flow\"><h2 class=\"wp-block-heading\">Produkt-Highlights von Bulk Gummy Sharks<\/h2>\n\n<ul class=\"wp-block-list\"><li><strong>Weiche Textur: <\/strong>Unsere gro\u00dfen Hai-Gummis haben eine unglaublich weiche Textur und bieten einen seidigen Genuss. Die weiche Textur macht jeden Biss zu einem k\u00f6stlichen Erlebnis.<\/li>\n\n<li><strong>Lustige Designs: <\/strong>Diese blauen Gummifische aus dem Gro\u00dfhandel sind entz\u00fcckend und kreativ gestaltet, was sie sehr ansprechend macht. Sie sind perfekt f\u00fcr Kinderversammlungen oder Mottopartys und verleihen festlichen Anl\u00e4ssen einen Hauch von Energie und Spa\u00df.<\/li>\n\n<li><strong>S\u00fc\u00dfer blauer Geschmack:<\/strong> Diese Hai-Gummis haben einen erfrischenden blauen Geschmack, der zwar s\u00fc\u00df, aber nicht s\u00fc\u00dflich ist, was sie zu einem Genuss f\u00fcr Verbraucher aller Altersgruppen macht.<\/li>\n\n<li><strong>Vorteile des Gro\u00dfhandelseinkaufs:<\/strong> Unser Gro\u00dfhandel blauen Gummifische sind Fabrik-direkt, bietet wettbewerbsf\u00e4hige Gro\u00dfhandelspreise und garantierte Lieferung f\u00fcr Gro\u00dfeink\u00e4ufe. <\/li>\n\n<li><strong>Garantie f\u00fcr Lebensmittelsicherheit: <\/strong>Unsere Hai-Gummis werden streng aus hochwertigen Rohstoffen ausgew\u00e4hlt, die den Standards der Lebensmittelsicherheit entsprechen und keine sch\u00e4dlichen Substanzen enthalten. Sie sind die ideale Wahl f\u00fcr Snackshops, Superm\u00e4rkte und Familienfeiern.<\/li><\/ul><\/div>\n\n<div class=\"wp-block-column is-layout-flow wp-block-column-is-layout-flow\"><figure class=\"wp-block-image size-full\"><img decoding=\"async\" width=\"750\" height=\"598\" src=\"https:\/\/www.lechaocandy.com\/wp-content\/uploads\/2025\/08\/LeChao-Bulk-Gummy-Sharks-Blue-Gummy-Fish-Candy-Wholesale-5.webp\" alt=\"LeChao Bulk Gummifisch Haie, blau Gummifisch S\u00fc\u00dfigkeiten Gro\u00dfhandel-5\" class=\"wp-image-1583\" srcset=\"https:\/\/www.lechaocandy.com\/wp-content\/uploads\/2025\/08\/LeChao-Bulk-Gummy-Sharks-Blue-Gummy-Fish-Candy-Wholesale-5.webp 750w, https:\/\/www.lechaocandy.com\/wp-content\/uploads\/2025\/08\/LeChao-Bulk-Gummy-Sharks-Blue-Gummy-Fish-Candy-Wholesale-5-300x239.webp 300w, https:\/\/www.lechaocandy.com\/wp-content\/uploads\/2025\/08\/LeChao-Bulk-Gummy-Sharks-Blue-Gummy-Fish-Candy-Wholesale-5-15x12.webp 15w, https:\/\/www.lechaocandy.com\/wp-content\/uploads\/2025\/08\/LeChao-Bulk-Gummy-Sharks-Blue-Gummy-Fish-Candy-Wholesale-5-600x478.webp 600w\" sizes=\"(max-width: 750px) 100vw, 750px\" \/><\/figure><\/div><\/div>","protected":false},"excerpt":{"rendered":"<p>Willkommen zu kaufen bulk gummi Haie. Unsere blauen Gro\u00dfhandel Gummifische sind Fabrik-direkt und weich, geeignet f\u00fcr Superm\u00e4rkte, Einzelhandelsgesch\u00e4fte, Convenience Stores, und Online-Shopping. Wir bieten wettbewerbsf\u00e4hige Gro\u00dfhandelspreise, um Ihre Gro\u00dfeinkauf Bed\u00fcrfnisse zu erf\u00fcllen.<\/p>\n<table style=\"border-collapse: collapse; width: 329.02pt;\" border=\"0\" width=\"329\" cellspacing=\"0\" cellpadding=\"0\">\n<tbody>\n<tr style=\"height: 17.60pt;\">\n<td class=\"et2\" style=\"height: 17.60pt; width: 110.80pt;\" width=\"110\" height=\"17\">Hersteller<\/td>\n<td class=\"et2\" style=\"width: 219.15pt;\" width=\"219\">LeChao Bonbons<\/td>\n<\/tr>\n<tr style=\"height: 18.00pt;\">\n<td class=\"et2\" style=\"height: 18.00pt;\" height=\"18\">Produkttyp<\/td>\n<td class=\"et3\" style=\"width: 219.15pt;\" width=\"219\">Gummib\u00e4rchen-Haie<\/td>\n<\/tr>\n<tr style=\"height: 18.00pt;\">\n<td class=\"et2\" style=\"height: 18.00pt;\" height=\"18\">Geschmack<\/td>\n<td class=\"et3\" style=\"width: 219.15pt;\" width=\"219\">S\u00fc\u00df &amp; sauer &amp; widerstandsf\u00e4hig<\/td>\n<\/tr>\n<tr style=\"height: 17.60pt;\">\n<td class=\"et2\" style=\"height: 17.60pt;\" height=\"17\">Spezifikation<\/td>\n<td class=\"et2\">20gx24St\u00fcckx12Kartons<\/td>\n<\/tr>\n<tr style=\"height: 17.60pt;\">\n<td class=\"et2\" style=\"height: 17.60pt;\" height=\"17\">Gr\u00f6\u00dfe des Kartons<\/td>\n<td class=\"et2\">35*33*28cm<\/td>\n<\/tr>\n<tr style=\"height: 17.60pt;\">\n<td class=\"et2\" style=\"height: 17.60pt;\" height=\"17\">N.W.\/Karton<\/td>\n<td class=\"et2\">8.0kg<\/td>\n<\/tr>\n<tr style=\"height: 17.60pt;\">\n<td class=\"et2\" style=\"height: 17.60pt;\" height=\"17\">Preis<\/td>\n<td class=\"et2\">23.04USD<\/td>\n<\/tr>\n<tr style=\"height: 17.60pt;\">\n<td class=\"et2\" style=\"height: 17.60pt;\" height=\"17\">MOQ<\/td>\n<td class=\"et2\">500CTNS<\/td>\n<\/tr>\n<tr style=\"height: 17.60pt;\">\n<td class=\"et2\" style=\"height: 17.60pt;\" height=\"17\">Muster<\/td>\n<td class=\"et2\">Verf\u00fcgbar<\/td>\n<\/tr>\n<\/tbody>\n<\/table>\n<p>&nbsp;<\/p>","protected":false},"featured_media":1582,"comment_status":"open","ping_status":"closed","template":"","meta":{"_acf_changed":false},"product_brand":[],"product_cat":[19],"product_tag":[],"class_list":{"0":"post-1578","1":"product","2":"type-product","3":"status-publish","4":"has-post-thumbnail","6":"product_cat-wholesale-gummy-manufacturer","8":"first","9":"instock","10":"shipping-taxable","11":"product-type-simple"},"acf":[],"_links":{"self":[{"href":"https:\/\/www.lechaocandy.com\/de\/wp-json\/wp\/v2\/product\/1578","targetHints":{"allow":["GET"]}}],"collection":[{"href":"https:\/\/www.lechaocandy.com\/de\/wp-json\/wp\/v2\/product"}],"about":[{"href":"https:\/\/www.lechaocandy.com\/de\/wp-json\/wp\/v2\/types\/product"}],"replies":[{"embeddable":true,"href":"https:\/\/www.lechaocandy.com\/de\/wp-json\/wp\/v2\/comments?post=1578"}],"wp:featuredmedia":[{"embeddable":true,"href":"https:\/\/www.lechaocandy.com\/de\/wp-json\/wp\/v2\/media\/1582"}],"wp:attachment":[{"href":"https:\/\/www.lechaocandy.com\/de\/wp-json\/wp\/v2\/media?parent=1578"}],"wp:term":[{"taxonomy":"product_brand","embeddable":true,"href":"https:\/\/www.lechaocandy.com\/de\/wp-json\/wp\/v2\/product_brand?post=1578"},{"taxonomy":"product_cat","embeddable":true,"href":"https:\/\/www.lechaocandy.com\/de\/wp-json\/wp\/v2\/product_cat?post=1578"},{"taxonomy":"product_tag","embeddable":true,"href":"https:\/\/www.lechaocandy.com\/de\/wp-json\/wp\/v2\/product_tag?post=1578"}],"curies":[{"name":"wp","href":"https:\/\/api.w.org\/{rel}","templated":true}]}}