{"id":1591,"date":"2025-08-09T08:39:13","date_gmt":"2025-08-09T08:39:13","guid":{"rendered":"https:\/\/www.lechaocandy.com\/?post_type=product&#038;p=1591"},"modified":"2025-08-09T08:55:51","modified_gmt":"2025-08-09T08:55:51","slug":"gummy-bears-wholesale","status":"publish","type":"product","link":"https:\/\/www.lechaocandy.com\/de\/produkt\/gummy-bears-wholesale\/","title":{"rendered":"LeChao 3D Gummib\u00e4rchen Gro\u00dfhandel, Fruchtige Gummibonbons Bulk"},"content":{"rendered":"<div class=\"wp-block-columns is-layout-flex wp-container-core-columns-is-layout-9d6595d7 wp-block-columns-is-layout-flex\"><div class=\"wp-block-column is-layout-flow wp-block-column-is-layout-flow\"><h2 class=\"wp-block-heading\">Produkt-Highlights von 3D Gummib\u00e4rchen Gro\u00dfhandel<\/h2>\n\n<ul class=\"wp-block-list\"><li><strong>Niedlicher 3D-Winkeb\u00e4r in Form eines B\u00e4ren: <\/strong>Diese 3D-Gummib\u00e4rchen im Gro\u00dfhandel haben die Form eines winkenden B\u00e4ren und bieten ein niedliches und auff\u00e4lliges Design, das sie ideal f\u00fcr Partys, Geschenkel\u00e4den und Imbissst\u00e4nde macht.<\/li>\n\n<li><strong>Verschiedene Farben und Fruchtgeschmacksrichtungen: <\/strong>Unsere Gummib\u00e4rchen in loser Sch\u00fcttung haben leuchtende Farben und wunderbare Fruchtgeschmacksrichtungen wie Erdbeere, Orange und Traube, die ein angenehmes und befriedigendes Geschmackserlebnis f\u00fcr alle Gaumen schaffen.<\/li>\n\n<li><strong>Kundenspezifische Verpackung: <\/strong>Um Ihren gesch\u00e4ftlichen Anforderungen besser gerecht zu werden, bieten wir individuell gestaltete Verpackungen f\u00fcr 3D-Gummib\u00e4rchen im Gro\u00dfhandel an, die sie noch attraktiver und pers\u00f6nlicher machen.<\/li>\n\n<li><strong>Vorteile f\u00fcr den gesamten Abfall:<\/strong> Unsere Gummibonbons in loser Sch\u00fcttung, die wir direkt ab Werk liefern, haben wettbewerbsf\u00e4hige Gro\u00dfhandelspreise. Ganz gleich, ob Sie in gro\u00dfen Mengen einkaufen oder schnelle Nachbestellungen ben\u00f6tigen, wir bieten eine stabile Lieferkette und p\u00fcnktliche Lieferung.<\/li>\n\n<li><strong>Sicher und gesund:<\/strong> Unsere 3D-Gummib\u00e4rchen im Gro\u00dfhandel werden mit hochwertigen Rohstoffen hergestellt und entsprechen den Standards der Lebensmittelsicherheit. Sie sind eine ideale Wahl f\u00fcr Snackshops, Superm\u00e4rkte und verschiedene Aktivit\u00e4ten.<\/li><\/ul><\/div>\n\n<div class=\"wp-block-column is-layout-flow wp-block-column-is-layout-flow\"><figure class=\"wp-block-image size-full\"><img decoding=\"async\" width=\"800\" height=\"800\" src=\"https:\/\/www.lechaocandy.com\/wp-content\/uploads\/2025\/08\/LeChao-3D-Gummy-Bears-Wholesale-Fruity-Gummy-Candies-Bulk-1.webp\" alt=\"LeChao 3D Gummib\u00e4rchen Gro\u00dfhandel, Fruchtige Gummibonbons Bulk-1\" class=\"wp-image-1592\" srcset=\"https:\/\/www.lechaocandy.com\/wp-content\/uploads\/2025\/08\/LeChao-3D-Gummy-Bears-Wholesale-Fruity-Gummy-Candies-Bulk-1.webp 800w, https:\/\/www.lechaocandy.com\/wp-content\/uploads\/2025\/08\/LeChao-3D-Gummy-Bears-Wholesale-Fruity-Gummy-Candies-Bulk-1-300x300.webp 300w, https:\/\/www.lechaocandy.com\/wp-content\/uploads\/2025\/08\/LeChao-3D-Gummy-Bears-Wholesale-Fruity-Gummy-Candies-Bulk-1-150x150.webp 150w, https:\/\/www.lechaocandy.com\/wp-content\/uploads\/2025\/08\/LeChao-3D-Gummy-Bears-Wholesale-Fruity-Gummy-Candies-Bulk-1-768x768.webp 768w, https:\/\/www.lechaocandy.com\/wp-content\/uploads\/2025\/08\/LeChao-3D-Gummy-Bears-Wholesale-Fruity-Gummy-Candies-Bulk-1-12x12.webp 12w, https:\/\/www.lechaocandy.com\/wp-content\/uploads\/2025\/08\/LeChao-3D-Gummy-Bears-Wholesale-Fruity-Gummy-Candies-Bulk-1-600x600.webp 600w, https:\/\/www.lechaocandy.com\/wp-content\/uploads\/2025\/08\/LeChao-3D-Gummy-Bears-Wholesale-Fruity-Gummy-Candies-Bulk-1-100x100.webp 100w\" sizes=\"(max-width: 800px) 100vw, 800px\" \/><\/figure><\/div><\/div>","protected":false},"excerpt":{"rendered":"<p>Willkommen zum Kauf von Gummibonbons in gro\u00dfen Mengen. Unsere 3D-Gummib\u00e4rchen Gro\u00dfhandel sind liebenswert Formen, lebendige Farben und eine Vielzahl von Obst Geschmacksrichtungen. Wir bieten Gro\u00dfhandelspreise und kundenspezifische Verpackung.<\/p>\n<table width=\"329\">\n<tbody>\n<tr>\n<td width=\"110\">Hersteller<\/td>\n<td width=\"219\">LeChao Bonbons<\/td>\n<\/tr>\n<tr>\n<td>Produkttyp<\/td>\n<td width=\"219\">3D Gummib\u00e4rchen\u00a0<\/td>\n<\/tr>\n<tr>\n<td>Geschmack<\/td>\n<td width=\"219\">S\u00fc\u00df &amp; sauer &amp; widerstandsf\u00e4hig<\/td>\n<\/tr>\n<tr>\n<td>Spezifikation<\/td>\n<td>72gX10BeutelX6K\u00e4sten<\/td>\n<\/tr>\n<tr>\n<td>Gr\u00f6\u00dfe des Kartons<\/td>\n<td>39X22X34.5cm<\/td>\n<\/tr>\n<tr>\n<td>N.W.\/Karton<\/td>\n<td>6,4 kg<\/td>\n<\/tr>\n<tr>\n<td>Preis<\/td>\n<td>0,35-0,38USD<\/td>\n<\/tr>\n<tr>\n<td>MOQ<\/td>\n<td>800CTNS<\/td>\n<\/tr>\n<tr>\n<td>Muster<\/td>\n<td>Verf\u00fcgbar<\/td>\n<\/tr>\n<\/tbody>\n<\/table>\n<p>&nbsp;<\/p>","protected":false},"featured_media":1594,"comment_status":"open","ping_status":"closed","template":"","meta":{"_acf_changed":false},"product_brand":[],"product_cat":[24,19],"product_tag":[],"class_list":{"0":"post-1591","1":"product","2":"type-product","3":"status-publish","4":"has-post-thumbnail","6":"product_cat-3d-gummy-candy-manufacturer","7":"product_cat-wholesale-gummy-manufacturer","9":"first","10":"instock","11":"shipping-taxable","12":"product-type-simple"},"acf":[],"_links":{"self":[{"href":"https:\/\/www.lechaocandy.com\/de\/wp-json\/wp\/v2\/product\/1591","targetHints":{"allow":["GET"]}}],"collection":[{"href":"https:\/\/www.lechaocandy.com\/de\/wp-json\/wp\/v2\/product"}],"about":[{"href":"https:\/\/www.lechaocandy.com\/de\/wp-json\/wp\/v2\/types\/product"}],"replies":[{"embeddable":true,"href":"https:\/\/www.lechaocandy.com\/de\/wp-json\/wp\/v2\/comments?post=1591"}],"wp:featuredmedia":[{"embeddable":true,"href":"https:\/\/www.lechaocandy.com\/de\/wp-json\/wp\/v2\/media\/1594"}],"wp:attachment":[{"href":"https:\/\/www.lechaocandy.com\/de\/wp-json\/wp\/v2\/media?parent=1591"}],"wp:term":[{"taxonomy":"product_brand","embeddable":true,"href":"https:\/\/www.lechaocandy.com\/de\/wp-json\/wp\/v2\/product_brand?post=1591"},{"taxonomy":"product_cat","embeddable":true,"href":"https:\/\/www.lechaocandy.com\/de\/wp-json\/wp\/v2\/product_cat?post=1591"},{"taxonomy":"product_tag","embeddable":true,"href":"https:\/\/www.lechaocandy.com\/de\/wp-json\/wp\/v2\/product_tag?post=1591"}],"curies":[{"name":"wp","href":"https:\/\/api.w.org\/{rel}","templated":true}]}}