{"id":1598,"date":"2025-08-09T09:03:50","date_gmt":"2025-08-09T09:03:50","guid":{"rendered":"https:\/\/www.lechaocandy.com\/?post_type=product&#038;p=1598"},"modified":"2025-08-09T09:12:41","modified_gmt":"2025-08-09T09:12:41","slug":"yuanbao-gummy-wholesale","status":"publish","type":"product","link":"https:\/\/www.lechaocandy.com\/de\/produkt\/yuanbao-gummy-wholesale\/","title":{"rendered":"LeChao 3D YuanBao Gummib\u00e4rchen Gro\u00dfhandel, Ingots Gummis Bulk"},"content":{"rendered":"<div class=\"wp-block-columns is-layout-flex wp-container-core-columns-is-layout-9d6595d7 wp-block-columns-is-layout-flex\"><div class=\"wp-block-column is-layout-flow wp-block-column-is-layout-flow\"><h2 class=\"wp-block-heading\">Produkt-Highlights von 3D YuanBao Gummy Gro\u00dfhandel<\/h2>\n\n<ul class=\"wp-block-list\"><li><strong>Einzigartige 3D-YuanBao-Form: <\/strong>Diese 3D-YuanBao-Gummi-Gro\u00dfhandelsprodukte symbolisieren chinesisches Gl\u00fcck und Wohlstand. Ihr einzigartiges und innovatives Design sorgt daf\u00fcr, dass sie bei den verschiedensten Festen und Veranstaltungen ganz oben auf der Liste stehen.<\/li>\n\n<li><strong>Eine Vielzahl von fruchtigen Geschmacksrichtungen: <\/strong>Diese Gummibonbons in loser Sch\u00fcttung sind in verschiedenen fruchtigen Geschmacksrichtungen wie Erdbeere, Orange und Traube erh\u00e4ltlich. Sie sind s\u00fc\u00df und lecker, perfekt f\u00fcr Menschen jeden Alters.<\/li>\n\n<li><strong>Kundenspezifische Verpackung:<\/strong> Wir bieten individuelle Verpackungsoptionen f\u00fcr unsere 3D YuanBao-Gummi-Gro\u00dfhandelsprodukte. Wir k\u00f6nnen einzigartige Verpackungen entwerfen, die auf Ihre Marke und Ihre spezifischen Urlaubsbed\u00fcrfnisse zugeschnitten sind, wodurch sie pers\u00f6nlicher und ansprechender werden und perfekt auf die Bed\u00fcrfnisse des Marktes zugeschnitten sind.<\/li>\n\n<li><strong>Vorteile des Gro\u00dfhandelseinkaufs: <\/strong>Unsere werksgefertigten Gummibonbons in gro\u00dfen Mengen bieten wettbewerbsf\u00e4hige Gro\u00dfhandelspreise, schnelle Lieferung und konstante Versorgung.<\/li>\n\n<li><strong>Garantie der Lebensmittelsicherheit: <\/strong>Unser 3D-YuanBao-Gummi-Gro\u00dfhandel verwendet hochwertige Rohstoffe und wird unter Einhaltung der Lebensmittelsicherheitsstandards hergestellt, um sicherzustellen, dass keine sch\u00e4dlichen Substanzen enthalten sind, so dass Ihre Kunden es mit Vertrauen genie\u00dfen k\u00f6nnen.<\/li><\/ul><\/div>\n\n<div class=\"wp-block-column is-layout-flow wp-block-column-is-layout-flow\"><figure class=\"wp-block-image size-full\"><img decoding=\"async\" width=\"800\" height=\"800\" src=\"https:\/\/www.lechaocandy.com\/wp-content\/uploads\/2025\/08\/LeChao-3D-YuanBao-Gummy-Wholesale-Ingots-Gummies-Bulk-4.webp\" alt=\"LeChao 3D YuanBao Gummib\u00e4rchen Gro\u00dfhandel, Ingots Gummis Bulk-4\" class=\"wp-image-1602\" srcset=\"https:\/\/www.lechaocandy.com\/wp-content\/uploads\/2025\/08\/LeChao-3D-YuanBao-Gummy-Wholesale-Ingots-Gummies-Bulk-4.webp 800w, https:\/\/www.lechaocandy.com\/wp-content\/uploads\/2025\/08\/LeChao-3D-YuanBao-Gummy-Wholesale-Ingots-Gummies-Bulk-4-300x300.webp 300w, https:\/\/www.lechaocandy.com\/wp-content\/uploads\/2025\/08\/LeChao-3D-YuanBao-Gummy-Wholesale-Ingots-Gummies-Bulk-4-150x150.webp 150w, https:\/\/www.lechaocandy.com\/wp-content\/uploads\/2025\/08\/LeChao-3D-YuanBao-Gummy-Wholesale-Ingots-Gummies-Bulk-4-768x768.webp 768w, https:\/\/www.lechaocandy.com\/wp-content\/uploads\/2025\/08\/LeChao-3D-YuanBao-Gummy-Wholesale-Ingots-Gummies-Bulk-4-12x12.webp 12w, https:\/\/www.lechaocandy.com\/wp-content\/uploads\/2025\/08\/LeChao-3D-YuanBao-Gummy-Wholesale-Ingots-Gummies-Bulk-4-600x600.webp 600w, https:\/\/www.lechaocandy.com\/wp-content\/uploads\/2025\/08\/LeChao-3D-YuanBao-Gummy-Wholesale-Ingots-Gummies-Bulk-4-100x100.webp 100w\" sizes=\"(max-width: 800px) 100vw, 800px\" \/><\/figure><\/div><\/div>","protected":false},"excerpt":{"rendered":"<p>Willkommen zu kaufen S\u00fc\u00dfigkeiten Gummis in der Masse. Unsere 3D-YuanBao-Gummi-Gro\u00dfhandelsprodukte zeichnen sich durch einzigartige Formen und leuchtende Farben aus, die Reichtum und Gl\u00fcck symbolisieren. Wir bieten kundenspezifische Verpackung, um Ihre vielf\u00e4ltigen Bed\u00fcrfnisse zu erf\u00fcllen.<\/p>\n<table width=\"329\">\n<tbody>\n<tr>\n<td width=\"110\">Hersteller<\/td>\n<td width=\"219\">LeChao Bonbons<\/td>\n<\/tr>\n<tr>\n<td>Produkttyp<\/td>\n<td width=\"219\">3D YuanBao Gummib\u00e4rchen\u00a0<\/td>\n<\/tr>\n<tr>\n<td>Geschmack<\/td>\n<td width=\"219\">S\u00fc\u00df &amp; sauer &amp; widerstandsf\u00e4hig<\/td>\n<\/tr>\n<tr>\n<td>Spezifikation<\/td>\n<td>72gX10BeutelX6K\u00e4sten<\/td>\n<\/tr>\n<tr>\n<td>Gr\u00f6\u00dfe des Kartons<\/td>\n<td>39X22X34.5cm<\/td>\n<\/tr>\n<tr>\n<td>N.W.\/Karton<\/td>\n<td>6,4 kg<\/td>\n<\/tr>\n<tr>\n<td>Preis<\/td>\n<td>0,35-0,38USD<\/td>\n<\/tr>\n<tr>\n<td>MOQ<\/td>\n<td>800CTNS<\/td>\n<\/tr>\n<tr>\n<td>Muster<\/td>\n<td>Verf\u00fcgbar<\/td>\n<\/tr>\n<\/tbody>\n<\/table>\n<p>&nbsp;<\/p>","protected":false},"featured_media":1604,"comment_status":"open","ping_status":"closed","template":"","meta":{"_acf_changed":false},"product_brand":[],"product_cat":[24,19],"product_tag":[],"class_list":{"0":"post-1598","1":"product","2":"type-product","3":"status-publish","4":"has-post-thumbnail","6":"product_cat-3d-gummy-candy-manufacturer","7":"product_cat-wholesale-gummy-manufacturer","9":"first","10":"instock","11":"shipping-taxable","12":"product-type-simple"},"acf":[],"_links":{"self":[{"href":"https:\/\/www.lechaocandy.com\/de\/wp-json\/wp\/v2\/product\/1598","targetHints":{"allow":["GET"]}}],"collection":[{"href":"https:\/\/www.lechaocandy.com\/de\/wp-json\/wp\/v2\/product"}],"about":[{"href":"https:\/\/www.lechaocandy.com\/de\/wp-json\/wp\/v2\/types\/product"}],"replies":[{"embeddable":true,"href":"https:\/\/www.lechaocandy.com\/de\/wp-json\/wp\/v2\/comments?post=1598"}],"wp:featuredmedia":[{"embeddable":true,"href":"https:\/\/www.lechaocandy.com\/de\/wp-json\/wp\/v2\/media\/1604"}],"wp:attachment":[{"href":"https:\/\/www.lechaocandy.com\/de\/wp-json\/wp\/v2\/media?parent=1598"}],"wp:term":[{"taxonomy":"product_brand","embeddable":true,"href":"https:\/\/www.lechaocandy.com\/de\/wp-json\/wp\/v2\/product_brand?post=1598"},{"taxonomy":"product_cat","embeddable":true,"href":"https:\/\/www.lechaocandy.com\/de\/wp-json\/wp\/v2\/product_cat?post=1598"},{"taxonomy":"product_tag","embeddable":true,"href":"https:\/\/www.lechaocandy.com\/de\/wp-json\/wp\/v2\/product_tag?post=1598"}],"curies":[{"name":"wp","href":"https:\/\/api.w.org\/{rel}","templated":true}]}}