{"id":1636,"date":"2025-08-19T06:29:12","date_gmt":"2025-08-19T06:29:12","guid":{"rendered":"https:\/\/www.lechaocandy.com\/?post_type=product&#038;p=1636"},"modified":"2025-08-19T07:01:16","modified_gmt":"2025-08-19T07:01:16","slug":"dinosaur-gummies-bulk","status":"publish","type":"product","link":"https:\/\/www.lechaocandy.com\/de\/produkt\/dinosaur-gummies-bulk\/","title":{"rendered":"Bunte Dinosaurier Gummies Bulk, LeChao Soft Candy Gro\u00dfhandel"},"content":{"rendered":"<div class=\"wp-block-columns is-layout-flex wp-container-core-columns-is-layout-9d6595d7 wp-block-columns-is-layout-flex\"><div class=\"wp-block-column is-layout-flow wp-block-column-is-layout-flow\"><h2 class=\"wp-block-heading\">Produkt-Highlights von Dinosaurier Gummies Bulk<\/h2>\n\n<ul class=\"wp-block-list\"><li><strong>Lustige und interessante Formen ziehen Kinder und junge Verbraucher an: <\/strong>Unsere Dinosaurier-Gummis in loser Sch\u00fcttung sind in verschiedenen Dinosaurierformen erh\u00e4ltlich, die im Regal schnell die Aufmerksamkeit der Zielkunden auf sich ziehen.<\/li>\n\n<li><strong>Lebendige Farbkombinationen erh\u00f6hen die Attraktivit\u00e4t der Regale:<\/strong> Das farbenfrohe Design dieser Gro\u00dfhandels-S\u00fc\u00dfigkeiten macht das Produkt nicht nur optisch ansprechend, sondern verbessert auch die Wirkung der Displays und hilft den Einzelh\u00e4ndlern, die Umsatzraten zu verbessern.<\/li>\n\n<li><strong>Weiche und z\u00e4he Textur mit verschiedenen Geschmacksrichtungen: <\/strong>Unsere Dinosaurier-Gummis in loser Sch\u00fcttung kombinieren Fruchtaromen mit einer kaubaren Textur, die ein angenehmes Kauerlebnis bietet und die Wiederkaufrate erh\u00f6ht.<\/li>\n\n<li><strong>Gro\u00dfes Angebot zur Gew\u00e4hrleistung einer stabilen Beschaffung: <\/strong>Unser Gro\u00dfhandel mit Weichkaramellen im Direktvertrieb kann den Bedarf von Einzelh\u00e4ndlern, Gro\u00dfh\u00e4ndlern und Superm\u00e4rkten in gro\u00dfem Umfang decken und eine stabile Versorgung w\u00e4hrend der Hochsaison gew\u00e4hrleisten.<\/li>\n\n<li><strong>Unterst\u00fctzung von Anpassungen und OEM-Zusammenarbeit zur flexiblen Erf\u00fcllung von Marktanforderungen:<\/strong> Unsere Dinosaurier-Gummis in gro\u00dfen Mengen k\u00f6nnen je nach Kundenwunsch individuell verpackt, aromatisiert und etikettiert werden, um Gro\u00dfh\u00e4ndlern und Einzelhandelsmarken zu helfen, differenzierte Produkte zu schaffen und die Wettbewerbsf\u00e4higkeit auf dem Markt zu verbessern.<\/li><\/ul><\/div>\n\n<div class=\"wp-block-column is-layout-flow wp-block-column-is-layout-flow\"><figure class=\"wp-block-image size-full\"><img decoding=\"async\" width=\"800\" height=\"800\" src=\"https:\/\/www.lechaocandy.com\/wp-content\/uploads\/2025\/08\/Colorful-Dinosaur-Gummies-Bulk-LeChao-Soft-Candy-Wholesale-2.webp\" alt=\"Bunte Dinosaurier Gummies Bulk, LeChao Soft Candy Gro\u00dfhandel-2\" class=\"wp-image-1637\" srcset=\"https:\/\/www.lechaocandy.com\/wp-content\/uploads\/2025\/08\/Colorful-Dinosaur-Gummies-Bulk-LeChao-Soft-Candy-Wholesale-2.webp 800w, https:\/\/www.lechaocandy.com\/wp-content\/uploads\/2025\/08\/Colorful-Dinosaur-Gummies-Bulk-LeChao-Soft-Candy-Wholesale-2-300x300.webp 300w, https:\/\/www.lechaocandy.com\/wp-content\/uploads\/2025\/08\/Colorful-Dinosaur-Gummies-Bulk-LeChao-Soft-Candy-Wholesale-2-150x150.webp 150w, https:\/\/www.lechaocandy.com\/wp-content\/uploads\/2025\/08\/Colorful-Dinosaur-Gummies-Bulk-LeChao-Soft-Candy-Wholesale-2-768x768.webp 768w, https:\/\/www.lechaocandy.com\/wp-content\/uploads\/2025\/08\/Colorful-Dinosaur-Gummies-Bulk-LeChao-Soft-Candy-Wholesale-2-12x12.webp 12w, https:\/\/www.lechaocandy.com\/wp-content\/uploads\/2025\/08\/Colorful-Dinosaur-Gummies-Bulk-LeChao-Soft-Candy-Wholesale-2-600x600.webp 600w, https:\/\/www.lechaocandy.com\/wp-content\/uploads\/2025\/08\/Colorful-Dinosaur-Gummies-Bulk-LeChao-Soft-Candy-Wholesale-2-100x100.webp 100w\" sizes=\"(max-width: 800px) 100vw, 800px\" \/><\/figure><\/div><\/div>","protected":false},"excerpt":{"rendered":"<p>Willkommen im Gro\u00dfhandel f\u00fcr weiche Bonbons. Die farbenfrohen Dinosaurier-Gummis von LeChao sind in einer Vielzahl von satten Farben erh\u00e4ltlich und zeichnen sich durch weiche, kaubare Bonbons mit Fruchtgeschmack aus. Sie sind Fabrik-direkt und unterst\u00fctzen kundenspezifische Verpackung.<\/p>\n<table style=\"border-collapse: collapse; width: 268.02pt;\" border=\"0\" width=\"268\" cellspacing=\"0\" cellpadding=\"0\">\n<tbody>\n<tr style=\"height: 17.60pt;\">\n<td class=\"et2\" style=\"height: 17.60pt; width: 110.80pt;\" width=\"110\" height=\"17\">Hersteller<\/td>\n<td class=\"et2\" style=\"width: 157.50pt;\" width=\"157\">LeChao Bonbons<\/td>\n<\/tr>\n<tr style=\"height: 18.00pt;\">\n<td class=\"et2\" style=\"height: 18.00pt;\" height=\"18\">Produkttyp<\/td>\n<td class=\"et3\" style=\"width: 157.50pt;\" width=\"157\">Dinosaurier Gummibonbon<\/td>\n<\/tr>\n<tr style=\"height: 18.00pt;\">\n<td class=\"et2\" style=\"height: 18.00pt;\" height=\"18\">Geschmack<\/td>\n<td class=\"et3\" style=\"width: 157.50pt;\" width=\"157\">S\u00fc\u00df &amp; sauer &amp; widerstandsf\u00e4hig<\/td>\n<\/tr>\n<tr style=\"height: 17.60pt;\">\n<td class=\"et2\" style=\"height: 17.60pt;\" height=\"17\">Spezifikation<\/td>\n<td class=\"et2\">20gx24St\u00fcckx12Kartons<\/td>\n<\/tr>\n<tr style=\"height: 17.60pt;\">\n<td class=\"et2\" style=\"height: 17.60pt;\" height=\"17\">Gr\u00f6\u00dfe des Kartons<\/td>\n<td class=\"et2\">45*29*25cm<\/td>\n<\/tr>\n<tr style=\"height: 17.60pt;\">\n<td class=\"et2\" style=\"height: 17.60pt;\" height=\"17\">N.W.\/Karton<\/td>\n<td class=\"et2\">8.0kg<\/td>\n<\/tr>\n<tr style=\"height: 17.60pt;\">\n<td class=\"et2\" style=\"height: 17.60pt;\" height=\"17\">Preis<\/td>\n<td class=\"et2\">23.5USD<\/td>\n<\/tr>\n<tr style=\"height: 17.60pt;\">\n<td class=\"et2\" style=\"height: 17.60pt;\" height=\"17\">MOQ<\/td>\n<td class=\"et2\">500CTNS<\/td>\n<\/tr>\n<tr style=\"height: 17.60pt;\">\n<td class=\"et2\" style=\"height: 17.60pt;\" height=\"17\">Muster<\/td>\n<td class=\"et2\">Verf\u00fcgbar<\/td>\n<\/tr>\n<\/tbody>\n<\/table>\n<p>&nbsp;<\/p>","protected":false},"featured_media":1641,"comment_status":"open","ping_status":"closed","template":"","meta":{"_acf_changed":false},"product_brand":[],"product_cat":[19],"product_tag":[],"class_list":{"0":"post-1636","1":"product","2":"type-product","3":"status-publish","4":"has-post-thumbnail","6":"product_cat-wholesale-gummy-manufacturer","8":"first","9":"instock","10":"shipping-taxable","11":"product-type-simple"},"acf":[],"_links":{"self":[{"href":"https:\/\/www.lechaocandy.com\/de\/wp-json\/wp\/v2\/product\/1636","targetHints":{"allow":["GET"]}}],"collection":[{"href":"https:\/\/www.lechaocandy.com\/de\/wp-json\/wp\/v2\/product"}],"about":[{"href":"https:\/\/www.lechaocandy.com\/de\/wp-json\/wp\/v2\/types\/product"}],"replies":[{"embeddable":true,"href":"https:\/\/www.lechaocandy.com\/de\/wp-json\/wp\/v2\/comments?post=1636"}],"wp:featuredmedia":[{"embeddable":true,"href":"https:\/\/www.lechaocandy.com\/de\/wp-json\/wp\/v2\/media\/1641"}],"wp:attachment":[{"href":"https:\/\/www.lechaocandy.com\/de\/wp-json\/wp\/v2\/media?parent=1636"}],"wp:term":[{"taxonomy":"product_brand","embeddable":true,"href":"https:\/\/www.lechaocandy.com\/de\/wp-json\/wp\/v2\/product_brand?post=1636"},{"taxonomy":"product_cat","embeddable":true,"href":"https:\/\/www.lechaocandy.com\/de\/wp-json\/wp\/v2\/product_cat?post=1636"},{"taxonomy":"product_tag","embeddable":true,"href":"https:\/\/www.lechaocandy.com\/de\/wp-json\/wp\/v2\/product_tag?post=1636"}],"curies":[{"name":"wp","href":"https:\/\/api.w.org\/{rel}","templated":true}]}}