{"id":1651,"date":"2025-08-19T07:01:40","date_gmt":"2025-08-19T07:01:40","guid":{"rendered":"https:\/\/www.lechaocandy.com\/?post_type=product&#038;p=1651"},"modified":"2025-08-19T07:18:41","modified_gmt":"2025-08-19T07:18:41","slug":"bulk-jam-filled-candy","status":"publish","type":"product","link":"https:\/\/www.lechaocandy.com\/de\/produkt\/bulk-jam-filled-candy\/","title":{"rendered":"LeChao Bulk Marmelade gef\u00fcllte S\u00fc\u00dfigkeiten, fruchtige Gummibonbons Gro\u00dfhandel"},"content":{"rendered":"<div class=\"wp-block-columns is-layout-flex wp-container-core-columns-is-layout-9d6595d7 wp-block-columns-is-layout-flex\"><div class=\"wp-block-column is-layout-flow wp-block-column-is-layout-flow\"><h2 class=\"wp-block-heading\">Produkt-Highlights von Bulk Jam Filled Candy<\/h2>\n\n<ul class=\"wp-block-list\"><li><strong>Reichhaltige Marmeladenf\u00fcllung mit verschiedenen Schichten: <\/strong>Unsere mit Marmelade gef\u00fcllten Bonbons zeichnen sich durch eine weiche, z\u00e4he Au\u00dfenschicht aus, die eine reichhaltige Marmeladenf\u00fcllung umh\u00fcllt und ein zweifaches sensorisches Erlebnis von S\u00fc\u00dfe und Fruchtaroma bietet.<\/li>\n\n<li><strong>Verschiedene Fruchtgeschmacksrichtungen f\u00fcr unterschiedliche Vorlieben: <\/strong>Diese Gummibonbons f\u00fcr den Gro\u00dfhandel sind mit einer Vielzahl von Fruchtgeschmacksrichtungen versehen, um einer breiten Palette von Verbraucherpr\u00e4ferenzen gerecht zu werden, was die Marktakzeptanz des Produkts und die Wiederkaufsraten erh\u00f6ht.<\/li>\n\n<li><strong>Lieferung in gro\u00dfen Mengen, um eine stabile Lieferung zu gew\u00e4hrleisten: <\/strong>Unsere mit Marmelade gef\u00fcllten Bonbons werden direkt von der Fabrik geliefert und sind in der Lage, gro\u00dfe Mengen an Bestellungen von Einzelh\u00e4ndlern, Gro\u00dfh\u00e4ndlern und Superm\u00e4rkten zu erf\u00fcllen, was eine stabile Versorgung w\u00e4hrend der Hochsaison oder in Werbezeiten gew\u00e4hrleistet.<\/li>\n\n<li><strong>Hohe Attraktivit\u00e4t der Regale zur Steigerung des Einzelhandelsumsatzes: <\/strong>Das lebendige Aussehen und das mit Marmelade gef\u00fcllte Design dieser Gummibonbons f\u00fcr den Gro\u00dfhandel sorgen nicht nur f\u00fcr visuelle Attraktivit\u00e4t, sondern helfen den Einzelh\u00e4ndlern auch, die Effektivit\u00e4t der Auslage und die Umsatzraten zu steigern.<\/li>\n\n<li><strong>Unterst\u00fctzung f\u00fcr kundenspezifische Verpackungen und OEM-Zusammenarbeit:<\/strong> Wir bieten kundenspezifisches Verpackungsdesign, Geschmacksanpassung und private Etikettierungsdienste f\u00fcr mit Konfit\u00fcre gef\u00fcllte Gro\u00dfpackungen von S\u00fc\u00dfigkeiten an und helfen unseren Kunden, ihre Wettbewerbsf\u00e4higkeit und ihren Markenwert zu steigern.<\/li><\/ul><\/div>\n\n<div class=\"wp-block-column is-layout-flow wp-block-column-is-layout-flow\"><figure class=\"wp-block-image size-full\"><img decoding=\"async\" width=\"800\" height=\"800\" src=\"https:\/\/www.lechaocandy.com\/wp-content\/uploads\/2025\/08\/LeChao-Bulk-Jam-Filled-Candy-Fruity-Gummy-Candy-Wholesale-5.webp\" alt=\"LeChao Bulk Marmelade gef\u00fcllte S\u00fc\u00dfigkeiten, fruchtige Gummibonbons Gro\u00dfhandel-5\" class=\"wp-image-1656\" srcset=\"https:\/\/www.lechaocandy.com\/wp-content\/uploads\/2025\/08\/LeChao-Bulk-Jam-Filled-Candy-Fruity-Gummy-Candy-Wholesale-5.webp 800w, https:\/\/www.lechaocandy.com\/wp-content\/uploads\/2025\/08\/LeChao-Bulk-Jam-Filled-Candy-Fruity-Gummy-Candy-Wholesale-5-300x300.webp 300w, https:\/\/www.lechaocandy.com\/wp-content\/uploads\/2025\/08\/LeChao-Bulk-Jam-Filled-Candy-Fruity-Gummy-Candy-Wholesale-5-150x150.webp 150w, https:\/\/www.lechaocandy.com\/wp-content\/uploads\/2025\/08\/LeChao-Bulk-Jam-Filled-Candy-Fruity-Gummy-Candy-Wholesale-5-768x768.webp 768w, https:\/\/www.lechaocandy.com\/wp-content\/uploads\/2025\/08\/LeChao-Bulk-Jam-Filled-Candy-Fruity-Gummy-Candy-Wholesale-5-12x12.webp 12w, https:\/\/www.lechaocandy.com\/wp-content\/uploads\/2025\/08\/LeChao-Bulk-Jam-Filled-Candy-Fruity-Gummy-Candy-Wholesale-5-600x600.webp 600w, https:\/\/www.lechaocandy.com\/wp-content\/uploads\/2025\/08\/LeChao-Bulk-Jam-Filled-Candy-Fruity-Gummy-Candy-Wholesale-5-100x100.webp 100w\" sizes=\"(max-width: 800px) 100vw, 800px\" \/><\/figure><\/div><\/div>","protected":false},"excerpt":{"rendered":"<p>Willkommen zum Kauf Gro\u00dfhandel Gummibonbons. Unser Gro\u00dfhandel Marmelade gef\u00fcllt S\u00fc\u00dfigkeiten kommt in vier reiche Fruchtmarmelade Geschmacksrichtungen, bietet eine geschichtete und komplexe Geschmackserlebnis. Ideal f\u00fcr Einzelhandel, Superm\u00e4rkte und Snackmarken, die in gro\u00dfen Mengen einkaufen m\u00f6chten.<\/p>\n<table style=\"border-collapse: collapse; width: 268.02pt;\" border=\"0\" width=\"268\" cellspacing=\"0\" cellpadding=\"0\">\n<tbody>\n<tr style=\"height: 17.60pt;\">\n<td class=\"et2\" style=\"height: 17.60pt; width: 110.80pt;\" width=\"110\" height=\"17\">Hersteller<\/td>\n<td class=\"et2\" style=\"width: 157.50pt;\" width=\"157\">LeChao Bonbons<\/td>\n<\/tr>\n<tr style=\"height: 18.00pt;\">\n<td class=\"et2\" style=\"height: 18.00pt;\" height=\"18\">Produkttyp<\/td>\n<td class=\"et3\" style=\"width: 157.50pt;\" width=\"157\">Gummibonbons mit Marmeladenf\u00fcllung<\/td>\n<\/tr>\n<tr style=\"height: 18.00pt;\">\n<td class=\"et2\" style=\"height: 18.00pt;\" height=\"18\">Geschmack<\/td>\n<td class=\"et3\" style=\"width: 157.50pt;\" width=\"157\">Reichhaltig &amp; s\u00fc\u00df &amp; widerstandsf\u00e4hig<\/td>\n<\/tr>\n<tr style=\"height: 17.60pt;\">\n<td class=\"et2\" style=\"height: 17.60pt;\" height=\"17\">Spezifikation<\/td>\n<td class=\"et2\">25gx20Beutelx12Kartons<\/td>\n<\/tr>\n<tr style=\"height: 17.60pt;\">\n<td class=\"et2\" style=\"height: 17.60pt;\" height=\"17\">Gr\u00f6\u00dfe des Kartons<\/td>\n<td class=\"et2\">51.5*34*36.5cm<\/td>\n<\/tr>\n<tr style=\"height: 17.60pt;\">\n<td class=\"et2\" style=\"height: 17.60pt;\" height=\"17\">N.W.\/Karton<\/td>\n<td class=\"et2\">8.0kg<\/td>\n<\/tr>\n<tr style=\"height: 17.60pt;\">\n<td class=\"et2\" style=\"height: 17.60pt;\" height=\"17\">Preis<\/td>\n<td class=\"et2\">28.8USD<\/td>\n<\/tr>\n<tr style=\"height: 17.60pt;\">\n<td class=\"et2\" style=\"height: 17.60pt;\" height=\"17\">MOQ<\/td>\n<td class=\"et2\">500CTNS<\/td>\n<\/tr>\n<tr style=\"height: 17.60pt;\">\n<td class=\"et2\" style=\"height: 17.60pt;\" height=\"17\">Muster<\/td>\n<td class=\"et2\">Verf\u00fcgbar<\/td>\n<\/tr>\n<\/tbody>\n<\/table>\n<p>&nbsp;<\/p>","protected":false},"featured_media":1653,"comment_status":"open","ping_status":"closed","template":"","meta":{"_acf_changed":false},"product_brand":[],"product_cat":[19,27],"product_tag":[],"class_list":{"0":"post-1651","1":"product","2":"type-product","3":"status-publish","4":"has-post-thumbnail","6":"product_cat-wholesale-gummy-manufacturer","7":"product_cat-filled-gummy-candies-supplier","9":"first","10":"instock","11":"shipping-taxable","12":"product-type-simple"},"acf":[],"_links":{"self":[{"href":"https:\/\/www.lechaocandy.com\/de\/wp-json\/wp\/v2\/product\/1651","targetHints":{"allow":["GET"]}}],"collection":[{"href":"https:\/\/www.lechaocandy.com\/de\/wp-json\/wp\/v2\/product"}],"about":[{"href":"https:\/\/www.lechaocandy.com\/de\/wp-json\/wp\/v2\/types\/product"}],"replies":[{"embeddable":true,"href":"https:\/\/www.lechaocandy.com\/de\/wp-json\/wp\/v2\/comments?post=1651"}],"wp:featuredmedia":[{"embeddable":true,"href":"https:\/\/www.lechaocandy.com\/de\/wp-json\/wp\/v2\/media\/1653"}],"wp:attachment":[{"href":"https:\/\/www.lechaocandy.com\/de\/wp-json\/wp\/v2\/media?parent=1651"}],"wp:term":[{"taxonomy":"product_brand","embeddable":true,"href":"https:\/\/www.lechaocandy.com\/de\/wp-json\/wp\/v2\/product_brand?post=1651"},{"taxonomy":"product_cat","embeddable":true,"href":"https:\/\/www.lechaocandy.com\/de\/wp-json\/wp\/v2\/product_cat?post=1651"},{"taxonomy":"product_tag","embeddable":true,"href":"https:\/\/www.lechaocandy.com\/de\/wp-json\/wp\/v2\/product_tag?post=1651"}],"curies":[{"name":"wp","href":"https:\/\/api.w.org\/{rel}","templated":true}]}}