{"id":1678,"date":"2025-08-27T08:50:25","date_gmt":"2025-08-27T08:50:25","guid":{"rendered":"https:\/\/www.lechaocandy.com\/?post_type=product&#038;p=1678"},"modified":"2026-03-30T09:10:17","modified_gmt":"2026-03-30T09:10:17","slug":"ducks-gummy-candy-wholesale","status":"publish","type":"product","link":"https:\/\/www.lechaocandy.com\/de\/produkt\/ducks-gummy-candy-wholesale\/","title":{"rendered":"3D Hatch Ducks Gummibonbons Gro\u00dfhandel, 50% Saft hinzugef\u00fcgt"},"content":{"rendered":"<div class=\"wp-block-columns is-layout-flex wp-container-core-columns-is-layout-9d6595d7 wp-block-columns-is-layout-flex\"><div class=\"wp-block-column is-layout-flow wp-block-column-is-layout-flow\"><h2 class=\"wp-block-heading\">Produkt-Highlights von Hatch Ducks Gummibonbons Gro\u00dfhandel<\/h2>\n\n<ul class=\"wp-block-list\"><li><strong>Hoher Saftgehalt f\u00fcr einen nat\u00fcrlichen Geschmack:<\/strong> Unsere Enten-Gummibonbons im Gro\u00dfhandel werden mit 50% echtem Fruchtsaft hergestellt, was zu einem reichen Fruchtaroma und einem s\u00fc\u00dfen, saftigen Geschmack f\u00fchrt. Im Vergleich zu herk\u00f6mmlichen S\u00fc\u00dfigkeiten, ist es n\u00e4her an nat\u00fcrlichen Fruchtaromen und richtet sich mit gesunden Snacking Trends.<\/li>\n\n<li><strong>Eine gro\u00dfe Auswahl an Fruchtgeschmackskombinationen:<\/strong> Diese 3D-Gummis f\u00fcr den Gro\u00dfhandel bieten die S\u00fc\u00dfe von Erdbeeren, den erfrischenden Geschmack von \u00c4pfeln, die S\u00e4ure von Zitronen und die Reichhaltigkeit von Trauben. Diese vielf\u00e4ltigen Geschmackskombinationen bieten den Verbrauchern mehr Auswahlm\u00f6glichkeiten und erh\u00f6hen die Attraktivit\u00e4t des Produkts.<\/li>\n\n<li><strong>Einzigartiges Design der geknackten Ente:<\/strong> Diese Enten-Gummibonbons im Gro\u00dfhandel sind niedlich und lebendig, was sie zu einem begehrten Sammlerst\u00fcck macht, das gerne geteilt wird. Sie sprechen nicht nur Kinder an, sondern eignen sich auch f\u00fcr lustige Snacks, die in den sozialen Medien geteilt werden, was die Marktreichweite erh\u00f6ht.<\/li>\n\n<li><strong>K\u00f6stlich und gesund:<\/strong> Unsere 3D-Gummis f\u00fcr den Gro\u00dfhandel bieten ein k\u00f6stliches und gesundes Gleichgewicht von Geschmack und N\u00e4hrwert, das durch eine Fruchtsaftformel verbessert wird. Dies bietet den Verbrauchern einen sichereren, angenehmeren Snack.<\/li>\n\n<li><strong>Individuelle Anpassung und Unterst\u00fctzung f\u00fcr Gro\u00dfh\u00e4ndler: <\/strong>Wir bieten eine Vielzahl von Gr\u00f6\u00dfen und Verpackungsanpassungen f\u00fcr den Gro\u00dfhandel mit Enten-Gummibonbons an, die sich f\u00fcr Einzelh\u00e4ndler, Superm\u00e4rkte, E-Commerce-Plattformen und Markeninhaber eignen, die Gro\u00dfeink\u00e4ufe t\u00e4tigen m\u00f6chten, und helfen ihnen beim Aufbau differenzierter Produktlinien.<\/li><\/ul><\/div>\n\n<div class=\"wp-block-column is-layout-flow wp-block-column-is-layout-flow\"><figure class=\"wp-block-image size-full\"><img decoding=\"async\" width=\"800\" height=\"800\" src=\"https:\/\/www.lechaocandy.com\/wp-content\/uploads\/2025\/08\/3D-Hatch-Ducks-Gummy-Candy-Wholesale-50-Juice-Added-5.webp\" alt=\"3D Hatch Ducks Gummibonbons Gro\u00dfhandel, 50% Saft hinzugef\u00fcgt-5\" class=\"wp-image-1683\" srcset=\"https:\/\/www.lechaocandy.com\/wp-content\/uploads\/2025\/08\/3D-Hatch-Ducks-Gummy-Candy-Wholesale-50-Juice-Added-5.webp 800w, https:\/\/www.lechaocandy.com\/wp-content\/uploads\/2025\/08\/3D-Hatch-Ducks-Gummy-Candy-Wholesale-50-Juice-Added-5-300x300.webp 300w, https:\/\/www.lechaocandy.com\/wp-content\/uploads\/2025\/08\/3D-Hatch-Ducks-Gummy-Candy-Wholesale-50-Juice-Added-5-150x150.webp 150w, https:\/\/www.lechaocandy.com\/wp-content\/uploads\/2025\/08\/3D-Hatch-Ducks-Gummy-Candy-Wholesale-50-Juice-Added-5-768x768.webp 768w, https:\/\/www.lechaocandy.com\/wp-content\/uploads\/2025\/08\/3D-Hatch-Ducks-Gummy-Candy-Wholesale-50-Juice-Added-5-12x12.webp 12w, https:\/\/www.lechaocandy.com\/wp-content\/uploads\/2025\/08\/3D-Hatch-Ducks-Gummy-Candy-Wholesale-50-Juice-Added-5-600x600.webp 600w, https:\/\/www.lechaocandy.com\/wp-content\/uploads\/2025\/08\/3D-Hatch-Ducks-Gummy-Candy-Wholesale-50-Juice-Added-5-100x100.webp 100w\" sizes=\"(max-width: 800px) 100vw, 800px\" \/><\/figure><\/div><\/div><figure class=\"wp-block-embed is-type-video is-provider-youtube wp-block-embed-youtube wp-embed-aspect-16-9 wp-has-aspect-ratio\"><div class=\"wp-block-embed__wrapper\">\n<iframe title=\"Halal Gummibonbons\" width=\"500\" height=\"281\" src=\"https:\/\/www.youtube.com\/embed\/U0xZK9uKBRA?feature=oembed\" frameborder=\"0\" allow=\"accelerometer; autoplay; clipboard-write; encrypted-media; gyroscope; picture-in-picture; web-share\" referrerpolicy=\"strict-origin-when-cross-origin\" allowfullscreen><\/iframe>\n<\/div><\/figure>","protected":false},"excerpt":{"rendered":"<p>Bulk um Gro\u00dfhandel 3D gummies. Unsere Enten Gummibonbons Gro\u00dfhandel bietet authentische Fruchtaromen und eine zarte Textur. Das einzigartige Design der geknackten Ente ist lustig und ansprechend, und wir unterst\u00fctzen eine Vielzahl von benutzerdefinierten Verpackungsoptionen, so dass es f\u00fcr Gro\u00dfhandel, Einzelhandel und Markenpartnerschaften geeignet ist.<\/p>\n<table style=\"border-collapse: collapse; width: 300.02pt;\" border=\"0\" width=\"300\" cellspacing=\"0\" cellpadding=\"0\">\n<tbody>\n<tr style=\"height: 17.60pt;\">\n<td class=\"et2\" style=\"height: 17.60pt; width: 110.80pt;\" width=\"110\" height=\"17\">Hersteller<\/td>\n<td class=\"et2\" style=\"width: 189.95pt;\" width=\"189\">LeChao Bonbons<\/td>\n<\/tr>\n<tr style=\"height: 18.00pt;\">\n<td class=\"et2\" style=\"height: 18.00pt;\" height=\"18\">Produkttyp<\/td>\n<td class=\"et3\" style=\"width: 189.95pt;\" width=\"189\">Hatch Duck Gummibonbons<\/td>\n<\/tr>\n<tr style=\"height: 18.00pt;\">\n<td class=\"et2\" style=\"height: 18.00pt;\" height=\"18\">Geschmack<\/td>\n<td class=\"et3\" style=\"width: 189.95pt;\" width=\"189\">S\u00fc\u00df &amp; sauer &amp; widerstandsf\u00e4hig<\/td>\n<\/tr>\n<tr style=\"height: 17.60pt;\">\n<td class=\"et2\" style=\"height: 17.60pt;\" height=\"17\">Spezifikation<\/td>\n<td class=\"et2\">100g*48Beutel<\/td>\n<\/tr>\n<tr style=\"height: 17.60pt;\">\n<td class=\"et2\" style=\"height: 17.60pt;\" height=\"17\">Gr\u00f6\u00dfe des Kartons<\/td>\n<td class=\"et2\">45*33*24cm<\/td>\n<\/tr>\n<tr style=\"height: 17.60pt;\">\n<td class=\"et2\" style=\"height: 17.60pt;\" height=\"17\">N.W.\/Karton<\/td>\n<td class=\"et2\">6,4 kg<\/td>\n<\/tr>\n<tr style=\"height: 17.60pt;\">\n<td class=\"et2\" style=\"height: 17.60pt;\" height=\"17\">Preis<\/td>\n<td class=\"et2\">24USD<\/td>\n<\/tr>\n<tr style=\"height: 17.60pt;\">\n<td class=\"et2\" style=\"height: 17.60pt;\" height=\"17\">MOQ<\/td>\n<td class=\"et2\">500CTNS<\/td>\n<\/tr>\n<tr style=\"height: 17.60pt;\">\n<td class=\"et2\" style=\"height: 17.60pt;\" height=\"17\">Muster<\/td>\n<td class=\"et2\">Verf\u00fcgbar<\/td>\n<\/tr>\n<\/tbody>\n<\/table>\n<p>&nbsp;<\/p>","protected":false},"featured_media":1682,"comment_status":"open","ping_status":"closed","template":"","meta":{"_acf_changed":false},"product_brand":[],"product_cat":[19,24],"product_tag":[],"class_list":{"0":"post-1678","1":"product","2":"type-product","3":"status-publish","4":"has-post-thumbnail","6":"product_cat-wholesale-gummy-manufacturer","7":"product_cat-3d-gummy-candy-manufacturer","9":"first","10":"instock","11":"shipping-taxable","12":"product-type-simple"},"acf":[],"_links":{"self":[{"href":"https:\/\/www.lechaocandy.com\/de\/wp-json\/wp\/v2\/product\/1678","targetHints":{"allow":["GET"]}}],"collection":[{"href":"https:\/\/www.lechaocandy.com\/de\/wp-json\/wp\/v2\/product"}],"about":[{"href":"https:\/\/www.lechaocandy.com\/de\/wp-json\/wp\/v2\/types\/product"}],"replies":[{"embeddable":true,"href":"https:\/\/www.lechaocandy.com\/de\/wp-json\/wp\/v2\/comments?post=1678"}],"wp:featuredmedia":[{"embeddable":true,"href":"https:\/\/www.lechaocandy.com\/de\/wp-json\/wp\/v2\/media\/1682"}],"wp:attachment":[{"href":"https:\/\/www.lechaocandy.com\/de\/wp-json\/wp\/v2\/media?parent=1678"}],"wp:term":[{"taxonomy":"product_brand","embeddable":true,"href":"https:\/\/www.lechaocandy.com\/de\/wp-json\/wp\/v2\/product_brand?post=1678"},{"taxonomy":"product_cat","embeddable":true,"href":"https:\/\/www.lechaocandy.com\/de\/wp-json\/wp\/v2\/product_cat?post=1678"},{"taxonomy":"product_tag","embeddable":true,"href":"https:\/\/www.lechaocandy.com\/de\/wp-json\/wp\/v2\/product_tag?post=1678"}],"curies":[{"name":"wp","href":"https:\/\/api.w.org\/{rel}","templated":true}]}}