{"id":1685,"date":"2025-08-27T09:14:59","date_gmt":"2025-08-27T09:14:59","guid":{"rendered":"https:\/\/www.lechaocandy.com\/?post_type=product&#038;p=1685"},"modified":"2025-08-27T09:24:24","modified_gmt":"2025-08-27T09:24:24","slug":"gummy-mix-bulk","status":"publish","type":"product","link":"https:\/\/www.lechaocandy.com\/de\/produkt\/gummy-mix-bulk\/","title":{"rendered":"LeChao Meerestier-Gummi-Mix Bulk, Support Custom Package"},"content":{"rendered":"<div class=\"wp-block-columns is-layout-flex wp-container-core-columns-is-layout-9d6595d7 wp-block-columns-is-layout-flex\"><div class=\"wp-block-column is-layout-flow wp-block-column-is-layout-flow\"><h2 class=\"wp-block-heading\">Produkt-Highlights von Gummy Mix Bulk<\/h2>\n\n<ul class=\"wp-block-list\"><li><strong>Lustige Meeres-Themen: <\/strong>Diese Gummimischungen sind in einer Vielzahl von Meerestierformen erh\u00e4ltlich, darunter Delfine, Seesterne, Kraken und Seepferdchen. Diese lebhaften und liebenswerten Designs machen die Snacks unterhaltsamer und begehrenswerter, was die Nachfrage der Verbraucher erh\u00f6ht.<\/li>\n\n<li><strong>Mehrere Fruchtgeschmacksrichtungen: <\/strong>Unsere Gummibonbons f\u00fcr den Gro\u00dfhandel bieten eine Vielzahl klassischer Fruchtgeschmacksrichtungen, sowohl s\u00fc\u00df als auch sauer, die verschiedene Geschmacksvorlieben ansprechen und die Marktf\u00e4higkeit der Produkte verbessern.<\/li>\n\n<li><strong>Kaum sp\u00fcrbare Textur und leuchtende Farben: <\/strong>Unsere Gummimischungen haben eine weiche, kaubare Textur und einen s\u00fc\u00dfen Geschmack, der durch ein farbenfrohes Design erg\u00e4nzt wird, das sowohl das Auge als auch den Gaumen anspricht.<\/li>\n\n<li><strong>Geeignet f\u00fcr eine Vielzahl von Verbrauchsszenarien: <\/strong>Ob es sich um einen Kindersnack, eine Weihnachtsfeier, eine thematische Veranstaltung oder sogar um den Einzelhandel in Superm\u00e4rkten und E-Commerce-Kan\u00e4len handelt, unsere Gro\u00dfhandelsgummibonbons werden mit Sicherheit ein Bestseller sein.<\/li>\n\n<li><strong>Unterst\u00fctzung der Verpackungsanpassung und des Gro\u00dfhandels: <\/strong>Wir bieten eine Vielzahl von Spezifikationen und ma\u00dfgeschneiderten Verpackungsl\u00f6sungen f\u00fcr Gummimischungen in loser Sch\u00fcttung an, die den Kunden helfen, ihr eigenes Markenimage aufzubauen und unterschiedliche Marktanforderungen zu erf\u00fcllen.<\/li><\/ul><\/div>\n\n<div class=\"wp-block-column is-layout-flow wp-block-column-is-layout-flow\"><figure class=\"wp-block-image size-full\"><img decoding=\"async\" width=\"800\" height=\"800\" src=\"https:\/\/www.lechaocandy.com\/wp-content\/uploads\/2025\/08\/LeChao-Sea-Animal-Gummy-Mix-Bulk-Support-Custom-Package-2.webp\" alt=\"LeChao Meerestier-Gummi-Mix Bulk, Unterst\u00fctzung Custom Package-2\" class=\"wp-image-1687\" srcset=\"https:\/\/www.lechaocandy.com\/wp-content\/uploads\/2025\/08\/LeChao-Sea-Animal-Gummy-Mix-Bulk-Support-Custom-Package-2.webp 800w, https:\/\/www.lechaocandy.com\/wp-content\/uploads\/2025\/08\/LeChao-Sea-Animal-Gummy-Mix-Bulk-Support-Custom-Package-2-300x300.webp 300w, https:\/\/www.lechaocandy.com\/wp-content\/uploads\/2025\/08\/LeChao-Sea-Animal-Gummy-Mix-Bulk-Support-Custom-Package-2-150x150.webp 150w, https:\/\/www.lechaocandy.com\/wp-content\/uploads\/2025\/08\/LeChao-Sea-Animal-Gummy-Mix-Bulk-Support-Custom-Package-2-768x768.webp 768w, https:\/\/www.lechaocandy.com\/wp-content\/uploads\/2025\/08\/LeChao-Sea-Animal-Gummy-Mix-Bulk-Support-Custom-Package-2-12x12.webp 12w, https:\/\/www.lechaocandy.com\/wp-content\/uploads\/2025\/08\/LeChao-Sea-Animal-Gummy-Mix-Bulk-Support-Custom-Package-2-600x600.webp 600w, https:\/\/www.lechaocandy.com\/wp-content\/uploads\/2025\/08\/LeChao-Sea-Animal-Gummy-Mix-Bulk-Support-Custom-Package-2-100x100.webp 100w\" sizes=\"(max-width: 800px) 100vw, 800px\" \/><\/figure><\/div><\/div>","protected":false},"excerpt":{"rendered":"<p>Willkommen im Gro\u00dfhandel Lechao's Gummibonbons zu bestellen. Unsere Gummibonbonmischung mit Meeresmotiven bietet bunte Fruchtgeschmacksrichtungen und eine Vielzahl von Meereslebewesen, die ein lustiges und k\u00f6stliches Erlebnis darstellen. Geeignet f\u00fcr Einzelhandel, Gro\u00dfhandel und Markenpartnerschaften.<\/p>\n<table style=\"border-collapse: collapse; width: 300.02pt;\" border=\"0\" width=\"300\" cellspacing=\"0\" cellpadding=\"0\">\n<tbody>\n<tr style=\"height: 17.60pt;\">\n<td class=\"et2\" style=\"height: 17.60pt; width: 110.80pt;\" width=\"110\" height=\"17\">Hersteller<\/td>\n<td class=\"et2\" style=\"width: 189.95pt;\" width=\"189\">LeChao Bonbons<\/td>\n<\/tr>\n<tr style=\"height: 18.00pt;\">\n<td class=\"et2\" style=\"height: 18.00pt;\" height=\"18\">Produkttyp<\/td>\n<td class=\"et3\" style=\"width: 189.95pt;\" width=\"189\">Meerestier Gummibonbon<\/td>\n<\/tr>\n<tr style=\"height: 18.00pt;\">\n<td class=\"et2\" style=\"height: 18.00pt;\" height=\"18\">Geschmack<\/td>\n<td class=\"et3\" style=\"width: 189.95pt;\" width=\"189\">S\u00fc\u00df &amp; sauer &amp; widerstandsf\u00e4hig<\/td>\n<\/tr>\n<tr style=\"height: 17.60pt;\">\n<td class=\"et2\" style=\"height: 17.60pt;\" height=\"17\">Spezifikation<\/td>\n<td class=\"et2\">100gx80Beutel<\/td>\n<\/tr>\n<tr style=\"height: 17.60pt;\">\n<td class=\"et2\" style=\"height: 17.60pt;\" height=\"17\">Gr\u00f6\u00dfe des Kartons<\/td>\n<td class=\"et2\">50*33*30cm<\/td>\n<\/tr>\n<tr style=\"height: 17.60pt;\">\n<td class=\"et2\" style=\"height: 17.60pt;\" height=\"17\">N.W.\/Karton<\/td>\n<td class=\"et2\">10.0kg<\/td>\n<\/tr>\n<tr style=\"height: 17.60pt;\">\n<td class=\"et2\" style=\"height: 17.60pt;\" height=\"17\">Preis<\/td>\n<td class=\"et2\">30USD<\/td>\n<\/tr>\n<tr style=\"height: 17.60pt;\">\n<td class=\"et2\" style=\"height: 17.60pt;\" height=\"17\">MOQ<\/td>\n<td class=\"et2\">500CTNS<\/td>\n<\/tr>\n<tr style=\"height: 17.60pt;\">\n<td class=\"et2\" style=\"height: 17.60pt;\" height=\"17\">Muster<\/td>\n<td class=\"et2\">Verf\u00fcgbar<\/td>\n<\/tr>\n<\/tbody>\n<\/table>\n<p>&nbsp;<\/p>\n<p>&nbsp;<\/p>","protected":false},"featured_media":1686,"comment_status":"open","ping_status":"closed","template":"","meta":{"_acf_changed":false},"product_brand":[],"product_cat":[19],"product_tag":[],"class_list":{"0":"post-1685","1":"product","2":"type-product","3":"status-publish","4":"has-post-thumbnail","6":"product_cat-wholesale-gummy-manufacturer","8":"first","9":"instock","10":"shipping-taxable","11":"product-type-simple"},"acf":[],"_links":{"self":[{"href":"https:\/\/www.lechaocandy.com\/de\/wp-json\/wp\/v2\/product\/1685","targetHints":{"allow":["GET"]}}],"collection":[{"href":"https:\/\/www.lechaocandy.com\/de\/wp-json\/wp\/v2\/product"}],"about":[{"href":"https:\/\/www.lechaocandy.com\/de\/wp-json\/wp\/v2\/types\/product"}],"replies":[{"embeddable":true,"href":"https:\/\/www.lechaocandy.com\/de\/wp-json\/wp\/v2\/comments?post=1685"}],"wp:featuredmedia":[{"embeddable":true,"href":"https:\/\/www.lechaocandy.com\/de\/wp-json\/wp\/v2\/media\/1686"}],"wp:attachment":[{"href":"https:\/\/www.lechaocandy.com\/de\/wp-json\/wp\/v2\/media?parent=1685"}],"wp:term":[{"taxonomy":"product_brand","embeddable":true,"href":"https:\/\/www.lechaocandy.com\/de\/wp-json\/wp\/v2\/product_brand?post=1685"},{"taxonomy":"product_cat","embeddable":true,"href":"https:\/\/www.lechaocandy.com\/de\/wp-json\/wp\/v2\/product_cat?post=1685"},{"taxonomy":"product_tag","embeddable":true,"href":"https:\/\/www.lechaocandy.com\/de\/wp-json\/wp\/v2\/product_tag?post=1685"}],"curies":[{"name":"wp","href":"https:\/\/api.w.org\/{rel}","templated":true}]}}