{"id":1712,"date":"2025-09-02T08:21:17","date_gmt":"2025-09-02T08:21:17","guid":{"rendered":"https:\/\/www.lechaocandy.com\/?post_type=product&#038;p=1712"},"modified":"2025-09-02T08:32:14","modified_gmt":"2025-09-02T08:32:14","slug":"gummi-fun-mix-bulk","status":"publish","type":"product","link":"https:\/\/www.lechaocandy.com\/de\/produkt\/gummi-fun-mix-bulk\/","title":{"rendered":"Juice Cup Form Gummi Fun Mix Bulk, Gummibonbons Gro\u00dfhandel"},"content":{"rendered":"<div class=\"wp-block-columns is-layout-flex wp-container-core-columns-is-layout-9d6595d7 wp-block-columns-is-layout-flex\"><div class=\"wp-block-column is-layout-flow wp-block-column-is-layout-flow\"><h2 class=\"wp-block-heading\">Produkt-Highlights von Juice Cup Gummi Fun Mix Bulk<\/h2>\n\n<ul class=\"wp-block-list\"><li><strong>Das kreative und einzigartige Design in Form eines Bechers zieht die Verbraucher leicht an: <\/strong>Diese lustigen Gummimischungen in Form von Saftbechern oder Cocktailgl\u00e4sern sind innovativ und witzig und steigern die Attraktivit\u00e4t der Produktpr\u00e4sentation und die Verkaufszahlen.<\/li>\n\n<li><strong>Bunte Mix-and-Match-Kombinationen sorgen f\u00fcr eine starke optische Wirkung: <\/strong>Diese Gummibonbons f\u00fcr den Gro\u00dfhandel sind farbenfroh und vielseitig und sorgen f\u00fcr einen reichen visuellen Effekt. Ob einzeln verkauft oder mit anderen Snack-Geschenkboxen kombiniert, werden sie einen Hauch von Flair zu Ihrem Gesamtprodukt hinzuf\u00fcgen.<\/li>\n\n<li><strong>Hochwertige Zutaten und eine knackige Textur sorgen f\u00fcr Wiederholungsk\u00e4ufe: <\/strong>Unsere Gummispa\u00dfmischung besteht aus sorgf\u00e4ltig ausgew\u00e4hlten, lebensmittelechten Zutaten, die eine weiche und z\u00e4he Textur mit einem reichen Fruchtaroma ergeben.<\/li>\n\n<li><strong>Direkt ab Werk und wettbewerbsf\u00e4hige Preise: <\/strong>Lechao bietet eine stabile Versorgung des Gro\u00dfhandels mit Gummibonbons und garantiert wettbewerbsf\u00e4hige Preise. OEM\/ODM-Anpassung wird auch unterst\u00fctzt. <\/li>\n\n<li><strong>Vielf\u00e4ltige Anwendungsszenarien und komfortable Erweiterung der Vertriebskan\u00e4le: <\/strong>Diese Gummispa\u00df-Mischung in loser Sch\u00fcttung eignet sich nicht nur f\u00fcr den t\u00e4glichen Einzelhandel, sondern auch sehr gut f\u00fcr Party-Snacks, festliche Geschenkverpackungen, S\u00fc\u00dfigkeiten-Kombipakete, Kinder-Snackbereiche und Themen-Catering.<\/li><\/ul><\/div>\n\n<div class=\"wp-block-column is-layout-flow wp-block-column-is-layout-flow\"><figure class=\"wp-block-image size-full\"><img decoding=\"async\" width=\"800\" height=\"800\" src=\"https:\/\/www.lechaocandy.com\/wp-content\/uploads\/2025\/09\/Juice-Cup-Shape-Gummi-Fun-Mix-Bulk-Gummy-Sweets-Wholesale-5.webp\" alt=\"Juice Cup Form Gummi Fun Mix Bulk, Gummibonbons Gro\u00dfhandel-5\" class=\"wp-image-1717\" srcset=\"https:\/\/www.lechaocandy.com\/wp-content\/uploads\/2025\/09\/Juice-Cup-Shape-Gummi-Fun-Mix-Bulk-Gummy-Sweets-Wholesale-5.webp 800w, https:\/\/www.lechaocandy.com\/wp-content\/uploads\/2025\/09\/Juice-Cup-Shape-Gummi-Fun-Mix-Bulk-Gummy-Sweets-Wholesale-5-300x300.webp 300w, https:\/\/www.lechaocandy.com\/wp-content\/uploads\/2025\/09\/Juice-Cup-Shape-Gummi-Fun-Mix-Bulk-Gummy-Sweets-Wholesale-5-150x150.webp 150w, https:\/\/www.lechaocandy.com\/wp-content\/uploads\/2025\/09\/Juice-Cup-Shape-Gummi-Fun-Mix-Bulk-Gummy-Sweets-Wholesale-5-768x768.webp 768w, https:\/\/www.lechaocandy.com\/wp-content\/uploads\/2025\/09\/Juice-Cup-Shape-Gummi-Fun-Mix-Bulk-Gummy-Sweets-Wholesale-5-12x12.webp 12w, https:\/\/www.lechaocandy.com\/wp-content\/uploads\/2025\/09\/Juice-Cup-Shape-Gummi-Fun-Mix-Bulk-Gummy-Sweets-Wholesale-5-600x600.webp 600w, https:\/\/www.lechaocandy.com\/wp-content\/uploads\/2025\/09\/Juice-Cup-Shape-Gummi-Fun-Mix-Bulk-Gummy-Sweets-Wholesale-5-100x100.webp 100w\" sizes=\"(max-width: 800px) 100vw, 800px\" \/><\/figure><\/div><\/div>","protected":false},"excerpt":{"rendered":"<p>Willkommen zum Kauf Gro\u00dfhandel Gummibonbons. Dieser Saft Becher-f\u00f6rmigen gummi Spa\u00df Mix bulk verf\u00fcgt \u00fcber eine anspruchsvolle und Spa\u00df Design mit leuchtenden Farben. Fabrik direkt und erschwinglich, es ist eine ideale Wahl f\u00fcr die Erweiterung Ihrer S\u00fc\u00dfigkeiten Produktlinie.<\/p>\n<table style=\"border-collapse: collapse; width: 300.02pt;\" border=\"0\" width=\"300\" cellspacing=\"0\" cellpadding=\"0\">\n<tbody>\n<tr style=\"height: 17.60pt;\">\n<td class=\"et2\" style=\"height: 17.60pt; width: 110.80pt;\" width=\"110\" height=\"17\">Hersteller<\/td>\n<td class=\"et2\" style=\"width: 189.95pt;\" width=\"189\">LeChao Bonbons<\/td>\n<\/tr>\n<tr style=\"height: 18.00pt;\">\n<td class=\"et2\" style=\"height: 18.00pt;\" height=\"18\">Produkttyp<\/td>\n<td class=\"et3\" style=\"width: 189.95pt;\" width=\"189\">Juice Cup Gummibonbons<\/td>\n<\/tr>\n<tr style=\"height: 18.00pt;\">\n<td class=\"et2\" style=\"height: 18.00pt;\" height=\"18\">Geschmack<\/td>\n<td class=\"et3\" style=\"width: 189.95pt;\" width=\"189\">S\u00fc\u00df &amp; sauer &amp; widerstandsf\u00e4hig<\/td>\n<\/tr>\n<tr style=\"height: 17.60pt;\">\n<td class=\"et2\" style=\"height: 17.60pt;\" height=\"17\">Spezifikation<\/td>\n<td class=\"et2\">20gx24St\u00fcckx12Kartons<\/td>\n<\/tr>\n<tr style=\"height: 17.60pt;\">\n<td class=\"et2\" style=\"height: 17.60pt;\" height=\"17\">Gr\u00f6\u00dfe des Kartons<\/td>\n<td class=\"et2\">45*29*25cm<\/td>\n<\/tr>\n<tr style=\"height: 17.60pt;\">\n<td class=\"et2\" style=\"height: 17.60pt;\" height=\"17\">N.W.\/Karton<\/td>\n<td class=\"et2\">8.0kg<\/td>\n<\/tr>\n<tr style=\"height: 17.60pt;\">\n<td class=\"et2\" style=\"height: 17.60pt;\" height=\"17\">Preis<\/td>\n<td class=\"et2\">23.5USD<\/td>\n<\/tr>\n<tr style=\"height: 17.60pt;\">\n<td class=\"et2\" style=\"height: 17.60pt;\" height=\"17\">MOQ<\/td>\n<td class=\"et2\">500CTNS<\/td>\n<\/tr>\n<tr style=\"height: 17.60pt;\">\n<td class=\"et2\" style=\"height: 17.60pt;\" height=\"17\">Muster<\/td>\n<td class=\"et2\">Verf\u00fcgbar<\/td>\n<\/tr>\n<\/tbody>\n<\/table>\n<p>&nbsp;<\/p>","protected":false},"featured_media":1715,"comment_status":"open","ping_status":"closed","template":"","meta":{"_acf_changed":false},"product_brand":[],"product_cat":[19],"product_tag":[],"class_list":{"0":"post-1712","1":"product","2":"type-product","3":"status-publish","4":"has-post-thumbnail","6":"product_cat-wholesale-gummy-manufacturer","8":"first","9":"instock","10":"shipping-taxable","11":"product-type-simple"},"acf":[],"_links":{"self":[{"href":"https:\/\/www.lechaocandy.com\/de\/wp-json\/wp\/v2\/product\/1712","targetHints":{"allow":["GET"]}}],"collection":[{"href":"https:\/\/www.lechaocandy.com\/de\/wp-json\/wp\/v2\/product"}],"about":[{"href":"https:\/\/www.lechaocandy.com\/de\/wp-json\/wp\/v2\/types\/product"}],"replies":[{"embeddable":true,"href":"https:\/\/www.lechaocandy.com\/de\/wp-json\/wp\/v2\/comments?post=1712"}],"wp:featuredmedia":[{"embeddable":true,"href":"https:\/\/www.lechaocandy.com\/de\/wp-json\/wp\/v2\/media\/1715"}],"wp:attachment":[{"href":"https:\/\/www.lechaocandy.com\/de\/wp-json\/wp\/v2\/media?parent=1712"}],"wp:term":[{"taxonomy":"product_brand","embeddable":true,"href":"https:\/\/www.lechaocandy.com\/de\/wp-json\/wp\/v2\/product_brand?post=1712"},{"taxonomy":"product_cat","embeddable":true,"href":"https:\/\/www.lechaocandy.com\/de\/wp-json\/wp\/v2\/product_cat?post=1712"},{"taxonomy":"product_tag","embeddable":true,"href":"https:\/\/www.lechaocandy.com\/de\/wp-json\/wp\/v2\/product_tag?post=1712"}],"curies":[{"name":"wp","href":"https:\/\/api.w.org\/{rel}","templated":true}]}}