{"id":1718,"date":"2025-09-02T08:32:36","date_gmt":"2025-09-02T08:32:36","guid":{"rendered":"https:\/\/www.lechaocandy.com\/?post_type=product&#038;p=1718"},"modified":"2025-09-02T08:45:57","modified_gmt":"2025-09-02T08:45:57","slug":"custom-shaped-gummy-candy","status":"publish","type":"product","link":"https:\/\/www.lechaocandy.com\/de\/produkt\/custom-shaped-gummy-candy\/","title":{"rendered":"Benutzerdefinierte geformte Gummibonbons Gro\u00dfhandel, Auto Form weiche S\u00fc\u00dfigkeit"},"content":{"rendered":"<div class=\"wp-block-columns is-layout-flex wp-container-core-columns-is-layout-9d6595d7 wp-block-columns-is-layout-flex\"><div class=\"wp-block-column is-layout-flow wp-block-column-is-layout-flow\"><h2 class=\"wp-block-heading\">Produkt-Highlights von individuell geformten Gummibonbons<\/h2>\n\n<ul class=\"wp-block-list\"><li><strong>Einzigartiges Fahrzeugdesign: <\/strong>Diese individuell gestalteten Gummibonbons sind nicht nur neuartig und liebenswert, sondern haben auch einen hohen Wiedererkennungswert, so dass sie schnell die Aufmerksamkeit der Verbraucher auf sich ziehen.<\/li>\n\n<li><strong>Mehrere Farbkombinationen:<\/strong> Wir bieten eine Vielzahl leuchtender Farbkombinationen f\u00fcr unsere Gro\u00dfpackungen Gummibonbons an. Diese leuchtenden Farben und lebendigen Formen machen die Bonbons nicht nur optisch ansprechender, sondern bieten auch ein reichhaltiges Geschmackserlebnis, das die Verbraucher zum Kauf anregt.<\/li>\n\n<li><strong>Vollst\u00e4ndig anpassbar, um unterschiedliche Bed\u00fcrfnisse zu erf\u00fcllen: <\/strong>Unsere individuell geformten Gummibonbons k\u00f6nnen in Bezug auf Geschmacksrichtungen, Farben und Verpackungen flexibel an die Bed\u00fcrfnisse der Kunden angepasst werden und helfen Marken, eine einzigartige Marktpositionierung zu erreichen und die Wettbewerbsf\u00e4higkeit ihrer Produkte zu verbessern.<\/li>\n\n<li><strong>Direktpreise ab Werk:<\/strong> Unsere Gummibonbons nutzen die Vorteile der Produktions- und Lieferkette der Ursprungsfabrik von Lechao, um eine hohe Qualit\u00e4t zu gew\u00e4hrleisten und gleichzeitig wettbewerbsf\u00e4hige Preise zu erzielen, die den Gro\u00dfhandelskunden eine gr\u00f6\u00dfere Wettbewerbsf\u00e4higkeit auf dem Markt erm\u00f6glichen.<\/li>\n\n<li><strong>Breites Spektrum an Anwendungen: <\/strong>Unsere individuell geformten Gummibonbons eignen sich nicht nur f\u00fcr den t\u00e4glichen Einzelhandel und die Superm\u00e4rkte, sondern k\u00f6nnen auch f\u00fcr Kinderpartys, festliche Geschenkboxen, Werbegeschenke und andere Szenarien verwendet werden, was den Kunden hilft, ihre Vertriebskan\u00e4le schnell zu erweitern.<\/li><\/ul><\/div>\n\n<div class=\"wp-block-column is-layout-flow wp-block-column-is-layout-flow\"><figure class=\"wp-block-image size-full\"><img decoding=\"async\" width=\"800\" height=\"800\" src=\"https:\/\/www.lechaocandy.com\/wp-content\/uploads\/2025\/09\/Custom-Shaped-Gummy-Candy-Wholesale-Car-Shape-Soft-Candy-2.webp\" alt=\"Benutzerdefinierte geformte Gummibonbons Gro\u00dfhandel, Auto Form Soft Candy-2\" class=\"wp-image-1720\" srcset=\"https:\/\/www.lechaocandy.com\/wp-content\/uploads\/2025\/09\/Custom-Shaped-Gummy-Candy-Wholesale-Car-Shape-Soft-Candy-2.webp 800w, https:\/\/www.lechaocandy.com\/wp-content\/uploads\/2025\/09\/Custom-Shaped-Gummy-Candy-Wholesale-Car-Shape-Soft-Candy-2-300x300.webp 300w, https:\/\/www.lechaocandy.com\/wp-content\/uploads\/2025\/09\/Custom-Shaped-Gummy-Candy-Wholesale-Car-Shape-Soft-Candy-2-150x150.webp 150w, https:\/\/www.lechaocandy.com\/wp-content\/uploads\/2025\/09\/Custom-Shaped-Gummy-Candy-Wholesale-Car-Shape-Soft-Candy-2-768x768.webp 768w, https:\/\/www.lechaocandy.com\/wp-content\/uploads\/2025\/09\/Custom-Shaped-Gummy-Candy-Wholesale-Car-Shape-Soft-Candy-2-12x12.webp 12w, https:\/\/www.lechaocandy.com\/wp-content\/uploads\/2025\/09\/Custom-Shaped-Gummy-Candy-Wholesale-Car-Shape-Soft-Candy-2-600x600.webp 600w, https:\/\/www.lechaocandy.com\/wp-content\/uploads\/2025\/09\/Custom-Shaped-Gummy-Candy-Wholesale-Car-Shape-Soft-Candy-2-100x100.webp 100w\" sizes=\"(max-width: 800px) 100vw, 800px\" \/><\/figure><\/div><\/div>","protected":false},"excerpt":{"rendered":"<p>Willkommen bei der Bestellung von individuell geformten Gummibonbons. Diese autof\u00f6rmigen Gummibonbons sind farbenfroh und kaubar und in einer Vielzahl von Farbkombinationen erh\u00e4ltlich. Wir k\u00f6nnen Formen, Geschmacksrichtungen und Verpackungen an die unterschiedlichen Marktbed\u00fcrfnisse anpassen und so flexibel die verschiedenen Marktanforderungen erf\u00fcllen.<\/p>\n<table style=\"border-collapse: collapse; width: 300.02pt;\" border=\"0\" width=\"300\" cellspacing=\"0\" cellpadding=\"0\">\n<tbody>\n<tr style=\"height: 17.60pt;\">\n<td class=\"et2\" style=\"height: 17.60pt; width: 110.80pt;\" width=\"110\" height=\"17\">Hersteller<\/td>\n<td class=\"et2\" style=\"width: 189.95pt;\" width=\"189\">LeChao Bonbons<\/td>\n<\/tr>\n<tr style=\"height: 18.00pt;\">\n<td class=\"et2\" style=\"height: 18.00pt;\" height=\"18\">Produkttyp<\/td>\n<td class=\"et3\" style=\"width: 189.95pt;\" width=\"189\">Auto-Gummibonbon<\/td>\n<\/tr>\n<tr style=\"height: 18.00pt;\">\n<td class=\"et2\" style=\"height: 18.00pt;\" height=\"18\">Geschmack<\/td>\n<td class=\"et3\" style=\"width: 189.95pt;\" width=\"189\">S\u00fc\u00df &amp; sauer &amp; widerstandsf\u00e4hig<\/td>\n<\/tr>\n<tr style=\"height: 17.60pt;\">\n<td class=\"et2\" style=\"height: 17.60pt;\" height=\"17\">Spezifikation<\/td>\n<td class=\"et2\">20gx24St\u00fcckx12Kartons<\/td>\n<\/tr>\n<tr style=\"height: 17.60pt;\">\n<td class=\"et2\" style=\"height: 17.60pt;\" height=\"17\">Gr\u00f6\u00dfe des Kartons<\/td>\n<td class=\"et2\">45*29*25cm<\/td>\n<\/tr>\n<tr style=\"height: 17.60pt;\">\n<td class=\"et2\" style=\"height: 17.60pt;\" height=\"17\">N.W.\/Karton<\/td>\n<td class=\"et2\">8.0kg<\/td>\n<\/tr>\n<tr style=\"height: 17.60pt;\">\n<td class=\"et2\" style=\"height: 17.60pt;\" height=\"17\">Preis<\/td>\n<td class=\"et2\">23.5USD<\/td>\n<\/tr>\n<tr style=\"height: 17.60pt;\">\n<td class=\"et2\" style=\"height: 17.60pt;\" height=\"17\">MOQ<\/td>\n<td class=\"et2\">500CTNS<\/td>\n<\/tr>\n<tr style=\"height: 17.60pt;\">\n<td class=\"et2\" style=\"height: 17.60pt;\" height=\"17\">Muster<\/td>\n<td class=\"et2\">Verf\u00fcgbar<\/td>\n<\/tr>\n<\/tbody>\n<\/table>\n<p>&nbsp;<\/p>","protected":false},"featured_media":1723,"comment_status":"open","ping_status":"closed","template":"","meta":{"_acf_changed":false},"product_brand":[],"product_cat":[19],"product_tag":[],"class_list":{"0":"post-1718","1":"product","2":"type-product","3":"status-publish","4":"has-post-thumbnail","6":"product_cat-wholesale-gummy-manufacturer","8":"first","9":"instock","10":"shipping-taxable","11":"product-type-simple"},"acf":[],"_links":{"self":[{"href":"https:\/\/www.lechaocandy.com\/de\/wp-json\/wp\/v2\/product\/1718","targetHints":{"allow":["GET"]}}],"collection":[{"href":"https:\/\/www.lechaocandy.com\/de\/wp-json\/wp\/v2\/product"}],"about":[{"href":"https:\/\/www.lechaocandy.com\/de\/wp-json\/wp\/v2\/types\/product"}],"replies":[{"embeddable":true,"href":"https:\/\/www.lechaocandy.com\/de\/wp-json\/wp\/v2\/comments?post=1718"}],"wp:featuredmedia":[{"embeddable":true,"href":"https:\/\/www.lechaocandy.com\/de\/wp-json\/wp\/v2\/media\/1723"}],"wp:attachment":[{"href":"https:\/\/www.lechaocandy.com\/de\/wp-json\/wp\/v2\/media?parent=1718"}],"wp:term":[{"taxonomy":"product_brand","embeddable":true,"href":"https:\/\/www.lechaocandy.com\/de\/wp-json\/wp\/v2\/product_brand?post=1718"},{"taxonomy":"product_cat","embeddable":true,"href":"https:\/\/www.lechaocandy.com\/de\/wp-json\/wp\/v2\/product_cat?post=1718"},{"taxonomy":"product_tag","embeddable":true,"href":"https:\/\/www.lechaocandy.com\/de\/wp-json\/wp\/v2\/product_tag?post=1718"}],"curies":[{"name":"wp","href":"https:\/\/api.w.org\/{rel}","templated":true}]}}