{"id":1724,"date":"2025-09-02T08:46:19","date_gmt":"2025-09-02T08:46:19","guid":{"rendered":"https:\/\/www.lechaocandy.com\/?post_type=product&#038;p=1724"},"modified":"2025-09-02T09:01:56","modified_gmt":"2025-09-02T09:01:56","slug":"custom-shaped-gummies","status":"publish","type":"product","link":"https:\/\/www.lechaocandy.com\/de\/produkt\/custom-shaped-gummies\/","title":{"rendered":"Benutzerdefinierte geformte Gummis Gro\u00dfhandel, 3D-Gummi-Cupcakes Bulk"},"content":{"rendered":"<div class=\"wp-block-columns is-layout-flex wp-container-core-columns-is-layout-9d6595d7 wp-block-columns-is-layout-flex\"><div class=\"wp-block-column is-layout-flow wp-block-column-is-layout-flow\"><h2 class=\"wp-block-heading\">Produkt-Highlights von individuell geformten Gummibonbons<\/h2>\n\n<ul class=\"wp-block-list\"><li><strong>Dreidimensionale Kuchendesigns f\u00fcr eine ansprechende Optik: <\/strong>Unsere individuell geformten 3D-Gummis bieten ein raffiniertes, naturgetreues Aussehen und heben sich von den herk\u00f6mmlichen flachen Gummibonbons ab. Sie sind interessanter und ansprechender und ziehen leicht die Aufmerksamkeit der Verbraucher auf sich.<\/li>\n\n<li><strong>Satte Farben sorgen f\u00fcr eine festliche Note: <\/strong>Wir bieten eine Vielzahl von leuchtenden Farben f\u00fcr unsere 3D-Gummi-Cupcakes in loser Sch\u00fcttung an, die sich perfekt f\u00fcr Feiern, Partys und Geschenke eignen.<\/li>\n\n<li><strong>Fr\u00f6hliche Textur und anpassbare Geschmacksrichtungen: <\/strong>Diese individuell geformten Gummibonbons werden aus hochwertigen Zutaten hergestellt und sind weich, kaubar und s\u00fc\u00df, ohne s\u00fc\u00dflich zu sein. Wir bieten auch eine Vielzahl von individuellen Fruchtgeschmacksrichtungen an, die es den Kunden erm\u00f6glichen, ein Geschmackserlebnis zu kreieren, das ihren Vorlieben am besten entspricht.<\/li>\n\n<li><strong>Umfassende OEM\/ODM-Anpassung:<\/strong> Unsere 3D-Gummibonbons in loser Sch\u00fcttung sind nicht nur in Form und Geschmack, sondern auch in der Verpackung individuell anpassbar und helfen Marken, ihre Produkte zu differenzieren und ihre Wettbewerbsf\u00e4higkeit auf dem Markt zu verbessern.<\/li>\n\n<li><strong>Werksdirektverkauf, weit verbreitete Kan\u00e4le: <\/strong>Unsere individuell geformten Gummibonbons bieten gleichbleibende Qualit\u00e4t und wettbewerbsf\u00e4hige Preise, die sich f\u00fcr eine Vielzahl von Verkaufsszenarien eignen und den Kunden helfen, in verschiedene M\u00e4rkte zu expandieren.<\/li><\/ul><\/div>\n\n<div class=\"wp-block-column is-layout-flow wp-block-column-is-layout-flow\"><figure class=\"wp-block-image size-full\"><img decoding=\"async\" width=\"800\" height=\"800\" src=\"https:\/\/www.lechaocandy.com\/wp-content\/uploads\/2025\/09\/Custom-Shaped-Gummies-Wholesale-3D-Gummy-Cupcakes-Bulk-1.webp\" alt=\"Benutzerdefinierte geformte Gummis Gro\u00dfhandel, 3D-Gummi-Cupcakes Bulk-1\" class=\"wp-image-1725\" srcset=\"https:\/\/www.lechaocandy.com\/wp-content\/uploads\/2025\/09\/Custom-Shaped-Gummies-Wholesale-3D-Gummy-Cupcakes-Bulk-1.webp 800w, https:\/\/www.lechaocandy.com\/wp-content\/uploads\/2025\/09\/Custom-Shaped-Gummies-Wholesale-3D-Gummy-Cupcakes-Bulk-1-300x300.webp 300w, https:\/\/www.lechaocandy.com\/wp-content\/uploads\/2025\/09\/Custom-Shaped-Gummies-Wholesale-3D-Gummy-Cupcakes-Bulk-1-150x150.webp 150w, https:\/\/www.lechaocandy.com\/wp-content\/uploads\/2025\/09\/Custom-Shaped-Gummies-Wholesale-3D-Gummy-Cupcakes-Bulk-1-768x768.webp 768w, https:\/\/www.lechaocandy.com\/wp-content\/uploads\/2025\/09\/Custom-Shaped-Gummies-Wholesale-3D-Gummy-Cupcakes-Bulk-1-12x12.webp 12w, https:\/\/www.lechaocandy.com\/wp-content\/uploads\/2025\/09\/Custom-Shaped-Gummies-Wholesale-3D-Gummy-Cupcakes-Bulk-1-600x600.webp 600w, https:\/\/www.lechaocandy.com\/wp-content\/uploads\/2025\/09\/Custom-Shaped-Gummies-Wholesale-3D-Gummy-Cupcakes-Bulk-1-100x100.webp 100w\" sizes=\"(max-width: 800px) 100vw, 800px\" \/><\/figure><\/div><\/div>","protected":false},"excerpt":{"rendered":"<p>Willkommen bei der Bestellung von individuell geformten Gummib\u00e4rchen. Unsere 3D-Gummi-Cupcakes in loser Sch\u00fcttung sind bezaubernd und lebensecht, mit einer leuchtenden Farbpalette und einer weichen, z\u00e4hen Textur, die sowohl Spa\u00df macht als auch lecker ist. Wir bieten kundenspezifische Formen, Geschmacksrichtungen und Verpackungen, Direktlieferungen und g\u00fcnstige Preise.<\/p>\n<table style=\"border-collapse: collapse; width: 300.02pt;\" border=\"0\" width=\"300\" cellspacing=\"0\" cellpadding=\"0\">\n<tbody>\n<tr style=\"height: 17.60pt;\">\n<td class=\"et2\" style=\"height: 17.60pt; width: 110.80pt;\" width=\"110\" height=\"17\">Hersteller<\/td>\n<td class=\"et2\" style=\"width: 189.95pt;\" width=\"189\">LeChao Bonbons<\/td>\n<\/tr>\n<tr style=\"height: 18.00pt;\">\n<td class=\"et2\" style=\"height: 18.00pt;\" height=\"18\">Produkttyp<\/td>\n<td class=\"et3\" style=\"width: 189.95pt;\" width=\"189\">3D-Gummi-Cupcakes<\/td>\n<\/tr>\n<tr style=\"height: 18.00pt;\">\n<td class=\"et2\" style=\"height: 18.00pt;\" height=\"18\">Geschmack<\/td>\n<td class=\"et3\" style=\"width: 189.95pt;\" width=\"189\">S\u00fc\u00df &amp; sauer &amp; widerstandsf\u00e4hig<\/td>\n<\/tr>\n<tr style=\"height: 17.60pt;\">\n<td class=\"et2\" style=\"height: 17.60pt;\" height=\"17\">Spezifikation<\/td>\n<td class=\"et2\">20gx24St\u00fcckx12Kartons<\/td>\n<\/tr>\n<tr style=\"height: 17.60pt;\">\n<td class=\"et2\" style=\"height: 17.60pt;\" height=\"17\">Gr\u00f6\u00dfe des Kartons<\/td>\n<td class=\"et2\">45*29*25cm<\/td>\n<\/tr>\n<tr style=\"height: 17.60pt;\">\n<td class=\"et2\" style=\"height: 17.60pt;\" height=\"17\">N.W.\/Karton<\/td>\n<td class=\"et2\">8.0kg<\/td>\n<\/tr>\n<tr style=\"height: 17.60pt;\">\n<td class=\"et2\" style=\"height: 17.60pt;\" height=\"17\">Preis<\/td>\n<td class=\"et2\">23.5USD<\/td>\n<\/tr>\n<tr style=\"height: 17.60pt;\">\n<td class=\"et2\" style=\"height: 17.60pt;\" height=\"17\">MOQ<\/td>\n<td class=\"et2\">500CTNS<\/td>\n<\/tr>\n<tr style=\"height: 17.60pt;\">\n<td class=\"et2\" style=\"height: 17.60pt;\" height=\"17\">Muster<\/td>\n<td class=\"et2\">Verf\u00fcgbar<\/td>\n<\/tr>\n<\/tbody>\n<\/table>\n<p>&nbsp;<\/p>","protected":false},"featured_media":1728,"comment_status":"open","ping_status":"closed","template":"","meta":{"_acf_changed":false},"product_brand":[],"product_cat":[19,24],"product_tag":[],"class_list":{"0":"post-1724","1":"product","2":"type-product","3":"status-publish","4":"has-post-thumbnail","6":"product_cat-wholesale-gummy-manufacturer","7":"product_cat-3d-gummy-candy-manufacturer","9":"first","10":"instock","11":"shipping-taxable","12":"product-type-simple"},"acf":[],"_links":{"self":[{"href":"https:\/\/www.lechaocandy.com\/de\/wp-json\/wp\/v2\/product\/1724","targetHints":{"allow":["GET"]}}],"collection":[{"href":"https:\/\/www.lechaocandy.com\/de\/wp-json\/wp\/v2\/product"}],"about":[{"href":"https:\/\/www.lechaocandy.com\/de\/wp-json\/wp\/v2\/types\/product"}],"replies":[{"embeddable":true,"href":"https:\/\/www.lechaocandy.com\/de\/wp-json\/wp\/v2\/comments?post=1724"}],"wp:featuredmedia":[{"embeddable":true,"href":"https:\/\/www.lechaocandy.com\/de\/wp-json\/wp\/v2\/media\/1728"}],"wp:attachment":[{"href":"https:\/\/www.lechaocandy.com\/de\/wp-json\/wp\/v2\/media?parent=1724"}],"wp:term":[{"taxonomy":"product_brand","embeddable":true,"href":"https:\/\/www.lechaocandy.com\/de\/wp-json\/wp\/v2\/product_brand?post=1724"},{"taxonomy":"product_cat","embeddable":true,"href":"https:\/\/www.lechaocandy.com\/de\/wp-json\/wp\/v2\/product_cat?post=1724"},{"taxonomy":"product_tag","embeddable":true,"href":"https:\/\/www.lechaocandy.com\/de\/wp-json\/wp\/v2\/product_tag?post=1724"}],"curies":[{"name":"wp","href":"https:\/\/api.w.org\/{rel}","templated":true}]}}