{"id":1731,"date":"2025-09-02T09:02:23","date_gmt":"2025-09-02T09:02:23","guid":{"rendered":"https:\/\/www.lechaocandy.com\/?post_type=product&#038;p=1731"},"modified":"2025-09-02T09:18:00","modified_gmt":"2025-09-02T09:18:00","slug":"bulk-gummy-mice","status":"publish","type":"product","link":"https:\/\/www.lechaocandy.com\/de\/produkt\/bulk-gummy-mice\/","title":{"rendered":"LeChao Bulk Gummim\u00e4use, Fun Shape Gummibonbons Gro\u00dfhandel"},"content":{"rendered":"<div class=\"wp-block-columns is-layout-flex wp-container-core-columns-is-layout-9d6595d7 wp-block-columns-is-layout-flex\"><div class=\"wp-block-column is-layout-flow wp-block-column-is-layout-flow\"><h2 class=\"wp-block-heading\">Produkt-Highlights von Bulk Gummy Mice<\/h2>\n\n<ul class=\"wp-block-list\"><li><strong>Kreatives Design verbessert die Produktdifferenzierung:<\/strong> Unsere gro\u00dfen Gummim\u00e4use haben ein neuartiges und verspieltes Aussehen, das sich von \u00e4hnlichen Produkten abhebt und die Verbraucher anzieht.<\/li>\n\n<li><strong>Farbenfroh und auffallend:<\/strong> Das mehrfarbige Design dieser Gro\u00dfhandelsgummibonbons hebt sie im Regal hervor und zieht die Aufmerksamkeit der Kinder auf sich.<\/li>\n\n<li><strong>Weich und kaubar, mit einer reichen S\u00fc\u00dfe: <\/strong>Diese gro\u00dfen Gummim\u00e4use haben eine zarte, kaubare Textur und eine glatte, weiche Beschaffenheit, die ein angenehmes Kauerlebnis bietet. Der fruchtige Geschmack macht sie f\u00fcr Verbraucher aller Altersgruppen geeignet.<\/li>\n\n<li><strong>Direkt ab Werk, wettbewerbsf\u00e4hige Gro\u00dfhandelspreise:<\/strong> Unsere Gro\u00dfhandels-Gummibonbons werden in der eigenen Fabrik von LeChao hergestellt, was Qualit\u00e4t und eine stabile Versorgung garantiert. Gro\u00dfeink\u00e4ufe bieten erschwingliche Preise und helfen den Kunden, ihre Gewinnmargen zu erh\u00f6hen.<\/li>\n\n<li><strong>Hilfe bei der Erweiterung der Kan\u00e4le: <\/strong>Unsere losen Gummim\u00e4use eignen sich nicht nur f\u00fcr den Verkauf in Einzelhandelsgesch\u00e4ften und Superm\u00e4rkten, sondern auch f\u00fcr Weihnachtsgeschenkboxen, Party-S\u00fc\u00dfigkeiten, gemischte Kombinationen und Werbegeschenke, mit einem riesigen Multi-Channel-Verkaufspotenzial.<\/li><\/ul><\/div>\n\n<div class=\"wp-block-column is-layout-flow wp-block-column-is-layout-flow\"><figure class=\"wp-block-image size-full\"><img decoding=\"async\" width=\"800\" height=\"800\" src=\"https:\/\/www.lechaocandy.com\/wp-content\/uploads\/2025\/09\/LeChao-Bulk-Gummy-Mice-Fun-Shape-Gummy-Sweets-Wholesale-3.webp\" alt=\"LeChao Bulk Gummy M\u00e4use, Spa\u00df Form Gummibonbons Gro\u00dfhandel-3\" class=\"wp-image-1734\" srcset=\"https:\/\/www.lechaocandy.com\/wp-content\/uploads\/2025\/09\/LeChao-Bulk-Gummy-Mice-Fun-Shape-Gummy-Sweets-Wholesale-3.webp 800w, https:\/\/www.lechaocandy.com\/wp-content\/uploads\/2025\/09\/LeChao-Bulk-Gummy-Mice-Fun-Shape-Gummy-Sweets-Wholesale-3-300x300.webp 300w, https:\/\/www.lechaocandy.com\/wp-content\/uploads\/2025\/09\/LeChao-Bulk-Gummy-Mice-Fun-Shape-Gummy-Sweets-Wholesale-3-150x150.webp 150w, https:\/\/www.lechaocandy.com\/wp-content\/uploads\/2025\/09\/LeChao-Bulk-Gummy-Mice-Fun-Shape-Gummy-Sweets-Wholesale-3-768x768.webp 768w, https:\/\/www.lechaocandy.com\/wp-content\/uploads\/2025\/09\/LeChao-Bulk-Gummy-Mice-Fun-Shape-Gummy-Sweets-Wholesale-3-12x12.webp 12w, https:\/\/www.lechaocandy.com\/wp-content\/uploads\/2025\/09\/LeChao-Bulk-Gummy-Mice-Fun-Shape-Gummy-Sweets-Wholesale-3-600x600.webp 600w, https:\/\/www.lechaocandy.com\/wp-content\/uploads\/2025\/09\/LeChao-Bulk-Gummy-Mice-Fun-Shape-Gummy-Sweets-Wholesale-3-100x100.webp 100w\" sizes=\"(max-width: 800px) 100vw, 800px\" \/><\/figure><\/div><\/div>","protected":false},"excerpt":{"rendered":"<p>Willkommen im Gro\u00dfhandel Gummibonbons zu bestellen. LeChao's lose Gummim\u00e4use sind voll von spielerischen Spa\u00df und Kreativit\u00e4t, mit lebensechten Designs. Die weiche, kaubare Textur und das s\u00fc\u00dfe, fruchtige Aroma sorgen f\u00fcr ein herrliches Knabbererlebnis.<\/p>\n<table style=\"border-collapse: collapse; width: 300.02pt;\" border=\"0\" width=\"300\" cellspacing=\"0\" cellpadding=\"0\">\n<tbody>\n<tr style=\"height: 17.60pt;\">\n<td class=\"et2\" style=\"height: 17.60pt; width: 110.80pt;\" width=\"110\" height=\"17\">Hersteller<\/td>\n<td class=\"et2\" style=\"width: 189.95pt;\" width=\"189\">LeChao Bonbons<\/td>\n<\/tr>\n<tr style=\"height: 18.00pt;\">\n<td class=\"et2\" style=\"height: 18.00pt;\" height=\"18\">Produkttyp<\/td>\n<td class=\"et3\" style=\"width: 189.95pt;\" width=\"189\">Maus Gummibonbon<\/td>\n<\/tr>\n<tr style=\"height: 18.00pt;\">\n<td class=\"et2\" style=\"height: 18.00pt;\" height=\"18\">Geschmack<\/td>\n<td class=\"et3\" style=\"width: 189.95pt;\" width=\"189\">S\u00fc\u00df &amp; sauer &amp; widerstandsf\u00e4hig<\/td>\n<\/tr>\n<tr style=\"height: 17.60pt;\">\n<td class=\"et2\" style=\"height: 17.60pt;\" height=\"17\">Spezifikation<\/td>\n<td class=\"et2\">120gx48Beutel<\/td>\n<\/tr>\n<tr style=\"height: 17.60pt;\">\n<td class=\"et2\" style=\"height: 17.60pt;\" height=\"17\">Gr\u00f6\u00dfe des Kartons<\/td>\n<td class=\"et2\">39*26*24cm<\/td>\n<\/tr>\n<tr style=\"height: 17.60pt;\">\n<td class=\"et2\" style=\"height: 17.60pt;\" height=\"17\">N.W.\/Karton<\/td>\n<td class=\"et2\">7,5 kg<\/td>\n<\/tr>\n<tr style=\"height: 17.60pt;\">\n<td class=\"et2\" style=\"height: 17.60pt;\" height=\"17\">Preis<\/td>\n<td class=\"et2\">24USD<\/td>\n<\/tr>\n<tr style=\"height: 17.60pt;\">\n<td class=\"et2\" style=\"height: 17.60pt;\" height=\"17\">MOQ<\/td>\n<td class=\"et2\">500CTNS<\/td>\n<\/tr>\n<tr style=\"height: 17.60pt;\">\n<td class=\"et2\" style=\"height: 17.60pt;\" height=\"17\">Muster<\/td>\n<td class=\"et2\">Verf\u00fcgbar<\/td>\n<\/tr>\n<\/tbody>\n<\/table>\n<p>&nbsp;<\/p>","protected":false},"featured_media":1732,"comment_status":"open","ping_status":"closed","template":"","meta":{"_acf_changed":false},"product_brand":[],"product_cat":[19],"product_tag":[],"class_list":{"0":"post-1731","1":"product","2":"type-product","3":"status-publish","4":"has-post-thumbnail","6":"product_cat-wholesale-gummy-manufacturer","8":"first","9":"instock","10":"shipping-taxable","11":"product-type-simple"},"acf":[],"_links":{"self":[{"href":"https:\/\/www.lechaocandy.com\/de\/wp-json\/wp\/v2\/product\/1731","targetHints":{"allow":["GET"]}}],"collection":[{"href":"https:\/\/www.lechaocandy.com\/de\/wp-json\/wp\/v2\/product"}],"about":[{"href":"https:\/\/www.lechaocandy.com\/de\/wp-json\/wp\/v2\/types\/product"}],"replies":[{"embeddable":true,"href":"https:\/\/www.lechaocandy.com\/de\/wp-json\/wp\/v2\/comments?post=1731"}],"wp:featuredmedia":[{"embeddable":true,"href":"https:\/\/www.lechaocandy.com\/de\/wp-json\/wp\/v2\/media\/1732"}],"wp:attachment":[{"href":"https:\/\/www.lechaocandy.com\/de\/wp-json\/wp\/v2\/media?parent=1731"}],"wp:term":[{"taxonomy":"product_brand","embeddable":true,"href":"https:\/\/www.lechaocandy.com\/de\/wp-json\/wp\/v2\/product_brand?post=1731"},{"taxonomy":"product_cat","embeddable":true,"href":"https:\/\/www.lechaocandy.com\/de\/wp-json\/wp\/v2\/product_cat?post=1731"},{"taxonomy":"product_tag","embeddable":true,"href":"https:\/\/www.lechaocandy.com\/de\/wp-json\/wp\/v2\/product_tag?post=1731"}],"curies":[{"name":"wp","href":"https:\/\/api.w.org\/{rel}","templated":true}]}}